{"id":9074,"date":"2026-02-03T13:35:14","date_gmt":"2026-02-03T12:35:14","guid":{"rendered":"https:\/\/www.andermatt.com\/?post_type=product&#038;p=9074"},"modified":"2026-02-03T13:35:18","modified_gmt":"2026-02-03T12:35:18","slug":"virosoft-cp4","status":"publish","type":"product","link":"https:\/\/www.andermatt.com\/fr\/produit\/virosoft-cp4\/","title":{"rendered":"Virosoft\u00ae CP4"},"content":{"rendered":"<p class=\"lead\"><strong><strong>Virosoft est une pr\u00e9paration tr\u00e8s efficace pour la lutte biologique contre le carpocapse (<em>Cydia pomonella<\/em>), bas\u00e9 sur un granulovirus Cydia pomonella (CpGV).<\/strong><\/strong><\/p>\n\n\n\n<figure class=\"wp-block-gallery has-nested-images columns-2 is-cropped wp-block-gallery-1 is-layout-flex wp-block-gallery-is-layout-flex\">\n<figure class=\"wp-block-image size-full is-style-default\"><a href=\"https:\/\/www.andermatt.com\/wp-content\/uploads\/2026\/01\/image-47.png\"><img decoding=\"async\" width=\"660\" height=\"360\" data-id=\"9076\" src=\"https:\/\/www.andermatt.com\/wp-content\/uploads\/2026\/01\/image-47.png\" alt=\"image (47)\" class=\"wp-image-9076\" srcset=\"https:\/\/www.andermatt.com\/wp-content\/uploads\/2026\/01\/image-47.png 660w, https:\/\/www.andermatt.com\/wp-content\/uploads\/2026\/01\/image-47-300x164.png 300w, https:\/\/www.andermatt.com\/wp-content\/uploads\/2026\/01\/image-47-18x10.png 18w\" sizes=\"(max-width: 660px) 100vw, 660px\" \/><\/a><\/figure>\n\n\n\n<figure class=\"wp-block-image size-full is-style-default\"><a href=\"https:\/\/www.andermatt.com\/wp-content\/uploads\/2026\/01\/image-48.png\"><img decoding=\"async\" width=\"660\" height=\"360\" data-id=\"9077\" src=\"https:\/\/www.andermatt.com\/wp-content\/uploads\/2026\/01\/image-48.png\" alt=\"image (48)\" class=\"wp-image-9077\" srcset=\"https:\/\/www.andermatt.com\/wp-content\/uploads\/2026\/01\/image-48.png 660w, https:\/\/www.andermatt.com\/wp-content\/uploads\/2026\/01\/image-48-300x164.png 300w, https:\/\/www.andermatt.com\/wp-content\/uploads\/2026\/01\/image-48-18x10.png 18w\" sizes=\"(max-width: 660px) 100vw, 660px\" \/><\/a><\/figure>\n<\/figure>\n\n\n\n<p>Carpocapse de la pomme (<em>Cydia pomonella<\/em>) est l'un des ravageurs les plus graves au monde des fruits \u00e0 p\u00e9pins. Il s'adapte tr\u00e8s bien \u00e0 des conditions climatiques et \u00e0 des environnements vari\u00e9s. Des cas de r\u00e9sistance \u00e0 plusieurs insecticides chimiques ont \u00e9t\u00e9 signal\u00e9s. Par cons\u00e9quent, des strat\u00e9gies alternatives sont n\u00e9cessaires pour lutter avec succ\u00e8s contre ce ravageur. Les larves se frayent un chemin dans les fruits, g\u00e9n\u00e9ralement en p\u00e9n\u00e9trant \u00e0 l'extr\u00e9mit\u00e9 de la fleur, \u00e0 l'extr\u00e9mit\u00e9 du p\u00e9doncule ou aux points de contact entre les fruits. Leur tunnel en spirale m\u00e8ne finalement vers le noyau et constitue souvent une source d'infections secondaires. Tordeuse orientale du p\u00eacher (<em>Grapholita molesta<\/em>) est un ravageur s\u00e9rieux d'importance \u00e9conomique pour les vergers commerciaux de p\u00eaches, de nectarines et d'abricots. Il migre fr\u00e9quemment vers les vergers de fruits \u00e0 p\u00e9pins en fin de saison, o\u00f9 il peut causer des dommages importants aux fruits avant la r\u00e9colte. Des \u00e9tudes r\u00e9centes ont confirm\u00e9 que la tordeuse orientale du p\u00eacher est \u00e9galement capable d'accomplir l'ensemble de son cycle de vie sur d'autres h\u00f4tes tels que les pommiers, les cerisiers, les pruniers et les cognassiers. Les larves de premi\u00e8re et de deuxi\u00e8me g\u00e9n\u00e9ration creusent les extr\u00e9mit\u00e9s des arbres fruitiers, provoquant le d\u00e9p\u00e9rissement, la d\u00e9formation et le fl\u00e9trissement des pousses. En r\u00e9ponse au durcissement des pousses, l'alimentation des fruits augmente consid\u00e9rablement dans les g\u00e9n\u00e9rations suivantes<\/p>\n\n\n\n<h3 class=\"wp-block-heading\">Avantages<\/h3>\n\n\n\n<ul class=\"wp-block-list\">\n<li>Contr\u00f4le efficace et combin\u00e9 des dommages caus\u00e9s par le carpocapse et la tordeuse orientale du p\u00eacher.<\/li>\n\n\n\n<li>Mode d'action unique avec un effet suppl\u00e9mentaire sur la population de ravageurs. Virosoft est donc un excellent produit pour la gestion de la r\u00e9sistance dans le cadre des strat\u00e9gies de lutte int\u00e9gr\u00e9e.<\/li>\n\n\n\n<li>Convient pour une production sans r\u00e9sidus. Virosoft peut \u00eatre utilis\u00e9 jusqu'\u00e0 la r\u00e9colte et offre donc une solution pour les march\u00e9s d'exportation et la production d'aliments pour b\u00e9b\u00e9s.<\/li>\n<\/ul>\n\n\n\n<figure class=\"wp-block-embed is-type-video is-provider-youtube wp-block-embed-youtube wp-embed-aspect-4-3 wp-has-aspect-ratio\"><div class=\"wp-block-embed__wrapper\">\n<iframe loading=\"lazy\" hcb-fetch-image-from=\"https:\/\/www.youtube.com\/watch?v=bxk6B3r9-lM\" title=\"D\u00e9veloppement de Cydia pomonella\" width=\"500\" height=\"375\" src=\"https:\/\/www.youtube.com\/embed\/bxk6B3r9-lM?feature=oembed\" frameborder=\"0\" allow=\"accelerometer; autoplay; clipboard-write; encrypted-media; gyroscope; picture-in-picture; web-share\" referrerpolicy=\"strict-origin-when-cross-origin\" allowfullscreen><\/iframe>\n<\/div><\/figure>","protected":false},"excerpt":{"rendered":"<p>Virosoft est une pr\u00e9paration tr\u00e8s efficace pour la lutte biologique contre le carpocapse (Cydia pomonella), bas\u00e9e sur un granulovirus de Cydia pomonella (CpGV). Le carpocapse (Cydia pomonella) est l'un des ravageurs les plus graves au monde des fruits \u00e0 p\u00e9pins. Il s'adapte tr\u00e8s bien \u00e0 des conditions climatiques et \u00e0 des environnements vari\u00e9s. La r\u00e9sistance \u00e0 plusieurs insecticides chimiques a \u00e9t\u00e9 [...]<\/p>","protected":false},"featured_media":9078,"template":"","meta":{"_acf_changed":false,"_seopress_robots_primary_cat":"none","_seopress_titles_title":"","_seopress_titles_desc":"Virosoft is a highly efficient preparation for the biological control of the codling moth (Cydia pomonella), based on a Cydia pomonella granulovirus (CpGV).","_seopress_robots_index":"","_searchwp_excluded":"","_uag_custom_page_level_css":"","site-sidebar-layout":"default","site-content-layout":"default","ast-site-content-layout":"default","site-content-style":"default","site-sidebar-style":"default","ast-global-header-display":"","ast-banner-title-visibility":"","ast-main-header-display":"","ast-hfb-above-header-display":"","ast-hfb-below-header-display":"","ast-hfb-mobile-header-display":"","site-post-title":"","ast-breadcrumbs-content":"","ast-featured-img":"","footer-sml-layout":"","ast-disable-related-posts":"","theme-transparent-header-meta":"default","adv-header-id-meta":"","stick-header-meta":"default","header-above-stick-meta":"","header-main-stick-meta":"","header-below-stick-meta":"","astra-migrate-meta-layouts":"set","ast-page-background-enabled":"default","ast-page-background-meta":{"desktop":{"background-color":"","background-image":"","background-repeat":"repeat","background-position":"center center","background-size":"auto","background-attachment":"scroll","background-type":"","background-media":"","overlay-type":"","overlay-color":"","overlay-opacity":"","overlay-gradient":""},"tablet":{"background-color":"","background-image":"","background-repeat":"repeat","background-position":"center center","background-size":"auto","background-attachment":"scroll","background-type":"","background-media":"","overlay-type":"","overlay-color":"","overlay-opacity":"","overlay-gradient":""},"mobile":{"background-color":"","background-image":"","background-repeat":"repeat","background-position":"center center","background-size":"auto","background-attachment":"scroll","background-type":"","background-media":"","overlay-type":"","overlay-color":"","overlay-opacity":"","overlay-gradient":""}},"ast-content-background-meta":{"desktop":{"background-color":"var(--ast-global-color-5)","background-image":"","background-repeat":"repeat","background-position":"center center","background-size":"auto","background-attachment":"scroll","background-type":"","background-media":"","overlay-type":"","overlay-color":"","overlay-opacity":"","overlay-gradient":""},"tablet":{"background-color":"var(--ast-global-color-5)","background-image":"","background-repeat":"repeat","background-position":"center center","background-size":"auto","background-attachment":"scroll","background-type":"","background-media":"","overlay-type":"","overlay-color":"","overlay-opacity":"","overlay-gradient":""},"mobile":{"background-color":"var(--ast-global-color-5)","background-image":"","background-repeat":"repeat","background-position":"center center","background-size":"auto","background-attachment":"scroll","background-type":"","background-media":"","overlay-type":"","overlay-color":"","overlay-opacity":"","overlay-gradient":""}},"footnotes":""},"crop":[316,318,65,321,319,320,317],"disease":[],"pest":[44],"solution":[37],"class_list":["post-9074","product","type-product","status-publish","has-post-thumbnail","hentry","crop-fruits-berries","crop-grapes","crop-herbs_ornamentals","crop-nuts","crop-potatoes","crop-row_crops","crop-vegetables","pest-lepidoptera","solution-insecticides"],"acf":[],"uagb_featured_image_src":{"full":["https:\/\/www.andermatt.com\/wp-content\/uploads\/2026\/01\/virosoft-banner.png",800,300,false],"thumbnail":["https:\/\/www.andermatt.com\/wp-content\/uploads\/2026\/01\/virosoft-banner-150x150.png",150,150,true],"medium":["https:\/\/www.andermatt.com\/wp-content\/uploads\/2026\/01\/virosoft-banner-300x113.png",300,113,true],"medium_large":["https:\/\/www.andermatt.com\/wp-content\/uploads\/2026\/01\/virosoft-banner-768x288.png",768,288,true],"large":["https:\/\/www.andermatt.com\/wp-content\/uploads\/2026\/01\/virosoft-banner.png",800,300,false],"1536x1536":["https:\/\/www.andermatt.com\/wp-content\/uploads\/2026\/01\/virosoft-banner.png",800,300,false],"2048x2048":["https:\/\/www.andermatt.com\/wp-content\/uploads\/2026\/01\/virosoft-banner.png",800,300,false],"trp-custom-language-flag":["https:\/\/www.andermatt.com\/wp-content\/uploads\/2026\/01\/virosoft-banner-18x7.png",18,7,true],"feature-size":["https:\/\/www.andermatt.com\/wp-content\/uploads\/2026\/01\/virosoft-banner-660x300.png",660,300,true],"feature-size-gross":["https:\/\/www.andermatt.com\/wp-content\/uploads\/2026\/01\/virosoft-banner-660x300.png",660,300,true],"header-size-small":["https:\/\/www.andermatt.com\/wp-content\/uploads\/2026\/01\/virosoft-banner.png",800,300,false],"header-size":["https:\/\/www.andermatt.com\/wp-content\/uploads\/2026\/01\/virosoft-banner.png",800,300,false],"mailpoet_newsletter_max":["https:\/\/www.andermatt.com\/wp-content\/uploads\/2026\/01\/virosoft-banner.png",800,300,false]},"uagb_author_info":{"display_name":"Donvae Hooker","author_link":"https:\/\/www.andermatt.com\/fr\/author\/"},"uagb_comment_info":0,"uagb_excerpt":"Virosoft is a highly efficient preparation for the biological control of the codling moth (Cydia pomonella), based on a Cydia pomonella granulovirus (CpGV). Codling moth (Cydia pomonella) is one of the world\u2032s most serious pests infesting pome fruit. It is highly adaptable to various climatic conditions and environments. Resistance towards several chemical insecticides has been\u2026","_links":{"self":[{"href":"https:\/\/www.andermatt.com\/fr\/wp-json\/wp\/v2\/product\/9074","targetHints":{"allow":["GET"]}}],"collection":[{"href":"https:\/\/www.andermatt.com\/fr\/wp-json\/wp\/v2\/product"}],"about":[{"href":"https:\/\/www.andermatt.com\/fr\/wp-json\/wp\/v2\/types\/product"}],"version-history":[{"count":9,"href":"https:\/\/www.andermatt.com\/fr\/wp-json\/wp\/v2\/product\/9074\/revisions"}],"predecessor-version":[{"id":9224,"href":"https:\/\/www.andermatt.com\/fr\/wp-json\/wp\/v2\/product\/9074\/revisions\/9224"}],"wp:featuredmedia":[{"embeddable":true,"href":"https:\/\/www.andermatt.com\/fr\/wp-json\/wp\/v2\/media\/9078"}],"wp:attachment":[{"href":"https:\/\/www.andermatt.com\/fr\/wp-json\/wp\/v2\/media?parent=9074"}],"wp:term":[{"taxonomy":"crop","embeddable":true,"href":"https:\/\/www.andermatt.com\/fr\/wp-json\/wp\/v2\/crop?post=9074"},{"taxonomy":"disease","embeddable":true,"href":"https:\/\/www.andermatt.com\/fr\/wp-json\/wp\/v2\/disease?post=9074"},{"taxonomy":"pest","embeddable":true,"href":"https:\/\/www.andermatt.com\/fr\/wp-json\/wp\/v2\/pest?post=9074"},{"taxonomy":"solution","embeddable":true,"href":"https:\/\/www.andermatt.com\/fr\/wp-json\/wp\/v2\/solution?post=9074"}],"curies":[{"name":"wp","href":"https:\/\/api.w.org\/{rel}","templated":true}]}}