{"id":8069,"date":"2025-05-26T14:03:36","date_gmt":"2025-05-26T12:03:36","guid":{"rendered":"https:\/\/www.andermatt.com\/?post_type=product&#038;p=8069"},"modified":"2025-05-27T15:03:19","modified_gmt":"2025-05-27T13:03:19","slug":"nexula-n-easy-flow","status":"publish","type":"product","link":"https:\/\/www.andermatt.com\/fr\/produit\/nexula-n-easy-flow\/","title":{"rendered":"Nexula\u00ae-N Easy Flow"},"content":{"rendered":"<p class=\"lead\">Un biostimulant azot\u00e9 de nouvelle g\u00e9n\u00e9ration qui simplifie la plantation et favorise la performance des cultures tout au long de la saison. Formul\u00e9 avec <em>Priestia megaterium<\/em>&nbsp;souche PHP1706, Nexula\u00ae-N Easy Flow est un traitement de semences sous forme de poudre s\u00e8che qui \ufb01xe l'azote atmosph\u00e9rique et l'apporte \u00e0 la culture tout au long de la saison.<br><br>Que vous semiez du ma\u00efs, du bl\u00e9, du tournesol ou du soja, cette solution biostimulante facile \u00e0 utiliser offre plus qu'une simple nutrition, elle offre une con\ufb01dence.<\/p>\n\n\n\n<figure class=\"wp-block-gallery has-nested-images columns-default is-cropped wp-block-gallery-1 is-layout-flex wp-block-gallery-is-layout-flex\">\n<figure class=\"wp-block-image size-feature-size-gross\"><a href=\"https:\/\/www.andermatt.com\/wp-content\/uploads\/2025\/05\/bm-7d-tsb.jpg\"><img decoding=\"async\" width=\"600\" height=\"360\" data-id=\"8078\" src=\"https:\/\/www.andermatt.com\/wp-content\/uploads\/2025\/05\/bm-7d-tsb-600x360.jpg\" alt=\"nexula\u00ae n easy flow\" class=\"wp-image-8078\" srcset=\"https:\/\/www.andermatt.com\/wp-content\/uploads\/2025\/05\/bm-7d-tsb-600x360.jpg 600w, https:\/\/www.andermatt.com\/wp-content\/uploads\/2025\/05\/bm-7d-tsb-18x12.jpg 18w\" sizes=\"(max-width: 600px) 100vw, 600px\" \/><\/a><\/figure>\n\n\n\n<figure class=\"wp-block-image size-feature-size-gross\"><a href=\"https:\/\/www.andermatt.com\/wp-content\/uploads\/2025\/05\/nexula-n-ds-treated-maize.jpg\"><img decoding=\"async\" width=\"600\" height=\"360\" data-id=\"8077\" src=\"https:\/\/www.andermatt.com\/wp-content\/uploads\/2025\/05\/nexula-n-ds-treated-maize-600x360.jpg\" alt=\"nexula\u00ae n easy flow\" class=\"wp-image-8077\" srcset=\"https:\/\/www.andermatt.com\/wp-content\/uploads\/2025\/05\/nexula-n-ds-treated-maize-600x360.jpg 600w, https:\/\/www.andermatt.com\/wp-content\/uploads\/2025\/05\/nexula-n-ds-treated-maize-18x12.jpg 18w\" sizes=\"(max-width: 600px) 100vw, 600px\" \/><\/a><\/figure>\n\n\n\n<figure class=\"wp-block-image size-feature-size-gross\"><a href=\"https:\/\/www.andermatt.com\/wp-content\/uploads\/2025\/05\/nexula-n-ds-treated-wheat.jpg\"><img decoding=\"async\" width=\"600\" height=\"360\" data-id=\"8076\" src=\"https:\/\/www.andermatt.com\/wp-content\/uploads\/2025\/05\/nexula-n-ds-treated-wheat-600x360.jpg\" alt=\"nexula\u00ae n easy flow\" class=\"wp-image-8076\" srcset=\"https:\/\/www.andermatt.com\/wp-content\/uploads\/2025\/05\/nexula-n-ds-treated-wheat-600x360.jpg 600w, https:\/\/www.andermatt.com\/wp-content\/uploads\/2025\/05\/nexula-n-ds-treated-wheat-18x12.jpg 18w\" sizes=\"(max-width: 600px) 100vw, 600px\" \/><\/a><\/figure>\n<\/figure>\n\n\n\n<p>La formulation offre des avantages suppl\u00e9mentaires en termes d'efficacit\u00e9 de plantation, tels qu'un peuplement v\u00e9g\u00e9tal plus r\u00e9gulier, l'\u00e9limination des graines saut\u00e9es ou doubl\u00e9es et la plantation d'un plus grand nombre de graines \u00e0 l'hectare. La poudre peut \u00eatre saupoudr\u00e9e sur les semences dans la tr\u00e9mie et m\u00e9lang\u00e9e aux couches sup\u00e9rieures des semences. Lorsque le tracteur se d\u00e9place, l'agitation de la tr\u00e9mie assure une distribution uniforme de la poudre dans toute la tr\u00e9mie.&nbsp;<\/p>\n\n\n\n<p>Nexula\u00ae-N Easy Flow est une option de traitement des semences par voie s\u00e8che adapt\u00e9e aux cultures de grande surface.<br>Une seule application de Nexula\u00ae-N Easy Flow permet de fournir de l'azote tout au long de la saison directement aux racines, afin que la plante re\u00e7oive l'azote dont elle a besoin, au moment o\u00f9 elle en a besoin. Cela signifie que la plante est plus productive et qu'elle r\u00e9siste mieux aux p\u00e9riodes de stress dues \u00e0 la temp\u00e9rature ou \u00e0 la s\u00e9cheresse pendant la saison.<\/p>\n\n\n\n<h3 class=\"wp-block-heading\">Avantages<\/h3>\n\n\n\n<ul class=\"wp-block-list\">\n<li>Augmente le potentiel de croissance et de production des plantes<\/li>\n\n\n\n<li>Am\u00e9liore le syst\u00e8me racinaire&nbsp;<\/li>\n\n\n\n<li>Favorise et maintient l'efficacit\u00e9 de l'utilisation de l'azote par les cultures<\/li>\n\n\n\n<li>Support de plantes plus r\u00e9gulier<\/li>\n\n\n\n<li>Agit \u00e9galement comme un lubrifiant pour les planteurs m\u00e9caniques.<\/li>\n\n\n\n<li>Facile \u00e0 utiliser - peut \u00eatre ajout\u00e9 \u00e0 la tr\u00e9mie de semences pendant le semis<\/li>\n\n\n\n<li>Une seule demande pour un soutien aux plantes tout au long de la saison<\/li>\n<\/ul>\n\n\n\n<iframe loading=\"lazy\" width=\"560\" height=\"315\" src=\"https:\/\/www.youtube.com\/embed\/poilXVhCRUo?si=yLxSuyBLgChfHK2M\" title=\"Lecteur vid\u00e9o YouTube\" frameborder=\"0\" allow=\"accelerometer; autoplay; clipboard-write; encrypted-media; gyroscope; picture-in-picture; web-share\" referrerpolicy=\"strict-origin-when-cross-origin\" allowfullscreen><\/iframe>\n\n\n\n<p><\/p>","protected":false},"excerpt":{"rendered":"<p>Un biostimulant azot\u00e9 de nouvelle g\u00e9n\u00e9ration qui simplifie la plantation et favorise la performance des cultures tout au long de la saison. Formul\u00e9 avec la souche PHP1706 de Priestia megaterium, Nexula\u00ae-N Easy Flow est un traitement de semences en poudre s\u00e8che qui \ufb01xe l'azote atmosph\u00e9rique et l'apporte \u00e0 la culture tout au long de la saison. Que vous semiez du ma\u00efs, du bl\u00e9, du tournesol ou du soja, cette solution biostimulante facile \u00e0 utiliser offre plus qu'une simple [...]<\/p>","protected":false},"featured_media":8075,"template":"","meta":{"_acf_changed":false,"_seopress_robots_primary_cat":"none","_seopress_titles_title":"","_seopress_titles_desc":"","_seopress_robots_index":"","_searchwp_excluded":"","_uag_custom_page_level_css":"","site-sidebar-layout":"default","site-content-layout":"","ast-site-content-layout":"default","site-content-style":"default","site-sidebar-style":"default","ast-global-header-display":"","ast-banner-title-visibility":"","ast-main-header-display":"","ast-hfb-above-header-display":"","ast-hfb-below-header-display":"","ast-hfb-mobile-header-display":"","site-post-title":"","ast-breadcrumbs-content":"","ast-featured-img":"","footer-sml-layout":"","ast-disable-related-posts":"","theme-transparent-header-meta":"","adv-header-id-meta":"","stick-header-meta":"","header-above-stick-meta":"","header-main-stick-meta":"","header-below-stick-meta":"","astra-migrate-meta-layouts":"set","ast-page-background-enabled":"default","ast-page-background-meta":{"desktop":{"background-color":"","background-image":"","background-repeat":"repeat","background-position":"center center","background-size":"auto","background-attachment":"scroll","background-type":"","background-media":"","overlay-type":"","overlay-color":"","overlay-opacity":"","overlay-gradient":""},"tablet":{"background-color":"","background-image":"","background-repeat":"repeat","background-position":"center center","background-size":"auto","background-attachment":"scroll","background-type":"","background-media":"","overlay-type":"","overlay-color":"","overlay-opacity":"","overlay-gradient":""},"mobile":{"background-color":"","background-image":"","background-repeat":"repeat","background-position":"center center","background-size":"auto","background-attachment":"scroll","background-type":"","background-media":"","overlay-type":"","overlay-color":"","overlay-opacity":"","overlay-gradient":""}},"ast-content-background-meta":{"desktop":{"background-color":"var(--ast-global-color-5)","background-image":"","background-repeat":"repeat","background-position":"center center","background-size":"auto","background-attachment":"scroll","background-type":"","background-media":"","overlay-type":"","overlay-color":"","overlay-opacity":"","overlay-gradient":""},"tablet":{"background-color":"var(--ast-global-color-5)","background-image":"","background-repeat":"repeat","background-position":"center center","background-size":"auto","background-attachment":"scroll","background-type":"","background-media":"","overlay-type":"","overlay-color":"","overlay-opacity":"","overlay-gradient":""},"mobile":{"background-color":"var(--ast-global-color-5)","background-image":"","background-repeat":"repeat","background-position":"center center","background-size":"auto","background-attachment":"scroll","background-type":"","background-media":"","overlay-type":"","overlay-color":"","overlay-opacity":"","overlay-gradient":""}},"footnotes":""},"crop":[320],"disease":[],"pest":[],"solution":[39],"class_list":["post-8069","product","type-product","status-publish","has-post-thumbnail","hentry","crop-row_crops","solution-biostimulants-bioinoculants"],"acf":[],"uagb_featured_image_src":{"full":["https:\/\/www.andermatt.com\/wp-content\/uploads\/2025\/05\/nexula-n_easy_flow_banner.png",1920,1312,false],"thumbnail":["https:\/\/www.andermatt.com\/wp-content\/uploads\/2025\/05\/nexula-n_easy_flow_banner-150x150.png",150,150,true],"medium":["https:\/\/www.andermatt.com\/wp-content\/uploads\/2025\/05\/nexula-n_easy_flow_banner-300x205.png",300,205,true],"medium_large":["https:\/\/www.andermatt.com\/wp-content\/uploads\/2025\/05\/nexula-n_easy_flow_banner-768x525.png",768,525,true],"large":["https:\/\/www.andermatt.com\/wp-content\/uploads\/2025\/05\/nexula-n_easy_flow_banner-1024x700.png",1024,700,true],"1536x1536":["https:\/\/www.andermatt.com\/wp-content\/uploads\/2025\/05\/nexula-n_easy_flow_banner-1536x1050.png",1536,1050,true],"2048x2048":["https:\/\/www.andermatt.com\/wp-content\/uploads\/2025\/05\/nexula-n_easy_flow_banner.png",1920,1312,false],"trp-custom-language-flag":["https:\/\/www.andermatt.com\/wp-content\/uploads\/2025\/05\/nexula-n_easy_flow_banner-18x12.png",18,12,true],"feature-size":["https:\/\/www.andermatt.com\/wp-content\/uploads\/2025\/05\/nexula-n_easy_flow_banner-660x315.png",660,315,true],"feature-size-gross":["https:\/\/www.andermatt.com\/wp-content\/uploads\/2025\/05\/nexula-n_easy_flow_banner-660x360.png",660,360,true],"header-size-small":["https:\/\/www.andermatt.com\/wp-content\/uploads\/2025\/05\/nexula-n_easy_flow_banner-1000x350.png",1000,350,true],"header-size":["https:\/\/www.andermatt.com\/wp-content\/uploads\/2025\/05\/nexula-n_easy_flow_banner-1920x600.png",1920,600,true],"mailpoet_newsletter_max":["https:\/\/www.andermatt.com\/wp-content\/uploads\/2025\/05\/nexula-n_easy_flow_banner-1320x902.png",1320,902,true]},"uagb_author_info":{"display_name":"Donvae Hooker","author_link":"https:\/\/www.andermatt.com\/fr\/author\/"},"uagb_comment_info":0,"uagb_excerpt":"A next-generation nitrogen-\ufb01xing biostimulant that simpli\ufb01es planting and supports season-long crop performance. Formulated with Priestia megaterium&nbsp;strain PHP1706, Nexula\u00ae-N Easy Flow&nbsp;is a dry powder seed treatment that \ufb01xes atmospheric nitrogen and delivers it to the crop throughout the season. Whether you are planting maize, wheat, sun\ufb02ower, or soya, this easy-to-use biostimulant solution offers more than just\u2026","_links":{"self":[{"href":"https:\/\/www.andermatt.com\/fr\/wp-json\/wp\/v2\/product\/8069","targetHints":{"allow":["GET"]}}],"collection":[{"href":"https:\/\/www.andermatt.com\/fr\/wp-json\/wp\/v2\/product"}],"about":[{"href":"https:\/\/www.andermatt.com\/fr\/wp-json\/wp\/v2\/types\/product"}],"version-history":[{"count":10,"href":"https:\/\/www.andermatt.com\/fr\/wp-json\/wp\/v2\/product\/8069\/revisions"}],"predecessor-version":[{"id":8086,"href":"https:\/\/www.andermatt.com\/fr\/wp-json\/wp\/v2\/product\/8069\/revisions\/8086"}],"wp:featuredmedia":[{"embeddable":true,"href":"https:\/\/www.andermatt.com\/fr\/wp-json\/wp\/v2\/media\/8075"}],"wp:attachment":[{"href":"https:\/\/www.andermatt.com\/fr\/wp-json\/wp\/v2\/media?parent=8069"}],"wp:term":[{"taxonomy":"crop","embeddable":true,"href":"https:\/\/www.andermatt.com\/fr\/wp-json\/wp\/v2\/crop?post=8069"},{"taxonomy":"disease","embeddable":true,"href":"https:\/\/www.andermatt.com\/fr\/wp-json\/wp\/v2\/disease?post=8069"},{"taxonomy":"pest","embeddable":true,"href":"https:\/\/www.andermatt.com\/fr\/wp-json\/wp\/v2\/pest?post=8069"},{"taxonomy":"solution","embeddable":true,"href":"https:\/\/www.andermatt.com\/fr\/wp-json\/wp\/v2\/solution?post=8069"}],"curies":[{"name":"wp","href":"https:\/\/api.w.org\/{rel}","templated":true}]}}