{"id":5998,"date":"2023-02-02T10:04:20","date_gmt":"2023-02-02T09:04:20","guid":{"rendered":"https:\/\/www.andermatt.com\/?post_type=product&#038;p=5998"},"modified":"2023-11-10T11:25:50","modified_gmt":"2023-11-10T10:25:50","slug":"rhizovital-3","status":"publish","type":"product","link":"https:\/\/www.andermatt.com\/fr\/produit\/rhizovital-3\/","title":{"rendered":"RhizoVital P45"},"content":{"rendered":"<p class=\"lead\"><strong>RhizoVital P45 est un biostimulant microbien contenant des spores de bact\u00e9ries naturelles du sol.&nbsp;<em>Bacillus velezensis<\/em><\/strong>&nbsp;souche FZB 45<strong>.<\/strong><\/p>\n\n\n\n<figure class=\"wp-block-gallery has-nested-images columns-default is-cropped wp-block-gallery-1 is-layout-flex wp-block-gallery-is-layout-flex\">\n<figure class=\"wp-block-image size-feature-size-gross\"><a href=\"https:\/\/www.andermatt.com\/wp-content\/uploads\/2021\/12\/BiostimulantsBioinoculants-scaled.jpg\"><img decoding=\"async\" width=\"660\" height=\"360\" data-id=\"3459\" src=\"https:\/\/www.andermatt.com\/wp-content\/uploads\/2021\/12\/BiostimulantsBioinoculants-660x360.jpg\" alt=\"\" class=\"wp-image-3459\"\/><\/a><\/figure>\n\n\n\n<figure class=\"wp-block-image size-full\"><a href=\"https:\/\/www.andermatt.com\/wp-content\/uploads\/2023\/01\/rhizovital-p45_corn-picture.png\"><img decoding=\"async\" width=\"512\" height=\"243\" data-id=\"6041\" src=\"https:\/\/www.andermatt.com\/wp-content\/uploads\/2023\/01\/rhizovital-p45_corn-picture.png\" alt=\"rhizovital p45\" class=\"wp-image-6041\" srcset=\"https:\/\/www.andermatt.com\/wp-content\/uploads\/2023\/01\/rhizovital-p45_corn-picture.png 512w, https:\/\/www.andermatt.com\/wp-content\/uploads\/2023\/01\/rhizovital-p45_corn-picture-300x142.png 300w\" sizes=\"(max-width: 512px) 100vw, 512px\" \/><\/a><\/figure>\n<\/figure>\n\n\n\n<p>RhizoVital P45 stimule la croissance des racines et mobilise les nutriments dans le sol. RhizoVital P45 favorise la disponibilit\u00e9 des \u00e9l\u00e9ments nutritifs de la plante, ce qui entra\u00eene une augmentation du rendement. La tol\u00e9rance au stress abiotique caus\u00e9 par des conditions climatiques d\u00e9favorables et la gestion des champs peut \u00eatre am\u00e9lior\u00e9e. Utilisez RhizoVital P45 comme partie int\u00e9grante d'une strat\u00e9gie de production orient\u00e9e vers l'avenir.<\/p>\n\n\n\n<h3 class=\"wp-block-heading\">Utilisation polyvalente<\/h3>\n\n\n\n<p>RhizoVital P45 doit \u00eatre appliqu\u00e9 le plus t\u00f4t possible dans le d\u00e9veloppement de la plante. La bonne miscibilit\u00e9 avec les produits phytosanitaires et les engrais facilite la combinaison avec presque toutes les m\u00e9thodes d'application. Ainsi, le produit peut \u00eatre appliqu\u00e9 selon diff\u00e9rentes m\u00e9thodes : traitement des semences \u00e0 la ferme, arrosage, pulv\u00e9risation \u00e0 la surface du sol, m\u00e9lange dans les sols et les substrats, injection dans les syst\u00e8mes hydroponiques et de fertirrigation et trempage des racines.<\/p>\n\n\n\n<h3 class=\"wp-block-heading\">Avantages<\/h3>\n\n\n\n<ul class=\"wp-block-list\">\n<li>Favorise la mobilisation des \u00e9l\u00e9ments nutritifs et la croissance des plantes.<\/li>\n\n\n\n<li>Possibilit\u00e9 d'augmenter le rendement des cultures gr\u00e2ce \u00e0 une meilleure disponibilit\u00e9 des nutriments pour les plantes<\/li>\n\n\n\n<li>Compatible avec la plupart des engrais et des produits phytosanitaires<\/li>\n\n\n\n<li>Compl\u00e8te les strat\u00e9gies de production conventionnelles<\/li>\n\n\n\n<li>Facile \u00e0 appliquer et \u00e0 stocker (min. 2 ans \u00e0 temp\u00e9rature ambiante)<\/li>\n\n\n\n<li>Enti\u00e8rement compatible avec la production biologique et sans r\u00e9sidus<\/li>\n<\/ul>\n\n\n\n<figure class=\"wp-block-image size-full is-resized\"><img decoding=\"async\" src=\"https:\/\/www.andermatt.com\/wp-content\/uploads\/2022\/01\/Brazil-Corn.jpg\" alt=\"\" class=\"wp-image-3890\" width=\"658\" height=\"473\" srcset=\"https:\/\/www.andermatt.com\/wp-content\/uploads\/2022\/01\/Brazil-Corn.jpg 470w, https:\/\/www.andermatt.com\/wp-content\/uploads\/2022\/01\/Brazil-Corn-300x216.jpg 300w\" sizes=\"(max-width: 658px) 100vw, 658px\" \/><figcaption class=\"wp-element-caption\"><em>B\u00e9n\u00e9fice des rang\u00e9es de semences suppl\u00e9mentaires par \u00e9pi de ma\u00efs en utilisant Phosbac45 (=RhizoVital P45) comme traitement de semences : contr\u00f4le non trait\u00e9 (T1), trait\u00e9 avec P2O5 (112,5 kg\/ha) (T2) ; P2O5 (56 kg\/ha) + Phosbac45 (2ml\/kg de semences) (T3) ; P2O5 (56 kg\/ha) + Phosbac45 (2ml\/kg de semences) + Azospirillum (2ml\/kg de semences) (T4). R\u00e9sultats des essais de l'UEPG (Universidade Estadual Ponta Grossa) \u00e0 Ponta Grossa, Paran\u00e1, Br\u00e9sil.<\/em>. Lire <a href=\"https:\/\/www.andermatt.com\/fr\/comment-phosbac45-fait-une-difference-dans-la-gestion-de-la-nutrition-plante-au-bresil\/\">Comment Phosbac45 fait la diff\u00e9rence dans la gestion de la nutrition des plantes au Br\u00e9sil - Andermatt Group AG<\/a> pour plus d'informations sur Phosbac45 au Br\u00e9sil.<\/figcaption><\/figure>\n\n\n\n<p><em>Bacillus velezensis<\/em>&nbsp;(diff\u00e9rentes souches) peuvent \u00e9galement \u00eatre fournies comme mati\u00e8re premi\u00e8re (par exemple pour l'enrobage\/le traitement des semences, la formulation des engrais, l'ajout de substrat, etc.)<\/p>","protected":false},"excerpt":{"rendered":"<p>RhizoVital P45 est un biostimulant microbien contenant des spores de la souche FZB 45 de la bact\u00e9rie naturelle Bacillus velezensis. RhizoVital P45 stimule la croissance des racines et mobilise les nutriments dans le sol. RhizoVital P45 favorise la disponibilit\u00e9 des \u00e9l\u00e9ments nutritifs des plantes, ce qui se traduit par une augmentation du rendement. La tol\u00e9rance au stress abiotique caus\u00e9 par des conditions climatiques d\u00e9favorables et la gestion du champ ...<\/p>","protected":false},"featured_media":3458,"template":"","meta":{"_acf_changed":false,"_seopress_robots_primary_cat":"","_seopress_titles_title":"","_seopress_titles_desc":"","_seopress_robots_index":"","_searchwp_excluded":"","_uag_custom_page_level_css":"","site-sidebar-layout":"default","site-content-layout":"","ast-site-content-layout":"default","site-content-style":"default","site-sidebar-style":"default","ast-global-header-display":"","ast-banner-title-visibility":"","ast-main-header-display":"","ast-hfb-above-header-display":"","ast-hfb-below-header-display":"","ast-hfb-mobile-header-display":"","site-post-title":"","ast-breadcrumbs-content":"","ast-featured-img":"","footer-sml-layout":"","ast-disable-related-posts":"","theme-transparent-header-meta":"","adv-header-id-meta":"","stick-header-meta":"","header-above-stick-meta":"","header-main-stick-meta":"","header-below-stick-meta":"","astra-migrate-meta-layouts":"set","ast-page-background-enabled":"default","ast-page-background-meta":{"desktop":{"background-color":"","background-image":"","background-repeat":"repeat","background-position":"center center","background-size":"auto","background-attachment":"scroll","background-type":"","background-media":"","overlay-type":"","overlay-color":"","overlay-opacity":"","overlay-gradient":""},"tablet":{"background-color":"","background-image":"","background-repeat":"repeat","background-position":"center center","background-size":"auto","background-attachment":"scroll","background-type":"","background-media":"","overlay-type":"","overlay-color":"","overlay-opacity":"","overlay-gradient":""},"mobile":{"background-color":"","background-image":"","background-repeat":"repeat","background-position":"center center","background-size":"auto","background-attachment":"scroll","background-type":"","background-media":"","overlay-type":"","overlay-color":"","overlay-opacity":"","overlay-gradient":""}},"ast-content-background-meta":{"desktop":{"background-color":"var(--ast-global-color-5)","background-image":"","background-repeat":"repeat","background-position":"center center","background-size":"auto","background-attachment":"scroll","background-type":"","background-media":"","overlay-type":"","overlay-color":"","overlay-opacity":"","overlay-gradient":""},"tablet":{"background-color":"var(--ast-global-color-5)","background-image":"","background-repeat":"repeat","background-position":"center center","background-size":"auto","background-attachment":"scroll","background-type":"","background-media":"","overlay-type":"","overlay-color":"","overlay-opacity":"","overlay-gradient":""},"mobile":{"background-color":"var(--ast-global-color-5)","background-image":"","background-repeat":"repeat","background-position":"center center","background-size":"auto","background-attachment":"scroll","background-type":"","background-media":"","overlay-type":"","overlay-color":"","overlay-opacity":"","overlay-gradient":""}},"footnotes":""},"crop":[322,316,318,65,321,319,320,317],"disease":[],"pest":[],"solution":[39],"class_list":["post-5998","product","type-product","status-publish","has-post-thumbnail","hentry","crop-forest","crop-fruits-berries","crop-grapes","crop-herbs_ornamentals","crop-nuts","crop-potatoes","crop-row_crops","crop-vegetables","solution-biostimulants-bioinoculants"],"acf":[],"uagb_featured_image_src":{"full":["https:\/\/www.andermatt.com\/wp-content\/uploads\/2021\/12\/BiostimulantsBioinoculants-2-scaled.jpg",2400,1233,false],"thumbnail":["https:\/\/www.andermatt.com\/wp-content\/uploads\/2021\/12\/BiostimulantsBioinoculants-2-150x150.jpg",150,150,true],"medium":["https:\/\/www.andermatt.com\/wp-content\/uploads\/2021\/12\/BiostimulantsBioinoculants-2-300x154.jpg",300,154,true],"medium_large":["https:\/\/www.andermatt.com\/wp-content\/uploads\/2021\/12\/BiostimulantsBioinoculants-2-768x395.jpg",768,395,true],"large":["https:\/\/www.andermatt.com\/wp-content\/uploads\/2021\/12\/BiostimulantsBioinoculants-2-1024x526.jpg",1024,526,true],"1536x1536":["https:\/\/www.andermatt.com\/wp-content\/uploads\/2021\/12\/BiostimulantsBioinoculants-2-1536x789.jpg",1536,789,true],"2048x2048":["https:\/\/www.andermatt.com\/wp-content\/uploads\/2021\/12\/BiostimulantsBioinoculants-2-2048x1052.jpg",2048,1052,true],"trp-custom-language-flag":["https:\/\/www.andermatt.com\/wp-content\/uploads\/2021\/12\/BiostimulantsBioinoculants-2-scaled.jpg",18,9,false],"feature-size":["https:\/\/www.andermatt.com\/wp-content\/uploads\/2021\/12\/BiostimulantsBioinoculants-2-660x315.jpg",660,315,true],"feature-size-gross":["https:\/\/www.andermatt.com\/wp-content\/uploads\/2021\/12\/BiostimulantsBioinoculants-2-660x360.jpg",660,360,true],"header-size-small":["https:\/\/www.andermatt.com\/wp-content\/uploads\/2021\/12\/BiostimulantsBioinoculants-2-1000x350.jpg",1000,350,true],"header-size":["https:\/\/www.andermatt.com\/wp-content\/uploads\/2021\/12\/BiostimulantsBioinoculants-2-2000x600.jpg",2000,600,true],"mailpoet_newsletter_max":["https:\/\/www.andermatt.com\/wp-content\/uploads\/2021\/12\/BiostimulantsBioinoculants-2-1320x678.jpg",1320,678,true]},"uagb_author_info":{"display_name":"Alina Piven","author_link":"https:\/\/www.andermatt.com\/fr\/author\/"},"uagb_comment_info":0,"uagb_excerpt":"RhizoVital P45 is a microbial biostimulant containing spores of the naturally occurring soil bacteria&nbsp;Bacillus velezensis&nbsp;strain FZB 45. RhizoVital P45 stimulates root growth and mobilizes nutrients in the soil. RhizoVital P45 supports the availability of plant nutrients which leads to an increased in yield. Tolerance towards abiotic stress caused by unfavorable climatic conditions and field management\u2026","_links":{"self":[{"href":"https:\/\/www.andermatt.com\/fr\/wp-json\/wp\/v2\/product\/5998","targetHints":{"allow":["GET"]}}],"collection":[{"href":"https:\/\/www.andermatt.com\/fr\/wp-json\/wp\/v2\/product"}],"about":[{"href":"https:\/\/www.andermatt.com\/fr\/wp-json\/wp\/v2\/types\/product"}],"version-history":[{"count":27,"href":"https:\/\/www.andermatt.com\/fr\/wp-json\/wp\/v2\/product\/5998\/revisions"}],"predecessor-version":[{"id":6584,"href":"https:\/\/www.andermatt.com\/fr\/wp-json\/wp\/v2\/product\/5998\/revisions\/6584"}],"wp:featuredmedia":[{"embeddable":true,"href":"https:\/\/www.andermatt.com\/fr\/wp-json\/wp\/v2\/media\/3458"}],"wp:attachment":[{"href":"https:\/\/www.andermatt.com\/fr\/wp-json\/wp\/v2\/media?parent=5998"}],"wp:term":[{"taxonomy":"crop","embeddable":true,"href":"https:\/\/www.andermatt.com\/fr\/wp-json\/wp\/v2\/crop?post=5998"},{"taxonomy":"disease","embeddable":true,"href":"https:\/\/www.andermatt.com\/fr\/wp-json\/wp\/v2\/disease?post=5998"},{"taxonomy":"pest","embeddable":true,"href":"https:\/\/www.andermatt.com\/fr\/wp-json\/wp\/v2\/pest?post=5998"},{"taxonomy":"solution","embeddable":true,"href":"https:\/\/www.andermatt.com\/fr\/wp-json\/wp\/v2\/solution?post=5998"}],"curies":[{"name":"wp","href":"https:\/\/api.w.org\/{rel}","templated":true}]}}