{"id":5655,"date":"2023-02-02T09:59:27","date_gmt":"2023-02-02T08:59:27","guid":{"rendered":"https:\/\/www.andermatt.com\/?post_type=product&#038;p=5655"},"modified":"2026-01-12T11:07:31","modified_gmt":"2026-01-12T10:07:31","slug":"rhizovital-2","status":"publish","type":"product","link":"https:\/\/www.andermatt.com\/fr\/produit\/rhizovital-2\/","title":{"rendered":"RhizoVital C5"},"content":{"rendered":"<p class=\"lead\">RhizoVital C5 est un biostimulant microbien contenant des spores de bact\u00e9ries naturelles du sol.&nbsp;<em>Bacillus atrophaeus.<\/em>&nbsp;<\/p>\n\n\n\n<figure class=\"wp-block-gallery has-nested-images columns-default is-cropped wp-block-gallery-1 is-layout-flex wp-block-gallery-is-layout-flex\">\n<figure class=\"wp-block-image size-full\"><a href=\"https:\/\/www.andermatt.com\/wp-content\/uploads\/2023\/01\/rv-c5_strawberry.png\"><img decoding=\"async\" width=\"633\" height=\"338\" data-id=\"6007\" src=\"https:\/\/www.andermatt.com\/wp-content\/uploads\/2023\/01\/rv-c5_strawberry.png\" alt=\"rhizovital c5\" class=\"wp-image-6007\" srcset=\"https:\/\/www.andermatt.com\/wp-content\/uploads\/2023\/01\/rv-c5_strawberry.png 633w, https:\/\/www.andermatt.com\/wp-content\/uploads\/2023\/01\/rv-c5_strawberry-300x160.png 300w\" sizes=\"(max-width: 633px) 100vw, 633px\" \/><\/a><\/figure>\n\n\n\n<figure class=\"wp-block-image size-full\"><a href=\"https:\/\/www.andermatt.com\/wp-content\/uploads\/2023\/01\/rv-p45_wheat.png\"><img decoding=\"async\" width=\"610\" height=\"343\" data-id=\"6001\" src=\"https:\/\/www.andermatt.com\/wp-content\/uploads\/2023\/01\/rv-p45_wheat.png\" alt=\"rhizovital p45\" class=\"wp-image-6001\" srcset=\"https:\/\/www.andermatt.com\/wp-content\/uploads\/2023\/01\/rv-p45_wheat.png 610w, https:\/\/www.andermatt.com\/wp-content\/uploads\/2023\/01\/rv-p45_wheat-300x169.png 300w\" sizes=\"(max-width: 610px) 100vw, 610px\" \/><\/a><\/figure>\n<\/figure>\n\n\n\n<p>RhizoVital P45 stimule la croissance des racines et mobilise les nutriments dans le sol. RhizoVital P45 favorise la disponibilit\u00e9 des \u00e9l\u00e9ments nutritifs de la plante, ce qui entra\u00eene une augmentation du rendement. La tol\u00e9rance au stress abiotique caus\u00e9 par des conditions climatiques d\u00e9favorables et la gestion des champs peut \u00eatre am\u00e9lior\u00e9e. Utilisez RhizoVital P45 comme partie int\u00e9grante d'une strat\u00e9gie de production orient\u00e9e vers l'avenir.<\/p>\n\n\n\n<h3 class=\"wp-block-heading\">Utilisation polyvalente<\/h3>\n\n\n\n<p>RhizoVital P45 doit \u00eatre appliqu\u00e9 le plus t\u00f4t possible dans le d\u00e9veloppement de la plante. La bonne miscibilit\u00e9 avec les produits phytosanitaires et les engrais facilite la combinaison avec presque toutes les m\u00e9thodes d'application. Ainsi, le produit peut \u00eatre appliqu\u00e9 selon diff\u00e9rentes m\u00e9thodes : traitement des semences \u00e0 la ferme, arrosage, pulv\u00e9risation \u00e0 la surface du sol, m\u00e9lange dans les sols et les substrats, injection dans les syst\u00e8mes hydroponiques et de fertirrigation et trempage des racines.<\/p>\n\n\n\n<h3 class=\"wp-block-heading\">Avantages<\/h3>\n\n\n\n<ul class=\"wp-block-list\">\n<li>La tol\u00e9rance au froid favorise la croissance \u00e0 basse temp\u00e9rature<\/li>\n\n\n\n<li>Favorise la mobilisation des \u00e9l\u00e9ments nutritifs et la croissance des plantes.<\/li>\n\n\n\n<li>Possibilit\u00e9 d'augmenter le rendement des cultures gr\u00e2ce \u00e0 une meilleure disponibilit\u00e9 des nutriments pour les plantes<\/li>\n\n\n\n<li>Compatible avec la plupart des engrais et des produits phytosanitaires<\/li>\n\n\n\n<li>Compl\u00e8te les strat\u00e9gies de production conventionnelles<\/li>\n\n\n\n<li>Facile \u00e0 appliquer et \u00e0 stocker (min. 2 ans \u00e0 temp\u00e9rature ambiante)<\/li>\n\n\n\n<li>Enti\u00e8rement compatible avec la production biologique et sans r\u00e9sidus<\/li>\n<\/ul>\n\n\n\n<p><em>Bacillus <em>atrophaeus<\/em><\/em>&nbsp;(diff\u00e9rentes souches) peuvent \u00e9galement \u00eatre fournies comme mati\u00e8re premi\u00e8re (par exemple pour l'enrobage\/le traitement des semences, la formulation des engrais, l'ajout de substrat, etc.)<\/p>","protected":false},"excerpt":{"rendered":"<p>RhizoVital C5 est un biostimulant microbien contenant des spores de la bact\u00e9rie naturelle du sol Bacillus atrophaeus.  RhizoVital C5 stimule la croissance des racines et mobilise les nutriments dans le sol. RhizoVital C5 favorise la disponibilit\u00e9 des \u00e9l\u00e9ments nutritifs des plantes, ce qui se traduit par une augmentation du rendement. La tol\u00e9rance au stress abiotique caus\u00e9 par des conditions climatiques d\u00e9favorables et la gestion des champs peut \u00eatre ...<\/p>","protected":false},"featured_media":6007,"template":"","meta":{"_acf_changed":false,"_seopress_robots_primary_cat":"none","_seopress_titles_title":"","_seopress_titles_desc":"","_seopress_robots_index":"","_searchwp_excluded":"","_uag_custom_page_level_css":"","site-sidebar-layout":"default","site-content-layout":"","ast-site-content-layout":"default","site-content-style":"default","site-sidebar-style":"default","ast-global-header-display":"","ast-banner-title-visibility":"","ast-main-header-display":"","ast-hfb-above-header-display":"","ast-hfb-below-header-display":"","ast-hfb-mobile-header-display":"","site-post-title":"","ast-breadcrumbs-content":"","ast-featured-img":"","footer-sml-layout":"","ast-disable-related-posts":"","theme-transparent-header-meta":"","adv-header-id-meta":"","stick-header-meta":"","header-above-stick-meta":"","header-main-stick-meta":"","header-below-stick-meta":"","astra-migrate-meta-layouts":"set","ast-page-background-enabled":"default","ast-page-background-meta":{"desktop":{"background-color":"","background-image":"","background-repeat":"repeat","background-position":"center center","background-size":"auto","background-attachment":"scroll","background-type":"","background-media":"","overlay-type":"","overlay-color":"","overlay-opacity":"","overlay-gradient":""},"tablet":{"background-color":"","background-image":"","background-repeat":"repeat","background-position":"center center","background-size":"auto","background-attachment":"scroll","background-type":"","background-media":"","overlay-type":"","overlay-color":"","overlay-opacity":"","overlay-gradient":""},"mobile":{"background-color":"","background-image":"","background-repeat":"repeat","background-position":"center center","background-size":"auto","background-attachment":"scroll","background-type":"","background-media":"","overlay-type":"","overlay-color":"","overlay-opacity":"","overlay-gradient":""}},"ast-content-background-meta":{"desktop":{"background-color":"var(--ast-global-color-5)","background-image":"","background-repeat":"repeat","background-position":"center center","background-size":"auto","background-attachment":"scroll","background-type":"","background-media":"","overlay-type":"","overlay-color":"","overlay-opacity":"","overlay-gradient":""},"tablet":{"background-color":"var(--ast-global-color-5)","background-image":"","background-repeat":"repeat","background-position":"center center","background-size":"auto","background-attachment":"scroll","background-type":"","background-media":"","overlay-type":"","overlay-color":"","overlay-opacity":"","overlay-gradient":""},"mobile":{"background-color":"var(--ast-global-color-5)","background-image":"","background-repeat":"repeat","background-position":"center center","background-size":"auto","background-attachment":"scroll","background-type":"","background-media":"","overlay-type":"","overlay-color":"","overlay-opacity":"","overlay-gradient":""}},"footnotes":""},"crop":[322,316,318,65,321,319,320,317],"disease":[],"pest":[],"solution":[39],"class_list":["post-5655","product","type-product","status-publish","has-post-thumbnail","hentry","crop-forest","crop-fruits-berries","crop-grapes","crop-herbs_ornamentals","crop-nuts","crop-potatoes","crop-row_crops","crop-vegetables","solution-biostimulants-bioinoculants"],"acf":[],"uagb_featured_image_src":{"full":["https:\/\/www.andermatt.com\/wp-content\/uploads\/2023\/01\/rv-c5_strawberry.png",633,338,false],"thumbnail":["https:\/\/www.andermatt.com\/wp-content\/uploads\/2023\/01\/rv-c5_strawberry-150x150.png",150,150,true],"medium":["https:\/\/www.andermatt.com\/wp-content\/uploads\/2023\/01\/rv-c5_strawberry-300x160.png",300,160,true],"medium_large":["https:\/\/www.andermatt.com\/wp-content\/uploads\/2023\/01\/rv-c5_strawberry.png",633,338,false],"large":["https:\/\/www.andermatt.com\/wp-content\/uploads\/2023\/01\/rv-c5_strawberry.png",633,338,false],"1536x1536":["https:\/\/www.andermatt.com\/wp-content\/uploads\/2023\/01\/rv-c5_strawberry.png",633,338,false],"2048x2048":["https:\/\/www.andermatt.com\/wp-content\/uploads\/2023\/01\/rv-c5_strawberry.png",633,338,false],"trp-custom-language-flag":["https:\/\/www.andermatt.com\/wp-content\/uploads\/2023\/01\/rv-c5_strawberry.png",18,10,false],"feature-size":["https:\/\/www.andermatt.com\/wp-content\/uploads\/2023\/01\/rv-c5_strawberry-633x315.png",633,315,true],"feature-size-gross":["https:\/\/www.andermatt.com\/wp-content\/uploads\/2023\/01\/rv-c5_strawberry.png",633,338,false],"header-size-small":["https:\/\/www.andermatt.com\/wp-content\/uploads\/2023\/01\/rv-c5_strawberry.png",633,338,false],"header-size":["https:\/\/www.andermatt.com\/wp-content\/uploads\/2023\/01\/rv-c5_strawberry.png",633,338,false],"mailpoet_newsletter_max":["https:\/\/www.andermatt.com\/wp-content\/uploads\/2023\/01\/rv-c5_strawberry.png",633,338,false]},"uagb_author_info":{"display_name":"Donvae Hooker","author_link":"https:\/\/www.andermatt.com\/fr\/author\/"},"uagb_comment_info":0,"uagb_excerpt":"RhizoVital C5 is a microbial biostimulant containing spores of the naturally occurring soil bacteria&nbsp;Bacillus atrophaeus.&nbsp; RhizoVital C5 stimulates root growth and mobilizes nutrients in the soil. RhizoVital C5 supports the availability of plant nutrients which leads to an increased in yield. Tolerance towards abiotic stress caused by unfavorable climatic conditions and field management can be\u2026","_links":{"self":[{"href":"https:\/\/www.andermatt.com\/fr\/wp-json\/wp\/v2\/product\/5655","targetHints":{"allow":["GET"]}}],"collection":[{"href":"https:\/\/www.andermatt.com\/fr\/wp-json\/wp\/v2\/product"}],"about":[{"href":"https:\/\/www.andermatt.com\/fr\/wp-json\/wp\/v2\/types\/product"}],"version-history":[{"count":34,"href":"https:\/\/www.andermatt.com\/fr\/wp-json\/wp\/v2\/product\/5655\/revisions"}],"predecessor-version":[{"id":9110,"href":"https:\/\/www.andermatt.com\/fr\/wp-json\/wp\/v2\/product\/5655\/revisions\/9110"}],"wp:featuredmedia":[{"embeddable":true,"href":"https:\/\/www.andermatt.com\/fr\/wp-json\/wp\/v2\/media\/6007"}],"wp:attachment":[{"href":"https:\/\/www.andermatt.com\/fr\/wp-json\/wp\/v2\/media?parent=5655"}],"wp:term":[{"taxonomy":"crop","embeddable":true,"href":"https:\/\/www.andermatt.com\/fr\/wp-json\/wp\/v2\/crop?post=5655"},{"taxonomy":"disease","embeddable":true,"href":"https:\/\/www.andermatt.com\/fr\/wp-json\/wp\/v2\/disease?post=5655"},{"taxonomy":"pest","embeddable":true,"href":"https:\/\/www.andermatt.com\/fr\/wp-json\/wp\/v2\/pest?post=5655"},{"taxonomy":"solution","embeddable":true,"href":"https:\/\/www.andermatt.com\/fr\/wp-json\/wp\/v2\/solution?post=5655"}],"curies":[{"name":"wp","href":"https:\/\/api.w.org\/{rel}","templated":true}]}}