{"id":3572,"date":"2021-12-22T22:24:52","date_gmt":"2021-12-22T21:24:52","guid":{"rendered":"https:\/\/www.andermatt.com\/?post_type=product&#038;p=3572"},"modified":"2026-03-29T20:34:19","modified_gmt":"2026-03-29T18:34:19","slug":"rebell-coloured-sticky-traps","status":"publish","type":"product","link":"https:\/\/www.andermatt.com\/fr\/produit\/rebell-coloured-sticky-traps\/","title":{"rendered":"Rebell - Pi\u00e8ges collants color\u00e9s"},"content":{"rendered":"<p class=\"lead\">Rebell - pi\u00e8ges collants color\u00e9s pour la surveillance et le pi\u00e9geage de masse des insectes nuisibles   <\/p>\n\n\n\n<h2 class=\"wp-block-heading\">Rebell amarillo<\/h2>\n\n\n\n<h4 class=\"wp-block-heading\">Pi\u00e8ges jaunes pour une surveillance ou une lutte fiable contre les mouches des fruits<\/h4>\n\n\n\n<figure class=\"wp-block-gallery has-nested-images columns-default is-cropped wp-block-gallery-1 is-layout-flex wp-block-gallery-is-layout-flex\">\n<figure class=\"wp-block-image size-feature-size-gross\"><a href=\"https:\/\/www.andermatt.com\/wp-content\/uploads\/2021\/12\/Monitoring-systemsMass-trapping_Rebellcoloured-sticky-traps2-scaled.jpg\"><img decoding=\"async\" width=\"660\" height=\"360\" data-id=\"3574\" src=\"https:\/\/www.andermatt.com\/wp-content\/uploads\/2021\/12\/Monitoring-systemsMass-trapping_Rebellcoloured-sticky-traps2-660x360.jpg\" alt=\"\" class=\"wp-image-3574\"\/><\/a><\/figure>\n\n\n\n<figure class=\"wp-block-image size-feature-size-gross\"><a href=\"https:\/\/www.andermatt.com\/wp-content\/uploads\/2021\/12\/Monitoring-systemsMass-trapping_Rebellcoloured-sticky-traps1-scaled.jpg\"><img decoding=\"async\" width=\"660\" height=\"360\" data-id=\"3573\" src=\"https:\/\/www.andermatt.com\/wp-content\/uploads\/2021\/12\/Monitoring-systemsMass-trapping_Rebellcoloured-sticky-traps1-660x360.jpg\" alt=\"\" class=\"wp-image-3573\"\/><\/a><\/figure>\n<\/figure>\n\n\n\n<h3 class=\"wp-block-heading\">Principaux ravageurs vis\u00e9s<\/h3>\n\n\n\n<ul class=\"wp-block-list\">\n<li>Mouche de la cerise\u00a0<em>(Rhagoletis cerasi)<\/em><\/li>\n\n\n\n<li>Mouche de la noix\u00a0<em>(Rhagoletis completa)<\/em><\/li>\n\n\n\n<li>Mouche m\u00e9diterran\u00e9enne des fruits\u00a0<em>(Ceratitis capitata)<\/em><\/li>\n\n\n\n<li>Autres mouches des fruits<\/li>\n\n\n\n<li>Navet ceutorrhynchus<\/li>\n\n\n\n<li>Charan\u00e7on de la tige du chou<\/li>\n<\/ul>\n\n\n\n<h2 class=\"wp-block-heading\">Rebell bianco<\/h2>\n\n\n\n<h4 class=\"wp-block-heading\">Pi\u00e8ges blancs pour la surveillance des tenthr\u00e8des et pour la lutte contre les col\u00e9opt\u00e8res du framboisier<\/h4>\n\n\n\n<figure class=\"wp-block-gallery has-nested-images columns-default is-cropped wp-block-gallery-2 is-layout-flex wp-block-gallery-is-layout-flex\">\n<figure class=\"wp-block-image size-feature-size-gross\"><a href=\"https:\/\/www.andermatt.com\/wp-content\/uploads\/2021\/12\/rebell-bianco.jpg\"><img decoding=\"async\" width=\"660\" height=\"360\" data-id=\"3576\" src=\"https:\/\/www.andermatt.com\/wp-content\/uploads\/2021\/12\/rebell-bianco-660x360.jpg\" alt=\"\" class=\"wp-image-3576\"\/><\/a><\/figure>\n\n\n\n<figure class=\"wp-block-image size-feature-size-gross\"><a href=\"https:\/\/www.andermatt.com\/wp-content\/uploads\/2021\/12\/rebell-bianco-2.jpg\"><img decoding=\"async\" width=\"660\" height=\"360\" data-id=\"3575\" src=\"https:\/\/www.andermatt.com\/wp-content\/uploads\/2021\/12\/rebell-bianco-2-660x360.jpg\" alt=\"\" class=\"wp-image-3575\"\/><\/a><\/figure>\n<\/figure>\n\n\n\n<h3 class=\"wp-block-heading\">Principaux ravageurs vis\u00e9s<\/h3>\n\n\n\n<ul class=\"wp-block-list\">\n<li>Sentinelle du pommier\u00a0<em>(H. testudinea)<\/em><\/li>\n\n\n\n<li>Sentinelle des prunes\u00a0<em>(H. flava)<\/em><\/li>\n\n\n\n<li>Tentacule du prunier\u00a0<em>(H. minuta)<\/em><\/li>\n\n\n\n<li>Col\u00e9opt\u00e8re des framboises\u00a0<em>(B. tomentosus)<\/em><\/li>\n\n\n\n<li>Col\u00e9opt\u00e8re des framboises<\/li>\n<\/ul>\n\n\n\n<h2 class=\"wp-block-heading\">Bleu rebelle<\/h2>\n\n\n\n<h4 class=\"wp-block-heading\">Des pi\u00e8ges bleus pour une surveillance fiable des thrips<\/h4>\n\n\n\n<figure class=\"wp-block-gallery has-nested-images columns-default is-cropped wp-block-gallery-3 is-layout-flex wp-block-gallery-is-layout-flex\">\n<figure class=\"wp-block-image size-feature-size-gross\"><a href=\"https:\/\/www.andermatt.com\/wp-content\/uploads\/2021\/12\/rebell-blu-2.jpg\"><img decoding=\"async\" width=\"660\" height=\"360\" data-id=\"3577\" src=\"https:\/\/www.andermatt.com\/wp-content\/uploads\/2021\/12\/rebell-blu-2-660x360.jpg\" alt=\"\" class=\"wp-image-3577\"\/><\/a><\/figure>\n\n\n\n<figure class=\"wp-block-image size-feature-size-gross\"><a href=\"https:\/\/www.andermatt.com\/wp-content\/uploads\/2021\/12\/rebell-blu.jpg\"><img decoding=\"async\" width=\"660\" height=\"360\" data-id=\"3578\" src=\"https:\/\/www.andermatt.com\/wp-content\/uploads\/2021\/12\/rebell-blu-660x360.jpg\" alt=\"\" class=\"wp-image-3578\"\/><\/a><\/figure>\n<\/figure>\n\n\n\n<h3 class=\"wp-block-heading\">Principaux ravageurs vis\u00e9s<\/h3>\n\n\n\n<ul class=\"wp-block-list\">\n<li><em>Frankliniella occidentalis<\/em><\/li>\n\n\n\n<li><em>Thrips tabaci<\/em><\/li>\n<\/ul>\n\n\n\n<h2 class=\"wp-block-heading\">Rebell giallo<\/h2>\n\n\n\n<h4 class=\"wp-block-heading\">Pi\u00e8ges jaunes pour le suivi des mouches blanches, des l\u00e9pismes, des mouches sciarides, etc.<\/h4>\n\n\n\n<figure class=\"wp-block-gallery has-nested-images columns-default is-cropped wp-block-gallery-4 is-layout-flex wp-block-gallery-is-layout-flex\">\n<figure class=\"wp-block-image size-feature-size-gross\"><a href=\"https:\/\/www.andermatt.com\/wp-content\/uploads\/2021\/12\/rebell-giallo-scaled.jpg\"><img decoding=\"async\" width=\"660\" height=\"360\" data-id=\"3580\" src=\"https:\/\/www.andermatt.com\/wp-content\/uploads\/2021\/12\/rebell-giallo-660x360.jpg\" alt=\"\" class=\"wp-image-3580\"\/><\/a><\/figure>\n\n\n\n<figure class=\"wp-block-image size-feature-size-gross\"><a href=\"https:\/\/www.andermatt.com\/wp-content\/uploads\/2021\/12\/rebell-giallo-2.jpg\"><img decoding=\"async\" width=\"660\" height=\"360\" data-id=\"3579\" src=\"https:\/\/www.andermatt.com\/wp-content\/uploads\/2021\/12\/rebell-giallo-2-660x360.jpg\" alt=\"\" class=\"wp-image-3579\"\/><\/a><\/figure>\n<\/figure>\n\n\n\n<h3 class=\"wp-block-heading\">Principaux ravageurs vis\u00e9s<\/h3>\n\n\n\n<ul class=\"wp-block-list\">\n<li>Mouches blanches<\/li>\n\n\n\n<li>Mineuse des feuilles<\/li>\n\n\n\n<li>Mouches des champignons (mouches sciarides)<\/li>\n\n\n\n<li>Les cicadelles en viticulture<\/li>\n\n\n\n<li>Les thrips en vituculture<\/li>\n<\/ul>\n\n\n\n<h2 class=\"wp-block-heading\">Rebell orange<\/h2>\n\n\n\n<h4 class=\"wp-block-heading\">Pi\u00e8ges orange pour le suivi fiable des mouches de la carotte<\/h4>\n\n\n\n<figure class=\"wp-block-gallery has-nested-images columns-default is-cropped wp-block-gallery-5 is-layout-flex wp-block-gallery-is-layout-flex\">\n<figure class=\"wp-block-image size-feature-size-gross\"><a href=\"https:\/\/www.andermatt.com\/wp-content\/uploads\/2021\/12\/rebell-orange_2.jpg\"><img decoding=\"async\" width=\"660\" height=\"360\" data-id=\"3582\" src=\"https:\/\/www.andermatt.com\/wp-content\/uploads\/2021\/12\/rebell-orange_2-660x360.jpg\" alt=\"\" class=\"wp-image-3582\"\/><\/a><\/figure>\n\n\n\n<figure class=\"wp-block-image size-feature-size-gross\"><a href=\"https:\/\/www.andermatt.com\/wp-content\/uploads\/2021\/12\/rebell-orange_1.jpg\"><img decoding=\"async\" width=\"660\" height=\"360\" data-id=\"3581\" src=\"https:\/\/www.andermatt.com\/wp-content\/uploads\/2021\/12\/rebell-orange_1-660x360.jpg\" alt=\"\" class=\"wp-image-3581\"\/><\/a><\/figure>\n<\/figure>\n\n\n\n<h3 class=\"wp-block-heading\">Principaux ravageurs vis\u00e9s<\/h3>\n\n\n\n<ul class=\"wp-block-list\">\n<li>Mouches de la carotte\u00a0<em>(Psila rosae)<\/em><\/li>\n<\/ul>\n\n\n\n<h2 class=\"wp-block-heading\">Rebell rosso<\/h2>\n\n\n\n<h4 class=\"wp-block-heading\">Pi\u00e8ges rouges pour le suivi ou le pi\u00e9geage de masse des foreurs de puits dans les vergers et les vignobles<\/h4>\n\n\n\n<figure class=\"wp-block-gallery has-nested-images columns-default is-cropped wp-block-gallery-6 is-layout-flex wp-block-gallery-is-layout-flex\">\n<figure class=\"wp-block-image size-feature-size-gross\"><a href=\"https:\/\/www.andermatt.com\/wp-content\/uploads\/2021\/12\/rebell-rosso_1.jpg\"><img decoding=\"async\" width=\"660\" height=\"360\" data-id=\"3584\" src=\"https:\/\/www.andermatt.com\/wp-content\/uploads\/2021\/12\/rebell-rosso_1-660x360.jpg\" alt=\"\" class=\"wp-image-3584\"\/><\/a><\/figure>\n\n\n\n<figure class=\"wp-block-image size-feature-size-gross\"><a href=\"https:\/\/www.andermatt.com\/wp-content\/uploads\/2021\/12\/rebell-rosso.jpg\"><img decoding=\"async\" width=\"660\" height=\"360\" data-id=\"3583\" src=\"https:\/\/www.andermatt.com\/wp-content\/uploads\/2021\/12\/rebell-rosso-660x360.jpg\" alt=\"\" class=\"wp-image-3583\"\/><\/a><\/figure>\n<\/figure>\n\n\n\n<h3 class=\"wp-block-heading\">Principaux ravageurs vis\u00e9s<\/h3>\n\n\n\n<ul class=\"wp-block-list\">\n<li>Perceuse de trous de mines\u00a0<em>(Xyleborus dispar)<\/em><\/li>\n<\/ul>\n\n\n\n<h3 class=\"wp-block-heading\">Avantages<\/h3>\n\n\n\n<ul class=\"wp-block-list\">\n<li>Les couleurs des pi\u00e8ges Rebell sont sp\u00e9cifiques aux nuisibles, ce qui garantit une fiabilit\u00e9 maximale et un nombre minimal de prises accessoires.<\/li>\n\n\n\n<li>Le filtre UV int\u00e9gr\u00e9 permet de conserver des couleurs \u00e9clatantes plus longtemps.<\/li>\n\n\n\n<li>La colle extra forte fonctionne m\u00eame dans des conditions m\u00e9t\u00e9orologiques difficiles.<\/li>\n\n\n\n<li>Peut \u00eatre nettoy\u00e9 et r\u00e9utilis\u00e9.<\/li>\n\n\n\n<li>Le contr\u00f4le de la qualit\u00e9 de chaque lot garantit une fiabilit\u00e9 constante<\/li>\n<\/ul>","protected":false},"excerpt":{"rendered":"<p>Leurres et pi\u00e8ges pour la surveillance ou le pi\u00e9geage de masse des insectes nuisibles.<\/p>","protected":false},"featured_media":3573,"template":"","meta":{"_acf_changed":false,"_seopress_robots_primary_cat":"none","_seopress_titles_title":"","_seopress_titles_desc":"","_seopress_robots_index":"","_searchwp_excluded":"","_uag_custom_page_level_css":"","site-sidebar-layout":"default","site-content-layout":"default","ast-site-content-layout":"default","site-content-style":"default","site-sidebar-style":"default","ast-global-header-display":"","ast-banner-title-visibility":"","ast-main-header-display":"","ast-hfb-above-header-display":"","ast-hfb-below-header-display":"","ast-hfb-mobile-header-display":"","site-post-title":"","ast-breadcrumbs-content":"","ast-featured-img":"","footer-sml-layout":"","ast-disable-related-posts":"","theme-transparent-header-meta":"default","adv-header-id-meta":"","stick-header-meta":"default","header-above-stick-meta":"","header-main-stick-meta":"","header-below-stick-meta":"","astra-migrate-meta-layouts":"set","ast-page-background-enabled":"default","ast-page-background-meta":{"desktop":{"background-color":"","background-image":"","background-repeat":"repeat","background-position":"center center","background-size":"auto","background-attachment":"scroll","background-type":"","background-media":"","overlay-type":"","overlay-color":"","overlay-opacity":"","overlay-gradient":""},"tablet":{"background-color":"","background-image":"","background-repeat":"repeat","background-position":"center center","background-size":"auto","background-attachment":"scroll","background-type":"","background-media":"","overlay-type":"","overlay-color":"","overlay-opacity":"","overlay-gradient":""},"mobile":{"background-color":"","background-image":"","background-repeat":"repeat","background-position":"center center","background-size":"auto","background-attachment":"scroll","background-type":"","background-media":"","overlay-type":"","overlay-color":"","overlay-opacity":"","overlay-gradient":""}},"ast-content-background-meta":{"desktop":{"background-color":"var(--ast-global-color-5)","background-image":"","background-repeat":"repeat","background-position":"center center","background-size":"auto","background-attachment":"scroll","background-type":"","background-media":"","overlay-type":"","overlay-color":"","overlay-opacity":"","overlay-gradient":""},"tablet":{"background-color":"var(--ast-global-color-5)","background-image":"","background-repeat":"repeat","background-position":"center center","background-size":"auto","background-attachment":"scroll","background-type":"","background-media":"","overlay-type":"","overlay-color":"","overlay-opacity":"","overlay-gradient":""},"mobile":{"background-color":"var(--ast-global-color-5)","background-image":"","background-repeat":"repeat","background-position":"center center","background-size":"auto","background-attachment":"scroll","background-type":"","background-media":"","overlay-type":"","overlay-color":"","overlay-opacity":"","overlay-gradient":""}},"footnotes":""},"crop":[322,316,318,65,321,319,320,317],"disease":[],"pest":[57,325,326,44,61,59,60],"solution":[43],"class_list":["post-3572","product","type-product","status-publish","has-post-thumbnail","hentry","crop-forest","crop-fruits-berries","crop-grapes","crop-herbs_ornamentals","crop-nuts","crop-potatoes","crop-row_crops","crop-vegetables","pest-bugs","pest-forest-pest","pest-fruit-flies","pest-lepidoptera","pest-mites","pest-thrips","pest-white-flies","solution-monitoring-mass-trapping"],"acf":[],"uagb_featured_image_src":{"full":["https:\/\/www.andermatt.com\/wp-content\/uploads\/2021\/12\/Monitoring-systemsMass-trapping_Rebellcoloured-sticky-traps1-scaled.jpg",2400,1596,false],"thumbnail":["https:\/\/www.andermatt.com\/wp-content\/uploads\/2021\/12\/Monitoring-systemsMass-trapping_Rebellcoloured-sticky-traps1-150x150.jpg",150,150,true],"medium":["https:\/\/www.andermatt.com\/wp-content\/uploads\/2021\/12\/Monitoring-systemsMass-trapping_Rebellcoloured-sticky-traps1-300x199.jpg",300,199,true],"medium_large":["https:\/\/www.andermatt.com\/wp-content\/uploads\/2021\/12\/Monitoring-systemsMass-trapping_Rebellcoloured-sticky-traps1-768x511.jpg",768,511,true],"large":["https:\/\/www.andermatt.com\/wp-content\/uploads\/2021\/12\/Monitoring-systemsMass-trapping_Rebellcoloured-sticky-traps1-1024x681.jpg",1024,681,true],"1536x1536":["https:\/\/www.andermatt.com\/wp-content\/uploads\/2021\/12\/Monitoring-systemsMass-trapping_Rebellcoloured-sticky-traps1-1536x1021.jpg",1536,1021,true],"2048x2048":["https:\/\/www.andermatt.com\/wp-content\/uploads\/2021\/12\/Monitoring-systemsMass-trapping_Rebellcoloured-sticky-traps1-2048x1362.jpg",2048,1362,true],"trp-custom-language-flag":["https:\/\/www.andermatt.com\/wp-content\/uploads\/2021\/12\/Monitoring-systemsMass-trapping_Rebellcoloured-sticky-traps1-scaled.jpg",18,12,false],"feature-size":["https:\/\/www.andermatt.com\/wp-content\/uploads\/2021\/12\/Monitoring-systemsMass-trapping_Rebellcoloured-sticky-traps1-660x315.jpg",660,315,true],"feature-size-gross":["https:\/\/www.andermatt.com\/wp-content\/uploads\/2021\/12\/Monitoring-systemsMass-trapping_Rebellcoloured-sticky-traps1-660x360.jpg",660,360,true],"header-size-small":["https:\/\/www.andermatt.com\/wp-content\/uploads\/2021\/12\/Monitoring-systemsMass-trapping_Rebellcoloured-sticky-traps1-1000x350.jpg",1000,350,true],"header-size":["https:\/\/www.andermatt.com\/wp-content\/uploads\/2021\/12\/Monitoring-systemsMass-trapping_Rebellcoloured-sticky-traps1-2000x600.jpg",2000,600,true],"mailpoet_newsletter_max":["https:\/\/www.andermatt.com\/wp-content\/uploads\/2021\/12\/Monitoring-systemsMass-trapping_Rebellcoloured-sticky-traps1-1320x878.jpg",1320,878,true]},"uagb_author_info":{"display_name":"Donvae Hooker","author_link":"https:\/\/www.andermatt.com\/fr\/author\/"},"uagb_comment_info":0,"uagb_excerpt":"Lures and traps for the monitoring or mass trapping of insect pests.","_links":{"self":[{"href":"https:\/\/www.andermatt.com\/fr\/wp-json\/wp\/v2\/product\/3572","targetHints":{"allow":["GET"]}}],"collection":[{"href":"https:\/\/www.andermatt.com\/fr\/wp-json\/wp\/v2\/product"}],"about":[{"href":"https:\/\/www.andermatt.com\/fr\/wp-json\/wp\/v2\/types\/product"}],"version-history":[{"count":7,"href":"https:\/\/www.andermatt.com\/fr\/wp-json\/wp\/v2\/product\/3572\/revisions"}],"predecessor-version":[{"id":9308,"href":"https:\/\/www.andermatt.com\/fr\/wp-json\/wp\/v2\/product\/3572\/revisions\/9308"}],"wp:featuredmedia":[{"embeddable":true,"href":"https:\/\/www.andermatt.com\/fr\/wp-json\/wp\/v2\/media\/3573"}],"wp:attachment":[{"href":"https:\/\/www.andermatt.com\/fr\/wp-json\/wp\/v2\/media?parent=3572"}],"wp:term":[{"taxonomy":"crop","embeddable":true,"href":"https:\/\/www.andermatt.com\/fr\/wp-json\/wp\/v2\/crop?post=3572"},{"taxonomy":"disease","embeddable":true,"href":"https:\/\/www.andermatt.com\/fr\/wp-json\/wp\/v2\/disease?post=3572"},{"taxonomy":"pest","embeddable":true,"href":"https:\/\/www.andermatt.com\/fr\/wp-json\/wp\/v2\/pest?post=3572"},{"taxonomy":"solution","embeddable":true,"href":"https:\/\/www.andermatt.com\/fr\/wp-json\/wp\/v2\/solution?post=3572"}],"curies":[{"name":"wp","href":"https:\/\/api.w.org\/{rel}","templated":true}]}}