{"id":3506,"date":"2021-12-21T19:40:44","date_gmt":"2021-12-21T18:40:44","guid":{"rendered":"https:\/\/www.andermatt.com\/?post_type=product&#038;p=3506"},"modified":"2022-09-08T14:26:11","modified_gmt":"2022-09-08T12:26:11","slug":"aphinite-eab","status":"publish","type":"product","link":"https:\/\/www.andermatt.com\/fr\/produit\/aphinite-eab\/","title":{"rendered":"aPhinit\u00e9 EAB"},"content":{"rendered":"<p class=\"lead\">aPhinity EAB est un leurre \u00e0 ph\u00e9romones qui est utilis\u00e9 comme outil de d\u00e9tection. Le leurre fonctionne en attirant les m\u00e2les de l'agrile du fr\u00eane dans un pi\u00e8ge. Le leurre n'a d'effet que sur les agrile du fr\u00eane et n'est pas dangereux pour l'environnement, les humains ou les animaux domestiques.<\/p>\n\n\n\n<figure class=\"wp-block-gallery has-nested-images columns-default is-cropped wp-block-gallery-1 is-layout-flex wp-block-gallery-is-layout-flex\">\n<figure class=\"wp-block-image size-feature-size-gross\"><a href=\"https:\/\/www.andermatt.com\/wp-content\/uploads\/2021\/12\/Monitoring-systemsMass-trapping.-aPhinity-EABjpg.jpg\"><img decoding=\"async\" width=\"660\" height=\"360\" data-id=\"3507\" src=\"https:\/\/www.andermatt.com\/wp-content\/uploads\/2021\/12\/Monitoring-systemsMass-trapping.-aPhinity-EABjpg-660x360.jpg\" alt=\"\" class=\"wp-image-3507\"\/><\/a><\/figure>\n\n\n\n<figure class=\"wp-block-image size-feature-size-gross\"><a href=\"https:\/\/www.andermatt.com\/wp-content\/uploads\/2021\/12\/Monitoring-systemsMass-trapping.-aPhinity-EAB-2.jpg\"><img decoding=\"async\" width=\"660\" height=\"360\" data-id=\"3508\" src=\"https:\/\/www.andermatt.com\/wp-content\/uploads\/2021\/12\/Monitoring-systemsMass-trapping.-aPhinity-EAB-2-660x360.jpg\" alt=\"\" class=\"wp-image-3508\"\/><\/a><\/figure>\n<\/figure>\n\n\n\n<h3 class=\"wp-block-heading\">Informations sur les parasites<\/h3>\n\n\n\n<p>Agrile du fr\u00eane&nbsp;<em>(Agrilus planipennis)<\/em>&nbsp;est un insecte originaire d'Asie, et a \u00e9t\u00e9 introduit accidentellement en Am\u00e9rique du Nord. C'est un col\u00e9opt\u00e8re vert mesurant environ 8,5 \u00e0 14,0 mm de long et 3,1 \u00e0 3,4 mm de large. Bien que le col\u00e9opt\u00e8re ne soit pas dangereux pour les humains, il est mortel pour toutes les esp\u00e8ces de vrais fr\u00eanes en Am\u00e9rique du Nord et en Europe.<\/p>\n\n\n\n<figure class=\"wp-block-embed is-type-video is-provider-youtube wp-block-embed-youtube wp-embed-aspect-16-9 wp-has-aspect-ratio\"><div class=\"wp-block-embed__wrapper\">\n<iframe loading=\"lazy\" hcb-fetch-image-from=\"https:\/\/youtu.be\/1_5Mn9tQ39c\" title=\"Vid\u00e9o de formation sur les pi\u00e8ges \u00e0 insectes\" width=\"500\" height=\"281\" src=\"https:\/\/www.youtube.com\/embed\/1_5Mn9tQ39c?feature=oembed\" frameborder=\"0\" allow=\"accelerometer; autoplay; clipboard-write; encrypted-media; gyroscope; picture-in-picture; web-share\" referrerpolicy=\"strict-origin-when-cross-origin\" allowfullscreen><\/iframe>\n<\/div><\/figure>","protected":false},"excerpt":{"rendered":"<p>Leurres et pi\u00e8ges pour la surveillance ou le pi\u00e9geage de masse des insectes nuisibles.<\/p>","protected":false},"featured_media":3507,"template":"","meta":{"_acf_changed":false,"_seopress_robots_primary_cat":"","_seopress_titles_title":"","_seopress_titles_desc":"","_seopress_robots_index":"","_searchwp_excluded":"","_uag_custom_page_level_css":"","site-sidebar-layout":"default","site-content-layout":"default","ast-site-content-layout":"default","site-content-style":"default","site-sidebar-style":"default","ast-global-header-display":"","ast-banner-title-visibility":"","ast-main-header-display":"","ast-hfb-above-header-display":"","ast-hfb-below-header-display":"","ast-hfb-mobile-header-display":"","site-post-title":"","ast-breadcrumbs-content":"","ast-featured-img":"","footer-sml-layout":"","ast-disable-related-posts":"","theme-transparent-header-meta":"default","adv-header-id-meta":"","stick-header-meta":"default","header-above-stick-meta":"","header-main-stick-meta":"","header-below-stick-meta":"","astra-migrate-meta-layouts":"default","ast-page-background-enabled":"default","ast-page-background-meta":{"desktop":{"background-color":"","background-image":"","background-repeat":"repeat","background-position":"center center","background-size":"auto","background-attachment":"scroll","background-type":"","background-media":"","overlay-type":"","overlay-color":"","overlay-opacity":"","overlay-gradient":""},"tablet":{"background-color":"","background-image":"","background-repeat":"repeat","background-position":"center center","background-size":"auto","background-attachment":"scroll","background-type":"","background-media":"","overlay-type":"","overlay-color":"","overlay-opacity":"","overlay-gradient":""},"mobile":{"background-color":"","background-image":"","background-repeat":"repeat","background-position":"center center","background-size":"auto","background-attachment":"scroll","background-type":"","background-media":"","overlay-type":"","overlay-color":"","overlay-opacity":"","overlay-gradient":""}},"ast-content-background-meta":{"desktop":{"background-color":"var(--ast-global-color-5)","background-image":"","background-repeat":"repeat","background-position":"center center","background-size":"auto","background-attachment":"scroll","background-type":"","background-media":"","overlay-type":"","overlay-color":"","overlay-opacity":"","overlay-gradient":""},"tablet":{"background-color":"var(--ast-global-color-5)","background-image":"","background-repeat":"repeat","background-position":"center center","background-size":"auto","background-attachment":"scroll","background-type":"","background-media":"","overlay-type":"","overlay-color":"","overlay-opacity":"","overlay-gradient":""},"mobile":{"background-color":"var(--ast-global-color-5)","background-image":"","background-repeat":"repeat","background-position":"center center","background-size":"auto","background-attachment":"scroll","background-type":"","background-media":"","overlay-type":"","overlay-color":"","overlay-opacity":"","overlay-gradient":""}},"footnotes":""},"crop":[322],"disease":[],"pest":[57,325],"solution":[43],"class_list":["post-3506","product","type-product","status-publish","has-post-thumbnail","hentry","crop-forest","pest-bugs","pest-forest-pest","solution-monitoring-mass-trapping"],"acf":[],"uagb_featured_image_src":{"full":["https:\/\/www.andermatt.com\/wp-content\/uploads\/2021\/12\/Monitoring-systemsMass-trapping.-aPhinity-EABjpg.jpg",1000,700,false],"thumbnail":["https:\/\/www.andermatt.com\/wp-content\/uploads\/2021\/12\/Monitoring-systemsMass-trapping.-aPhinity-EABjpg-150x150.jpg",150,150,true],"medium":["https:\/\/www.andermatt.com\/wp-content\/uploads\/2021\/12\/Monitoring-systemsMass-trapping.-aPhinity-EABjpg-300x210.jpg",300,210,true],"medium_large":["https:\/\/www.andermatt.com\/wp-content\/uploads\/2021\/12\/Monitoring-systemsMass-trapping.-aPhinity-EABjpg-768x538.jpg",768,538,true],"large":["https:\/\/www.andermatt.com\/wp-content\/uploads\/2021\/12\/Monitoring-systemsMass-trapping.-aPhinity-EABjpg.jpg",1000,700,false],"1536x1536":["https:\/\/www.andermatt.com\/wp-content\/uploads\/2021\/12\/Monitoring-systemsMass-trapping.-aPhinity-EABjpg.jpg",1000,700,false],"2048x2048":["https:\/\/www.andermatt.com\/wp-content\/uploads\/2021\/12\/Monitoring-systemsMass-trapping.-aPhinity-EABjpg.jpg",1000,700,false],"trp-custom-language-flag":["https:\/\/www.andermatt.com\/wp-content\/uploads\/2021\/12\/Monitoring-systemsMass-trapping.-aPhinity-EABjpg.jpg",18,12,false],"feature-size":["https:\/\/www.andermatt.com\/wp-content\/uploads\/2021\/12\/Monitoring-systemsMass-trapping.-aPhinity-EABjpg-660x315.jpg",660,315,true],"feature-size-gross":["https:\/\/www.andermatt.com\/wp-content\/uploads\/2021\/12\/Monitoring-systemsMass-trapping.-aPhinity-EABjpg-660x360.jpg",660,360,true],"header-size-small":["https:\/\/www.andermatt.com\/wp-content\/uploads\/2021\/12\/Monitoring-systemsMass-trapping.-aPhinity-EABjpg-1000x350.jpg",1000,350,true],"header-size":["https:\/\/www.andermatt.com\/wp-content\/uploads\/2021\/12\/Monitoring-systemsMass-trapping.-aPhinity-EABjpg-1000x600.jpg",1000,600,true],"mailpoet_newsletter_max":["https:\/\/www.andermatt.com\/wp-content\/uploads\/2021\/12\/Monitoring-systemsMass-trapping.-aPhinity-EABjpg.jpg",1000,700,false]},"uagb_author_info":{"display_name":"Alina Piven","author_link":"https:\/\/www.andermatt.com\/fr\/author\/"},"uagb_comment_info":0,"uagb_excerpt":"Lures and traps for the monitoring or mass trapping of insect pests.","_links":{"self":[{"href":"https:\/\/www.andermatt.com\/fr\/wp-json\/wp\/v2\/product\/3506","targetHints":{"allow":["GET"]}}],"collection":[{"href":"https:\/\/www.andermatt.com\/fr\/wp-json\/wp\/v2\/product"}],"about":[{"href":"https:\/\/www.andermatt.com\/fr\/wp-json\/wp\/v2\/types\/product"}],"version-history":[{"count":8,"href":"https:\/\/www.andermatt.com\/fr\/wp-json\/wp\/v2\/product\/3506\/revisions"}],"predecessor-version":[{"id":4400,"href":"https:\/\/www.andermatt.com\/fr\/wp-json\/wp\/v2\/product\/3506\/revisions\/4400"}],"wp:featuredmedia":[{"embeddable":true,"href":"https:\/\/www.andermatt.com\/fr\/wp-json\/wp\/v2\/media\/3507"}],"wp:attachment":[{"href":"https:\/\/www.andermatt.com\/fr\/wp-json\/wp\/v2\/media?parent=3506"}],"wp:term":[{"taxonomy":"crop","embeddable":true,"href":"https:\/\/www.andermatt.com\/fr\/wp-json\/wp\/v2\/crop?post=3506"},{"taxonomy":"disease","embeddable":true,"href":"https:\/\/www.andermatt.com\/fr\/wp-json\/wp\/v2\/disease?post=3506"},{"taxonomy":"pest","embeddable":true,"href":"https:\/\/www.andermatt.com\/fr\/wp-json\/wp\/v2\/pest?post=3506"},{"taxonomy":"solution","embeddable":true,"href":"https:\/\/www.andermatt.com\/fr\/wp-json\/wp\/v2\/solution?post=3506"}],"curies":[{"name":"wp","href":"https:\/\/api.w.org\/{rel}","templated":true}]}}