{"id":3476,"date":"2021-12-21T18:45:03","date_gmt":"2021-12-21T17:45:03","guid":{"rendered":"https:\/\/www.andermatt.com\/?post_type=product&#038;p=3476"},"modified":"2022-09-08T16:54:20","modified_gmt":"2022-09-08T14:54:20","slug":"algovital-plus","status":"publish","type":"product","link":"https:\/\/www.andermatt.com\/fr\/produit\/algovital-plus\/","title":{"rendered":"AlgoVital Plus"},"content":{"rendered":"<p class=\"lead\">AlgoVital Plus est un biostimulant \u00e0 base d'algues brunes (<em>Ascophyllum nodosum<\/em>). <\/p>\n\n\n\n<figure class=\"wp-block-gallery has-nested-images columns-default is-cropped wp-block-gallery-1 is-layout-flex wp-block-gallery-is-layout-flex\">\n<figure class=\"wp-block-image size-feature-size-gross\"><a href=\"https:\/\/www.andermatt.com\/wp-content\/uploads\/2021\/12\/BiostimulantsBioinoculants_AlgoVital-Plus1.jpg\"><img decoding=\"async\" width=\"660\" height=\"360\" data-id=\"3460\" src=\"https:\/\/www.andermatt.com\/wp-content\/uploads\/2021\/12\/BiostimulantsBioinoculants_AlgoVital-Plus1-660x360.jpg\" alt=\"\" class=\"wp-image-3460\"\/><\/a><\/figure>\n\n\n\n<figure class=\"wp-block-image size-feature-size-gross\"><a href=\"https:\/\/www.andermatt.com\/wp-content\/uploads\/2021\/12\/BiostimulantsBioinoculants_AlgoVital-Plus2-scaled.jpg\"><img decoding=\"async\" width=\"660\" height=\"360\" data-id=\"3462\" src=\"https:\/\/www.andermatt.com\/wp-content\/uploads\/2021\/12\/BiostimulantsBioinoculants_AlgoVital-Plus2-660x360.jpg\" alt=\"\" class=\"wp-image-3462\"\/><\/a><\/figure>\n<\/figure>\n\n\n\n<p>AlgoVital Plus augmente l'absorption des nutriments et de l'eau dans les cultures horticoles et de plein champ. Le produit est couramment ajout\u00e9 \u00e0 la ferme \u00e0 chaque bouillie de pulv\u00e9risation, pour am\u00e9liorer la sant\u00e9 et la vitalit\u00e9 des plantes. L'extrait d'algues contenu dans AlgoVital Plus contient plusieurs substances importantes, comme des polysaccharides, des alginates, du mannitol, des vitamines, des min\u00e9raux, des nutriments principaux et des micronutriments. Ces ingr\u00e9dients apportent des avantages d\u00e9cisifs pour la plante tels que la protection contre les facteurs de stress biotiques et abiotiques, une compatibilit\u00e9 accrue avec les produits phytosanitaires et d'autres effets b\u00e9n\u00e9fiques pour le d\u00e9veloppement de la culture.<\/p>","protected":false},"excerpt":{"rendered":"<p>AlgoVital Plus est un biostimulant \u00e0 base d'algues brunes (Ascophyllum nodosum). AlgoVital Plus augmente l'absorption des nutriments et de l'eau dans les cultures horticoles et de plein champ. Le produit est couramment ajout\u00e9 \u00e0 la ferme \u00e0 chaque bouillie de pulv\u00e9risation, pour am\u00e9liorer la sant\u00e9 et la vitalit\u00e9 des plantes. L'extrait d'algues contenu dans AlgoVital Plus contient plusieurs substances importantes, telles que des polysaccharides, des alginates, ...<\/p>","protected":false},"featured_media":3462,"template":"","meta":{"_acf_changed":false,"_seopress_robots_primary_cat":"","_seopress_titles_title":"","_seopress_titles_desc":"","_seopress_robots_index":"","_searchwp_excluded":"","_uag_custom_page_level_css":"","site-sidebar-layout":"default","site-content-layout":"","ast-site-content-layout":"default","site-content-style":"default","site-sidebar-style":"default","ast-global-header-display":"","ast-banner-title-visibility":"","ast-main-header-display":"","ast-hfb-above-header-display":"","ast-hfb-below-header-display":"","ast-hfb-mobile-header-display":"","site-post-title":"","ast-breadcrumbs-content":"","ast-featured-img":"","footer-sml-layout":"","ast-disable-related-posts":"","theme-transparent-header-meta":"","adv-header-id-meta":"","stick-header-meta":"","header-above-stick-meta":"","header-main-stick-meta":"","header-below-stick-meta":"","astra-migrate-meta-layouts":"default","ast-page-background-enabled":"default","ast-page-background-meta":{"desktop":{"background-color":"","background-image":"","background-repeat":"repeat","background-position":"center center","background-size":"auto","background-attachment":"scroll","background-type":"","background-media":"","overlay-type":"","overlay-color":"","overlay-opacity":"","overlay-gradient":""},"tablet":{"background-color":"","background-image":"","background-repeat":"repeat","background-position":"center center","background-size":"auto","background-attachment":"scroll","background-type":"","background-media":"","overlay-type":"","overlay-color":"","overlay-opacity":"","overlay-gradient":""},"mobile":{"background-color":"","background-image":"","background-repeat":"repeat","background-position":"center center","background-size":"auto","background-attachment":"scroll","background-type":"","background-media":"","overlay-type":"","overlay-color":"","overlay-opacity":"","overlay-gradient":""}},"ast-content-background-meta":{"desktop":{"background-color":"var(--ast-global-color-5)","background-image":"","background-repeat":"repeat","background-position":"center center","background-size":"auto","background-attachment":"scroll","background-type":"","background-media":"","overlay-type":"","overlay-color":"","overlay-opacity":"","overlay-gradient":""},"tablet":{"background-color":"var(--ast-global-color-5)","background-image":"","background-repeat":"repeat","background-position":"center center","background-size":"auto","background-attachment":"scroll","background-type":"","background-media":"","overlay-type":"","overlay-color":"","overlay-opacity":"","overlay-gradient":""},"mobile":{"background-color":"var(--ast-global-color-5)","background-image":"","background-repeat":"repeat","background-position":"center center","background-size":"auto","background-attachment":"scroll","background-type":"","background-media":"","overlay-type":"","overlay-color":"","overlay-opacity":"","overlay-gradient":""}},"footnotes":""},"crop":[320],"disease":[],"pest":[],"solution":[39],"class_list":["post-3476","product","type-product","status-publish","has-post-thumbnail","hentry","crop-row_crops","solution-biostimulants-bioinoculants"],"acf":[],"uagb_featured_image_src":{"full":["https:\/\/www.andermatt.com\/wp-content\/uploads\/2021\/12\/BiostimulantsBioinoculants_AlgoVital-Plus2-scaled.jpg",2400,1597,false],"thumbnail":["https:\/\/www.andermatt.com\/wp-content\/uploads\/2021\/12\/BiostimulantsBioinoculants_AlgoVital-Plus2-150x150.jpg",150,150,true],"medium":["https:\/\/www.andermatt.com\/wp-content\/uploads\/2021\/12\/BiostimulantsBioinoculants_AlgoVital-Plus2-300x200.jpg",300,200,true],"medium_large":["https:\/\/www.andermatt.com\/wp-content\/uploads\/2021\/12\/BiostimulantsBioinoculants_AlgoVital-Plus2-768x511.jpg",768,511,true],"large":["https:\/\/www.andermatt.com\/wp-content\/uploads\/2021\/12\/BiostimulantsBioinoculants_AlgoVital-Plus2-1024x681.jpg",1024,681,true],"1536x1536":["https:\/\/www.andermatt.com\/wp-content\/uploads\/2021\/12\/BiostimulantsBioinoculants_AlgoVital-Plus2-1536x1022.jpg",1536,1022,true],"2048x2048":["https:\/\/www.andermatt.com\/wp-content\/uploads\/2021\/12\/BiostimulantsBioinoculants_AlgoVital-Plus2-2048x1363.jpg",2048,1363,true],"trp-custom-language-flag":["https:\/\/www.andermatt.com\/wp-content\/uploads\/2021\/12\/BiostimulantsBioinoculants_AlgoVital-Plus2-scaled.jpg",18,12,false],"feature-size":["https:\/\/www.andermatt.com\/wp-content\/uploads\/2021\/12\/BiostimulantsBioinoculants_AlgoVital-Plus2-660x315.jpg",660,315,true],"feature-size-gross":["https:\/\/www.andermatt.com\/wp-content\/uploads\/2021\/12\/BiostimulantsBioinoculants_AlgoVital-Plus2-660x360.jpg",660,360,true],"header-size-small":["https:\/\/www.andermatt.com\/wp-content\/uploads\/2021\/12\/BiostimulantsBioinoculants_AlgoVital-Plus2-1000x350.jpg",1000,350,true],"header-size":["https:\/\/www.andermatt.com\/wp-content\/uploads\/2021\/12\/BiostimulantsBioinoculants_AlgoVital-Plus2-2000x600.jpg",2000,600,true],"mailpoet_newsletter_max":["https:\/\/www.andermatt.com\/wp-content\/uploads\/2021\/12\/BiostimulantsBioinoculants_AlgoVital-Plus2-1320x878.jpg",1320,878,true]},"uagb_author_info":{"display_name":"Alina Piven","author_link":"https:\/\/www.andermatt.com\/fr\/author\/"},"uagb_comment_info":0,"uagb_excerpt":"AlgoVital Plus is a biostimulant based on brown algae (Ascophyllum nodosum). AlgoVital Plus increases the uptake of nutrients and water in horticulture and field crops. The product is commonly added on-farm to every spray mixture, to improve plant health and vitality. The algae extract in AlgoVital Plus contain several important substances, such as polysaccharides, alginates,\u2026","_links":{"self":[{"href":"https:\/\/www.andermatt.com\/fr\/wp-json\/wp\/v2\/product\/3476","targetHints":{"allow":["GET"]}}],"collection":[{"href":"https:\/\/www.andermatt.com\/fr\/wp-json\/wp\/v2\/product"}],"about":[{"href":"https:\/\/www.andermatt.com\/fr\/wp-json\/wp\/v2\/types\/product"}],"version-history":[{"count":7,"href":"https:\/\/www.andermatt.com\/fr\/wp-json\/wp\/v2\/product\/3476\/revisions"}],"predecessor-version":[{"id":4424,"href":"https:\/\/www.andermatt.com\/fr\/wp-json\/wp\/v2\/product\/3476\/revisions\/4424"}],"wp:featuredmedia":[{"embeddable":true,"href":"https:\/\/www.andermatt.com\/fr\/wp-json\/wp\/v2\/media\/3462"}],"wp:attachment":[{"href":"https:\/\/www.andermatt.com\/fr\/wp-json\/wp\/v2\/media?parent=3476"}],"wp:term":[{"taxonomy":"crop","embeddable":true,"href":"https:\/\/www.andermatt.com\/fr\/wp-json\/wp\/v2\/crop?post=3476"},{"taxonomy":"disease","embeddable":true,"href":"https:\/\/www.andermatt.com\/fr\/wp-json\/wp\/v2\/disease?post=3476"},{"taxonomy":"pest","embeddable":true,"href":"https:\/\/www.andermatt.com\/fr\/wp-json\/wp\/v2\/pest?post=3476"},{"taxonomy":"solution","embeddable":true,"href":"https:\/\/www.andermatt.com\/fr\/wp-json\/wp\/v2\/solution?post=3476"}],"curies":[{"name":"wp","href":"https:\/\/api.w.org\/{rel}","templated":true}]}}