{"id":3439,"date":"2021-12-21T17:31:26","date_gmt":"2021-12-21T16:31:26","guid":{"rendered":"https:\/\/www.andermatt.com\/?post_type=product&#038;p=3439"},"modified":"2023-02-07T10:54:23","modified_gmt":"2023-02-07T09:54:23","slug":"t-gro","status":"publish","type":"product","link":"https:\/\/www.andermatt.com\/fr\/produit\/t-gro\/","title":{"rendered":"T-Gro"},"content":{"rendered":"<p class=\"lead\">Concentr\u00e9 en poudre mouillable d'une substance pr\u00e9sente dans le sol.&nbsp;<em>Trichoderma asperellum<\/em>&nbsp;ce qui aide la plante \u00e0 obtenir un syst\u00e8me racinaire plus large et plus sain.<\/p>\n\n\n\n<figure class=\"wp-block-gallery has-nested-images columns-default is-cropped wp-block-gallery-1 is-layout-flex wp-block-gallery-is-layout-flex\">\n<figure class=\"wp-block-image size-feature-size-gross\"><a href=\"https:\/\/www.andermatt.com\/wp-content\/uploads\/2021\/12\/BiostimulantsBioinoculants_T-Gro1.jpg\"><img decoding=\"async\" width=\"660\" height=\"360\" data-id=\"3440\" src=\"https:\/\/www.andermatt.com\/wp-content\/uploads\/2021\/12\/BiostimulantsBioinoculants_T-Gro1-660x360.jpg\" alt=\"\" class=\"wp-image-3440\"\/><\/a><\/figure>\n\n\n\n<figure class=\"wp-block-image size-feature-size-gross\"><a href=\"https:\/\/www.andermatt.com\/wp-content\/uploads\/2021\/12\/BiostimulantsBioinoculants_T-Gro2-scaled.jpg\"><img decoding=\"async\" width=\"660\" height=\"360\" data-id=\"3441\" src=\"https:\/\/www.andermatt.com\/wp-content\/uploads\/2021\/12\/BiostimulantsBioinoculants_T-Gro2-660x360.jpg\" alt=\"\" class=\"wp-image-3441\"\/><\/a><\/figure>\n<\/figure>\n\n\n\n<p>T-Gro am\u00e9liore et stimule la croissance des plantes et contribue \u00e0 les prot\u00e9ger contre les conditions extr\u00eames telles que l'engorgement, la s\u00e9cheresse, etc.<\/p>\n\n\n\n<h3 class=\"wp-block-heading\">Avantages<\/h3>\n\n\n\n<ul class=\"wp-block-list\">\n<li>Augmente la croissance des plantes et le rendement des cultures<\/li>\n\n\n\n<li>Am\u00e9liore le syst\u00e8me racinaire<\/li>\n\n\n\n<li>Des plantes plus saines<\/li>\n\n\n\n<li>Produit id\u00e9al pour la lutte int\u00e9gr\u00e9e<\/li>\n\n\n\n<li>Une application polyvalente<\/li>\n\n\n\n<li>Enti\u00e8rement compatible avec la production biologique et sans r\u00e9sidus<\/li>\n<\/ul>\n\n\n\n<p>T-Gro est \u00e9galement disponible, formul\u00e9 dans un lubrifiant graphite\/talc. Le produit&nbsp;<a href=\"https:\/\/www.andermatt.com\/fr\/produit\/t-gro-easy-flow\/\">T-Gro Easy-Flow<\/a>&nbsp;peut \u00eatre ajout\u00e9 aux planteurs m\u00e9caniques lors de la plantation de semences de cultures en ligne trait\u00e9es ou non trait\u00e9es !<\/p>","protected":false},"excerpt":{"rendered":"<p>Un concentr\u00e9 de poudre mouillable d'une souche de Trichoderma asperellum pr\u00e9sente dans le sol, qui aide la plante \u00e0 obtenir un syst\u00e8me racinaire plus large, plus sain et plus efficace. T-Gro am\u00e9liore et stimule la croissance des plantes et contribue \u00e0 les prot\u00e9ger des conditions extr\u00eames telles que l'engorgement, la s\u00e9cheresse, etc. Avantages T-Gro est \u00e9galement disponible, formul\u00e9 dans un lubrifiant graphite\/talc. Le produit T-Gro Easy-Flow peut \u00eatre ...<\/p>","protected":false},"featured_media":3440,"template":"","meta":{"_acf_changed":false,"_seopress_robots_primary_cat":"","_seopress_titles_title":"","_seopress_titles_desc":"","_seopress_robots_index":"","_searchwp_excluded":"","_uag_custom_page_level_css":"","site-sidebar-layout":"default","site-content-layout":"","ast-site-content-layout":"default","site-content-style":"default","site-sidebar-style":"default","ast-global-header-display":"","ast-banner-title-visibility":"","ast-main-header-display":"","ast-hfb-above-header-display":"","ast-hfb-below-header-display":"","ast-hfb-mobile-header-display":"","site-post-title":"","ast-breadcrumbs-content":"","ast-featured-img":"","footer-sml-layout":"","ast-disable-related-posts":"","theme-transparent-header-meta":"","adv-header-id-meta":"","stick-header-meta":"","header-above-stick-meta":"","header-main-stick-meta":"","header-below-stick-meta":"","astra-migrate-meta-layouts":"default","ast-page-background-enabled":"default","ast-page-background-meta":{"desktop":{"background-color":"","background-image":"","background-repeat":"repeat","background-position":"center center","background-size":"auto","background-attachment":"scroll","background-type":"","background-media":"","overlay-type":"","overlay-color":"","overlay-opacity":"","overlay-gradient":""},"tablet":{"background-color":"","background-image":"","background-repeat":"repeat","background-position":"center center","background-size":"auto","background-attachment":"scroll","background-type":"","background-media":"","overlay-type":"","overlay-color":"","overlay-opacity":"","overlay-gradient":""},"mobile":{"background-color":"","background-image":"","background-repeat":"repeat","background-position":"center center","background-size":"auto","background-attachment":"scroll","background-type":"","background-media":"","overlay-type":"","overlay-color":"","overlay-opacity":"","overlay-gradient":""}},"ast-content-background-meta":{"desktop":{"background-color":"var(--ast-global-color-5)","background-image":"","background-repeat":"repeat","background-position":"center center","background-size":"auto","background-attachment":"scroll","background-type":"","background-media":"","overlay-type":"","overlay-color":"","overlay-opacity":"","overlay-gradient":""},"tablet":{"background-color":"var(--ast-global-color-5)","background-image":"","background-repeat":"repeat","background-position":"center center","background-size":"auto","background-attachment":"scroll","background-type":"","background-media":"","overlay-type":"","overlay-color":"","overlay-opacity":"","overlay-gradient":""},"mobile":{"background-color":"var(--ast-global-color-5)","background-image":"","background-repeat":"repeat","background-position":"center center","background-size":"auto","background-attachment":"scroll","background-type":"","background-media":"","overlay-type":"","overlay-color":"","overlay-opacity":"","overlay-gradient":""}},"footnotes":""},"crop":[316,318,65,321,319,320,317],"disease":[],"pest":[],"solution":[39],"class_list":["post-3439","product","type-product","status-publish","has-post-thumbnail","hentry","crop-fruits-berries","crop-grapes","crop-herbs_ornamentals","crop-nuts","crop-potatoes","crop-row_crops","crop-vegetables","solution-biostimulants-bioinoculants"],"acf":[],"uagb_featured_image_src":{"full":["https:\/\/www.andermatt.com\/wp-content\/uploads\/2021\/12\/BiostimulantsBioinoculants_T-Gro1.jpg",1600,1200,false],"thumbnail":["https:\/\/www.andermatt.com\/wp-content\/uploads\/2021\/12\/BiostimulantsBioinoculants_T-Gro1-150x150.jpg",150,150,true],"medium":["https:\/\/www.andermatt.com\/wp-content\/uploads\/2021\/12\/BiostimulantsBioinoculants_T-Gro1-300x225.jpg",300,225,true],"medium_large":["https:\/\/www.andermatt.com\/wp-content\/uploads\/2021\/12\/BiostimulantsBioinoculants_T-Gro1-768x576.jpg",768,576,true],"large":["https:\/\/www.andermatt.com\/wp-content\/uploads\/2021\/12\/BiostimulantsBioinoculants_T-Gro1-1024x768.jpg",1024,768,true],"1536x1536":["https:\/\/www.andermatt.com\/wp-content\/uploads\/2021\/12\/BiostimulantsBioinoculants_T-Gro1-1536x1152.jpg",1536,1152,true],"2048x2048":["https:\/\/www.andermatt.com\/wp-content\/uploads\/2021\/12\/BiostimulantsBioinoculants_T-Gro1.jpg",1600,1200,false],"trp-custom-language-flag":["https:\/\/www.andermatt.com\/wp-content\/uploads\/2021\/12\/BiostimulantsBioinoculants_T-Gro1.jpg",16,12,false],"feature-size":["https:\/\/www.andermatt.com\/wp-content\/uploads\/2021\/12\/BiostimulantsBioinoculants_T-Gro1-660x315.jpg",660,315,true],"feature-size-gross":["https:\/\/www.andermatt.com\/wp-content\/uploads\/2021\/12\/BiostimulantsBioinoculants_T-Gro1-660x360.jpg",660,360,true],"header-size-small":["https:\/\/www.andermatt.com\/wp-content\/uploads\/2021\/12\/BiostimulantsBioinoculants_T-Gro1-1000x350.jpg",1000,350,true],"header-size":["https:\/\/www.andermatt.com\/wp-content\/uploads\/2021\/12\/BiostimulantsBioinoculants_T-Gro1-1600x600.jpg",1600,600,true],"mailpoet_newsletter_max":["https:\/\/www.andermatt.com\/wp-content\/uploads\/2021\/12\/BiostimulantsBioinoculants_T-Gro1-1320x990.jpg",1320,990,true]},"uagb_author_info":{"display_name":"Alina Piven","author_link":"https:\/\/www.andermatt.com\/fr\/author\/"},"uagb_comment_info":0,"uagb_excerpt":"A wettable powder concentrate of a soil borne&nbsp;Trichoderma asperellum&nbsp;strain, helping the plant to get a larger, healthier and more effective root system. T-Gro enhances and stimulates plant growth and helps to buffer plants from extreme conditions such as waterlogging, drought etc. Advantages T-Gro is also available, formulated in a graphite\/talc lubricant. The product&nbsp;T-Gro Easy-Flow&nbsp;can be\u2026","_links":{"self":[{"href":"https:\/\/www.andermatt.com\/fr\/wp-json\/wp\/v2\/product\/3439","targetHints":{"allow":["GET"]}}],"collection":[{"href":"https:\/\/www.andermatt.com\/fr\/wp-json\/wp\/v2\/product"}],"about":[{"href":"https:\/\/www.andermatt.com\/fr\/wp-json\/wp\/v2\/types\/product"}],"version-history":[{"count":11,"href":"https:\/\/www.andermatt.com\/fr\/wp-json\/wp\/v2\/product\/3439\/revisions"}],"predecessor-version":[{"id":6242,"href":"https:\/\/www.andermatt.com\/fr\/wp-json\/wp\/v2\/product\/3439\/revisions\/6242"}],"wp:featuredmedia":[{"embeddable":true,"href":"https:\/\/www.andermatt.com\/fr\/wp-json\/wp\/v2\/media\/3440"}],"wp:attachment":[{"href":"https:\/\/www.andermatt.com\/fr\/wp-json\/wp\/v2\/media?parent=3439"}],"wp:term":[{"taxonomy":"crop","embeddable":true,"href":"https:\/\/www.andermatt.com\/fr\/wp-json\/wp\/v2\/crop?post=3439"},{"taxonomy":"disease","embeddable":true,"href":"https:\/\/www.andermatt.com\/fr\/wp-json\/wp\/v2\/disease?post=3439"},{"taxonomy":"pest","embeddable":true,"href":"https:\/\/www.andermatt.com\/fr\/wp-json\/wp\/v2\/pest?post=3439"},{"taxonomy":"solution","embeddable":true,"href":"https:\/\/www.andermatt.com\/fr\/wp-json\/wp\/v2\/solution?post=3439"}],"curies":[{"name":"wp","href":"https:\/\/api.w.org\/{rel}","templated":true}]}}