{"id":3425,"date":"2021-12-20T23:45:31","date_gmt":"2021-12-20T22:45:31","guid":{"rendered":"https:\/\/www.andermatt.com\/?post_type=product&#038;p=3425"},"modified":"2023-02-07T16:48:37","modified_gmt":"2023-02-07T15:48:37","slug":"microbiens-pour-le-traitement-et-lenrobage-des-semences","status":"publish","type":"product","link":"https:\/\/www.andermatt.com\/fr\/produit\/microbiens-pour-le-traitement-et-lenrobage-des-semences\/","title":{"rendered":"Microorganismes pour le traitement et l'enrobage des semences"},"content":{"rendered":"<p class=\"lead\">Les souches de Bacillus et de Trichoderma, qui favorisent la croissance des plantes, aident la plante \u00e0 construire un syst\u00e8me racinaire solide et efficace, am\u00e9liorant ainsi sa tol\u00e9rance au stress caus\u00e9 par des conditions d\u00e9favorables ou des pathog\u00e8nes du sol.<\/p>\n\n\n\n<p><\/p>\n\n\n\n<p>Les spores des souches de Bacillus ou de Trichoderma pr\u00e9sentes naturellement dans le sol germent et colonisent les jeunes racines en croissance. Les micro-organismes b\u00e9n\u00e9fiques lib\u00e8rent des enzymes et d'autres compos\u00e9s qui stimulent la croissance des plantes et mobilisent les nutriments. Sur les semences, il s'agit d'une strat\u00e9gie id\u00e9ale pour donner une valeur ajout\u00e9e aux produits existants, en am\u00e9liorant le taux de germination, l'absorption des nutriments, l'\u00e9mergence des plantes et l'\u00e9tablissement des peuplements.<\/p>\n\n\n\n<p>Certaines souches sp\u00e9cifiques, telles que\u00a0<em>Bacillus velezensis<\/em>\u00a0La souche FZB42 s'est av\u00e9r\u00e9e capable de supprimer de mani\u00e8re significative les maladies transmises par le sol telles que le rhizoctone ou le fusarium. L'enrobage des semences avec cette souche offre une protection id\u00e9ale pendant la p\u00e9riode sensible de l'\u00e9mergence des plantes.<\/p>\n\n\n\n<figure class=\"wp-block-gallery has-nested-images columns-default is-cropped wp-block-gallery-1 is-layout-flex wp-block-gallery-is-layout-flex\">\n<figure class=\"wp-block-image size-large\"><img decoding=\"async\" width=\"1000\" height=\"665\" data-id=\"3427\" src=\"https:\/\/www.andermatt.com\/wp-content\/uploads\/2021\/12\/seed-treatment-2.jpg\" alt=\"\" class=\"wp-image-3427\" srcset=\"https:\/\/www.andermatt.com\/wp-content\/uploads\/2021\/12\/seed-treatment-2.jpg 1000w, https:\/\/www.andermatt.com\/wp-content\/uploads\/2021\/12\/seed-treatment-2-300x200.jpg 300w, https:\/\/www.andermatt.com\/wp-content\/uploads\/2021\/12\/seed-treatment-2-768x511.jpg 768w\" sizes=\"(max-width: 1000px) 100vw, 1000px\" \/><\/figure>\n<\/figure>\n\n\n\n<h3 class=\"wp-block-heading\">Avantages<\/h3>\n\n\n\n<ul class=\"wp-block-list\">\n<li>Simplement transform\u00e9 en intrants agricoles, en traitements de semences et en rev\u00eatements.<\/li>\n\n\n\n<li>Compatibilit\u00e9 avec la plupart des engrais et des produits phytosanitaires<\/li>\n\n\n\n<li>Am\u00e9liore la croissance des racines et la mobilisation des nutriments<\/li>\n\n\n\n<li>Bonne capacit\u00e9 de stockage : jusqu'\u00e0 2 ans<\/li>\n<\/ul>\n\n\n\n<h3 class=\"wp-block-heading\">Nos services<\/h3>\n\n\n\n<ul class=\"wp-block-list\">\n<li>Livraison de spores de Bacillus et Trichoderma<\/li>\n\n\n\n<li>Supports et formulations sur mesure<\/li>\n\n\n\n<li>Soutien \u00e0 l'analyse en laboratoire du produit final<\/li>\n\n\n\n<li>Livraison de petites et grandes quantit\u00e9s<\/li>\n<\/ul>\n\n\n\n<h3 class=\"wp-block-heading\" id=\"block-ec93f5e2-c8ff-49b7-acd7-687a1707bc57\">Produits disponibles<\/h3>\n\n\n\n<ul class=\"wp-block-list\">\n<li><a href=\"https:\/\/www.andermatt.com\/fr\/produit\/amyprotec-42\/\" data-type=\"URL\" data-id=\"https:\/\/www.andermatt.com\/product\/amyprotec-42\/\">AmyProtec 42<\/a><\/li>\n\n\n\n<li><a href=\"https:\/\/www.andermatt.com\/fr\/produit\/rhizovital\/\" data-type=\"URL\" data-id=\"https:\/\/www.andermatt.com\/product\/rhizovital\/\">RhizoVital<\/a><\/li>\n\n\n\n<li><a href=\"https:\/\/www.andermatt.com\/fr\/produit\/t-gro\/\" data-type=\"URL\" data-id=\"https:\/\/www.andermatt.com\/product\/t-gro\/\">T-Gro<\/a><\/li>\n\n\n\n<li><a href=\"https:\/\/www.andermatt.com\/fr\/produit\/t-gro-easy-flow\/\" data-type=\"URL\" data-id=\"https:\/\/www.andermatt.com\/product\/t-gro-easy-flow\/\">T-Gro Easy-Flow<\/a><\/li>\n<\/ul>","protected":false},"excerpt":{"rendered":"","protected":false},"featured_media":3426,"template":"","meta":{"_acf_changed":false,"_seopress_robots_primary_cat":"","_seopress_titles_title":"","_seopress_titles_desc":"","_seopress_robots_index":"","_searchwp_excluded":"","_uag_custom_page_level_css":"","site-sidebar-layout":"default","site-content-layout":"","ast-site-content-layout":"default","site-content-style":"default","site-sidebar-style":"default","ast-global-header-display":"","ast-banner-title-visibility":"","ast-main-header-display":"","ast-hfb-above-header-display":"","ast-hfb-below-header-display":"","ast-hfb-mobile-header-display":"","site-post-title":"","ast-breadcrumbs-content":"","ast-featured-img":"","footer-sml-layout":"","ast-disable-related-posts":"","theme-transparent-header-meta":"","adv-header-id-meta":"","stick-header-meta":"","header-above-stick-meta":"","header-main-stick-meta":"","header-below-stick-meta":"","astra-migrate-meta-layouts":"default","ast-page-background-enabled":"default","ast-page-background-meta":{"desktop":{"background-color":"","background-image":"","background-repeat":"repeat","background-position":"center center","background-size":"auto","background-attachment":"scroll","background-type":"","background-media":"","overlay-type":"","overlay-color":"","overlay-opacity":"","overlay-gradient":""},"tablet":{"background-color":"","background-image":"","background-repeat":"repeat","background-position":"center center","background-size":"auto","background-attachment":"scroll","background-type":"","background-media":"","overlay-type":"","overlay-color":"","overlay-opacity":"","overlay-gradient":""},"mobile":{"background-color":"","background-image":"","background-repeat":"repeat","background-position":"center center","background-size":"auto","background-attachment":"scroll","background-type":"","background-media":"","overlay-type":"","overlay-color":"","overlay-opacity":"","overlay-gradient":""}},"ast-content-background-meta":{"desktop":{"background-color":"var(--ast-global-color-5)","background-image":"","background-repeat":"repeat","background-position":"center center","background-size":"auto","background-attachment":"scroll","background-type":"","background-media":"","overlay-type":"","overlay-color":"","overlay-opacity":"","overlay-gradient":""},"tablet":{"background-color":"var(--ast-global-color-5)","background-image":"","background-repeat":"repeat","background-position":"center center","background-size":"auto","background-attachment":"scroll","background-type":"","background-media":"","overlay-type":"","overlay-color":"","overlay-opacity":"","overlay-gradient":""},"mobile":{"background-color":"var(--ast-global-color-5)","background-image":"","background-repeat":"repeat","background-position":"center center","background-size":"auto","background-attachment":"scroll","background-type":"","background-media":"","overlay-type":"","overlay-color":"","overlay-opacity":"","overlay-gradient":""}},"footnotes":""},"crop":[65,319,320,317],"disease":[330,336,328,337],"pest":[],"solution":[40],"class_list":["post-3425","product","type-product","status-publish","has-post-thumbnail","hentry","crop-herbs_ornamentals","crop-potatoes","crop-row_crops","crop-vegetables","disease-erwinia","disease-fusarium","disease-rhizoctonia","disease-sclerotinia","solution-microbials-for-seed-treatments-and-coatings"],"acf":[],"uagb_featured_image_src":{"full":["https:\/\/www.andermatt.com\/wp-content\/uploads\/2021\/12\/Seed-treatment-1-scaled.jpg",2400,600,false],"thumbnail":["https:\/\/www.andermatt.com\/wp-content\/uploads\/2021\/12\/Seed-treatment-1-150x150.jpg",150,150,true],"medium":["https:\/\/www.andermatt.com\/wp-content\/uploads\/2021\/12\/Seed-treatment-1-300x75.jpg",300,75,true],"medium_large":["https:\/\/www.andermatt.com\/wp-content\/uploads\/2021\/12\/Seed-treatment-1-768x192.jpg",768,192,true],"large":["https:\/\/www.andermatt.com\/wp-content\/uploads\/2021\/12\/Seed-treatment-1-1024x256.jpg",1024,256,true],"1536x1536":["https:\/\/www.andermatt.com\/wp-content\/uploads\/2021\/12\/Seed-treatment-1-1536x384.jpg",1536,384,true],"2048x2048":["https:\/\/www.andermatt.com\/wp-content\/uploads\/2021\/12\/Seed-treatment-1-2048x512.jpg",2048,512,true],"trp-custom-language-flag":["https:\/\/www.andermatt.com\/wp-content\/uploads\/2021\/12\/Seed-treatment-1-scaled.jpg",18,5,false],"feature-size":["https:\/\/www.andermatt.com\/wp-content\/uploads\/2021\/12\/Seed-treatment-1-660x315.jpg",660,315,true],"feature-size-gross":["https:\/\/www.andermatt.com\/wp-content\/uploads\/2021\/12\/Seed-treatment-1-660x360.jpg",660,360,true],"header-size-small":["https:\/\/www.andermatt.com\/wp-content\/uploads\/2021\/12\/Seed-treatment-1-1000x350.jpg",1000,350,true],"header-size":["https:\/\/www.andermatt.com\/wp-content\/uploads\/2021\/12\/Seed-treatment-1-2000x600.jpg",2000,600,true],"mailpoet_newsletter_max":["https:\/\/www.andermatt.com\/wp-content\/uploads\/2021\/12\/Seed-treatment-1-1320x330.jpg",1320,330,true]},"uagb_author_info":{"display_name":"Alina Piven","author_link":"https:\/\/www.andermatt.com\/fr\/author\/"},"uagb_comment_info":0,"uagb_excerpt":null,"_links":{"self":[{"href":"https:\/\/www.andermatt.com\/fr\/wp-json\/wp\/v2\/product\/3425","targetHints":{"allow":["GET"]}}],"collection":[{"href":"https:\/\/www.andermatt.com\/fr\/wp-json\/wp\/v2\/product"}],"about":[{"href":"https:\/\/www.andermatt.com\/fr\/wp-json\/wp\/v2\/types\/product"}],"version-history":[{"count":6,"href":"https:\/\/www.andermatt.com\/fr\/wp-json\/wp\/v2\/product\/3425\/revisions"}],"predecessor-version":[{"id":6108,"href":"https:\/\/www.andermatt.com\/fr\/wp-json\/wp\/v2\/product\/3425\/revisions\/6108"}],"wp:featuredmedia":[{"embeddable":true,"href":"https:\/\/www.andermatt.com\/fr\/wp-json\/wp\/v2\/media\/3426"}],"wp:attachment":[{"href":"https:\/\/www.andermatt.com\/fr\/wp-json\/wp\/v2\/media?parent=3425"}],"wp:term":[{"taxonomy":"crop","embeddable":true,"href":"https:\/\/www.andermatt.com\/fr\/wp-json\/wp\/v2\/crop?post=3425"},{"taxonomy":"disease","embeddable":true,"href":"https:\/\/www.andermatt.com\/fr\/wp-json\/wp\/v2\/disease?post=3425"},{"taxonomy":"pest","embeddable":true,"href":"https:\/\/www.andermatt.com\/fr\/wp-json\/wp\/v2\/pest?post=3425"},{"taxonomy":"solution","embeddable":true,"href":"https:\/\/www.andermatt.com\/fr\/wp-json\/wp\/v2\/solution?post=3425"}],"curies":[{"name":"wp","href":"https:\/\/api.w.org\/{rel}","templated":true}]}}