{"id":3419,"date":"2021-12-20T23:10:37","date_gmt":"2021-12-20T22:10:37","guid":{"rendered":"https:\/\/www.andermatt.com\/?post_type=product&#038;p=3419"},"modified":"2023-02-07T10:48:14","modified_gmt":"2023-02-07T09:48:14","slug":"t-77","status":"publish","type":"product","link":"https:\/\/www.andermatt.com\/fr\/produit\/t-77\/","title":{"rendered":"T-77"},"content":{"rendered":"<p class=\"lead\"><strong>Concentr\u00e9 de poudre mouillable d'une substance a\u00e9rienne b\u00e9n\u00e9fique&nbsp;<em>Trichoderma atroviride<\/em>&nbsp;pour la protection des plaies de taille et des maladies comme le Botrytis.<\/strong><\/p>\n\n\n\n<p>T-77 peut \u00eatre pulv\u00e9ris\u00e9 et est efficace contre le Botrytis sur les feuilles, les fleurs et les fruits. De la m\u00eame mani\u00e8re, les plaies de taille sur les vignes et autres arbres fruitiers sont prot\u00e9g\u00e9s contre l'entr\u00e9e d'agents pathog\u00e8nes.<\/p>\n\n\n\n<figure class=\"wp-block-gallery has-nested-images columns-3 is-cropped wp-block-gallery-1 is-layout-flex wp-block-gallery-is-layout-flex\">\n<figure class=\"wp-block-image size-feature-size-gross\"><a href=\"https:\/\/www.andermatt.com\/wp-content\/uploads\/2021\/12\/BiostimulantsBioinoculants_RhizoVital1-scaled.jpg\"><img decoding=\"async\" width=\"660\" height=\"360\" data-id=\"3420\" src=\"https:\/\/www.andermatt.com\/wp-content\/uploads\/2021\/12\/BiostimulantsBioinoculants_RhizoVital1-660x360.jpg\" alt=\"\" class=\"wp-image-3420\"\/><\/a><\/figure>\n\n\n\n<figure class=\"wp-block-image size-feature-size-gross\"><a href=\"https:\/\/www.andermatt.com\/wp-content\/uploads\/2021\/12\/Bio-Fungicides_T-77-1-1-scaled.jpg\"><img decoding=\"async\" width=\"660\" height=\"360\" data-id=\"3412\" src=\"https:\/\/www.andermatt.com\/wp-content\/uploads\/2021\/12\/Bio-Fungicides_T-77-1-1-660x360.jpg\" alt=\"\" class=\"wp-image-3412\"\/><\/a><\/figure>\n<\/figure>\n\n\n\n<h3 class=\"wp-block-heading\">Avantages<\/h3>\n\n\n\n<ul class=\"wp-block-list\">\n<li>Lutte efficace contre le Botrytis (feuilles, fleurs et fruits)<\/li>\n\n\n\n<li>Moins de pertes de plantes dues aux agents pathog\u00e8nes de la pourriture du bois.<\/li>\n\n\n\n<li>La vie productive de la vigne est prolong\u00e9e gr\u00e2ce \u00e0 la pr\u00e9vention des maladies (par exemple Eutypa).<\/li>\n\n\n\n<li>Aucun r\u00e9sidu et aucune p\u00e9riode de r\u00e9tention apr\u00e8s l'application.<\/li>\n\n\n\n<li>Id\u00e9al pour les programmes de lutte int\u00e9gr\u00e9e contre les parasites<\/li>\n<\/ul>","protected":false},"excerpt":{"rendered":"<p>Concentr\u00e9 en poudre mouillable d'une souche a\u00e9rienne b\u00e9n\u00e9fique de Trichoderma atroviride pour la protection des plaies de taille et des maladies comme le Botrytis. T-77 peut \u00eatre pulv\u00e9ris\u00e9 et est efficace contre le Botrytis sur les feuilles, les fleurs et les fruits. De la m\u00eame mani\u00e8re, les plaies de taille des vignes et autres arbres fruitiers sont prot\u00e9g\u00e9es contre l'entr\u00e9e de pathog\u00e8nes. Avantages<\/p>","protected":false},"featured_media":3420,"template":"","meta":{"_acf_changed":false,"_seopress_robots_primary_cat":"","_seopress_titles_title":"","_seopress_titles_desc":"","_seopress_robots_index":"","_searchwp_excluded":"","_uag_custom_page_level_css":"","site-sidebar-layout":"default","site-content-layout":"default","ast-site-content-layout":"default","site-content-style":"default","site-sidebar-style":"default","ast-global-header-display":"","ast-banner-title-visibility":"","ast-main-header-display":"","ast-hfb-above-header-display":"","ast-hfb-below-header-display":"","ast-hfb-mobile-header-display":"","site-post-title":"","ast-breadcrumbs-content":"","ast-featured-img":"","footer-sml-layout":"","ast-disable-related-posts":"","theme-transparent-header-meta":"default","adv-header-id-meta":"","stick-header-meta":"default","header-above-stick-meta":"","header-main-stick-meta":"","header-below-stick-meta":"","astra-migrate-meta-layouts":"default","ast-page-background-enabled":"default","ast-page-background-meta":{"desktop":{"background-color":"","background-image":"","background-repeat":"repeat","background-position":"center center","background-size":"auto","background-attachment":"scroll","background-type":"","background-media":"","overlay-type":"","overlay-color":"","overlay-opacity":"","overlay-gradient":""},"tablet":{"background-color":"","background-image":"","background-repeat":"repeat","background-position":"center center","background-size":"auto","background-attachment":"scroll","background-type":"","background-media":"","overlay-type":"","overlay-color":"","overlay-opacity":"","overlay-gradient":""},"mobile":{"background-color":"","background-image":"","background-repeat":"repeat","background-position":"center center","background-size":"auto","background-attachment":"scroll","background-type":"","background-media":"","overlay-type":"","overlay-color":"","overlay-opacity":"","overlay-gradient":""}},"ast-content-background-meta":{"desktop":{"background-color":"var(--ast-global-color-5)","background-image":"","background-repeat":"repeat","background-position":"center center","background-size":"auto","background-attachment":"scroll","background-type":"","background-media":"","overlay-type":"","overlay-color":"","overlay-opacity":"","overlay-gradient":""},"tablet":{"background-color":"var(--ast-global-color-5)","background-image":"","background-repeat":"repeat","background-position":"center center","background-size":"auto","background-attachment":"scroll","background-type":"","background-media":"","overlay-type":"","overlay-color":"","overlay-opacity":"","overlay-gradient":""},"mobile":{"background-color":"var(--ast-global-color-5)","background-image":"","background-repeat":"repeat","background-position":"center center","background-size":"auto","background-attachment":"scroll","background-type":"","background-media":"","overlay-type":"","overlay-color":"","overlay-opacity":"","overlay-gradient":""}},"footnotes":""},"crop":[316,318,65,320,317],"disease":[329,333,335,334],"pest":[],"solution":[38],"class_list":["post-3419","product","type-product","status-publish","has-post-thumbnail","hentry","crop-fruits-berries","crop-grapes","crop-herbs_ornamentals","crop-row_crops","crop-vegetables","disease-botrytis","disease-monilinia","disease-trunk-diseases","disease-venturia","solution-fungicides"],"acf":[],"uagb_featured_image_src":{"full":["https:\/\/www.andermatt.com\/wp-content\/uploads\/2021\/12\/BiostimulantsBioinoculants_RhizoVital1-scaled.jpg",2400,1601,false],"thumbnail":["https:\/\/www.andermatt.com\/wp-content\/uploads\/2021\/12\/BiostimulantsBioinoculants_RhizoVital1-150x150.jpg",150,150,true],"medium":["https:\/\/www.andermatt.com\/wp-content\/uploads\/2021\/12\/BiostimulantsBioinoculants_RhizoVital1-300x200.jpg",300,200,true],"medium_large":["https:\/\/www.andermatt.com\/wp-content\/uploads\/2021\/12\/BiostimulantsBioinoculants_RhizoVital1-768x513.jpg",768,513,true],"large":["https:\/\/www.andermatt.com\/wp-content\/uploads\/2021\/12\/BiostimulantsBioinoculants_RhizoVital1-1024x683.jpg",1024,683,true],"1536x1536":["https:\/\/www.andermatt.com\/wp-content\/uploads\/2021\/12\/BiostimulantsBioinoculants_RhizoVital1-1536x1025.jpg",1536,1025,true],"2048x2048":["https:\/\/www.andermatt.com\/wp-content\/uploads\/2021\/12\/BiostimulantsBioinoculants_RhizoVital1-2048x1367.jpg",2048,1367,true],"trp-custom-language-flag":["https:\/\/www.andermatt.com\/wp-content\/uploads\/2021\/12\/BiostimulantsBioinoculants_RhizoVital1-scaled.jpg",18,12,false],"feature-size":["https:\/\/www.andermatt.com\/wp-content\/uploads\/2021\/12\/BiostimulantsBioinoculants_RhizoVital1-660x315.jpg",660,315,true],"feature-size-gross":["https:\/\/www.andermatt.com\/wp-content\/uploads\/2021\/12\/BiostimulantsBioinoculants_RhizoVital1-660x360.jpg",660,360,true],"header-size-small":["https:\/\/www.andermatt.com\/wp-content\/uploads\/2021\/12\/BiostimulantsBioinoculants_RhizoVital1-1000x350.jpg",1000,350,true],"header-size":["https:\/\/www.andermatt.com\/wp-content\/uploads\/2021\/12\/BiostimulantsBioinoculants_RhizoVital1-2000x600.jpg",2000,600,true],"mailpoet_newsletter_max":["https:\/\/www.andermatt.com\/wp-content\/uploads\/2021\/12\/BiostimulantsBioinoculants_RhizoVital1-1320x881.jpg",1320,881,true]},"uagb_author_info":{"display_name":"Alina Piven","author_link":"https:\/\/www.andermatt.com\/fr\/author\/"},"uagb_comment_info":0,"uagb_excerpt":"A wettable powder concentrate of a beneficial aerial&nbsp;Trichoderma atroviride&nbsp;strain for protection of pruning wounds and diseases like Botrytis. T-77 can be sprayed and is effective against Botrytis on leaves, flowers and fruits. In the same way pruning wounds on grapevines and other fruit trees are protected against the entrance of pathogens. Benefits","_links":{"self":[{"href":"https:\/\/www.andermatt.com\/fr\/wp-json\/wp\/v2\/product\/3419","targetHints":{"allow":["GET"]}}],"collection":[{"href":"https:\/\/www.andermatt.com\/fr\/wp-json\/wp\/v2\/product"}],"about":[{"href":"https:\/\/www.andermatt.com\/fr\/wp-json\/wp\/v2\/types\/product"}],"version-history":[{"count":8,"href":"https:\/\/www.andermatt.com\/fr\/wp-json\/wp\/v2\/product\/3419\/revisions"}],"predecessor-version":[{"id":7371,"href":"https:\/\/www.andermatt.com\/fr\/wp-json\/wp\/v2\/product\/3419\/revisions\/7371"}],"wp:featuredmedia":[{"embeddable":true,"href":"https:\/\/www.andermatt.com\/fr\/wp-json\/wp\/v2\/media\/3420"}],"wp:attachment":[{"href":"https:\/\/www.andermatt.com\/fr\/wp-json\/wp\/v2\/media?parent=3419"}],"wp:term":[{"taxonomy":"crop","embeddable":true,"href":"https:\/\/www.andermatt.com\/fr\/wp-json\/wp\/v2\/crop?post=3419"},{"taxonomy":"disease","embeddable":true,"href":"https:\/\/www.andermatt.com\/fr\/wp-json\/wp\/v2\/disease?post=3419"},{"taxonomy":"pest","embeddable":true,"href":"https:\/\/www.andermatt.com\/fr\/wp-json\/wp\/v2\/pest?post=3419"},{"taxonomy":"solution","embeddable":true,"href":"https:\/\/www.andermatt.com\/fr\/wp-json\/wp\/v2\/solution?post=3419"}],"curies":[{"name":"wp","href":"https:\/\/api.w.org\/{rel}","templated":true}]}}