{"id":3411,"date":"2021-12-20T22:54:02","date_gmt":"2021-12-20T21:54:02","guid":{"rendered":"https:\/\/www.andermatt.com\/?post_type=product&#038;p=3411"},"modified":"2023-02-07T10:51:48","modified_gmt":"2023-02-07T09:51:48","slug":"vitisan","status":"publish","type":"product","link":"https:\/\/www.andermatt.com\/fr\/produit\/vitisan\/","title":{"rendered":"VitiSan"},"content":{"rendered":"<p class=\"lead\"><strong>VitiSan est un fongicide de contact biologique \u00e0 base de la mati\u00e8re active bicarbonate de potassium. Il a des effets pr\u00e9ventifs et curatifs contre une large gamme de maladies fongiques.<\/strong><\/p>\n\n\n\n<p>VitiSan est bien adapt\u00e9 en tant qu'agent pr\u00e9ventif cr\u00e9ant une \"barri\u00e8re inhibitrice de maladies\" \u00e0 la surface de la plante. Le produit a \u00e9galement un bon effet curatif dans les premiers stades de l'infestation. Gr\u00e2ce \u00e0 sa miscibilit\u00e9 souple et \u00e0 son court d\u00e9lai d'attente avant r\u00e9colte, VitiSan est facile \u00e0 int\u00e9grer dans les programmes de lutte int\u00e9gr\u00e9e ou de pulv\u00e9risation sans r\u00e9sidus.<\/p>\n\n\n\n<figure class=\"wp-block-gallery has-nested-images columns-3 is-cropped wp-block-gallery-1 is-layout-flex wp-block-gallery-is-layout-flex\">\n<figure class=\"wp-block-image size-feature-size-gross\"><a href=\"https:\/\/www.andermatt.com\/wp-content\/uploads\/2021\/12\/Bio-Fungicides_T-77-1-1-scaled.jpg\"><img decoding=\"async\" width=\"660\" height=\"360\" data-id=\"3412\" src=\"https:\/\/www.andermatt.com\/wp-content\/uploads\/2021\/12\/Bio-Fungicides_T-77-1-1-660x360.jpg\" alt=\"\" class=\"wp-image-3412\"\/><\/a><\/figure>\n\n\n\n<figure class=\"wp-block-image size-feature-size-gross\"><a href=\"https:\/\/www.andermatt.com\/wp-content\/uploads\/2021\/12\/Bio-Fungicides_Vitisan1-scaled.jpg\"><img decoding=\"async\" width=\"660\" height=\"360\" data-id=\"3414\" src=\"https:\/\/www.andermatt.com\/wp-content\/uploads\/2021\/12\/Bio-Fungicides_Vitisan1-660x360.jpg\" alt=\"\" class=\"wp-image-3414\"\/><\/a><\/figure>\n<\/figure>\n\n\n\n<h3 class=\"wp-block-heading\">Avantages<\/h3>\n\n\n\n<ul class=\"wp-block-list\">\n<li>Protection efficace contre un large spectre de maladies fongiques<\/li>\n\n\n\n<li>Sans r\u00e9sidu<\/li>\n\n\n\n<li>Pas de risque de r\u00e9sistance en raison du mode d'action multiplex.<\/li>\n\n\n\n<li>Intervalle de pr\u00e9-r\u00e9colte court, voire inexistant<\/li>\n\n\n\n<li>Un ami bienveillant<\/li>\n\n\n\n<li>Miscibilit\u00e9 polyvalente avec les engrais et les produits phytosanitaires<\/li>\n\n\n\n<li>Bien adapt\u00e9 \u00e0 la gestion de l'anti-r\u00e9sistance dans les strat\u00e9gies avec les fongicides conventionnels.<\/li>\n\n\n\n<li>Enti\u00e8rement compatible avec la production biologique et sans r\u00e9sidus<\/li>\n<\/ul>","protected":false},"excerpt":{"rendered":"<p>VitiSan est un fongicide de contact biologique \u00e0 base de la mati\u00e8re active bicarbonate de potassium. Il a des effets pr\u00e9ventifs et curatifs contre une large gamme de maladies fongiques. VitiSan est bien adapt\u00e9 en tant qu'agent pr\u00e9ventif cr\u00e9ant une \"barri\u00e8re inhibitrice de maladies\" \u00e0 la surface de la plante. Le produit a \u00e9galement un bon effet curatif dans les premiers stades de ...<\/p>","protected":false},"featured_media":3412,"template":"","meta":{"_acf_changed":false,"_seopress_robots_primary_cat":"","_seopress_titles_title":"","_seopress_titles_desc":"","_seopress_robots_index":"","_searchwp_excluded":"","_uag_custom_page_level_css":"","site-sidebar-layout":"default","site-content-layout":"default","ast-site-content-layout":"default","site-content-style":"default","site-sidebar-style":"default","ast-global-header-display":"","ast-banner-title-visibility":"","ast-main-header-display":"","ast-hfb-above-header-display":"","ast-hfb-below-header-display":"","ast-hfb-mobile-header-display":"","site-post-title":"","ast-breadcrumbs-content":"","ast-featured-img":"","footer-sml-layout":"","ast-disable-related-posts":"","theme-transparent-header-meta":"default","adv-header-id-meta":"","stick-header-meta":"default","header-above-stick-meta":"","header-main-stick-meta":"","header-below-stick-meta":"","astra-migrate-meta-layouts":"default","ast-page-background-enabled":"default","ast-page-background-meta":{"desktop":{"background-color":"","background-image":"","background-repeat":"repeat","background-position":"center center","background-size":"auto","background-attachment":"scroll","background-type":"","background-media":"","overlay-type":"","overlay-color":"","overlay-opacity":"","overlay-gradient":""},"tablet":{"background-color":"","background-image":"","background-repeat":"repeat","background-position":"center center","background-size":"auto","background-attachment":"scroll","background-type":"","background-media":"","overlay-type":"","overlay-color":"","overlay-opacity":"","overlay-gradient":""},"mobile":{"background-color":"","background-image":"","background-repeat":"repeat","background-position":"center center","background-size":"auto","background-attachment":"scroll","background-type":"","background-media":"","overlay-type":"","overlay-color":"","overlay-opacity":"","overlay-gradient":""}},"ast-content-background-meta":{"desktop":{"background-color":"var(--ast-global-color-5)","background-image":"","background-repeat":"repeat","background-position":"center center","background-size":"auto","background-attachment":"scroll","background-type":"","background-media":"","overlay-type":"","overlay-color":"","overlay-opacity":"","overlay-gradient":""},"tablet":{"background-color":"var(--ast-global-color-5)","background-image":"","background-repeat":"repeat","background-position":"center center","background-size":"auto","background-attachment":"scroll","background-type":"","background-media":"","overlay-type":"","overlay-color":"","overlay-opacity":"","overlay-gradient":""},"mobile":{"background-color":"var(--ast-global-color-5)","background-image":"","background-repeat":"repeat","background-position":"center center","background-size":"auto","background-attachment":"scroll","background-type":"","background-media":"","overlay-type":"","overlay-color":"","overlay-opacity":"","overlay-gradient":""}},"footnotes":""},"crop":[316,318,65,321,320,317],"disease":[329,331,332,333,334],"pest":[],"solution":[38],"class_list":["post-3411","product","type-product","status-publish","has-post-thumbnail","hentry","crop-fruits-berries","crop-grapes","crop-herbs_ornamentals","crop-nuts","crop-row_crops","crop-vegetables","disease-botrytis","disease-erysiphales-mildew","disease-gloesporium","disease-monilinia","disease-venturia","solution-fungicides"],"acf":[],"uagb_featured_image_src":{"full":["https:\/\/www.andermatt.com\/wp-content\/uploads\/2021\/12\/Bio-Fungicides_T-77-1-1-scaled.jpg",2400,1599,false],"thumbnail":["https:\/\/www.andermatt.com\/wp-content\/uploads\/2021\/12\/Bio-Fungicides_T-77-1-1-150x150.jpg",150,150,true],"medium":["https:\/\/www.andermatt.com\/wp-content\/uploads\/2021\/12\/Bio-Fungicides_T-77-1-1-300x200.jpg",300,200,true],"medium_large":["https:\/\/www.andermatt.com\/wp-content\/uploads\/2021\/12\/Bio-Fungicides_T-77-1-1-768x512.jpg",768,512,true],"large":["https:\/\/www.andermatt.com\/wp-content\/uploads\/2021\/12\/Bio-Fungicides_T-77-1-1-1024x683.jpg",1024,683,true],"1536x1536":["https:\/\/www.andermatt.com\/wp-content\/uploads\/2021\/12\/Bio-Fungicides_T-77-1-1-1536x1024.jpg",1536,1024,true],"2048x2048":["https:\/\/www.andermatt.com\/wp-content\/uploads\/2021\/12\/Bio-Fungicides_T-77-1-1-2048x1365.jpg",2048,1365,true],"trp-custom-language-flag":["https:\/\/www.andermatt.com\/wp-content\/uploads\/2021\/12\/Bio-Fungicides_T-77-1-1-scaled.jpg",18,12,false],"feature-size":["https:\/\/www.andermatt.com\/wp-content\/uploads\/2021\/12\/Bio-Fungicides_T-77-1-1-660x315.jpg",660,315,true],"feature-size-gross":["https:\/\/www.andermatt.com\/wp-content\/uploads\/2021\/12\/Bio-Fungicides_T-77-1-1-660x360.jpg",660,360,true],"header-size-small":["https:\/\/www.andermatt.com\/wp-content\/uploads\/2021\/12\/Bio-Fungicides_T-77-1-1-1000x350.jpg",1000,350,true],"header-size":["https:\/\/www.andermatt.com\/wp-content\/uploads\/2021\/12\/Bio-Fungicides_T-77-1-1-2000x600.jpg",2000,600,true],"mailpoet_newsletter_max":["https:\/\/www.andermatt.com\/wp-content\/uploads\/2021\/12\/Bio-Fungicides_T-77-1-1-1320x880.jpg",1320,880,true]},"uagb_author_info":{"display_name":"Alina Piven","author_link":"https:\/\/www.andermatt.com\/fr\/author\/"},"uagb_comment_info":0,"uagb_excerpt":"VitiSan is a biological contact fungicide based on the active ingredient potassium bicarbonate. It has preventive and curative effects against a wide range of fungal diseases. VitiSan is well suited as a preventive agent creating a &#8220;disease-inhibiting barrier&#8221; on the plant surface. The product also has a good curative effect in the early stages of\u2026","_links":{"self":[{"href":"https:\/\/www.andermatt.com\/fr\/wp-json\/wp\/v2\/product\/3411","targetHints":{"allow":["GET"]}}],"collection":[{"href":"https:\/\/www.andermatt.com\/fr\/wp-json\/wp\/v2\/product"}],"about":[{"href":"https:\/\/www.andermatt.com\/fr\/wp-json\/wp\/v2\/types\/product"}],"version-history":[{"count":13,"href":"https:\/\/www.andermatt.com\/fr\/wp-json\/wp\/v2\/product\/3411\/revisions"}],"predecessor-version":[{"id":6105,"href":"https:\/\/www.andermatt.com\/fr\/wp-json\/wp\/v2\/product\/3411\/revisions\/6105"}],"wp:featuredmedia":[{"embeddable":true,"href":"https:\/\/www.andermatt.com\/fr\/wp-json\/wp\/v2\/media\/3412"}],"wp:attachment":[{"href":"https:\/\/www.andermatt.com\/fr\/wp-json\/wp\/v2\/media?parent=3411"}],"wp:term":[{"taxonomy":"crop","embeddable":true,"href":"https:\/\/www.andermatt.com\/fr\/wp-json\/wp\/v2\/crop?post=3411"},{"taxonomy":"disease","embeddable":true,"href":"https:\/\/www.andermatt.com\/fr\/wp-json\/wp\/v2\/disease?post=3411"},{"taxonomy":"pest","embeddable":true,"href":"https:\/\/www.andermatt.com\/fr\/wp-json\/wp\/v2\/pest?post=3411"},{"taxonomy":"solution","embeddable":true,"href":"https:\/\/www.andermatt.com\/fr\/wp-json\/wp\/v2\/solution?post=3411"}],"curies":[{"name":"wp","href":"https:\/\/api.w.org\/{rel}","templated":true}]}}