{"id":3395,"date":"2021-12-20T22:21:03","date_gmt":"2021-12-20T21:21:03","guid":{"rendered":"https:\/\/www.andermatt.com\/?post_type=product&#038;p=3395"},"modified":"2023-02-07T10:10:53","modified_gmt":"2023-02-07T09:10:53","slug":"abietiv","status":"publish","type":"product","link":"https:\/\/www.andermatt.com\/fr\/produit\/abietiv\/","title":{"rendered":"Abietiv"},"content":{"rendered":"<p class=\"lead\">Abietiv est une produit de nucl\u00e9opoly\u00e9drovirus (Neodiprion abietis NPV) pour la lutte biologique contre le diprion du sapin baumier.&nbsp;<em>(Neodiprion abietis)<\/em><\/p>\n\n\n\n<p><\/p>\n\n\n\n<figure class=\"wp-block-gallery has-nested-images columns-1 is-cropped wp-block-gallery-1 is-layout-flex wp-block-gallery-is-layout-flex\">\n<figure class=\"wp-block-image size-feature-size-gross\"><a href=\"https:\/\/www.andermatt.com\/wp-content\/uploads\/2021\/12\/Bio-Insecticides_Abietiv1-1.jpg\"><img decoding=\"async\" width=\"660\" height=\"360\" data-id=\"3396\" src=\"https:\/\/www.andermatt.com\/wp-content\/uploads\/2021\/12\/Bio-Insecticides_Abietiv1-1-660x360.jpg\" alt=\"\" class=\"wp-image-3396\"\/><\/a><\/figure>\n<\/figure>\n\n\n\n<h3 class=\"wp-block-heading\">Avantages<\/h3>\n\n\n\n<ul class=\"wp-block-list\">\n<li>Neodiprion abietis NPV est un agent de biocontr\u00f4le naturel isol\u00e9 des populations des mouches \u00e0 scie \u00e0 Terre-Neuve, au Canada. Le virus provoque une maladie mortelle lorsqu'il est ing\u00e9r\u00e9 par les larves en train de se nourrir.<\/li>\n<\/ul>\n\n\n\n<h3 class=\"wp-block-heading\">Information sur le ravageur<\/h3>\n\n\n\n<p>Diprion du sapin baumier&nbsp;<em>(Neodiprion abietis)<\/em>&nbsp;est une esp\u00e8ce indig\u00e8ne de tenthr\u00e8de qui est pr\u00e9sente partout au Canada et aux \u00c9tats-Unis. Ses larves sont un important ravageur d\u00e9foliateur des sapins baumiers soumis \u00e0 des \u00e9claircies pr\u00e9commerciales.&nbsp;<em>(Abies balsamea)<\/em>. Les dommages caus\u00e9s \u00e0 l'arbre sont la d\u00e9foliation, la r\u00e9duction de la vigueur et de la croissance, et la mortalit\u00e9 de l'arbre.<\/p>","protected":false},"excerpt":{"rendered":"<p>Abietiv est une pr\u00e9paration de nucl\u00e9opoly\u00e9drovirus (Neodiprion abietis NPV) pour la lutte biologique contre le diprion du sapin (Neodiprion abietis) Avantages Informations sur le ravageur Le diprion du sapin (Neodiprion abietis) est une esp\u00e8ce de diprion indig\u00e8ne pr\u00e9sente dans l'ensemble du Canada et des \u00c9tats-Unis. Ses larves sont un important ravageur d\u00e9foliateur des sapins baumiers (Abies balsamea) ayant fait l'objet d'une \u00e9claircie pr\u00e9commerciale. Les dommages caus\u00e9s au ...<\/p>","protected":false},"featured_media":3396,"template":"","meta":{"_acf_changed":false,"_seopress_robots_primary_cat":"","_seopress_titles_title":"","_seopress_titles_desc":"","_seopress_robots_index":"","_searchwp_excluded":"","_uag_custom_page_level_css":"","site-sidebar-layout":"default","site-content-layout":"default","ast-site-content-layout":"default","site-content-style":"default","site-sidebar-style":"default","ast-global-header-display":"","ast-banner-title-visibility":"","ast-main-header-display":"","ast-hfb-above-header-display":"","ast-hfb-below-header-display":"","ast-hfb-mobile-header-display":"","site-post-title":"","ast-breadcrumbs-content":"","ast-featured-img":"","footer-sml-layout":"","ast-disable-related-posts":"","theme-transparent-header-meta":"default","adv-header-id-meta":"","stick-header-meta":"default","header-above-stick-meta":"","header-main-stick-meta":"","header-below-stick-meta":"","astra-migrate-meta-layouts":"default","ast-page-background-enabled":"default","ast-page-background-meta":{"desktop":{"background-color":"","background-image":"","background-repeat":"repeat","background-position":"center center","background-size":"auto","background-attachment":"scroll","background-type":"","background-media":"","overlay-type":"","overlay-color":"","overlay-opacity":"","overlay-gradient":""},"tablet":{"background-color":"","background-image":"","background-repeat":"repeat","background-position":"center center","background-size":"auto","background-attachment":"scroll","background-type":"","background-media":"","overlay-type":"","overlay-color":"","overlay-opacity":"","overlay-gradient":""},"mobile":{"background-color":"","background-image":"","background-repeat":"repeat","background-position":"center center","background-size":"auto","background-attachment":"scroll","background-type":"","background-media":"","overlay-type":"","overlay-color":"","overlay-opacity":"","overlay-gradient":""}},"ast-content-background-meta":{"desktop":{"background-color":"var(--ast-global-color-5)","background-image":"","background-repeat":"repeat","background-position":"center center","background-size":"auto","background-attachment":"scroll","background-type":"","background-media":"","overlay-type":"","overlay-color":"","overlay-opacity":"","overlay-gradient":""},"tablet":{"background-color":"var(--ast-global-color-5)","background-image":"","background-repeat":"repeat","background-position":"center center","background-size":"auto","background-attachment":"scroll","background-type":"","background-media":"","overlay-type":"","overlay-color":"","overlay-opacity":"","overlay-gradient":""},"mobile":{"background-color":"var(--ast-global-color-5)","background-image":"","background-repeat":"repeat","background-position":"center center","background-size":"auto","background-attachment":"scroll","background-type":"","background-media":"","overlay-type":"","overlay-color":"","overlay-opacity":"","overlay-gradient":""}},"footnotes":""},"crop":[322],"disease":[],"pest":[44],"solution":[37],"class_list":["post-3395","product","type-product","status-publish","has-post-thumbnail","hentry","crop-forest","pest-lepidoptera","solution-insecticides"],"acf":[],"uagb_featured_image_src":{"full":["https:\/\/www.andermatt.com\/wp-content\/uploads\/2021\/12\/Bio-Insecticides_Abietiv1-1.jpg",1920,1080,false],"thumbnail":["https:\/\/www.andermatt.com\/wp-content\/uploads\/2021\/12\/Bio-Insecticides_Abietiv1-1-150x150.jpg",150,150,true],"medium":["https:\/\/www.andermatt.com\/wp-content\/uploads\/2021\/12\/Bio-Insecticides_Abietiv1-1-300x169.jpg",300,169,true],"medium_large":["https:\/\/www.andermatt.com\/wp-content\/uploads\/2021\/12\/Bio-Insecticides_Abietiv1-1-768x432.jpg",768,432,true],"large":["https:\/\/www.andermatt.com\/wp-content\/uploads\/2021\/12\/Bio-Insecticides_Abietiv1-1-1024x576.jpg",1024,576,true],"1536x1536":["https:\/\/www.andermatt.com\/wp-content\/uploads\/2021\/12\/Bio-Insecticides_Abietiv1-1-1536x864.jpg",1536,864,true],"2048x2048":["https:\/\/www.andermatt.com\/wp-content\/uploads\/2021\/12\/Bio-Insecticides_Abietiv1-1.jpg",1920,1080,false],"trp-custom-language-flag":["https:\/\/www.andermatt.com\/wp-content\/uploads\/2021\/12\/Bio-Insecticides_Abietiv1-1.jpg",18,10,false],"feature-size":["https:\/\/www.andermatt.com\/wp-content\/uploads\/2021\/12\/Bio-Insecticides_Abietiv1-1-660x315.jpg",660,315,true],"feature-size-gross":["https:\/\/www.andermatt.com\/wp-content\/uploads\/2021\/12\/Bio-Insecticides_Abietiv1-1-660x360.jpg",660,360,true],"header-size-small":["https:\/\/www.andermatt.com\/wp-content\/uploads\/2021\/12\/Bio-Insecticides_Abietiv1-1-1000x350.jpg",1000,350,true],"header-size":["https:\/\/www.andermatt.com\/wp-content\/uploads\/2021\/12\/Bio-Insecticides_Abietiv1-1-1920x600.jpg",1920,600,true],"mailpoet_newsletter_max":["https:\/\/www.andermatt.com\/wp-content\/uploads\/2021\/12\/Bio-Insecticides_Abietiv1-1-1320x743.jpg",1320,743,true]},"uagb_author_info":{"display_name":"Alina Piven","author_link":"https:\/\/www.andermatt.com\/fr\/author\/"},"uagb_comment_info":0,"uagb_excerpt":"Abietiv is a nucleopolyhedrovirus (Neodiprion abietis NPV) preparation for the biological control of the balsam fir sawfly&nbsp;(Neodiprion abietis) Benefits Pest Information The Balsam fir sawfly&nbsp;(Neodiprion abietis)&nbsp;is a native sawfly species that occurs throughout Canada and the United States. Its larvae are a significant defoliating pest of pre-commercially thinned balsam fir&nbsp;(Abies balsamea). Damage caused to the\u2026","_links":{"self":[{"href":"https:\/\/www.andermatt.com\/fr\/wp-json\/wp\/v2\/product\/3395","targetHints":{"allow":["GET"]}}],"collection":[{"href":"https:\/\/www.andermatt.com\/fr\/wp-json\/wp\/v2\/product"}],"about":[{"href":"https:\/\/www.andermatt.com\/fr\/wp-json\/wp\/v2\/types\/product"}],"version-history":[{"count":9,"href":"https:\/\/www.andermatt.com\/fr\/wp-json\/wp\/v2\/product\/3395\/revisions"}],"predecessor-version":[{"id":6101,"href":"https:\/\/www.andermatt.com\/fr\/wp-json\/wp\/v2\/product\/3395\/revisions\/6101"}],"wp:featuredmedia":[{"embeddable":true,"href":"https:\/\/www.andermatt.com\/fr\/wp-json\/wp\/v2\/media\/3396"}],"wp:attachment":[{"href":"https:\/\/www.andermatt.com\/fr\/wp-json\/wp\/v2\/media?parent=3395"}],"wp:term":[{"taxonomy":"crop","embeddable":true,"href":"https:\/\/www.andermatt.com\/fr\/wp-json\/wp\/v2\/crop?post=3395"},{"taxonomy":"disease","embeddable":true,"href":"https:\/\/www.andermatt.com\/fr\/wp-json\/wp\/v2\/disease?post=3395"},{"taxonomy":"pest","embeddable":true,"href":"https:\/\/www.andermatt.com\/fr\/wp-json\/wp\/v2\/pest?post=3395"},{"taxonomy":"solution","embeddable":true,"href":"https:\/\/www.andermatt.com\/fr\/wp-json\/wp\/v2\/solution?post=3395"}],"curies":[{"name":"wp","href":"https:\/\/api.w.org\/{rel}","templated":true}]}}