{"id":3350,"date":"2021-12-17T23:31:50","date_gmt":"2021-12-17T22:31:50","guid":{"rendered":"https:\/\/www.andermatt.com\/?post_type=product&#038;p=3350"},"modified":"2026-03-25T20:30:27","modified_gmt":"2026-03-25T19:30:27","slug":"nomu-protec","status":"publish","type":"product","link":"https:\/\/www.andermatt.com\/fr\/produit\/nomu-protec\/","title":{"rendered":"Nomu-Protec"},"content":{"rendered":"<p class=\"lead\"><strong>Un bio-insecticide pour la lutte contre les chenilles et autres insectes nuisibles<\/strong><\/p>\n\n\n\n<p>Nomu-Protec est bas\u00e9 sur un champignon entomopathog\u00e8ne.&nbsp;<em>Metarhizium rileyi<\/em>&nbsp;(pr\u00e9c\u00e9demment connu sous le nom de&nbsp;<em>Nomuraea rileyi<\/em>) qui infecte et contr\u00f4le les insectes l\u00e9pidopt\u00e8res nuisibles, en particulier ceux de la famille des Noctuidae. <\/p>\n\n\n\n<figure class=\"wp-block-gallery has-nested-images columns-2 is-cropped wp-block-gallery-1 is-layout-flex wp-block-gallery-is-layout-flex\">\n<figure class=\"wp-block-image size-feature-size-gross is-style-default\"><a href=\"https:\/\/www.andermatt.com\/wp-content\/uploads\/2021\/12\/Bio-Insecticides_Nomu-Protec.jpg\"><img decoding=\"async\" width=\"660\" height=\"360\" data-id=\"3351\" src=\"https:\/\/www.andermatt.com\/wp-content\/uploads\/2021\/12\/Bio-Insecticides_Nomu-Protec-660x360.jpg\" alt=\"\" class=\"wp-image-3351\"\/><\/a><\/figure>\n\n\n\n<figure class=\"wp-block-image size-feature-size-gross is-style-default\"><a href=\"https:\/\/www.andermatt.com\/wp-content\/uploads\/2021\/12\/Bio-Insecticides_Nomu-Protec3.jpg\"><img decoding=\"async\" width=\"660\" height=\"360\" data-id=\"3352\" src=\"https:\/\/www.andermatt.com\/wp-content\/uploads\/2021\/12\/Bio-Insecticides_Nomu-Protec3-660x360.jpg\" alt=\"\" class=\"wp-image-3352\"\/><\/a><\/figure>\n<\/figure>\n\n\n\n<p>La gamme d'h\u00f4tes comprend le l\u00e9gionnaire d'automne, un insecte important sur le plan \u00e9conomique.&nbsp;<em>(Spodoptera frugiperda)<\/em>&nbsp;et le ver de la capsule africain&nbsp;<em>(Helicoverpa armigera)<\/em>&nbsp;entre autres. La formulation unique de Nomu-Protec emp\u00eache les spores fongiques de se dess\u00e9cher et favorise l'infection des parasites. Lors de nombreux essais sur le terrain, Nomu-Protec s'est av\u00e9r\u00e9 tr\u00e8s efficace, r\u00e9v\u00e9lant une diminution significative de la population de parasites. Nomu-Protec montre \u00e9galement une r\u00e9duction efficace des dommages caus\u00e9s par l'alimentation peu apr\u00e8s l'infection.<\/p>\n\n\n\n<h3 class=\"wp-block-heading\">Avantages<\/h3>\n\n\n\n<ul class=\"wp-block-list\">\n<li>Large spectre d'h\u00f4tes par rapport \u00e0 d'autres insecticides pour l\u00e9pidopt\u00e8res<\/li>\n\n\n\n<li>Pas de limite maximale de r\u00e9sidus ni de p\u00e9riode de retenue<\/li>\n\n\n\n<li>Se dissout rapidement et ne n\u00e9cessite aucune \u00e9tape de pr\u00e9-m\u00e9lange.<\/li>\n\n\n\n<li>La technologie des spores enrob\u00e9es d'huile augmente la r\u00e9sistance aux UV et r\u00e9duit la dessiccation.<\/li>\n\n\n\n<li>Modes d'action complexes et uniques avec une faible probabilit\u00e9 d'apparition d'une r\u00e9sistance<\/li>\n<\/ul>\n\n\n\n<p><\/p>\n\n\n\n<div class=\"wp-block-columns is-layout-flex wp-container-core-columns-is-layout-28f84493 wp-block-columns-is-layout-flex\">\n<div class=\"wp-block-column is-layout-flow wp-block-column-is-layout-flow\">\n<figure class=\"wp-block-image size-large is-resized\"><img decoding=\"async\" width=\"768\" height=\"1024\" src=\"https:\/\/www.andermatt.com\/wp-content\/uploads\/2021\/12\/nomu-protec-fall-armyworm-after-field-application-photo-2-1-768x1024.jpg\" alt=\"nomu protec\" class=\"wp-image-9296\" style=\"width:359px;height:auto\" srcset=\"https:\/\/www.andermatt.com\/wp-content\/uploads\/2021\/12\/nomu-protec-fall-armyworm-after-field-application-photo-2-1-768x1023.jpg 768w, https:\/\/www.andermatt.com\/wp-content\/uploads\/2021\/12\/nomu-protec-fall-armyworm-after-field-application-photo-2-1-225x300.jpg 225w, https:\/\/www.andermatt.com\/wp-content\/uploads\/2021\/12\/nomu-protec-fall-armyworm-after-field-application-photo-2-1-1153x1536.jpg 1153w, https:\/\/www.andermatt.com\/wp-content\/uploads\/2021\/12\/nomu-protec-fall-armyworm-after-field-application-photo-2-1-9x12.jpg 9w, https:\/\/www.andermatt.com\/wp-content\/uploads\/2021\/12\/nomu-protec-fall-armyworm-after-field-application-photo-2-1.jpg 1200w\" sizes=\"(max-width: 768px) 100vw, 768px\" \/><\/figure>\n<\/div>\n\n\n\n<div class=\"wp-block-column is-layout-flow wp-block-column-is-layout-flow\">\n<figure class=\"wp-block-image size-large is-resized\"><img decoding=\"async\" width=\"768\" height=\"1024\" src=\"https:\/\/www.andermatt.com\/wp-content\/uploads\/2021\/12\/nomu-protec-fall-armyworm-after-field-application-photo-4-1-768x1024.jpg\" alt=\"nomu protec\" class=\"wp-image-9295\" style=\"width:358px;height:auto\" srcset=\"https:\/\/www.andermatt.com\/wp-content\/uploads\/2021\/12\/nomu-protec-fall-armyworm-after-field-application-photo-4-1-768x1023.jpg 768w, https:\/\/www.andermatt.com\/wp-content\/uploads\/2021\/12\/nomu-protec-fall-armyworm-after-field-application-photo-4-1-225x300.jpg 225w, https:\/\/www.andermatt.com\/wp-content\/uploads\/2021\/12\/nomu-protec-fall-armyworm-after-field-application-photo-4-1-1153x1536.jpg 1153w, https:\/\/www.andermatt.com\/wp-content\/uploads\/2021\/12\/nomu-protec-fall-armyworm-after-field-application-photo-4-1-9x12.jpg 9w, https:\/\/www.andermatt.com\/wp-content\/uploads\/2021\/12\/nomu-protec-fall-armyworm-after-field-application-photo-4-1.jpg 1200w\" sizes=\"(max-width: 768px) 100vw, 768px\" \/><\/figure>\n<\/div>\n<\/div>\n\n\n\n<p>La chenille l\u00e9gionnaire d'automne mycos\u00e9e (<em>Spodoptera frugiperda<\/em>) infect\u00e9s par Nomu-Protec<\/p>\n\n\n\n<p><\/p>","protected":false},"excerpt":{"rendered":"<p>Le Nomu-Protec est un bio-insecticide destin\u00e9 \u00e0 la lutte contre les chenilles et autres insectes nuisibles. Il est bas\u00e9 sur le champignon Metarhizium rileyi (anciennement connu sous le nom de Nomuraea rileyi), pathog\u00e8ne pour les insectes, qui infecte et contr\u00f4le les l\u00e9pidopt\u00e8res nuisibles, en particulier ceux de la famille des Noctuidae. La gamme d'h\u00f4tes comprend notamment la l\u00e9gionnaire d'automne (Spodoptera frugiperda) et le ver de la capsule africain (Helicoverpa armigera), qui sont d'une grande importance \u00e9conomique. La formulation unique de Nomu-Protec emp\u00eache les spores fongiques de se d\u00e9velopper.<\/p>","protected":false},"featured_media":3351,"template":"","meta":{"_acf_changed":false,"_seopress_robots_primary_cat":"none","_seopress_titles_title":"","_seopress_titles_desc":"","_seopress_robots_index":"","_searchwp_excluded":"","_uag_custom_page_level_css":"","site-sidebar-layout":"default","site-content-layout":"default","ast-site-content-layout":"default","site-content-style":"default","site-sidebar-style":"default","ast-global-header-display":"","ast-banner-title-visibility":"","ast-main-header-display":"","ast-hfb-above-header-display":"","ast-hfb-below-header-display":"","ast-hfb-mobile-header-display":"","site-post-title":"","ast-breadcrumbs-content":"","ast-featured-img":"","footer-sml-layout":"","ast-disable-related-posts":"","theme-transparent-header-meta":"default","adv-header-id-meta":"","stick-header-meta":"default","header-above-stick-meta":"","header-main-stick-meta":"","header-below-stick-meta":"","astra-migrate-meta-layouts":"set","ast-page-background-enabled":"default","ast-page-background-meta":{"desktop":{"background-color":"","background-image":"","background-repeat":"repeat","background-position":"center center","background-size":"auto","background-attachment":"scroll","background-type":"","background-media":"","overlay-type":"","overlay-color":"","overlay-opacity":"","overlay-gradient":""},"tablet":{"background-color":"","background-image":"","background-repeat":"repeat","background-position":"center center","background-size":"auto","background-attachment":"scroll","background-type":"","background-media":"","overlay-type":"","overlay-color":"","overlay-opacity":"","overlay-gradient":""},"mobile":{"background-color":"","background-image":"","background-repeat":"repeat","background-position":"center center","background-size":"auto","background-attachment":"scroll","background-type":"","background-media":"","overlay-type":"","overlay-color":"","overlay-opacity":"","overlay-gradient":""}},"ast-content-background-meta":{"desktop":{"background-color":"var(--ast-global-color-5)","background-image":"","background-repeat":"repeat","background-position":"center center","background-size":"auto","background-attachment":"scroll","background-type":"","background-media":"","overlay-type":"","overlay-color":"","overlay-opacity":"","overlay-gradient":""},"tablet":{"background-color":"var(--ast-global-color-5)","background-image":"","background-repeat":"repeat","background-position":"center center","background-size":"auto","background-attachment":"scroll","background-type":"","background-media":"","overlay-type":"","overlay-color":"","overlay-opacity":"","overlay-gradient":""},"mobile":{"background-color":"var(--ast-global-color-5)","background-image":"","background-repeat":"repeat","background-position":"center center","background-size":"auto","background-attachment":"scroll","background-type":"","background-media":"","overlay-type":"","overlay-color":"","overlay-opacity":"","overlay-gradient":""}},"footnotes":""},"crop":[316,318,65,321,319,320,317],"disease":[],"pest":[44],"solution":[37],"class_list":["post-3350","product","type-product","status-publish","has-post-thumbnail","hentry","crop-fruits-berries","crop-grapes","crop-herbs_ornamentals","crop-nuts","crop-potatoes","crop-row_crops","crop-vegetables","pest-lepidoptera","solution-insecticides"],"acf":[],"uagb_featured_image_src":{"full":["https:\/\/www.andermatt.com\/wp-content\/uploads\/2021\/12\/Bio-Insecticides_Nomu-Protec.jpg",1000,700,false],"thumbnail":["https:\/\/www.andermatt.com\/wp-content\/uploads\/2021\/12\/Bio-Insecticides_Nomu-Protec-150x150.jpg",150,150,true],"medium":["https:\/\/www.andermatt.com\/wp-content\/uploads\/2021\/12\/Bio-Insecticides_Nomu-Protec-300x210.jpg",300,210,true],"medium_large":["https:\/\/www.andermatt.com\/wp-content\/uploads\/2021\/12\/Bio-Insecticides_Nomu-Protec-768x538.jpg",768,538,true],"large":["https:\/\/www.andermatt.com\/wp-content\/uploads\/2021\/12\/Bio-Insecticides_Nomu-Protec.jpg",1000,700,false],"1536x1536":["https:\/\/www.andermatt.com\/wp-content\/uploads\/2021\/12\/Bio-Insecticides_Nomu-Protec.jpg",1000,700,false],"2048x2048":["https:\/\/www.andermatt.com\/wp-content\/uploads\/2021\/12\/Bio-Insecticides_Nomu-Protec.jpg",1000,700,false],"trp-custom-language-flag":["https:\/\/www.andermatt.com\/wp-content\/uploads\/2021\/12\/Bio-Insecticides_Nomu-Protec.jpg",18,12,false],"feature-size":["https:\/\/www.andermatt.com\/wp-content\/uploads\/2021\/12\/Bio-Insecticides_Nomu-Protec-660x315.jpg",660,315,true],"feature-size-gross":["https:\/\/www.andermatt.com\/wp-content\/uploads\/2021\/12\/Bio-Insecticides_Nomu-Protec-660x360.jpg",660,360,true],"header-size-small":["https:\/\/www.andermatt.com\/wp-content\/uploads\/2021\/12\/Bio-Insecticides_Nomu-Protec-1000x350.jpg",1000,350,true],"header-size":["https:\/\/www.andermatt.com\/wp-content\/uploads\/2021\/12\/Bio-Insecticides_Nomu-Protec-1000x600.jpg",1000,600,true],"mailpoet_newsletter_max":["https:\/\/www.andermatt.com\/wp-content\/uploads\/2021\/12\/Bio-Insecticides_Nomu-Protec.jpg",1000,700,false]},"uagb_author_info":{"display_name":"Donvae Hooker","author_link":"https:\/\/www.andermatt.com\/fr\/author\/"},"uagb_comment_info":0,"uagb_excerpt":"A bio-insecticide for the management of caterpillars and other insect pests Nomu-Protec is based on the insect-pathogenic fungus&nbsp;Metarhizium rileyi&nbsp;(previously known as&nbsp;Nomuraea rileyi) that infects and controls lepidopteran insect pests, especially those of the Noctuidae family. The host range includes the economically important Fall armyworm&nbsp;(Spodoptera frugiperda)&nbsp;and the African bollworm&nbsp;(Helicoverpa armigera)&nbsp;amongst others.&nbsp;Nomu-Protec\u2019s&nbsp;unique formulation prevents the fungal spores\u2026","_links":{"self":[{"href":"https:\/\/www.andermatt.com\/fr\/wp-json\/wp\/v2\/product\/3350","targetHints":{"allow":["GET"]}}],"collection":[{"href":"https:\/\/www.andermatt.com\/fr\/wp-json\/wp\/v2\/product"}],"about":[{"href":"https:\/\/www.andermatt.com\/fr\/wp-json\/wp\/v2\/types\/product"}],"version-history":[{"count":22,"href":"https:\/\/www.andermatt.com\/fr\/wp-json\/wp\/v2\/product\/3350\/revisions"}],"predecessor-version":[{"id":9298,"href":"https:\/\/www.andermatt.com\/fr\/wp-json\/wp\/v2\/product\/3350\/revisions\/9298"}],"wp:featuredmedia":[{"embeddable":true,"href":"https:\/\/www.andermatt.com\/fr\/wp-json\/wp\/v2\/media\/3351"}],"wp:attachment":[{"href":"https:\/\/www.andermatt.com\/fr\/wp-json\/wp\/v2\/media?parent=3350"}],"wp:term":[{"taxonomy":"crop","embeddable":true,"href":"https:\/\/www.andermatt.com\/fr\/wp-json\/wp\/v2\/crop?post=3350"},{"taxonomy":"disease","embeddable":true,"href":"https:\/\/www.andermatt.com\/fr\/wp-json\/wp\/v2\/disease?post=3350"},{"taxonomy":"pest","embeddable":true,"href":"https:\/\/www.andermatt.com\/fr\/wp-json\/wp\/v2\/pest?post=3350"},{"taxonomy":"solution","embeddable":true,"href":"https:\/\/www.andermatt.com\/fr\/wp-json\/wp\/v2\/solution?post=3350"}],"curies":[{"name":"wp","href":"https:\/\/api.w.org\/{rel}","templated":true}]}}