{"id":3346,"date":"2021-12-20T21:21:51","date_gmt":"2021-12-20T20:21:51","guid":{"rendered":"https:\/\/www.andermatt.com\/?post_type=product&#038;p=3346"},"modified":"2022-05-12T09:00:30","modified_gmt":"2022-05-12T07:00:30","slug":"loopovir","status":"publish","type":"product","link":"https:\/\/www.andermatt.com\/fr\/produit\/loopovir\/","title":{"rendered":"Loopovir"},"content":{"rendered":"<p class=\"lead\">Loopovir offre un contr\u00f4le biologique tr\u00e8s efficace des larves de <em>Chrysodeixis includens<\/em>. En raison de son mode d'action unique, Loopovir est \u00e9galement un outil important de gestion de la r\u00e9sistance qui peut \u00eatre inclus dans tout programme de lutte int\u00e9gr\u00e9e (IPM). Les producteurs conventionnels et biologiques trouveront dans Loopovir une arme pr\u00e9cieuse pour combattre cet important ravageur agricole.<\/p>\n\n\n\n<p><\/p>\n\n\n\n<figure class=\"wp-block-gallery has-nested-images columns-1 is-cropped wp-block-gallery-1 is-layout-flex wp-block-gallery-is-layout-flex\">\n<figure class=\"wp-block-image size-feature-size-gross\"><a href=\"https:\/\/www.andermatt.com\/wp-content\/uploads\/2021\/12\/Bio-Insecticides_Loopovir1.jpg\"><img decoding=\"async\" width=\"660\" height=\"360\" data-id=\"3361\" src=\"https:\/\/www.andermatt.com\/wp-content\/uploads\/2021\/12\/Bio-Insecticides_Loopovir1-660x360.jpg\" alt=\"\" class=\"wp-image-3361\"\/><\/a><\/figure>\n<\/figure>\n\n\n\n<h3 class=\"wp-block-heading\">Avantages<\/h3>\n\n\n\n<ul class=\"list wp-block-list\"><li>Loopovir est un excellent compl\u00e9ment \u00e0 un programme de lutte int\u00e9gr\u00e9e contre les parasites.<\/li><li>Loopovir est compatible avec la plupart des pesticides courants et peut \u00eatre facilement m\u00e9lang\u00e9 en cuve, ce qui r\u00e9duit le besoin de passages suppl\u00e9mentaires sur le terrain.<\/li><li>Sans LMR, Loopovir permet une application en fin de saison pour prot\u00e9ger les cultures lors d'infestations intenses.<\/li><li>Le loopovir ne nuit pas aux insectes utiles, ce qui leur permet de contribuer \u00e0 la gestion des populations de ravageurs et de r\u00e9duire les pouss\u00e9es de nouveaux ravageurs.<\/li><\/ul>\n\n\n\n<h3 class=\"wp-block-heading\">Information sur le ravageur<\/h3>\n\n\n\n<p class=\"translation-block\"><em> <em>Chrysodeixis includens<\/em> <\/em>est un ravageur agricole important dont l'aire de r\u00e9partition g\u00e9ographique est exceptionnellement vaste. L'arpenteuse du soja est pr\u00e9sente dans toute l'Am\u00e9rique, mais elle est particuli\u00e8rement r\u00e9pandue dans le sud des \u00c9tats-Unis et en Am\u00e9rique du Sud. Une migration annuelle a lieu vers les \u00c9tats du Nord et le Canada \u00e0 partir de leur zone d'hivernage. Dans les climats plus chauds,le ravageurs peut avoir jusqu'\u00e0 11 g\u00e9n\u00e9rations par an et peut accomplir son cycle de vie en 30-35 jours.<\/p>\n\n\n\n<p>Les larves de premier stade commencent \u00e0 se nourrir sur la face inf\u00e9rieure de la feuille, produisant de petits trous qui ne percent pas la surface sup\u00e9rieure de la feuille. Les larves plus grandes causent des dommages plus visibles. Les plantes peuvent \u00eatre gravement d\u00e9foli\u00e9es et rabougries, ce qui r\u00e9duit leur vigueur et leur rendement.<\/p>\n\n\n\n<ul class=\"wp-block-list\"><li>Les papillons femelles peuvent pondre 300 \u00e0 600 \u0153ufs, g\u00e9n\u00e9ralement sur une p\u00e9riode de 10 \u00e0 12 jours.<\/li><li>Les larves \u00e9closent 3 \u00e0 6 jours apr\u00e8s la ponte.<\/li><li>La larve se nourrit pendant 2 \u00e0 4 semaines, consommant environ trois fois son propre poids corporel par jour.<\/li><\/ul>\n\n\n\n<p>Le ravageurs est polyphage, mais le soja est son h\u00f4te pr\u00e9f\u00e9r\u00e9. Elle se nourrit \u00e9galement d'autres cultures agricoles importantes comme le coton, le ma\u00efs, les pois, les cucurbitac\u00e9es, les tomates, les poivrons et les cultures floricoles.<\/p>","protected":false},"excerpt":{"rendered":"<p>Loopovir offre un contr\u00f4le biologique tr\u00e8s efficace des larves de l'arpenteuse du soja en limitant les dommages caus\u00e9s par l'alimentation et en contr\u00f4lant les populations d'arpenteuses du soja. En raison de son mode d'action unique, Loopovir est \u00e9galement un outil important de gestion de la r\u00e9sistance qui peut \u00eatre inclus dans tout programme de lutte int\u00e9gr\u00e9e contre les ravageurs (IPM). Les producteurs conventionnels et biologiques trouveront que Loopovir est un [...]<\/p>","protected":false},"featured_media":3361,"template":"","meta":{"_acf_changed":false,"_seopress_robots_primary_cat":"","_seopress_titles_title":"","_seopress_titles_desc":"","_seopress_robots_index":"","_searchwp_excluded":"","_uag_custom_page_level_css":"","site-sidebar-layout":"default","site-content-layout":"default","ast-site-content-layout":"default","site-content-style":"default","site-sidebar-style":"default","ast-global-header-display":"","ast-banner-title-visibility":"","ast-main-header-display":"","ast-hfb-above-header-display":"","ast-hfb-below-header-display":"","ast-hfb-mobile-header-display":"","site-post-title":"","ast-breadcrumbs-content":"","ast-featured-img":"","footer-sml-layout":"","ast-disable-related-posts":"","theme-transparent-header-meta":"default","adv-header-id-meta":"","stick-header-meta":"default","header-above-stick-meta":"","header-main-stick-meta":"","header-below-stick-meta":"","astra-migrate-meta-layouts":"default","ast-page-background-enabled":"default","ast-page-background-meta":{"desktop":{"background-color":"","background-image":"","background-repeat":"repeat","background-position":"center center","background-size":"auto","background-attachment":"scroll","background-type":"","background-media":"","overlay-type":"","overlay-color":"","overlay-opacity":"","overlay-gradient":""},"tablet":{"background-color":"","background-image":"","background-repeat":"repeat","background-position":"center center","background-size":"auto","background-attachment":"scroll","background-type":"","background-media":"","overlay-type":"","overlay-color":"","overlay-opacity":"","overlay-gradient":""},"mobile":{"background-color":"","background-image":"","background-repeat":"repeat","background-position":"center center","background-size":"auto","background-attachment":"scroll","background-type":"","background-media":"","overlay-type":"","overlay-color":"","overlay-opacity":"","overlay-gradient":""}},"ast-content-background-meta":{"desktop":{"background-color":"var(--ast-global-color-5)","background-image":"","background-repeat":"repeat","background-position":"center center","background-size":"auto","background-attachment":"scroll","background-type":"","background-media":"","overlay-type":"","overlay-color":"","overlay-opacity":"","overlay-gradient":""},"tablet":{"background-color":"var(--ast-global-color-5)","background-image":"","background-repeat":"repeat","background-position":"center center","background-size":"auto","background-attachment":"scroll","background-type":"","background-media":"","overlay-type":"","overlay-color":"","overlay-opacity":"","overlay-gradient":""},"mobile":{"background-color":"var(--ast-global-color-5)","background-image":"","background-repeat":"repeat","background-position":"center center","background-size":"auto","background-attachment":"scroll","background-type":"","background-media":"","overlay-type":"","overlay-color":"","overlay-opacity":"","overlay-gradient":""}},"footnotes":""},"crop":[65,320,317],"disease":[],"pest":[44],"solution":[37],"class_list":["post-3346","product","type-product","status-publish","has-post-thumbnail","hentry","crop-herbs_ornamentals","crop-row_crops","crop-vegetables","pest-lepidoptera","solution-insecticides"],"acf":[],"uagb_featured_image_src":{"full":["https:\/\/www.andermatt.com\/wp-content\/uploads\/2021\/12\/Bio-Insecticides_Loopovir1.jpg",960,1280,false],"thumbnail":["https:\/\/www.andermatt.com\/wp-content\/uploads\/2021\/12\/Bio-Insecticides_Loopovir1-150x150.jpg",150,150,true],"medium":["https:\/\/www.andermatt.com\/wp-content\/uploads\/2021\/12\/Bio-Insecticides_Loopovir1-225x300.jpg",225,300,true],"medium_large":["https:\/\/www.andermatt.com\/wp-content\/uploads\/2021\/12\/Bio-Insecticides_Loopovir1-768x1024.jpg",768,1024,true],"large":["https:\/\/www.andermatt.com\/wp-content\/uploads\/2021\/12\/Bio-Insecticides_Loopovir1-768x1024.jpg",768,1024,true],"1536x1536":["https:\/\/www.andermatt.com\/wp-content\/uploads\/2021\/12\/Bio-Insecticides_Loopovir1.jpg",960,1280,false],"2048x2048":["https:\/\/www.andermatt.com\/wp-content\/uploads\/2021\/12\/Bio-Insecticides_Loopovir1.jpg",960,1280,false],"trp-custom-language-flag":["https:\/\/www.andermatt.com\/wp-content\/uploads\/2021\/12\/Bio-Insecticides_Loopovir1.jpg",9,12,false],"feature-size":["https:\/\/www.andermatt.com\/wp-content\/uploads\/2021\/12\/Bio-Insecticides_Loopovir1-660x315.jpg",660,315,true],"feature-size-gross":["https:\/\/www.andermatt.com\/wp-content\/uploads\/2021\/12\/Bio-Insecticides_Loopovir1-660x360.jpg",660,360,true],"header-size-small":["https:\/\/www.andermatt.com\/wp-content\/uploads\/2021\/12\/Bio-Insecticides_Loopovir1-960x350.jpg",960,350,true],"header-size":["https:\/\/www.andermatt.com\/wp-content\/uploads\/2021\/12\/Bio-Insecticides_Loopovir1-960x600.jpg",960,600,true],"mailpoet_newsletter_max":["https:\/\/www.andermatt.com\/wp-content\/uploads\/2021\/12\/Bio-Insecticides_Loopovir1.jpg",960,1280,false]},"uagb_author_info":{"display_name":"Michael Salzer","author_link":"https:\/\/www.andermatt.com\/fr\/author\/"},"uagb_comment_info":0,"uagb_excerpt":"Loopovir offers highly effective biological control of the soybean looper larvae by limiting feeding damage and controlling soybean looper populations. Due to its unique mode of action, Loopovir is also an important resistance management tool which can be included in any integrated pest management program (IPM). Conventional and organic growers will find Loopovir is a\u2026","_links":{"self":[{"href":"https:\/\/www.andermatt.com\/fr\/wp-json\/wp\/v2\/product\/3346","targetHints":{"allow":["GET"]}}],"collection":[{"href":"https:\/\/www.andermatt.com\/fr\/wp-json\/wp\/v2\/product"}],"about":[{"href":"https:\/\/www.andermatt.com\/fr\/wp-json\/wp\/v2\/types\/product"}],"version-history":[{"count":10,"href":"https:\/\/www.andermatt.com\/fr\/wp-json\/wp\/v2\/product\/3346\/revisions"}],"predecessor-version":[{"id":4234,"href":"https:\/\/www.andermatt.com\/fr\/wp-json\/wp\/v2\/product\/3346\/revisions\/4234"}],"wp:featuredmedia":[{"embeddable":true,"href":"https:\/\/www.andermatt.com\/fr\/wp-json\/wp\/v2\/media\/3361"}],"wp:attachment":[{"href":"https:\/\/www.andermatt.com\/fr\/wp-json\/wp\/v2\/media?parent=3346"}],"wp:term":[{"taxonomy":"crop","embeddable":true,"href":"https:\/\/www.andermatt.com\/fr\/wp-json\/wp\/v2\/crop?post=3346"},{"taxonomy":"disease","embeddable":true,"href":"https:\/\/www.andermatt.com\/fr\/wp-json\/wp\/v2\/disease?post=3346"},{"taxonomy":"pest","embeddable":true,"href":"https:\/\/www.andermatt.com\/fr\/wp-json\/wp\/v2\/pest?post=3346"},{"taxonomy":"solution","embeddable":true,"href":"https:\/\/www.andermatt.com\/fr\/wp-json\/wp\/v2\/solution?post=3346"}],"curies":[{"name":"wp","href":"https:\/\/api.w.org\/{rel}","templated":true}]}}