{"id":3344,"date":"2021-12-17T23:17:08","date_gmt":"2021-12-17T22:17:08","guid":{"rendered":"https:\/\/www.andermatt.com\/?post_type=product&#038;p=3344"},"modified":"2025-04-15T11:27:12","modified_gmt":"2025-04-15T09:27:12","slug":"spodovir-plus","status":"publish","type":"product","link":"https:\/\/www.andermatt.com\/fr\/produit\/spodovir-plus\/","title":{"rendered":"Spodovir Plus"},"content":{"rendered":"<p class=\"lead\">Spodovir Plus est une alternative biologique pour le contr\u00f4le de la l\u00e9gionnaire d'automne.&nbsp;<em>(Spodoptera frugiperda)<\/em>&nbsp;populations. En raison de son mode d'action unique, Spodovir Plus est un outil important de gestion de la r\u00e9sistance qui peut \u00eatre inclus dans tout programme de lutte int\u00e9gr\u00e9e (IPM). Les producteurs conventionnels et biologiques trouveront que Spodovir Plus est une arme pr\u00e9cieuse pour combattre cet important ravageur agricole et qu'il est \u00e9galement une formulation liquide facile \u00e0 utiliser.<\/p>\n\n\n\n<p><\/p>\n\n\n\n<figure class=\"wp-block-gallery has-nested-images columns-2 is-cropped wp-block-gallery-1 is-layout-flex wp-block-gallery-is-layout-flex\">\n<figure class=\"wp-block-image size-feature-size-gross\"><a href=\"https:\/\/www.andermatt.com\/wp-content\/uploads\/2021\/12\/Bio-Insecticides_Shodovir-Plus1-scaled.jpg\"><img decoding=\"async\" width=\"660\" height=\"360\" data-id=\"3375\" src=\"https:\/\/www.andermatt.com\/wp-content\/uploads\/2021\/12\/Bio-Insecticides_Shodovir-Plus1-660x360.jpg\" alt=\"\" class=\"wp-image-3375\"\/><\/a><\/figure>\n\n\n\n<figure class=\"wp-block-image size-feature-size-gross\"><a href=\"https:\/\/www.andermatt.com\/wp-content\/uploads\/2021\/12\/Bio-Insecticides_Spodovir-Plus2-scaled.jpg\"><img decoding=\"async\" width=\"660\" height=\"360\" data-id=\"3376\" src=\"https:\/\/www.andermatt.com\/wp-content\/uploads\/2021\/12\/Bio-Insecticides_Spodovir-Plus2-660x360.jpg\" alt=\"\" class=\"wp-image-3376\"\/><\/a><\/figure>\n<\/figure>\n\n\n\n<h3 class=\"wp-block-heading\">Avantages<\/h3>\n\n\n\n<ul class=\"list wp-block-list\"><li>Spodovir Plus est un excellent compl\u00e9ment \u00e0 un programme de lutte int\u00e9gr\u00e9e.<\/li><li>Spodovir Plus est compatible avec la plupart des pesticides courants et peut \u00eatre facilement m\u00e9lang\u00e9 en cuve, ce qui r\u00e9duit le besoin de passages suppl\u00e9mentaires sur le terrain.<\/li><li>Pour les produits d'exportation, Spodovir Plus permet une application en fin de saison pour prot\u00e9ger les cultures, car il n'a pas de limites maximales de r\u00e9sidus (LMR).<\/li><li>Offre un contr\u00f4le biologique tr\u00e8s efficace et ne nuit pas aux insectes utiles.<\/li><\/ul>\n\n\n\n<h3 class=\"wp-block-heading\">Information sur le ravageur<\/h3>\n\n\n\n<p><a href=\"https:\/\/www.andermatt.com\/fr\/produit\/littovir\/#fall-armyworm\">L\u00e9gionnaire d'automne&nbsp;<em>(Spodoptera frugiperda<\/em>)<\/a>&nbsp;<\/p>\n\n\n\n<p><\/p>","protected":false},"excerpt":{"rendered":"<p>Spodovir Plus est une alternative biologique pour le contr\u00f4le des populations de l\u00e9gionnaires d'automne (Spodoptera frugiperda). En raison de son mode d'action unique, Spodovir Plus est un outil important de gestion de la r\u00e9sistance qui peut \u00eatre inclus dans tout programme de lutte antiparasitaire int\u00e9gr\u00e9e (LAI). Les producteurs conventionnels et biologiques trouveront que Spodovir Plus est une arme pr\u00e9cieuse pour combattre cette importante ...<\/p>","protected":false},"featured_media":3375,"template":"","meta":{"_acf_changed":false,"_seopress_robots_primary_cat":"none","_seopress_titles_title":"","_seopress_titles_desc":"","_seopress_robots_index":"","_searchwp_excluded":"","_uag_custom_page_level_css":"","site-sidebar-layout":"default","site-content-layout":"default","ast-site-content-layout":"default","site-content-style":"default","site-sidebar-style":"default","ast-global-header-display":"","ast-banner-title-visibility":"","ast-main-header-display":"","ast-hfb-above-header-display":"","ast-hfb-below-header-display":"","ast-hfb-mobile-header-display":"","site-post-title":"","ast-breadcrumbs-content":"","ast-featured-img":"","footer-sml-layout":"","ast-disable-related-posts":"","theme-transparent-header-meta":"default","adv-header-id-meta":"","stick-header-meta":"default","header-above-stick-meta":"","header-main-stick-meta":"","header-below-stick-meta":"","astra-migrate-meta-layouts":"set","ast-page-background-enabled":"default","ast-page-background-meta":{"desktop":{"background-color":"","background-image":"","background-repeat":"repeat","background-position":"center center","background-size":"auto","background-attachment":"scroll","background-type":"","background-media":"","overlay-type":"","overlay-color":"","overlay-opacity":"","overlay-gradient":""},"tablet":{"background-color":"","background-image":"","background-repeat":"repeat","background-position":"center center","background-size":"auto","background-attachment":"scroll","background-type":"","background-media":"","overlay-type":"","overlay-color":"","overlay-opacity":"","overlay-gradient":""},"mobile":{"background-color":"","background-image":"","background-repeat":"repeat","background-position":"center center","background-size":"auto","background-attachment":"scroll","background-type":"","background-media":"","overlay-type":"","overlay-color":"","overlay-opacity":"","overlay-gradient":""}},"ast-content-background-meta":{"desktop":{"background-color":"var(--ast-global-color-5)","background-image":"","background-repeat":"repeat","background-position":"center center","background-size":"auto","background-attachment":"scroll","background-type":"","background-media":"","overlay-type":"","overlay-color":"","overlay-opacity":"","overlay-gradient":""},"tablet":{"background-color":"var(--ast-global-color-5)","background-image":"","background-repeat":"repeat","background-position":"center center","background-size":"auto","background-attachment":"scroll","background-type":"","background-media":"","overlay-type":"","overlay-color":"","overlay-opacity":"","overlay-gradient":""},"mobile":{"background-color":"var(--ast-global-color-5)","background-image":"","background-repeat":"repeat","background-position":"center center","background-size":"auto","background-attachment":"scroll","background-type":"","background-media":"","overlay-type":"","overlay-color":"","overlay-opacity":"","overlay-gradient":""}},"footnotes":""},"crop":[321,319,320,317],"disease":[],"pest":[44],"solution":[37],"class_list":["post-3344","product","type-product","status-publish","has-post-thumbnail","hentry","crop-nuts","crop-potatoes","crop-row_crops","crop-vegetables","pest-lepidoptera","solution-insecticides"],"acf":[],"uagb_featured_image_src":{"full":["https:\/\/www.andermatt.com\/wp-content\/uploads\/2021\/12\/Bio-Insecticides_Shodovir-Plus1-scaled.jpg",2400,1568,false],"thumbnail":["https:\/\/www.andermatt.com\/wp-content\/uploads\/2021\/12\/Bio-Insecticides_Shodovir-Plus1-150x150.jpg",150,150,true],"medium":["https:\/\/www.andermatt.com\/wp-content\/uploads\/2021\/12\/Bio-Insecticides_Shodovir-Plus1-300x196.jpg",300,196,true],"medium_large":["https:\/\/www.andermatt.com\/wp-content\/uploads\/2021\/12\/Bio-Insecticides_Shodovir-Plus1-768x501.jpg",768,501,true],"large":["https:\/\/www.andermatt.com\/wp-content\/uploads\/2021\/12\/Bio-Insecticides_Shodovir-Plus1-1024x669.jpg",1024,669,true],"1536x1536":["https:\/\/www.andermatt.com\/wp-content\/uploads\/2021\/12\/Bio-Insecticides_Shodovir-Plus1-1536x1003.jpg",1536,1003,true],"2048x2048":["https:\/\/www.andermatt.com\/wp-content\/uploads\/2021\/12\/Bio-Insecticides_Shodovir-Plus1-2048x1337.jpg",2048,1337,true],"trp-custom-language-flag":["https:\/\/www.andermatt.com\/wp-content\/uploads\/2021\/12\/Bio-Insecticides_Shodovir-Plus1-scaled.jpg",18,12,false],"feature-size":["https:\/\/www.andermatt.com\/wp-content\/uploads\/2021\/12\/Bio-Insecticides_Shodovir-Plus1-660x315.jpg",660,315,true],"feature-size-gross":["https:\/\/www.andermatt.com\/wp-content\/uploads\/2021\/12\/Bio-Insecticides_Shodovir-Plus1-660x360.jpg",660,360,true],"header-size-small":["https:\/\/www.andermatt.com\/wp-content\/uploads\/2021\/12\/Bio-Insecticides_Shodovir-Plus1-1000x350.jpg",1000,350,true],"header-size":["https:\/\/www.andermatt.com\/wp-content\/uploads\/2021\/12\/Bio-Insecticides_Shodovir-Plus1-2000x600.jpg",2000,600,true],"mailpoet_newsletter_max":["https:\/\/www.andermatt.com\/wp-content\/uploads\/2021\/12\/Bio-Insecticides_Shodovir-Plus1-1320x862.jpg",1320,862,true]},"uagb_author_info":{"display_name":"Donvae Hooker","author_link":"https:\/\/www.andermatt.com\/fr\/author\/"},"uagb_comment_info":0,"uagb_excerpt":"Spodovir Plus is a biological alternative for the control of fall armyworm&nbsp;(Spodoptera frugiperda)&nbsp;populations. Due to its unique mode of action, Spodovir Plus is an important resistance management tool which can be included in any integrated pest management program (IPM). Conventional and organic growers will find Spodovir Plus is a valuable weapon to combat this important\u2026","_links":{"self":[{"href":"https:\/\/www.andermatt.com\/fr\/wp-json\/wp\/v2\/product\/3344","targetHints":{"allow":["GET"]}}],"collection":[{"href":"https:\/\/www.andermatt.com\/fr\/wp-json\/wp\/v2\/product"}],"about":[{"href":"https:\/\/www.andermatt.com\/fr\/wp-json\/wp\/v2\/types\/product"}],"version-history":[{"count":10,"href":"https:\/\/www.andermatt.com\/fr\/wp-json\/wp\/v2\/product\/3344\/revisions"}],"predecessor-version":[{"id":7953,"href":"https:\/\/www.andermatt.com\/fr\/wp-json\/wp\/v2\/product\/3344\/revisions\/7953"}],"wp:featuredmedia":[{"embeddable":true,"href":"https:\/\/www.andermatt.com\/fr\/wp-json\/wp\/v2\/media\/3375"}],"wp:attachment":[{"href":"https:\/\/www.andermatt.com\/fr\/wp-json\/wp\/v2\/media?parent=3344"}],"wp:term":[{"taxonomy":"crop","embeddable":true,"href":"https:\/\/www.andermatt.com\/fr\/wp-json\/wp\/v2\/crop?post=3344"},{"taxonomy":"disease","embeddable":true,"href":"https:\/\/www.andermatt.com\/fr\/wp-json\/wp\/v2\/disease?post=3344"},{"taxonomy":"pest","embeddable":true,"href":"https:\/\/www.andermatt.com\/fr\/wp-json\/wp\/v2\/pest?post=3344"},{"taxonomy":"solution","embeddable":true,"href":"https:\/\/www.andermatt.com\/fr\/wp-json\/wp\/v2\/solution?post=3344"}],"curies":[{"name":"wp","href":"https:\/\/api.w.org\/{rel}","templated":true}]}}