{"id":3338,"date":"2021-12-17T23:13:01","date_gmt":"2021-12-17T22:13:01","guid":{"rendered":"https:\/\/www.andermatt.com\/?post_type=product&#038;p=3338"},"modified":"2025-05-20T14:14:47","modified_gmt":"2025-05-20T12:14:47","slug":"littovir","status":"publish","type":"product","link":"https:\/\/www.andermatt.com\/fr\/produit\/littovir\/","title":{"rendered":"Littovir"},"content":{"rendered":"<p class=\"lead\"><strong>Le Littovir est bas\u00e9 sur un virus insecticide naturel qui infecte et tue sp\u00e9cifiquement les larves de <em>Spodoptera<\/em> esp\u00e8ces.<\/strong><\/p>\n\n\n\n<p><\/p>\n\n\n\n<figure class=\"wp-block-gallery has-nested-images columns-2 is-cropped wp-block-gallery-1 is-layout-flex wp-block-gallery-is-layout-flex\">\n<figure class=\"wp-block-image size-large is-style-default\"><a href=\"https:\/\/www.andermatt.com\/wp-content\/uploads\/2022\/05\/mz00134.jpg\"><img decoding=\"async\" width=\"1024\" height=\"768\" data-id=\"4229\" src=\"https:\/\/www.andermatt.com\/wp-content\/uploads\/2022\/05\/mz00134-1024x768.jpg\" alt=\"\" class=\"wp-image-4229\" srcset=\"https:\/\/www.andermatt.com\/wp-content\/uploads\/2022\/05\/mz00134-1024x768.jpg 1024w, https:\/\/www.andermatt.com\/wp-content\/uploads\/2022\/05\/mz00134-300x225.jpg 300w, https:\/\/www.andermatt.com\/wp-content\/uploads\/2022\/05\/mz00134-768x576.jpg 768w, https:\/\/www.andermatt.com\/wp-content\/uploads\/2022\/05\/mz00134-1536x1152.jpg 1536w, https:\/\/www.andermatt.com\/wp-content\/uploads\/2022\/05\/mz00134-1320x990.jpg 1320w, https:\/\/www.andermatt.com\/wp-content\/uploads\/2022\/05\/mz00134.jpg 2048w\" sizes=\"(max-width: 1024px) 100vw, 1024px\" \/><\/a><figcaption class=\"wp-element-caption\">Spodoptera Littoralis<\/figcaption><\/figure>\n\n\n\n<figure class=\"wp-block-image size-feature-size-gross is-style-default\"><a href=\"https:\/\/www.andermatt.com\/wp-content\/uploads\/2021\/12\/Bio-Insecticides_Littovir1-scaled.jpg\"><img decoding=\"async\" width=\"660\" height=\"360\" data-id=\"3339\" src=\"https:\/\/www.andermatt.com\/wp-content\/uploads\/2021\/12\/Bio-Insecticides_Littovir1-660x360.jpg\" alt=\"\" class=\"wp-image-3339\"\/><\/a><figcaption class=\"wp-element-caption\"><em>Spodoptera frugiperda<\/em><\/figcaption><\/figure>\n<\/figure>\n\n\n\n<h3 class=\"wp-block-heading\" style=\"margin-top:var(--wp--preset--spacing--40);margin-bottom:var(--wp--preset--spacing--40)\">Avantages<\/h3>\n\n\n\n<ul class=\"wp-block-list\">\n<li>Le Littovir est un outil efficace de gestion de la r\u00e9sistance pour le contr\u00f4le durable d'un ravageur cl\u00e9 mondial pr\u00e9sentant une r\u00e9sistance \u00e9tendue \u00e0 de nombreuses substances actives.<\/li>\n\n\n\n<li>Le SpliNPV, principe actif du Littovir, est efficace contre plusieurs types de virus. <em>Spodoptera<\/em> esp\u00e8ces.<\/li>\n<\/ul>\n\n\n\n<h3 class=\"wp-block-heading\">Information sur le ravageur<\/h3>\n\n\n\n<p><em>Spodoptera littoralis<\/em>&nbsp;est l'un des l\u00e9pidopt\u00e8res ravageurs agricoles les plus destructeurs dans son aire de r\u00e9partition subtropicale et tropicale en Afrique et au Moyen-Orient. La gamme d'h\u00f4tes couvre plus de 40 familles de plantes, contenant au moins 87 esp\u00e8ces d'importance \u00e9conomique. <em>Spodoptera littoralis<\/em>&nbsp;Les larves pr\u00e9f\u00e8rent se nourrir de jeunes feuilles. Elles peuvent \u00e9galement se nourrir de jeunes pousses, de tiges, de capsules, de bourgeons et de fruits, et rongent souvent des trous qui permettent aux maladies de p\u00e9n\u00e9trer dans les tissus v\u00e9g\u00e9taux.<\/p>\n\n\n\n<p id=\"fall-armyworm\" class=\"translation-block\">&lt;La chenille l\u00e9gionnaire d&#039;automne (Spodoptera frugiperda) est un l\u00e9pidopt\u00e8re ravageur tr\u00e8s destructeur dans son aire de r\u00e9partition subtropicale et tropicale en Afrique et en Am\u00e9rique du Sud. En outre, il s&#039;agit d&#039;un ravageur important des prairies en Am\u00e9rique du Nord. L&#039;insecte a envahi l&#039;Afrique en 2016 et s&#039;est depuis r\u00e9pandu dans toute l&#039;Afrique sub-saharienne, faisant des ravages partout o\u00f9 il est apparu. Le ravageur peut se nourrir de plantes de nombreuses esp\u00e8ces diff\u00e9rentes dans diff\u00e9rentes familles, et montre une pr\u00e9f\u00e9rence pour les <em>Poaceae<\/em>, auxquelles appartiennent de nombreuses cultures \u00e9conomiquement importantes.  Lorsqu'il se nourrit de ma\u00efs, les \u0153ufs sont souvent d\u00e9pos\u00e9s dans le verticille des jeunes plants de ma\u00efs.<\/p>","protected":false},"excerpt":{"rendered":"<p>Littovir est bas\u00e9 sur un virus insecticide naturel qui infecte et tue sp\u00e9cifiquement les larves des esp\u00e8ces de Spodoptera. Avantages Informations sur le ravageur Spodoptera littoralis est l'un des l\u00e9pidopt\u00e8res ravageurs agricoles les plus destructeurs dans son aire de r\u00e9partition subtropicale et tropicale en Afrique et au Moyen-Orient. La gamme d'h\u00f4tes couvre plus de 40 familles de plantes, contenant au moins<\/p>","protected":false},"featured_media":4229,"template":"","meta":{"_acf_changed":false,"_seopress_robots_primary_cat":"none","_seopress_titles_title":"","_seopress_titles_desc":"","_seopress_robots_index":"","_searchwp_excluded":"","_uag_custom_page_level_css":"","site-sidebar-layout":"default","site-content-layout":"default","ast-site-content-layout":"default","site-content-style":"default","site-sidebar-style":"default","ast-global-header-display":"","ast-banner-title-visibility":"","ast-main-header-display":"","ast-hfb-above-header-display":"","ast-hfb-below-header-display":"","ast-hfb-mobile-header-display":"","site-post-title":"","ast-breadcrumbs-content":"","ast-featured-img":"","footer-sml-layout":"","ast-disable-related-posts":"","theme-transparent-header-meta":"default","adv-header-id-meta":"","stick-header-meta":"default","header-above-stick-meta":"","header-main-stick-meta":"","header-below-stick-meta":"","astra-migrate-meta-layouts":"set","ast-page-background-enabled":"default","ast-page-background-meta":{"desktop":{"background-color":"","background-image":"","background-repeat":"repeat","background-position":"center center","background-size":"auto","background-attachment":"scroll","background-type":"","background-media":"","overlay-type":"","overlay-color":"","overlay-opacity":"","overlay-gradient":""},"tablet":{"background-color":"","background-image":"","background-repeat":"repeat","background-position":"center center","background-size":"auto","background-attachment":"scroll","background-type":"","background-media":"","overlay-type":"","overlay-color":"","overlay-opacity":"","overlay-gradient":""},"mobile":{"background-color":"","background-image":"","background-repeat":"repeat","background-position":"center center","background-size":"auto","background-attachment":"scroll","background-type":"","background-media":"","overlay-type":"","overlay-color":"","overlay-opacity":"","overlay-gradient":""}},"ast-content-background-meta":{"desktop":{"background-color":"var(--ast-global-color-5)","background-image":"","background-repeat":"repeat","background-position":"center center","background-size":"auto","background-attachment":"scroll","background-type":"","background-media":"","overlay-type":"","overlay-color":"","overlay-opacity":"","overlay-gradient":""},"tablet":{"background-color":"var(--ast-global-color-5)","background-image":"","background-repeat":"repeat","background-position":"center center","background-size":"auto","background-attachment":"scroll","background-type":"","background-media":"","overlay-type":"","overlay-color":"","overlay-opacity":"","overlay-gradient":""},"mobile":{"background-color":"var(--ast-global-color-5)","background-image":"","background-repeat":"repeat","background-position":"center center","background-size":"auto","background-attachment":"scroll","background-type":"","background-media":"","overlay-type":"","overlay-color":"","overlay-opacity":"","overlay-gradient":""}},"footnotes":""},"crop":[316,65,321,319,320,317],"disease":[],"pest":[44],"solution":[37],"class_list":["post-3338","product","type-product","status-publish","has-post-thumbnail","hentry","crop-fruits-berries","crop-herbs_ornamentals","crop-nuts","crop-potatoes","crop-row_crops","crop-vegetables","pest-lepidoptera","solution-insecticides"],"acf":[],"uagb_featured_image_src":{"full":["https:\/\/www.andermatt.com\/wp-content\/uploads\/2022\/05\/mz00134.jpg",2048,1536,false],"thumbnail":["https:\/\/www.andermatt.com\/wp-content\/uploads\/2022\/05\/mz00134-150x150.jpg",150,150,true],"medium":["https:\/\/www.andermatt.com\/wp-content\/uploads\/2022\/05\/mz00134-300x225.jpg",300,225,true],"medium_large":["https:\/\/www.andermatt.com\/wp-content\/uploads\/2022\/05\/mz00134-768x576.jpg",768,576,true],"large":["https:\/\/www.andermatt.com\/wp-content\/uploads\/2022\/05\/mz00134-1024x768.jpg",1024,768,true],"1536x1536":["https:\/\/www.andermatt.com\/wp-content\/uploads\/2022\/05\/mz00134-1536x1152.jpg",1536,1152,true],"2048x2048":["https:\/\/www.andermatt.com\/wp-content\/uploads\/2022\/05\/mz00134.jpg",2048,1536,false],"trp-custom-language-flag":["https:\/\/www.andermatt.com\/wp-content\/uploads\/2022\/05\/mz00134.jpg",16,12,false],"feature-size":["https:\/\/www.andermatt.com\/wp-content\/uploads\/2022\/05\/mz00134-660x315.jpg",660,315,true],"feature-size-gross":["https:\/\/www.andermatt.com\/wp-content\/uploads\/2022\/05\/mz00134-660x360.jpg",660,360,true],"header-size-small":["https:\/\/www.andermatt.com\/wp-content\/uploads\/2022\/05\/mz00134-1000x350.jpg",1000,350,true],"header-size":["https:\/\/www.andermatt.com\/wp-content\/uploads\/2022\/05\/mz00134-2000x600.jpg",2000,600,true],"mailpoet_newsletter_max":["https:\/\/www.andermatt.com\/wp-content\/uploads\/2022\/05\/mz00134-1320x990.jpg",1320,990,true]},"uagb_author_info":{"display_name":"Donvae Hooker","author_link":"https:\/\/www.andermatt.com\/fr\/author\/"},"uagb_comment_info":0,"uagb_excerpt":"Littovir is based on a naturally occurring insecticidal virus that specifically infects and kills larvae of Spodoptera species. Benefits Pest Information Spodoptera littoralis&nbsp;is one of the most destructive agricultural lepidopteran pests within its subtropical and tropical range in Africa and the Middle East. The host range covers more than 40 plant families, containing at least\u2026","_links":{"self":[{"href":"https:\/\/www.andermatt.com\/fr\/wp-json\/wp\/v2\/product\/3338","targetHints":{"allow":["GET"]}}],"collection":[{"href":"https:\/\/www.andermatt.com\/fr\/wp-json\/wp\/v2\/product"}],"about":[{"href":"https:\/\/www.andermatt.com\/fr\/wp-json\/wp\/v2\/types\/product"}],"version-history":[{"count":23,"href":"https:\/\/www.andermatt.com\/fr\/wp-json\/wp\/v2\/product\/3338\/revisions"}],"predecessor-version":[{"id":8059,"href":"https:\/\/www.andermatt.com\/fr\/wp-json\/wp\/v2\/product\/3338\/revisions\/8059"}],"wp:featuredmedia":[{"embeddable":true,"href":"https:\/\/www.andermatt.com\/fr\/wp-json\/wp\/v2\/media\/4229"}],"wp:attachment":[{"href":"https:\/\/www.andermatt.com\/fr\/wp-json\/wp\/v2\/media?parent=3338"}],"wp:term":[{"taxonomy":"crop","embeddable":true,"href":"https:\/\/www.andermatt.com\/fr\/wp-json\/wp\/v2\/crop?post=3338"},{"taxonomy":"disease","embeddable":true,"href":"https:\/\/www.andermatt.com\/fr\/wp-json\/wp\/v2\/disease?post=3338"},{"taxonomy":"pest","embeddable":true,"href":"https:\/\/www.andermatt.com\/fr\/wp-json\/wp\/v2\/pest?post=3338"},{"taxonomy":"solution","embeddable":true,"href":"https:\/\/www.andermatt.com\/fr\/wp-json\/wp\/v2\/solution?post=3338"}],"curies":[{"name":"wp","href":"https:\/\/api.w.org\/{rel}","templated":true}]}}