{"id":3260,"date":"2021-12-15T17:42:48","date_gmt":"2021-12-15T16:42:48","guid":{"rendered":"https:\/\/www.andermatt.com\/?post_type=product&#038;p=3260"},"modified":"2025-04-15T11:22:55","modified_gmt":"2025-04-15T09:22:55","slug":"tutavir","status":"publish","type":"product","link":"https:\/\/www.andermatt.com\/fr\/produit\/tutavir\/","title":{"rendered":"Tutavir"},"content":{"rendered":"<p class=\"lead\">Tutavir contient un granulovirus Phthorimaea operculella (PhopGV) pour un contr\u00f4le tr\u00e8s efficace et s\u00e9lectif de la mineuse de la tomate. En raison de sa grande compatibilit\u00e9 avec les pollinisateurs, les auxiliaires et les autres intrants, Tutavir est le meilleur candidat pour les programmes de lutte int\u00e9gr\u00e9e. En raison de son mode d'action nouveau et unique, Tutavir est un outil important pour la gestion de la r\u00e9sistance dans les syst\u00e8mes de production conventionnels et biologiques.<\/p>\n\n\n\n<figure class=\"wp-block-gallery has-nested-images columns-2 is-cropped wp-block-gallery-1 is-layout-flex wp-block-gallery-is-layout-flex\">\n<figure class=\"wp-block-image size-feature-size-gross\"><a href=\"https:\/\/www.andermatt.com\/wp-content\/uploads\/2021\/12\/Bio-Insecticides_Tutavir3.jpg\"><img decoding=\"async\" width=\"660\" height=\"360\" data-id=\"3262\" src=\"https:\/\/www.andermatt.com\/wp-content\/uploads\/2021\/12\/Bio-Insecticides_Tutavir3-660x360.jpg\" alt=\"\" class=\"wp-image-3262\"\/><\/a><\/figure>\n\n\n\n<figure class=\"wp-block-image size-feature-size-gross\"><a href=\"https:\/\/www.andermatt.com\/wp-content\/uploads\/2021\/12\/Bio-Insecticides_Tutavir4.jpg\"><img decoding=\"async\" width=\"660\" height=\"360\" data-id=\"3263\" src=\"https:\/\/www.andermatt.com\/wp-content\/uploads\/2021\/12\/Bio-Insecticides_Tutavir4-660x360.jpg\" alt=\"\" class=\"wp-image-3263\"\/><\/a><\/figure>\n<\/figure>\n\n\n\n<h3 class=\"wp-block-heading\">Avantages<\/h3>\n\n\n\n<ul class=\"wp-block-list\">\n<li>En raison de sa grande compatibilit\u00e9, Tutavir est un outil particuli\u00e8rement pr\u00e9cieux pour l'int\u00e9gration dans les programmes de lutte contre les parasites utilisant des insectes utiles.<\/li>\n\n\n\n<li>Le Tutavir est un excellent outil de gestion de la r\u00e9sistance gr\u00e2ce \u00e0 son mode d'action nouveau et unique.<\/li>\n<\/ul>\n\n\n\n<h3 class=\"wp-block-heading\">Information sur le ravageur<\/h3>\n\n\n\n<p class=\"translation-block\">La mineuse de la tomate <em>Tuta absoluta<\/em> est un ravageur tr\u00e8s destructeur et difficile \u00e0 contr\u00f4ler. Originaire d'Am\u00e9rique du Sud, elle a \u00e9t\u00e9 d\u00e9couverte en Espagne en 2006 et s'est r\u00e9pandue dans toute la r\u00e9gion m\u00e9diterran\u00e9enne, mais aussi en Europe continentale, au Moyen-Orient et en Afrique. Les larves du ravageur creusent des mines dans les feuilles et les fruits, ce qui peut rapidement entra\u00eener la perte totale de la r\u00e9colte. De nombreuses populations de mineuses de la tomate sont r\u00e9sistantes \u00e0 un large \u00e9ventail de pesticides, tant chimiques que biologiques.<\/p>","protected":false},"excerpt":{"rendered":"<p>Tutavir contient un granulovirus Phthorimaea operculella (PhopGV) pour un contr\u00f4le tr\u00e8s efficace et s\u00e9lectif de la mineuse de la tomate. En raison de sa grande compatibilit\u00e9 avec les pollinisateurs, les auxiliaires et les autres intrants, Tutavir est le meilleur candidat pour les programmes de lutte int\u00e9gr\u00e9e. En raison de son mode d'action nouveau et unique, Tutavir est un outil important pour la gestion de la r\u00e9sistance ...<\/p>","protected":false},"featured_media":3262,"template":"","meta":{"_acf_changed":false,"_seopress_robots_primary_cat":"none","_seopress_titles_title":"","_seopress_titles_desc":"","_seopress_robots_index":"","_searchwp_excluded":"","_uag_custom_page_level_css":"","site-sidebar-layout":"default","site-content-layout":"default","ast-site-content-layout":"default","site-content-style":"default","site-sidebar-style":"default","ast-global-header-display":"","ast-banner-title-visibility":"","ast-main-header-display":"","ast-hfb-above-header-display":"","ast-hfb-below-header-display":"","ast-hfb-mobile-header-display":"","site-post-title":"","ast-breadcrumbs-content":"","ast-featured-img":"","footer-sml-layout":"","ast-disable-related-posts":"","theme-transparent-header-meta":"default","adv-header-id-meta":"","stick-header-meta":"default","header-above-stick-meta":"","header-main-stick-meta":"","header-below-stick-meta":"","astra-migrate-meta-layouts":"set","ast-page-background-enabled":"default","ast-page-background-meta":{"desktop":{"background-color":"","background-image":"","background-repeat":"repeat","background-position":"center center","background-size":"auto","background-attachment":"scroll","background-type":"","background-media":"","overlay-type":"","overlay-color":"","overlay-opacity":"","overlay-gradient":""},"tablet":{"background-color":"","background-image":"","background-repeat":"repeat","background-position":"center center","background-size":"auto","background-attachment":"scroll","background-type":"","background-media":"","overlay-type":"","overlay-color":"","overlay-opacity":"","overlay-gradient":""},"mobile":{"background-color":"","background-image":"","background-repeat":"repeat","background-position":"center center","background-size":"auto","background-attachment":"scroll","background-type":"","background-media":"","overlay-type":"","overlay-color":"","overlay-opacity":"","overlay-gradient":""}},"ast-content-background-meta":{"desktop":{"background-color":"var(--ast-global-color-5)","background-image":"","background-repeat":"repeat","background-position":"center center","background-size":"auto","background-attachment":"scroll","background-type":"","background-media":"","overlay-type":"","overlay-color":"","overlay-opacity":"","overlay-gradient":""},"tablet":{"background-color":"var(--ast-global-color-5)","background-image":"","background-repeat":"repeat","background-position":"center center","background-size":"auto","background-attachment":"scroll","background-type":"","background-media":"","overlay-type":"","overlay-color":"","overlay-opacity":"","overlay-gradient":""},"mobile":{"background-color":"var(--ast-global-color-5)","background-image":"","background-repeat":"repeat","background-position":"center center","background-size":"auto","background-attachment":"scroll","background-type":"","background-media":"","overlay-type":"","overlay-color":"","overlay-opacity":"","overlay-gradient":""}},"footnotes":""},"crop":[319,317],"disease":[],"pest":[44],"solution":[37],"class_list":["post-3260","product","type-product","status-publish","has-post-thumbnail","hentry","crop-potatoes","crop-vegetables","pest-lepidoptera","solution-insecticides"],"acf":[],"uagb_featured_image_src":{"full":["https:\/\/www.andermatt.com\/wp-content\/uploads\/2021\/12\/Bio-Insecticides_Tutavir3.jpg",749,500,false],"thumbnail":["https:\/\/www.andermatt.com\/wp-content\/uploads\/2021\/12\/Bio-Insecticides_Tutavir3-150x150.jpg",150,150,true],"medium":["https:\/\/www.andermatt.com\/wp-content\/uploads\/2021\/12\/Bio-Insecticides_Tutavir3-300x200.jpg",300,200,true],"medium_large":["https:\/\/www.andermatt.com\/wp-content\/uploads\/2021\/12\/Bio-Insecticides_Tutavir3.jpg",749,500,false],"large":["https:\/\/www.andermatt.com\/wp-content\/uploads\/2021\/12\/Bio-Insecticides_Tutavir3.jpg",749,500,false],"1536x1536":["https:\/\/www.andermatt.com\/wp-content\/uploads\/2021\/12\/Bio-Insecticides_Tutavir3.jpg",749,500,false],"2048x2048":["https:\/\/www.andermatt.com\/wp-content\/uploads\/2021\/12\/Bio-Insecticides_Tutavir3.jpg",749,500,false],"trp-custom-language-flag":["https:\/\/www.andermatt.com\/wp-content\/uploads\/2021\/12\/Bio-Insecticides_Tutavir3.jpg",18,12,false],"feature-size":["https:\/\/www.andermatt.com\/wp-content\/uploads\/2021\/12\/Bio-Insecticides_Tutavir3-660x315.jpg",660,315,true],"feature-size-gross":["https:\/\/www.andermatt.com\/wp-content\/uploads\/2021\/12\/Bio-Insecticides_Tutavir3-660x360.jpg",660,360,true],"header-size-small":["https:\/\/www.andermatt.com\/wp-content\/uploads\/2021\/12\/Bio-Insecticides_Tutavir3-749x350.jpg",749,350,true],"header-size":["https:\/\/www.andermatt.com\/wp-content\/uploads\/2021\/12\/Bio-Insecticides_Tutavir3.jpg",749,500,false],"mailpoet_newsletter_max":["https:\/\/www.andermatt.com\/wp-content\/uploads\/2021\/12\/Bio-Insecticides_Tutavir3.jpg",749,500,false]},"uagb_author_info":{"display_name":"Donvae Hooker","author_link":"https:\/\/www.andermatt.com\/fr\/author\/"},"uagb_comment_info":0,"uagb_excerpt":"Tutavir contains a Phthorimaea operculella granulovirus (PhopGV) for highly effective and selective control of the tomato leafminer. Due to its high compatibility with pollinators, beneficials and other inputs, Tutavir is the best candidate for integrated pest management programs. Because of its new and unique mode of action, Tutavir is an important tool for resistance management\u2026","_links":{"self":[{"href":"https:\/\/www.andermatt.com\/fr\/wp-json\/wp\/v2\/product\/3260","targetHints":{"allow":["GET"]}}],"collection":[{"href":"https:\/\/www.andermatt.com\/fr\/wp-json\/wp\/v2\/product"}],"about":[{"href":"https:\/\/www.andermatt.com\/fr\/wp-json\/wp\/v2\/types\/product"}],"version-history":[{"count":21,"href":"https:\/\/www.andermatt.com\/fr\/wp-json\/wp\/v2\/product\/3260\/revisions"}],"predecessor-version":[{"id":7952,"href":"https:\/\/www.andermatt.com\/fr\/wp-json\/wp\/v2\/product\/3260\/revisions\/7952"}],"wp:featuredmedia":[{"embeddable":true,"href":"https:\/\/www.andermatt.com\/fr\/wp-json\/wp\/v2\/media\/3262"}],"wp:attachment":[{"href":"https:\/\/www.andermatt.com\/fr\/wp-json\/wp\/v2\/media?parent=3260"}],"wp:term":[{"taxonomy":"crop","embeddable":true,"href":"https:\/\/www.andermatt.com\/fr\/wp-json\/wp\/v2\/crop?post=3260"},{"taxonomy":"disease","embeddable":true,"href":"https:\/\/www.andermatt.com\/fr\/wp-json\/wp\/v2\/disease?post=3260"},{"taxonomy":"pest","embeddable":true,"href":"https:\/\/www.andermatt.com\/fr\/wp-json\/wp\/v2\/pest?post=3260"},{"taxonomy":"solution","embeddable":true,"href":"https:\/\/www.andermatt.com\/fr\/wp-json\/wp\/v2\/solution?post=3260"}],"curies":[{"name":"wp","href":"https:\/\/api.w.org\/{rel}","templated":true}]}}