{"id":3240,"date":"2021-12-15T17:14:58","date_gmt":"2021-12-15T16:14:58","guid":{"rendered":"https:\/\/www.andermatt.com\/?post_type=product&#038;p=3240"},"modified":"2023-02-07T09:29:04","modified_gmt":"2023-02-07T08:29:04","slug":"spexit","status":"publish","type":"product","link":"https:\/\/www.andermatt.com\/fr\/produit\/spexit\/","title":{"rendered":"Spexit"},"content":{"rendered":"<p class=\"lead\">Ce bioinsecticide tr\u00e8s sp\u00e9cifique lutte efficacement contre les Noctuelle de la betterave.&nbsp;<em>(Spodoptera exigua)<\/em>&nbsp;sur diverses cultures en serre et en plein champ. L'utilisation de Spexit r\u00e9duit consid\u00e9rablement les dommages caus\u00e9s aux cultures et la population de ravageurs.<\/p>\n\n\n\n<figure class=\"wp-block-gallery has-nested-images columns-2 is-cropped wp-block-gallery-1 is-layout-flex wp-block-gallery-is-layout-flex\">\n<figure class=\"wp-block-image size-feature-size-gross is-style-default\"><a href=\"https:\/\/www.andermatt.com\/wp-content\/uploads\/2021\/12\/Bio-Insecticides_Spexit3.jpg\"><img decoding=\"async\" width=\"660\" height=\"360\" data-id=\"3252\" src=\"https:\/\/www.andermatt.com\/wp-content\/uploads\/2021\/12\/Bio-Insecticides_Spexit3-660x360.jpg\" alt=\"\" class=\"wp-image-3252\"\/><\/a><\/figure>\n\n\n\n<figure class=\"wp-block-image size-feature-size-gross is-style-default\"><a href=\"https:\/\/www.andermatt.com\/wp-content\/uploads\/2021\/12\/Bio-Insecticides_Spexit1-scaled.jpg\"><img decoding=\"async\" width=\"660\" height=\"360\" data-id=\"3241\" src=\"https:\/\/www.andermatt.com\/wp-content\/uploads\/2021\/12\/Bio-Insecticides_Spexit1-660x360.jpg\" alt=\"\" class=\"wp-image-3241\"\/><\/a><\/figure>\n<\/figure>\n\n\n\n<h3 class=\"wp-block-heading\">Avantages<\/h3>\n\n\n\n<ul class=\"wp-block-list\">\n<li>En raison de sa grande compatibilit\u00e9, Spexit est un outil particuli\u00e8rement pr\u00e9cieux pour l'int\u00e9gration dans les programmes de lutte contre les parasites utilisant des insectes utiles.<\/li>\n\n\n\n<li>Spexit offre plus de flexibilit\u00e9 pour le cultivateur. Aucun r\u00e9sidu et aucune p\u00e9riode de r\u00e9tention.<\/li>\n<\/ul>\n\n\n\n<h3 class=\"wp-block-heading\">Information sur le ravageur<\/h3>\n\n\n\n<p class=\"translation-block\">Les Noctuelle de la betterave <em>(Spodoptera exigua)<\/em> est l'une des esp\u00e8ces de ravageurs polyphages les plus destructrices d'importance \u00e9conomique mondiale. Les l\u00e9gionnaires de la betterave sont pr\u00e9sentes dans les r\u00e9gions chaudes des pays m\u00e9diterran\u00e9ens, d'Am\u00e9rique du Nord et d'Afrique et envahissent les r\u00e9gions septentrionales plus fra\u00eeches lorsque les temp\u00e9ratures le permettent. Les jeunes larves de la chenille l\u00e9gionnaire de la betterave se nourrissent de la surface inf\u00e9rieure des feuilles. Les larves adultes d\u00e9vorent compl\u00e8tement le feuillage, ne laissant que les nervures principales.<\/p>","protected":false},"excerpt":{"rendered":"<p>Ce bioinsecticide hautement sp\u00e9cifique lutte efficacement contre les chenilles l\u00e9gionnaires de la betterave (Spodoptera exigua) sur diverses cultures en serre et en plein champ. L'utilisation de Spexit r\u00e9duit consid\u00e9rablement les dommages aux cultures et la population de ravageurs. Avantages Informations sur le ravageur La chenille l\u00e9gionnaire de la betterave (Spodoptera exigua) est l'une des esp\u00e8ces de ravageurs polyphages les plus destructrices d'importance \u00e9conomique mondiale. Les chenilles l\u00e9gionnaires de la betterave sont pr\u00e9sentes dans les r\u00e9gions chaudes des pays ...<\/p>","protected":false},"featured_media":4163,"template":"","meta":{"_acf_changed":false,"_seopress_robots_primary_cat":"","_seopress_titles_title":"","_seopress_titles_desc":"","_seopress_robots_index":"","_searchwp_excluded":"","_uag_custom_page_level_css":"","site-sidebar-layout":"default","site-content-layout":"default","ast-site-content-layout":"default","site-content-style":"default","site-sidebar-style":"default","ast-global-header-display":"","ast-banner-title-visibility":"","ast-main-header-display":"","ast-hfb-above-header-display":"","ast-hfb-below-header-display":"","ast-hfb-mobile-header-display":"","site-post-title":"","ast-breadcrumbs-content":"","ast-featured-img":"","footer-sml-layout":"","ast-disable-related-posts":"","theme-transparent-header-meta":"default","adv-header-id-meta":"","stick-header-meta":"default","header-above-stick-meta":"","header-main-stick-meta":"","header-below-stick-meta":"","astra-migrate-meta-layouts":"default","ast-page-background-enabled":"default","ast-page-background-meta":{"desktop":{"background-color":"","background-image":"","background-repeat":"repeat","background-position":"center center","background-size":"auto","background-attachment":"scroll","background-type":"","background-media":"","overlay-type":"","overlay-color":"","overlay-opacity":"","overlay-gradient":""},"tablet":{"background-color":"","background-image":"","background-repeat":"repeat","background-position":"center center","background-size":"auto","background-attachment":"scroll","background-type":"","background-media":"","overlay-type":"","overlay-color":"","overlay-opacity":"","overlay-gradient":""},"mobile":{"background-color":"","background-image":"","background-repeat":"repeat","background-position":"center center","background-size":"auto","background-attachment":"scroll","background-type":"","background-media":"","overlay-type":"","overlay-color":"","overlay-opacity":"","overlay-gradient":""}},"ast-content-background-meta":{"desktop":{"background-color":"var(--ast-global-color-5)","background-image":"","background-repeat":"repeat","background-position":"center center","background-size":"auto","background-attachment":"scroll","background-type":"","background-media":"","overlay-type":"","overlay-color":"","overlay-opacity":"","overlay-gradient":""},"tablet":{"background-color":"var(--ast-global-color-5)","background-image":"","background-repeat":"repeat","background-position":"center center","background-size":"auto","background-attachment":"scroll","background-type":"","background-media":"","overlay-type":"","overlay-color":"","overlay-opacity":"","overlay-gradient":""},"mobile":{"background-color":"var(--ast-global-color-5)","background-image":"","background-repeat":"repeat","background-position":"center center","background-size":"auto","background-attachment":"scroll","background-type":"","background-media":"","overlay-type":"","overlay-color":"","overlay-opacity":"","overlay-gradient":""}},"footnotes":""},"crop":[316,320,317],"disease":[],"pest":[44],"solution":[37],"class_list":["post-3240","product","type-product","status-publish","has-post-thumbnail","hentry","crop-fruits-berries","crop-row_crops","crop-vegetables","pest-lepidoptera","solution-insecticides"],"acf":[],"uagb_featured_image_src":{"full":["https:\/\/www.andermatt.com\/wp-content\/uploads\/2021\/12\/Bild_Spexit.jpg",645,344,false],"thumbnail":["https:\/\/www.andermatt.com\/wp-content\/uploads\/2021\/12\/Bild_Spexit-150x150.jpg",150,150,true],"medium":["https:\/\/www.andermatt.com\/wp-content\/uploads\/2021\/12\/Bild_Spexit-300x160.jpg",300,160,true],"medium_large":["https:\/\/www.andermatt.com\/wp-content\/uploads\/2021\/12\/Bild_Spexit.jpg",645,344,false],"large":["https:\/\/www.andermatt.com\/wp-content\/uploads\/2021\/12\/Bild_Spexit.jpg",645,344,false],"1536x1536":["https:\/\/www.andermatt.com\/wp-content\/uploads\/2021\/12\/Bild_Spexit.jpg",645,344,false],"2048x2048":["https:\/\/www.andermatt.com\/wp-content\/uploads\/2021\/12\/Bild_Spexit.jpg",645,344,false],"trp-custom-language-flag":["https:\/\/www.andermatt.com\/wp-content\/uploads\/2021\/12\/Bild_Spexit.jpg",18,10,false],"feature-size":["https:\/\/www.andermatt.com\/wp-content\/uploads\/2021\/12\/Bild_Spexit-645x315.jpg",645,315,true],"feature-size-gross":["https:\/\/www.andermatt.com\/wp-content\/uploads\/2021\/12\/Bild_Spexit.jpg",645,344,false],"header-size-small":["https:\/\/www.andermatt.com\/wp-content\/uploads\/2021\/12\/Bild_Spexit.jpg",645,344,false],"header-size":["https:\/\/www.andermatt.com\/wp-content\/uploads\/2021\/12\/Bild_Spexit.jpg",645,344,false],"mailpoet_newsletter_max":["https:\/\/www.andermatt.com\/wp-content\/uploads\/2021\/12\/Bild_Spexit.jpg",645,344,false]},"uagb_author_info":{"display_name":"Alina Piven","author_link":"https:\/\/www.andermatt.com\/fr\/author\/"},"uagb_comment_info":0,"uagb_excerpt":"This highly specific bioinsecticide effectively controls beet armyworms&nbsp;(Spodoptera exigua)&nbsp;on various greenhouse and open field crops. The use of Spexit significantly reduces crop damage and pest population. Benefits Pest Information Beet armyworm&nbsp;(Spodoptera exigua)&nbsp;is one of the most destructive polyphagous pest species of worldwide economic importance. Beet armyworms occur in warmer regions of the Mediterranean countries, North\u2026","_links":{"self":[{"href":"https:\/\/www.andermatt.com\/fr\/wp-json\/wp\/v2\/product\/3240","targetHints":{"allow":["GET"]}}],"collection":[{"href":"https:\/\/www.andermatt.com\/fr\/wp-json\/wp\/v2\/product"}],"about":[{"href":"https:\/\/www.andermatt.com\/fr\/wp-json\/wp\/v2\/types\/product"}],"version-history":[{"count":28,"href":"https:\/\/www.andermatt.com\/fr\/wp-json\/wp\/v2\/product\/3240\/revisions"}],"predecessor-version":[{"id":6091,"href":"https:\/\/www.andermatt.com\/fr\/wp-json\/wp\/v2\/product\/3240\/revisions\/6091"}],"wp:featuredmedia":[{"embeddable":true,"href":"https:\/\/www.andermatt.com\/fr\/wp-json\/wp\/v2\/media\/4163"}],"wp:attachment":[{"href":"https:\/\/www.andermatt.com\/fr\/wp-json\/wp\/v2\/media?parent=3240"}],"wp:term":[{"taxonomy":"crop","embeddable":true,"href":"https:\/\/www.andermatt.com\/fr\/wp-json\/wp\/v2\/crop?post=3240"},{"taxonomy":"disease","embeddable":true,"href":"https:\/\/www.andermatt.com\/fr\/wp-json\/wp\/v2\/disease?post=3240"},{"taxonomy":"pest","embeddable":true,"href":"https:\/\/www.andermatt.com\/fr\/wp-json\/wp\/v2\/pest?post=3240"},{"taxonomy":"solution","embeddable":true,"href":"https:\/\/www.andermatt.com\/fr\/wp-json\/wp\/v2\/solution?post=3240"}],"curies":[{"name":"wp","href":"https:\/\/api.w.org\/{rel}","templated":true}]}}