{"id":3235,"date":"2021-12-15T17:01:35","date_gmt":"2021-12-15T16:01:35","guid":{"rendered":"https:\/\/www.andermatt.com\/?post_type=product&#038;p=3235"},"modified":"2025-05-06T12:27:12","modified_gmt":"2025-05-06T10:27:12","slug":"helicovex","status":"publish","type":"product","link":"https:\/\/www.andermatt.com\/fr\/produit\/helicovex\/","title":{"rendered":"Helicovex"},"content":{"rendered":"<p class=\"lead translation-block\">Helicovex est un larvicide hautement sp\u00e9cifique, qui agit par ingestion contre les larves d'Helicoverpa esp\u00e8ces. Cette technologie unique permet un contr\u00f4le efficace et durable de ces ravageurs.<\/p>\n\n\n\n<figure class=\"wp-block-gallery has-nested-images columns-2 is-cropped wp-block-gallery-1 is-layout-flex wp-block-gallery-is-layout-flex\">\n<figure class=\"wp-block-image size-feature-size-gross is-style-default\"><a href=\"https:\/\/www.andermatt.com\/wp-content\/uploads\/2021\/12\/Bio-Insecticides_Helicovex4.jpg\"><img decoding=\"async\" width=\"660\" height=\"360\" data-id=\"3322\" src=\"https:\/\/www.andermatt.com\/wp-content\/uploads\/2021\/12\/Bio-Insecticides_Helicovex4-660x360.jpg\" alt=\"\" class=\"wp-image-3322\"\/><\/a><\/figure>\n\n\n\n<figure class=\"wp-block-image size-feature-size-gross is-style-default\"><a href=\"https:\/\/www.andermatt.com\/wp-content\/uploads\/2021\/12\/Bio-Insecticides_Helicovex1-scaled.jpg\"><img decoding=\"async\" width=\"660\" height=\"360\" data-id=\"3236\" src=\"https:\/\/www.andermatt.com\/wp-content\/uploads\/2021\/12\/Bio-Insecticides_Helicovex1-660x360.jpg\" alt=\"\" class=\"wp-image-3236\"\/><\/a><\/figure>\n<\/figure>\n\n\n\n<h3 class=\"wp-block-heading\">Avantages<\/h3>\n\n\n\n<ul class=\"wp-block-list\">\n<li>Helicovex est un outil efficace pour le contr\u00f4le durable d'un ravageur cl\u00e9 mondial pr\u00e9sentant une r\u00e9sistance \u00e9tendue \u00e0 de nombreuses substances actives.<\/li>\n\n\n\n<li>La qualit\u00e9 la plus \u00e9lev\u00e9e au monde pour un produit contenant un virus Helicoverpa.<\/li>\n<\/ul>\n\n\n\n<figure class=\"wp-block-embed is-type-video is-provider-youtube wp-block-embed-youtube wp-embed-aspect-16-9 wp-has-aspect-ratio\"><div class=\"wp-block-embed__wrapper\">\n<iframe loading=\"lazy\" hcb-fetch-image-from=\"https:\/\/youtu.be\/_lMEd9IvLs4\" title=\"Infection virale par Helicoverpa Tomate\" width=\"500\" height=\"281\" src=\"https:\/\/www.youtube.com\/embed\/_lMEd9IvLs4?feature=oembed\" frameborder=\"0\" allow=\"accelerometer; autoplay; clipboard-write; encrypted-media; gyroscope; picture-in-picture; web-share\" referrerpolicy=\"strict-origin-when-cross-origin\" allowfullscreen><\/iframe>\n<\/div><\/figure>\n\n\n\n<h3 class=\"wp-block-heading\">Informations sur les parasites<\/h3>\n\n\n\n<p>Armig\u00e8re&nbsp;<em>(Helicoverpa armigera)<\/em>&nbsp;est un ravageur tr\u00e8s r\u00e9pandu et d'importance \u00e9conomique mondiale. Les larves sont extr\u00eamement polyphages et se nourrissent de diff\u00e9rentes structures v\u00e9g\u00e9tales, notamment les tiges, les feuilles, les capitules et les fruits. Le potentiel de reproduction \u00e9lev\u00e9 et la mobilit\u00e9 des papillons adultes sont des d\u00e9fis suppl\u00e9mentaires pour le contr\u00f4le de ce ravageur.<\/p>","protected":false},"excerpt":{"rendered":"<p>Helicovex est bas\u00e9 sur un virus insecticide naturel qui infecte et tue sp\u00e9cifiquement les larves du ver de la capsule du coton, du ver de l'\u00e9pi du ma\u00efs et d'autres esp\u00e8ces d'Helicoverpa. Cette technologie unique permet de lutter efficacement et durablement contre ces ravageurs. Avantages Informations sur le ravageur Le ver de la capsule du coton (Helicoverpa armigera) est un ravageur tr\u00e8s r\u00e9pandu d'importance \u00e9conomique mondiale. Les larves sont extr\u00eamement polyphages et se nourrissent de diff\u00e9rents types de plantes.<\/p>","protected":false},"featured_media":3236,"template":"","meta":{"_acf_changed":false,"_seopress_robots_primary_cat":"none","_seopress_titles_title":"","_seopress_titles_desc":"","_seopress_robots_index":"","_searchwp_excluded":"","_uag_custom_page_level_css":"","site-sidebar-layout":"default","site-content-layout":"default","ast-site-content-layout":"default","site-content-style":"default","site-sidebar-style":"default","ast-global-header-display":"","ast-banner-title-visibility":"","ast-main-header-display":"","ast-hfb-above-header-display":"","ast-hfb-below-header-display":"","ast-hfb-mobile-header-display":"","site-post-title":"","ast-breadcrumbs-content":"","ast-featured-img":"","footer-sml-layout":"","ast-disable-related-posts":"","theme-transparent-header-meta":"default","adv-header-id-meta":"","stick-header-meta":"default","header-above-stick-meta":"","header-main-stick-meta":"","header-below-stick-meta":"","astra-migrate-meta-layouts":"set","ast-page-background-enabled":"default","ast-page-background-meta":{"desktop":{"background-color":"","background-image":"","background-repeat":"repeat","background-position":"center center","background-size":"auto","background-attachment":"scroll","background-type":"","background-media":"","overlay-type":"","overlay-color":"","overlay-opacity":"","overlay-gradient":""},"tablet":{"background-color":"","background-image":"","background-repeat":"repeat","background-position":"center center","background-size":"auto","background-attachment":"scroll","background-type":"","background-media":"","overlay-type":"","overlay-color":"","overlay-opacity":"","overlay-gradient":""},"mobile":{"background-color":"","background-image":"","background-repeat":"repeat","background-position":"center center","background-size":"auto","background-attachment":"scroll","background-type":"","background-media":"","overlay-type":"","overlay-color":"","overlay-opacity":"","overlay-gradient":""}},"ast-content-background-meta":{"desktop":{"background-color":"var(--ast-global-color-5)","background-image":"","background-repeat":"repeat","background-position":"center center","background-size":"auto","background-attachment":"scroll","background-type":"","background-media":"","overlay-type":"","overlay-color":"","overlay-opacity":"","overlay-gradient":""},"tablet":{"background-color":"var(--ast-global-color-5)","background-image":"","background-repeat":"repeat","background-position":"center center","background-size":"auto","background-attachment":"scroll","background-type":"","background-media":"","overlay-type":"","overlay-color":"","overlay-opacity":"","overlay-gradient":""},"mobile":{"background-color":"var(--ast-global-color-5)","background-image":"","background-repeat":"repeat","background-position":"center center","background-size":"auto","background-attachment":"scroll","background-type":"","background-media":"","overlay-type":"","overlay-color":"","overlay-opacity":"","overlay-gradient":""}},"footnotes":""},"crop":[316,318,65,320,317],"disease":[],"pest":[44],"solution":[37],"class_list":["post-3235","product","type-product","status-publish","has-post-thumbnail","hentry","crop-fruits-berries","crop-grapes","crop-herbs_ornamentals","crop-row_crops","crop-vegetables","pest-lepidoptera","solution-insecticides"],"acf":[],"uagb_featured_image_src":{"full":["https:\/\/www.andermatt.com\/wp-content\/uploads\/2021\/12\/Bio-Insecticides_Helicovex1-scaled.jpg",2400,1602,false],"thumbnail":["https:\/\/www.andermatt.com\/wp-content\/uploads\/2021\/12\/Bio-Insecticides_Helicovex1-150x150.jpg",150,150,true],"medium":["https:\/\/www.andermatt.com\/wp-content\/uploads\/2021\/12\/Bio-Insecticides_Helicovex1-300x200.jpg",300,200,true],"medium_large":["https:\/\/www.andermatt.com\/wp-content\/uploads\/2021\/12\/Bio-Insecticides_Helicovex1-768x513.jpg",768,513,true],"large":["https:\/\/www.andermatt.com\/wp-content\/uploads\/2021\/12\/Bio-Insecticides_Helicovex1-1024x683.jpg",1024,683,true],"1536x1536":["https:\/\/www.andermatt.com\/wp-content\/uploads\/2021\/12\/Bio-Insecticides_Helicovex1-1536x1025.jpg",1536,1025,true],"2048x2048":["https:\/\/www.andermatt.com\/wp-content\/uploads\/2021\/12\/Bio-Insecticides_Helicovex1-2048x1367.jpg",2048,1367,true],"trp-custom-language-flag":["https:\/\/www.andermatt.com\/wp-content\/uploads\/2021\/12\/Bio-Insecticides_Helicovex1-scaled.jpg",18,12,false],"feature-size":["https:\/\/www.andermatt.com\/wp-content\/uploads\/2021\/12\/Bio-Insecticides_Helicovex1-660x315.jpg",660,315,true],"feature-size-gross":["https:\/\/www.andermatt.com\/wp-content\/uploads\/2021\/12\/Bio-Insecticides_Helicovex1-660x360.jpg",660,360,true],"header-size-small":["https:\/\/www.andermatt.com\/wp-content\/uploads\/2021\/12\/Bio-Insecticides_Helicovex1-1000x350.jpg",1000,350,true],"header-size":["https:\/\/www.andermatt.com\/wp-content\/uploads\/2021\/12\/Bio-Insecticides_Helicovex1-2000x600.jpg",2000,600,true],"mailpoet_newsletter_max":["https:\/\/www.andermatt.com\/wp-content\/uploads\/2021\/12\/Bio-Insecticides_Helicovex1-1320x881.jpg",1320,881,true]},"uagb_author_info":{"display_name":"Donvae Hooker","author_link":"https:\/\/www.andermatt.com\/fr\/author\/"},"uagb_comment_info":0,"uagb_excerpt":"Helicovex is based on a naturally occurring insecticidal virus that specifically infects and kills larvae of cotton bollworm, corn earworm and other&nbsp;Helicoverpa&nbsp;species. The unique technology allows efficient and sustainable control of these pests. Benefits Pest information Cotton bollworm&nbsp;(Helicoverpa armigera)&nbsp;is a widespread pest of global economic importance. The larvae are extremely polyphagous and feed on different\u2026","_links":{"self":[{"href":"https:\/\/www.andermatt.com\/fr\/wp-json\/wp\/v2\/product\/3235","targetHints":{"allow":["GET"]}}],"collection":[{"href":"https:\/\/www.andermatt.com\/fr\/wp-json\/wp\/v2\/product"}],"about":[{"href":"https:\/\/www.andermatt.com\/fr\/wp-json\/wp\/v2\/types\/product"}],"version-history":[{"count":27,"href":"https:\/\/www.andermatt.com\/fr\/wp-json\/wp\/v2\/product\/3235\/revisions"}],"predecessor-version":[{"id":8002,"href":"https:\/\/www.andermatt.com\/fr\/wp-json\/wp\/v2\/product\/3235\/revisions\/8002"}],"wp:featuredmedia":[{"embeddable":true,"href":"https:\/\/www.andermatt.com\/fr\/wp-json\/wp\/v2\/media\/3236"}],"wp:attachment":[{"href":"https:\/\/www.andermatt.com\/fr\/wp-json\/wp\/v2\/media?parent=3235"}],"wp:term":[{"taxonomy":"crop","embeddable":true,"href":"https:\/\/www.andermatt.com\/fr\/wp-json\/wp\/v2\/crop?post=3235"},{"taxonomy":"disease","embeddable":true,"href":"https:\/\/www.andermatt.com\/fr\/wp-json\/wp\/v2\/disease?post=3235"},{"taxonomy":"pest","embeddable":true,"href":"https:\/\/www.andermatt.com\/fr\/wp-json\/wp\/v2\/pest?post=3235"},{"taxonomy":"solution","embeddable":true,"href":"https:\/\/www.andermatt.com\/fr\/wp-json\/wp\/v2\/solution?post=3235"}],"curies":[{"name":"wp","href":"https:\/\/api.w.org\/{rel}","templated":true}]}}