{"id":3027,"date":"2021-12-15T16:18:52","date_gmt":"2021-12-15T15:18:52","guid":{"rendered":"https:\/\/www.andermatt.com\/?post_type=product&#038;p=3027"},"modified":"2023-02-07T09:25:38","modified_gmt":"2023-02-07T08:25:38","slug":"cryptex","status":"publish","type":"product","link":"https:\/\/www.andermatt.com\/fr\/produit\/cryptex\/","title":{"rendered":"Cryptex"},"content":{"rendered":"<p class=\"lead\">Cryptex est un produit \u00e0 base de granulovirus pour la lutte biologique contre le faux carpocapse (<em>Thaumatotibia leucotreta ;<\/em>&nbsp;anciennement&nbsp;<em>Cryptophlebia leucotreta<\/em>).<\/p>\n\n\n\n<figure class=\"wp-block-gallery has-nested-images columns-2 is-cropped wp-block-gallery-1 is-layout-flex wp-block-gallery-is-layout-flex\">\n<figure class=\"wp-block-image size-feature-size-gross is-style-default\"><a href=\"https:\/\/www.andermatt.com\/wp-content\/uploads\/2021\/12\/Bio-Insecticides_Cryptex2.jpg\"><img decoding=\"async\" width=\"660\" height=\"360\" data-id=\"3224\" src=\"https:\/\/www.andermatt.com\/wp-content\/uploads\/2021\/12\/Bio-Insecticides_Cryptex2-660x360.jpg\" alt=\"\" class=\"wp-image-3224\"\/><\/a><\/figure>\n\n\n\n<figure class=\"wp-block-image size-feature-size-gross is-style-default\"><a href=\"https:\/\/www.andermatt.com\/wp-content\/uploads\/2021\/12\/Bio-Insecticides_Cryptex1.jpg\"><img decoding=\"async\" width=\"660\" height=\"360\" data-id=\"3223\" src=\"https:\/\/www.andermatt.com\/wp-content\/uploads\/2021\/12\/Bio-Insecticides_Cryptex1-660x360.jpg\" alt=\"\" class=\"wp-image-3223\"\/><\/a><\/figure>\n<\/figure>\n\n\n\n<h3 class=\"wp-block-heading\">Avantages<\/h3>\n\n\n\n<ul class=\"wp-block-list\">\n<li>Il a \u00e9t\u00e9 d\u00e9montr\u00e9 que Cryptex contr\u00f4le les larves du faux carpocapse (FCM) sur diverses cultures.<\/li>\n\n\n\n<li>Cryptex est hautement compatible avec les m\u00e9langes de r\u00e9servoirs.<\/li>\n\n\n\n<li>Cryptex peut facilement \u00eatre int\u00e9gr\u00e9 dans les lutte int\u00e9gr\u00e9e et convient \u00e0 une production sans r\u00e9sidus.<\/li>\n\n\n\n<li>La FCM est un organisme de quarantaine pour de nombreuses cultures d'exportation comme les agrumes ou les avocats. Ainsi, l'utilisation de Cryptex dans les strat\u00e9gies de contr\u00f4le de la FCM devient un outil cl\u00e9 pour maintenir l'acc\u00e8s aux march\u00e9s d'exportation permettant d'adh\u00e9rer aux restrictions de r\u00e9sidus.<\/li>\n<\/ul>\n\n\n\n<h3 class=\"wp-block-heading\">Information sur le ravageur<\/h3>\n\n\n\n<p>Faux carpocapse (<em>Thaumatotibia leucotreta)<\/em>&nbsp;est pr\u00e9sente en Afrique sub-saharienne, et a \u00e9t\u00e9 r\u00e9cemment d\u00e9tect\u00e9e en Isra\u00ebl. Cette chenille extr\u00eamement polyphage se nourrit des fruits, en les p\u00e9n\u00e9trant, et peut causer des d\u00e9g\u00e2ts importants. La forte infestation par ce ravageur entra\u00eene souvent une chute spectaculaire des fruits et des pertes de rendement \u00e9lev\u00e9es. De plus, la pr\u00e9sence d'une seule larve de la chenille FCM dans les lots d'exp\u00e9dition vers les destinations d'exportation peut provoquer l'interdiction de futures exp\u00e9ditions vers ces march\u00e9s, ce qui entra\u00eene d'autres pertes \u00e9conomiques importantes.<\/p>","protected":false},"excerpt":{"rendered":"<p>Cryptex est une pr\u00e9paration de granulovirus pour la lutte biologique contre la fausse pyrale (Thaumatotibia leucotreta ; anciennement Cryptophlebia leucotreta). Avantages Informations sur le ravageur Le faux carpocapse (Thaumatotibia leucotreta) est pr\u00e9sent en Afrique subsaharienne et a r\u00e9cemment \u00e9t\u00e9 d\u00e9tect\u00e9 en Isra\u00ebl. Cette chenille extr\u00eamement polyphage se nourrit de fruits, en les p\u00e9n\u00e9trant, et peut causer des d\u00e9g\u00e2ts importants. La forte infestation par ...<\/p>","protected":false},"featured_media":3223,"template":"","meta":{"_acf_changed":false,"_seopress_robots_primary_cat":"","_seopress_titles_title":"","_seopress_titles_desc":"","_seopress_robots_index":"","_searchwp_excluded":"","_uag_custom_page_level_css":"","site-sidebar-layout":"default","site-content-layout":"default","ast-site-content-layout":"default","site-content-style":"default","site-sidebar-style":"default","ast-global-header-display":"","ast-banner-title-visibility":"","ast-main-header-display":"","ast-hfb-above-header-display":"","ast-hfb-below-header-display":"","ast-hfb-mobile-header-display":"","site-post-title":"","ast-breadcrumbs-content":"","ast-featured-img":"","footer-sml-layout":"","ast-disable-related-posts":"","theme-transparent-header-meta":"default","adv-header-id-meta":"","stick-header-meta":"default","header-above-stick-meta":"","header-main-stick-meta":"","header-below-stick-meta":"","astra-migrate-meta-layouts":"default","ast-page-background-enabled":"default","ast-page-background-meta":{"desktop":{"background-color":"","background-image":"","background-repeat":"repeat","background-position":"center center","background-size":"auto","background-attachment":"scroll","background-type":"","background-media":"","overlay-type":"","overlay-color":"","overlay-opacity":"","overlay-gradient":""},"tablet":{"background-color":"","background-image":"","background-repeat":"repeat","background-position":"center center","background-size":"auto","background-attachment":"scroll","background-type":"","background-media":"","overlay-type":"","overlay-color":"","overlay-opacity":"","overlay-gradient":""},"mobile":{"background-color":"","background-image":"","background-repeat":"repeat","background-position":"center center","background-size":"auto","background-attachment":"scroll","background-type":"","background-media":"","overlay-type":"","overlay-color":"","overlay-opacity":"","overlay-gradient":""}},"ast-content-background-meta":{"desktop":{"background-color":"var(--ast-global-color-5)","background-image":"","background-repeat":"repeat","background-position":"center center","background-size":"auto","background-attachment":"scroll","background-type":"","background-media":"","overlay-type":"","overlay-color":"","overlay-opacity":"","overlay-gradient":""},"tablet":{"background-color":"var(--ast-global-color-5)","background-image":"","background-repeat":"repeat","background-position":"center center","background-size":"auto","background-attachment":"scroll","background-type":"","background-media":"","overlay-type":"","overlay-color":"","overlay-opacity":"","overlay-gradient":""},"mobile":{"background-color":"var(--ast-global-color-5)","background-image":"","background-repeat":"repeat","background-position":"center center","background-size":"auto","background-attachment":"scroll","background-type":"","background-media":"","overlay-type":"","overlay-color":"","overlay-opacity":"","overlay-gradient":""}},"footnotes":""},"crop":[316,318,65,321,320,317],"disease":[],"pest":[44],"solution":[37],"class_list":["post-3027","product","type-product","status-publish","has-post-thumbnail","hentry","crop-fruits-berries","crop-grapes","crop-herbs_ornamentals","crop-nuts","crop-row_crops","crop-vegetables","pest-lepidoptera","solution-insecticides"],"acf":[],"uagb_featured_image_src":{"full":["https:\/\/www.andermatt.com\/wp-content\/uploads\/2021\/12\/Bio-Insecticides_Cryptex1.jpg",2048,1536,false],"thumbnail":["https:\/\/www.andermatt.com\/wp-content\/uploads\/2021\/12\/Bio-Insecticides_Cryptex1-150x150.jpg",150,150,true],"medium":["https:\/\/www.andermatt.com\/wp-content\/uploads\/2021\/12\/Bio-Insecticides_Cryptex1-300x225.jpg",300,225,true],"medium_large":["https:\/\/www.andermatt.com\/wp-content\/uploads\/2021\/12\/Bio-Insecticides_Cryptex1-768x576.jpg",768,576,true],"large":["https:\/\/www.andermatt.com\/wp-content\/uploads\/2021\/12\/Bio-Insecticides_Cryptex1-1024x768.jpg",1024,768,true],"1536x1536":["https:\/\/www.andermatt.com\/wp-content\/uploads\/2021\/12\/Bio-Insecticides_Cryptex1-1536x1152.jpg",1536,1152,true],"2048x2048":["https:\/\/www.andermatt.com\/wp-content\/uploads\/2021\/12\/Bio-Insecticides_Cryptex1.jpg",2048,1536,false],"trp-custom-language-flag":["https:\/\/www.andermatt.com\/wp-content\/uploads\/2021\/12\/Bio-Insecticides_Cryptex1.jpg",16,12,false],"feature-size":["https:\/\/www.andermatt.com\/wp-content\/uploads\/2021\/12\/Bio-Insecticides_Cryptex1-660x315.jpg",660,315,true],"feature-size-gross":["https:\/\/www.andermatt.com\/wp-content\/uploads\/2021\/12\/Bio-Insecticides_Cryptex1-660x360.jpg",660,360,true],"header-size-small":["https:\/\/www.andermatt.com\/wp-content\/uploads\/2021\/12\/Bio-Insecticides_Cryptex1-1000x350.jpg",1000,350,true],"header-size":["https:\/\/www.andermatt.com\/wp-content\/uploads\/2021\/12\/Bio-Insecticides_Cryptex1-2000x600.jpg",2000,600,true],"mailpoet_newsletter_max":["https:\/\/www.andermatt.com\/wp-content\/uploads\/2021\/12\/Bio-Insecticides_Cryptex1-1320x990.jpg",1320,990,true]},"uagb_author_info":{"display_name":"Alina Piven","author_link":"https:\/\/www.andermatt.com\/fr\/author\/"},"uagb_comment_info":0,"uagb_excerpt":"Cryptex is a granulovirus preparation for the biological control of the false codling moth (Thaumatotibia leucotreta;&nbsp;formerly&nbsp;Cryptophlebia leucotreta). Benefits Pest Information False codling moth (Thaumatotibia leucotreta)&nbsp;is present in Sub-Saharan Africa, and has recently been detected in Israel. This extremely polyphagous caterpillar feeds on fruits, by penetrating them, and can cause significant damage. The high infestation by\u2026","_links":{"self":[{"href":"https:\/\/www.andermatt.com\/fr\/wp-json\/wp\/v2\/product\/3027","targetHints":{"allow":["GET"]}}],"collection":[{"href":"https:\/\/www.andermatt.com\/fr\/wp-json\/wp\/v2\/product"}],"about":[{"href":"https:\/\/www.andermatt.com\/fr\/wp-json\/wp\/v2\/types\/product"}],"version-history":[{"count":28,"href":"https:\/\/www.andermatt.com\/fr\/wp-json\/wp\/v2\/product\/3027\/revisions"}],"predecessor-version":[{"id":9303,"href":"https:\/\/www.andermatt.com\/fr\/wp-json\/wp\/v2\/product\/3027\/revisions\/9303"}],"wp:featuredmedia":[{"embeddable":true,"href":"https:\/\/www.andermatt.com\/fr\/wp-json\/wp\/v2\/media\/3223"}],"wp:attachment":[{"href":"https:\/\/www.andermatt.com\/fr\/wp-json\/wp\/v2\/media?parent=3027"}],"wp:term":[{"taxonomy":"crop","embeddable":true,"href":"https:\/\/www.andermatt.com\/fr\/wp-json\/wp\/v2\/crop?post=3027"},{"taxonomy":"disease","embeddable":true,"href":"https:\/\/www.andermatt.com\/fr\/wp-json\/wp\/v2\/disease?post=3027"},{"taxonomy":"pest","embeddable":true,"href":"https:\/\/www.andermatt.com\/fr\/wp-json\/wp\/v2\/pest?post=3027"},{"taxonomy":"solution","embeddable":true,"href":"https:\/\/www.andermatt.com\/fr\/wp-json\/wp\/v2\/solution?post=3027"}],"curies":[{"name":"wp","href":"https:\/\/api.w.org\/{rel}","templated":true}]}}