{"id":3003,"date":"2021-11-17T10:07:04","date_gmt":"2021-11-17T09:07:04","guid":{"rendered":"https:\/\/www.andermatt.com\/?post_type=product&#038;p=3003"},"modified":"2022-09-08T14:50:21","modified_gmt":"2022-09-08T12:50:21","slug":"nematodes-entomopathogenes","status":"publish","type":"product","link":"https:\/\/www.andermatt.com\/fr\/produit\/nematodes-entomopathogenes\/","title":{"rendered":"N\u00e9matodes entomopathog\u00e8nes"},"content":{"rendered":"<p class=\"lead\">Les n\u00e9matodes entomopathog\u00e8nes sont pr\u00e9sents naturellement dans l'environnement en tant que parasites de nombreuses larves d'insectes. Le l\u00e2cher massif de ces n\u00e9matodes permet un contr\u00f4le efficace et curatif des principaux insectes nuisibles dans une large gamme de cultures.<\/p>\n\n\n\n<figure class=\"wp-block-gallery has-nested-images columns-default is-cropped wp-block-gallery-1 is-layout-flex wp-block-gallery-is-layout-flex\">\n<figure class=\"wp-block-image size-feature-size-gross\"><a href=\"https:\/\/www.andermatt.com\/wp-content\/uploads\/2021\/11\/steinernema-feltiae-scaled.jpg\"><img decoding=\"async\" width=\"660\" height=\"360\" data-id=\"3517\" src=\"https:\/\/www.andermatt.com\/wp-content\/uploads\/2021\/11\/steinernema-feltiae-660x360.jpg\" alt=\"\" class=\"wp-image-3517\"\/><\/a><\/figure>\n\n\n\n<figure class=\"wp-block-image size-feature-size-gross\"><a href=\"https:\/\/www.andermatt.com\/wp-content\/uploads\/2021\/02\/codling-moth_3_big.jpg\"><img decoding=\"async\" width=\"660\" height=\"360\" data-id=\"1710\" src=\"https:\/\/www.andermatt.com\/wp-content\/uploads\/2021\/02\/codling-moth_3_big-660x360.jpg\" alt=\"\" class=\"wp-image-1710\"\/><\/a><\/figure>\n<\/figure>\n\n\n\n<h3 class=\"wp-block-heading\">Mode d'action<\/h3>\n\n\n\n<p>Une fois lib\u00e9r\u00e9s, les n\u00e9matodes recherchent activement leurs insectes h\u00f4tes. Lorsqu'un h\u00f4te a \u00e9t\u00e9 localis\u00e9, les n\u00e9matodes p\u00e9n\u00e8trent dans l'insecte par les ouvertures du corps et lib\u00e8rent des bact\u00e9ries symbiotiques qui se multiplient et tuent rapidement l'insecte. Ensuite, les n\u00e9matodes se nourrissent de l'h\u00f4te et deviennent des adultes, qui s'accouplent et produisent la g\u00e9n\u00e9ration suivante. Le cycle de vie s'ach\u00e8ve en quelques semaines et des centaines de milliers de n\u00e9matodes \u00e9mergent \u00e0 la recherche de nouveaux h\u00f4tes.<\/p>\n\n\n\n<p>Persistance dans le sol. Chez certaines esp\u00e8ces, les larves de ravageurs infect\u00e9es par les n\u00e9matodes prennent une couleur rouge ou brune caract\u00e9ristique, ce qui permet d'identifier facilement l'activit\u00e9. En l'absence de nouveaux h\u00f4tes, la population de n\u00e9matodes diminue rapidement.<\/p>\n\n\n\n<h3 class=\"wp-block-heading\">Principaux ravageurs vis\u00e9s<\/h3>\n\n\n\n<figure class=\"wp-block-table\"><table><tbody><tr><td><em>Steinernema carpocapsae<\/em><\/td><td>Charan\u00e7on rouge du palmier (<em>Rhynchophorus ferrugineus<\/em>)<br>Les larves du carpocapse de la pomme (<em>Cydia pomonella<\/em>)<br>Les grillons taupes (<em>Gryllotalpa gryllotalpa<\/em>)<br>Les mouches de la grue (<em>Tipula spp.<\/em>)<br>Les vers gris (<em>Agrotis spp.<\/em>)<br>Pyralide des marais du sud de l'Europe (<em>Duponchelia fovealis<\/em>)<\/td><\/tr><tr><td><em>Steinernema feltiae<\/em><\/td><td>Les larves du carpocapse de la pomme (<em>Cydia pomonella<\/em>)<br>Les mouches sciarides (<em>Sciaridae<\/em>)<br>Thrips et mineuses des feuilles<\/td><\/tr><tr><td><em>Heterorhabditis bacteriophora<\/em><\/td><td>Charan\u00e7on noir de la vigne (<em>Otiorhynchus sulcatus<\/em>)<br>Hanneton de jardin (<em>Phyllopertha horticola<\/em>)<br>Hanneton gallois (<em>Hoplia spp.<\/em>)<br>Le bousier (<em>Aphodius spp.<\/em>)<br>Chenille occidentale des racines du ma\u00efs<em> (Diabrotica virgifera<\/em>)<br>Le foreur du noisetier (<em>Balaninus nucum<\/em>)<br>Pyrale du ch\u00e2taignier (<em>Cydia splendana)<\/em><br>Pyrale du h\u00eatre (<em>Cydia fagiglandana<\/em>)<\/td><\/tr><\/tbody><\/table><\/figure>\n\n\n\n<h3 class=\"wp-block-heading\">Avantages<\/h3>\n\n\n\n<ul class=\"wp-block-list\"><li>Contr\u00f4le efficace et rapide des larves de parasites<\/li><li>Lutte antiparasitaire sans r\u00e9sidu<\/li><li>Pas de temps de rentr\u00e9e<\/li><li>Produit naturel sans danger pour les utilisateurs, les consommateurs et l'environnement<\/li><li>Am\u00e9lioration de la gestion de la r\u00e9sistance aux parasites<\/li><li>Compatible avec d'autres syst\u00e8mes biologiques et IPM<\/li><li>Application facile \u00e0 l'aide de pulv\u00e9risateurs, de syst\u00e8mes d'irrigation par aspersion ou d'arrosage.<\/li><\/ul>","protected":false},"excerpt":{"rendered":"<p>Les n\u00e9matodes entomopathog\u00e8nes sont pr\u00e9sents naturellement dans l'environnement en tant que parasites de nombreuses larves d'insectes. La lib\u00e9ration massive de ces n\u00e9matodes permet un contr\u00f4le efficace et curatif des principaux insectes nuisibles dans une large gamme de cultures. Mode d'action Une fois lib\u00e9r\u00e9s, les n\u00e9matodes recherchent activement leurs insectes h\u00f4tes. Lorsqu'un h\u00f4te a \u00e9t\u00e9 localis\u00e9, les n\u00e9matodes ...<\/p>","protected":false},"featured_media":3517,"template":"","meta":{"_acf_changed":false,"_seopress_robots_primary_cat":"","_seopress_titles_title":"","_seopress_titles_desc":"","_seopress_robots_index":"","_searchwp_excluded":"","_uag_custom_page_level_css":"","site-sidebar-layout":"default","site-content-layout":"","ast-site-content-layout":"default","site-content-style":"default","site-sidebar-style":"default","ast-global-header-display":"","ast-banner-title-visibility":"","ast-main-header-display":"","ast-hfb-above-header-display":"","ast-hfb-below-header-display":"","ast-hfb-mobile-header-display":"","site-post-title":"","ast-breadcrumbs-content":"","ast-featured-img":"","footer-sml-layout":"","ast-disable-related-posts":"","theme-transparent-header-meta":"","adv-header-id-meta":"","stick-header-meta":"","header-above-stick-meta":"","header-main-stick-meta":"","header-below-stick-meta":"","astra-migrate-meta-layouts":"default","ast-page-background-enabled":"default","ast-page-background-meta":{"desktop":{"background-color":"","background-image":"","background-repeat":"repeat","background-position":"center center","background-size":"auto","background-attachment":"scroll","background-type":"","background-media":"","overlay-type":"","overlay-color":"","overlay-opacity":"","overlay-gradient":""},"tablet":{"background-color":"","background-image":"","background-repeat":"repeat","background-position":"center center","background-size":"auto","background-attachment":"scroll","background-type":"","background-media":"","overlay-type":"","overlay-color":"","overlay-opacity":"","overlay-gradient":""},"mobile":{"background-color":"","background-image":"","background-repeat":"repeat","background-position":"center center","background-size":"auto","background-attachment":"scroll","background-type":"","background-media":"","overlay-type":"","overlay-color":"","overlay-opacity":"","overlay-gradient":""}},"ast-content-background-meta":{"desktop":{"background-color":"var(--ast-global-color-5)","background-image":"","background-repeat":"repeat","background-position":"center center","background-size":"auto","background-attachment":"scroll","background-type":"","background-media":"","overlay-type":"","overlay-color":"","overlay-opacity":"","overlay-gradient":""},"tablet":{"background-color":"var(--ast-global-color-5)","background-image":"","background-repeat":"repeat","background-position":"center center","background-size":"auto","background-attachment":"scroll","background-type":"","background-media":"","overlay-type":"","overlay-color":"","overlay-opacity":"","overlay-gradient":""},"mobile":{"background-color":"var(--ast-global-color-5)","background-image":"","background-repeat":"repeat","background-position":"center center","background-size":"auto","background-attachment":"scroll","background-type":"","background-media":"","overlay-type":"","overlay-color":"","overlay-opacity":"","overlay-gradient":""}},"footnotes":""},"crop":[316,318,65,321,320,317],"disease":[],"pest":[326,44,59],"solution":[309,42],"class_list":["post-3003","product","type-product","status-publish","has-post-thumbnail","hentry","crop-fruits-berries","crop-grapes","crop-herbs_ornamentals","crop-nuts","crop-row_crops","crop-vegetables","pest-fruit-flies","pest-lepidoptera","pest-thrips","solution-entomopathogenic-nematodes","solution-macroorganisms"],"acf":[],"uagb_featured_image_src":{"full":["https:\/\/www.andermatt.com\/wp-content\/uploads\/2021\/11\/steinernema-feltiae-scaled.jpg",2400,600,false],"thumbnail":["https:\/\/www.andermatt.com\/wp-content\/uploads\/2021\/11\/steinernema-feltiae-150x150.jpg",150,150,true],"medium":["https:\/\/www.andermatt.com\/wp-content\/uploads\/2021\/11\/steinernema-feltiae-300x75.jpg",300,75,true],"medium_large":["https:\/\/www.andermatt.com\/wp-content\/uploads\/2021\/11\/steinernema-feltiae-768x192.jpg",768,192,true],"large":["https:\/\/www.andermatt.com\/wp-content\/uploads\/2021\/11\/steinernema-feltiae-1024x256.jpg",1024,256,true],"1536x1536":["https:\/\/www.andermatt.com\/wp-content\/uploads\/2021\/11\/steinernema-feltiae-1536x384.jpg",1536,384,true],"2048x2048":["https:\/\/www.andermatt.com\/wp-content\/uploads\/2021\/11\/steinernema-feltiae-2048x512.jpg",2048,512,true],"trp-custom-language-flag":["https:\/\/www.andermatt.com\/wp-content\/uploads\/2021\/11\/steinernema-feltiae-scaled.jpg",18,5,false],"feature-size":["https:\/\/www.andermatt.com\/wp-content\/uploads\/2021\/11\/steinernema-feltiae-660x315.jpg",660,315,true],"feature-size-gross":["https:\/\/www.andermatt.com\/wp-content\/uploads\/2021\/11\/steinernema-feltiae-660x360.jpg",660,360,true],"header-size-small":["https:\/\/www.andermatt.com\/wp-content\/uploads\/2021\/11\/steinernema-feltiae-1000x350.jpg",1000,350,true],"header-size":["https:\/\/www.andermatt.com\/wp-content\/uploads\/2021\/11\/steinernema-feltiae-2000x600.jpg",2000,600,true],"mailpoet_newsletter_max":["https:\/\/www.andermatt.com\/wp-content\/uploads\/2021\/11\/steinernema-feltiae-1320x330.jpg",1320,330,true]},"uagb_author_info":{"display_name":"Alina Piven","author_link":"https:\/\/www.andermatt.com\/fr\/author\/"},"uagb_comment_info":0,"uagb_excerpt":"Entomopathogenic nematodes occur naturally in the environment as parasites of many insect larvae. The mass release of these nematodes provides an efficient and curative control of key insect pests in a wide range of crops. Mode of action Once released, nematodes actively seek out their insect hosts. When a host has been located, the nematodes\u2026","_links":{"self":[{"href":"https:\/\/www.andermatt.com\/fr\/wp-json\/wp\/v2\/product\/3003","targetHints":{"allow":["GET"]}}],"collection":[{"href":"https:\/\/www.andermatt.com\/fr\/wp-json\/wp\/v2\/product"}],"about":[{"href":"https:\/\/www.andermatt.com\/fr\/wp-json\/wp\/v2\/types\/product"}],"version-history":[{"count":11,"href":"https:\/\/www.andermatt.com\/fr\/wp-json\/wp\/v2\/product\/3003\/revisions"}],"predecessor-version":[{"id":4408,"href":"https:\/\/www.andermatt.com\/fr\/wp-json\/wp\/v2\/product\/3003\/revisions\/4408"}],"wp:featuredmedia":[{"embeddable":true,"href":"https:\/\/www.andermatt.com\/fr\/wp-json\/wp\/v2\/media\/3517"}],"wp:attachment":[{"href":"https:\/\/www.andermatt.com\/fr\/wp-json\/wp\/v2\/media?parent=3003"}],"wp:term":[{"taxonomy":"crop","embeddable":true,"href":"https:\/\/www.andermatt.com\/fr\/wp-json\/wp\/v2\/crop?post=3003"},{"taxonomy":"disease","embeddable":true,"href":"https:\/\/www.andermatt.com\/fr\/wp-json\/wp\/v2\/disease?post=3003"},{"taxonomy":"pest","embeddable":true,"href":"https:\/\/www.andermatt.com\/fr\/wp-json\/wp\/v2\/pest?post=3003"},{"taxonomy":"solution","embeddable":true,"href":"https:\/\/www.andermatt.com\/fr\/wp-json\/wp\/v2\/solution?post=3003"}],"curies":[{"name":"wp","href":"https:\/\/api.w.org\/{rel}","templated":true}]}}