{"id":2858,"date":"2021-11-10T10:59:18","date_gmt":"2021-11-10T09:59:18","guid":{"rendered":"https:\/\/www.andermatt.com\/?post_type=product&#038;p=2858"},"modified":"2022-09-08T14:52:21","modified_gmt":"2022-09-08T12:52:21","slug":"adalia-bipunctata","status":"publish","type":"product","link":"https:\/\/www.andermatt.com\/fr\/produit\/adalia-bipunctata\/","title":{"rendered":"Adalia bipunctata"},"content":{"rendered":"<p class=\"lead\">Larves et adultes de coccinelles \u00e0 deux points contre les pucerons.<\/p>\n\n\n\n<figure class=\"wp-block-gallery has-nested-images columns-default is-cropped wp-block-gallery-1 is-layout-flex wp-block-gallery-is-layout-flex\">\n<figure class=\"wp-block-image size-feature-size-gross\"><a href=\"https:\/\/www.andermatt.com\/wp-content\/uploads\/2021\/11\/adalia-bipunctata_3_big.jpg\"><img decoding=\"async\" width=\"660\" height=\"360\" data-id=\"2860\" src=\"https:\/\/www.andermatt.com\/wp-content\/uploads\/2021\/11\/adalia-bipunctata_3_big-660x360.jpg\" alt=\"\" class=\"wp-image-2860\"\/><\/a><\/figure>\n\n\n\n<figure class=\"wp-block-image size-feature-size-gross\"><a href=\"https:\/\/www.andermatt.com\/wp-content\/uploads\/2021\/11\/adalia-bipunctata_2_big.jpg\"><img decoding=\"async\" width=\"660\" height=\"360\" data-id=\"2861\" src=\"https:\/\/www.andermatt.com\/wp-content\/uploads\/2021\/11\/adalia-bipunctata_2_big-660x360.jpg\" alt=\"\" class=\"wp-image-2861\"\/><\/a><\/figure>\n\n\n\n<figure class=\"wp-block-image size-feature-size-gross\"><a href=\"https:\/\/www.andermatt.com\/wp-content\/uploads\/2021\/11\/adalia-bipunctata_1_big.jpg\"><img decoding=\"async\" width=\"660\" height=\"360\" data-id=\"2862\" src=\"https:\/\/www.andermatt.com\/wp-content\/uploads\/2021\/11\/adalia-bipunctata_1_big-660x360.jpg\" alt=\"\" class=\"wp-image-2862\"\/><\/a><\/figure>\n<\/figure>\n\n\n\n<h3 class=\"wp-block-heading\">Mode d'action<\/h3>\n\n\n\n<p><em>Adalia bipunctata<\/em> - une coccinelle indig\u00e8ne - est un pr\u00e9dateur de pucerons tr\u00e8s actif. Les coccinelles Adalia se d\u00e9veloppent \u00e0 partir de minuscules \u0153ufs et passent par plusieurs stades larvaires et un stade nymphal avant d'\u00e9merger sous forme de coccinelles \u00e0 deux points. Les larves ou les adultes peuvent \u00eatre utilis\u00e9s pour lutter efficacement contre les pucerons sur le concombre, le paprika, les herbes \u00e9pic\u00e9es et d'autres cultures.<\/p>","protected":false},"excerpt":{"rendered":"<p>Larves et adultes de coccinelles \u00e0 deux points contre les pucerons. Mode d'action Adalia bipunctata - une coccinelle indig\u00e8ne - est un pr\u00e9dateur de pucerons tr\u00e8s actif. Les coccinelles Adalia se d\u00e9veloppent \u00e0 partir de minuscules \u0153ufs et passent par plusieurs stades larvaires et un stade nymphal avant d'\u00e9merger en tant que coccinelles \u00e0 deux points. Les larves ou les adultes peuvent \u00eatre utilis\u00e9s pour une lutte efficace ...<\/p>","protected":false},"featured_media":2863,"template":"","meta":{"_acf_changed":false,"_seopress_robots_primary_cat":"","_seopress_titles_title":"","_seopress_titles_desc":"","_seopress_robots_index":"","_searchwp_excluded":"","_uag_custom_page_level_css":"","site-sidebar-layout":"default","site-content-layout":"","ast-site-content-layout":"default","site-content-style":"default","site-sidebar-style":"default","ast-global-header-display":"","ast-banner-title-visibility":"","ast-main-header-display":"","ast-hfb-above-header-display":"","ast-hfb-below-header-display":"","ast-hfb-mobile-header-display":"","site-post-title":"","ast-breadcrumbs-content":"","ast-featured-img":"","footer-sml-layout":"","ast-disable-related-posts":"","theme-transparent-header-meta":"","adv-header-id-meta":"","stick-header-meta":"","header-above-stick-meta":"","header-main-stick-meta":"","header-below-stick-meta":"","astra-migrate-meta-layouts":"default","ast-page-background-enabled":"default","ast-page-background-meta":{"desktop":{"background-color":"","background-image":"","background-repeat":"repeat","background-position":"center center","background-size":"auto","background-attachment":"scroll","background-type":"","background-media":"","overlay-type":"","overlay-color":"","overlay-opacity":"","overlay-gradient":""},"tablet":{"background-color":"","background-image":"","background-repeat":"repeat","background-position":"center center","background-size":"auto","background-attachment":"scroll","background-type":"","background-media":"","overlay-type":"","overlay-color":"","overlay-opacity":"","overlay-gradient":""},"mobile":{"background-color":"","background-image":"","background-repeat":"repeat","background-position":"center center","background-size":"auto","background-attachment":"scroll","background-type":"","background-media":"","overlay-type":"","overlay-color":"","overlay-opacity":"","overlay-gradient":""}},"ast-content-background-meta":{"desktop":{"background-color":"var(--ast-global-color-5)","background-image":"","background-repeat":"repeat","background-position":"center center","background-size":"auto","background-attachment":"scroll","background-type":"","background-media":"","overlay-type":"","overlay-color":"","overlay-opacity":"","overlay-gradient":""},"tablet":{"background-color":"var(--ast-global-color-5)","background-image":"","background-repeat":"repeat","background-position":"center center","background-size":"auto","background-attachment":"scroll","background-type":"","background-media":"","overlay-type":"","overlay-color":"","overlay-opacity":"","overlay-gradient":""},"mobile":{"background-color":"var(--ast-global-color-5)","background-image":"","background-repeat":"repeat","background-position":"center center","background-size":"auto","background-attachment":"scroll","background-type":"","background-media":"","overlay-type":"","overlay-color":"","overlay-opacity":"","overlay-gradient":""}},"footnotes":""},"crop":[316,65,317],"disease":[],"pest":[58],"solution":[310,42],"class_list":["post-2858","product","type-product","status-publish","has-post-thumbnail","hentry","crop-fruits-berries","crop-herbs_ornamentals","crop-vegetables","pest-woolly-aphid","solution-beneficial-insects-and-insect-feed","solution-macroorganisms"],"acf":[],"uagb_featured_image_src":{"full":["https:\/\/www.andermatt.com\/wp-content\/uploads\/2021\/11\/adalia-bipunctata@2x-scaled.jpg",2400,600,false],"thumbnail":["https:\/\/www.andermatt.com\/wp-content\/uploads\/2021\/11\/adalia-bipunctata@2x-150x150.jpg",150,150,true],"medium":["https:\/\/www.andermatt.com\/wp-content\/uploads\/2021\/11\/adalia-bipunctata@2x-300x75.jpg",300,75,true],"medium_large":["https:\/\/www.andermatt.com\/wp-content\/uploads\/2021\/11\/adalia-bipunctata@2x-768x192.jpg",768,192,true],"large":["https:\/\/www.andermatt.com\/wp-content\/uploads\/2021\/11\/adalia-bipunctata@2x-1024x256.jpg",1024,256,true],"1536x1536":["https:\/\/www.andermatt.com\/wp-content\/uploads\/2021\/11\/adalia-bipunctata@2x-1536x384.jpg",1536,384,true],"2048x2048":["https:\/\/www.andermatt.com\/wp-content\/uploads\/2021\/11\/adalia-bipunctata@2x-2048x512.jpg",2048,512,true],"trp-custom-language-flag":["https:\/\/www.andermatt.com\/wp-content\/uploads\/2021\/11\/adalia-bipunctata@2x-scaled.jpg",18,5,false],"feature-size":["https:\/\/www.andermatt.com\/wp-content\/uploads\/2021\/11\/adalia-bipunctata@2x-660x315.jpg",660,315,true],"feature-size-gross":["https:\/\/www.andermatt.com\/wp-content\/uploads\/2021\/11\/adalia-bipunctata@2x-660x360.jpg",660,360,true],"header-size-small":["https:\/\/www.andermatt.com\/wp-content\/uploads\/2021\/11\/adalia-bipunctata@2x-1000x350.jpg",1000,350,true],"header-size":["https:\/\/www.andermatt.com\/wp-content\/uploads\/2021\/11\/adalia-bipunctata@2x-2000x600.jpg",2000,600,true],"mailpoet_newsletter_max":["https:\/\/www.andermatt.com\/wp-content\/uploads\/2021\/11\/adalia-bipunctata@2x-1320x330.jpg",1320,330,true]},"uagb_author_info":{"display_name":"Alina Piven","author_link":"https:\/\/www.andermatt.com\/fr\/author\/"},"uagb_comment_info":0,"uagb_excerpt":"Larvae and adults of two-spotted ladybirds against aphids. Mode of action Adalia bipunctata \u2212 an indigenous ladybird \u2212 is a very busy aphid predator. Adalia ladybirds develop from tiny eggs and go through several larval stages and a pupal stage before emerging as two-spotted ladybirds. The larvae or adults can be used for effective control\u2026","_links":{"self":[{"href":"https:\/\/www.andermatt.com\/fr\/wp-json\/wp\/v2\/product\/2858","targetHints":{"allow":["GET"]}}],"collection":[{"href":"https:\/\/www.andermatt.com\/fr\/wp-json\/wp\/v2\/product"}],"about":[{"href":"https:\/\/www.andermatt.com\/fr\/wp-json\/wp\/v2\/types\/product"}],"version-history":[{"count":6,"href":"https:\/\/www.andermatt.com\/fr\/wp-json\/wp\/v2\/product\/2858\/revisions"}],"predecessor-version":[{"id":4412,"href":"https:\/\/www.andermatt.com\/fr\/wp-json\/wp\/v2\/product\/2858\/revisions\/4412"}],"wp:featuredmedia":[{"embeddable":true,"href":"https:\/\/www.andermatt.com\/fr\/wp-json\/wp\/v2\/media\/2863"}],"wp:attachment":[{"href":"https:\/\/www.andermatt.com\/fr\/wp-json\/wp\/v2\/media?parent=2858"}],"wp:term":[{"taxonomy":"crop","embeddable":true,"href":"https:\/\/www.andermatt.com\/fr\/wp-json\/wp\/v2\/crop?post=2858"},{"taxonomy":"disease","embeddable":true,"href":"https:\/\/www.andermatt.com\/fr\/wp-json\/wp\/v2\/disease?post=2858"},{"taxonomy":"pest","embeddable":true,"href":"https:\/\/www.andermatt.com\/fr\/wp-json\/wp\/v2\/pest?post=2858"},{"taxonomy":"solution","embeddable":true,"href":"https:\/\/www.andermatt.com\/fr\/wp-json\/wp\/v2\/solution?post=2858"}],"curies":[{"name":"wp","href":"https:\/\/api.w.org\/{rel}","templated":true}]}}