{"id":2782,"date":"2021-11-09T22:51:05","date_gmt":"2021-11-09T21:51:05","guid":{"rendered":"https:\/\/www.andermatt.com\/?post_type=product&#038;p=2782"},"modified":"2023-10-26T09:55:14","modified_gmt":"2023-10-26T07:55:14","slug":"biox-m","status":"publish","type":"product","link":"https:\/\/www.andermatt.com\/fr\/produit\/biox-m\/","title":{"rendered":"Biox-M"},"content":{"rendered":"<p class=\"lead\">Biox-M est un inhibiteur de germination biologique \u00e0 base d'huile de menthe verte, qui est utilis\u00e9 pour le stockage des pommes de terre.<\/p>\n\n\n\n<h3 class=\"wp-block-heading\">Caract\u00e9ristiques du produit<\/h3>\n\n\n\n<figure class=\"wp-block-table\"><table><tbody><tr><td>Substance active<\/td><td>Huile de menthe verte (Mentha spicata)<\/td><\/tr><tr><td>Type de formulation<\/td><td>Concentr\u00e9 de suspension<\/td><\/tr><tr><td>Concentration<\/td><td>948 g Huile de menthe verte\/l<\/td><\/tr><tr><td>Dosage<\/td><td><strong>Brumisation \u00e0 chaud<\/strong><br>30-90 g\/t (1er traitement avec 60-90 g\/t, traitements ult\u00e9rieurs \u00e0 3 semaines d'intervalle avec 30 g\/t)<br><br><strong>\u00c9vaporation \u00e0 froid<br><\/strong>Application continue \u00e0 raison de 1-2 ml\/tonne\/jour<\/td><\/tr><tr><td>Application<\/td><td><strong>Brumisation \u00e0 chaud<\/strong><br>par l'Electrofog Xeda : Le premier traitement doit \u00eatre effectu\u00e9 6 \u00e0 20 jours apr\u00e8s la r\u00e9colte, lorsque les tubercules sont secs et que la maturation de la peau est pleinement assur\u00e9e.<br><br><strong>\u00c9vaporation \u00e0 froid<\/strong><br>par Xedavap : Application continue \u00e0 raison de 1-2 ml\/t par jour<\/td><\/tr><\/tbody><\/table><\/figure>\n\n\n\n<h3 class=\"wp-block-heading\">Avantages<\/h3>\n\n\n\n<ul class=\"wp-block-list\">\n<li>Effet pr\u00e9ventif et curatif<\/li>\n\n\n\n<li>Br\u00fble les pousses existantes jusqu'\u00e0 5 mm<\/li>\n\n\n\n<li>Pour les pommes de terre de table et industrielles<\/li>\n\n\n\n<li>Pas de LMR<\/li>\n\n\n\n<li>Produit naturel - extrait de plante<\/li>\n<\/ul>\n\n\n\n<figure class=\"wp-block-embed is-type-video is-provider-youtube wp-block-embed-youtube wp-embed-aspect-16-9 wp-has-aspect-ratio\"><div class=\"wp-block-embed__wrapper\">\n<iframe loading=\"lazy\" hcb-fetch-image-from=\"https:\/\/www.youtube.com\/watch?v=9H_9pL_yyow\" title=\"Biox-M\" width=\"500\" height=\"281\" src=\"https:\/\/www.youtube.com\/embed\/9H_9pL_yyow?feature=oembed\" frameborder=\"0\" allow=\"accelerometer; autoplay; clipboard-write; encrypted-media; gyroscope; picture-in-picture; web-share\" referrerpolicy=\"strict-origin-when-cross-origin\" allowfullscreen><\/iframe>\n<\/div><\/figure>\n\n\n\n<div class=\"wp-block-columns is-layout-flex wp-container-core-columns-is-layout-28f84493 wp-block-columns-is-layout-flex\">\n<div class=\"wp-block-column is-layout-flow wp-block-column-is-layout-flow\"><\/div>\n\n\n\n<div class=\"wp-block-column is-layout-flow wp-block-column-is-layout-flow\"><\/div>\n\n\n\n<div class=\"wp-block-column is-layout-flow wp-block-column-is-layout-flow\"><\/div>\n<\/div>\n\n\n\n<p><\/p>","protected":false},"excerpt":{"rendered":"<p>Biox-M est un inhibiteur de germination biologique \u00e0 base d'huile de menthe verte, qui est utilis\u00e9 pour le stockage des pommes de terre. Caract\u00e9ristiques du produit Principe actif Huile de menthe verte (Mentha spicata) Type de formulation Suspension concentr\u00e9e Concentration 948 g d'huile de menthe verte\/l Dosage N\u00e9bulisation \u00e0 chaud30-90 g\/t (1er traitement avec 60-90 g\/t, traitements ult\u00e9rieurs \u00e0 3 semaines d'intervalle avec 30 g\/t) Evaporation \u00e0 froidApplication continue \u00e0 ...<\/p>","protected":false},"featured_media":2784,"template":"","meta":{"_acf_changed":false,"_seopress_robots_primary_cat":"","_seopress_titles_title":"","_seopress_titles_desc":"","_seopress_robots_index":"","_searchwp_excluded":"","_uag_custom_page_level_css":"","site-sidebar-layout":"default","site-content-layout":"","ast-site-content-layout":"default","site-content-style":"default","site-sidebar-style":"default","ast-global-header-display":"","ast-banner-title-visibility":"","ast-main-header-display":"","ast-hfb-above-header-display":"","ast-hfb-below-header-display":"","ast-hfb-mobile-header-display":"","site-post-title":"","ast-breadcrumbs-content":"","ast-featured-img":"","footer-sml-layout":"","ast-disable-related-posts":"","theme-transparent-header-meta":"","adv-header-id-meta":"","stick-header-meta":"","header-above-stick-meta":"","header-main-stick-meta":"","header-below-stick-meta":"","astra-migrate-meta-layouts":"default","ast-page-background-enabled":"default","ast-page-background-meta":{"desktop":{"background-color":"","background-image":"","background-repeat":"repeat","background-position":"center center","background-size":"auto","background-attachment":"scroll","background-type":"","background-media":"","overlay-type":"","overlay-color":"","overlay-opacity":"","overlay-gradient":""},"tablet":{"background-color":"","background-image":"","background-repeat":"repeat","background-position":"center center","background-size":"auto","background-attachment":"scroll","background-type":"","background-media":"","overlay-type":"","overlay-color":"","overlay-opacity":"","overlay-gradient":""},"mobile":{"background-color":"","background-image":"","background-repeat":"repeat","background-position":"center center","background-size":"auto","background-attachment":"scroll","background-type":"","background-media":"","overlay-type":"","overlay-color":"","overlay-opacity":"","overlay-gradient":""}},"ast-content-background-meta":{"desktop":{"background-color":"var(--ast-global-color-5)","background-image":"","background-repeat":"repeat","background-position":"center center","background-size":"auto","background-attachment":"scroll","background-type":"","background-media":"","overlay-type":"","overlay-color":"","overlay-opacity":"","overlay-gradient":""},"tablet":{"background-color":"var(--ast-global-color-5)","background-image":"","background-repeat":"repeat","background-position":"center center","background-size":"auto","background-attachment":"scroll","background-type":"","background-media":"","overlay-type":"","overlay-color":"","overlay-opacity":"","overlay-gradient":""},"mobile":{"background-color":"var(--ast-global-color-5)","background-image":"","background-repeat":"repeat","background-position":"center center","background-size":"auto","background-attachment":"scroll","background-type":"","background-media":"","overlay-type":"","overlay-color":"","overlay-opacity":"","overlay-gradient":""}},"footnotes":""},"crop":[319],"disease":[],"pest":[],"solution":[308],"class_list":["post-2782","product","type-product","status-publish","has-post-thumbnail","hentry","crop-potatoes","solution-growth-regulators"],"acf":[],"uagb_featured_image_src":{"full":["https:\/\/www.andermatt.com\/wp-content\/uploads\/2021\/11\/kartoffel-banner@2x-scaled.jpg",2400,600,false],"thumbnail":["https:\/\/www.andermatt.com\/wp-content\/uploads\/2021\/11\/kartoffel-banner@2x-150x150.jpg",150,150,true],"medium":["https:\/\/www.andermatt.com\/wp-content\/uploads\/2021\/11\/kartoffel-banner@2x-300x75.jpg",300,75,true],"medium_large":["https:\/\/www.andermatt.com\/wp-content\/uploads\/2021\/11\/kartoffel-banner@2x-768x192.jpg",768,192,true],"large":["https:\/\/www.andermatt.com\/wp-content\/uploads\/2021\/11\/kartoffel-banner@2x-1024x256.jpg",1024,256,true],"1536x1536":["https:\/\/www.andermatt.com\/wp-content\/uploads\/2021\/11\/kartoffel-banner@2x-1536x384.jpg",1536,384,true],"2048x2048":["https:\/\/www.andermatt.com\/wp-content\/uploads\/2021\/11\/kartoffel-banner@2x-2048x512.jpg",2048,512,true],"trp-custom-language-flag":["https:\/\/www.andermatt.com\/wp-content\/uploads\/2021\/11\/kartoffel-banner@2x-scaled.jpg",18,5,false],"feature-size":["https:\/\/www.andermatt.com\/wp-content\/uploads\/2021\/11\/kartoffel-banner@2x-660x315.jpg",660,315,true],"feature-size-gross":["https:\/\/www.andermatt.com\/wp-content\/uploads\/2021\/11\/kartoffel-banner@2x-660x360.jpg",660,360,true],"header-size-small":["https:\/\/www.andermatt.com\/wp-content\/uploads\/2021\/11\/kartoffel-banner@2x-1000x350.jpg",1000,350,true],"header-size":["https:\/\/www.andermatt.com\/wp-content\/uploads\/2021\/11\/kartoffel-banner@2x-2000x600.jpg",2000,600,true],"mailpoet_newsletter_max":["https:\/\/www.andermatt.com\/wp-content\/uploads\/2021\/11\/kartoffel-banner@2x-1320x330.jpg",1320,330,true]},"uagb_author_info":{"display_name":"Alina Piven","author_link":"https:\/\/www.andermatt.com\/fr\/author\/"},"uagb_comment_info":0,"uagb_excerpt":"Biox-M is a biological sprout inhibitor based on spearmint oil, which is used in potato storage. Product facts Active ingredient Spearmint oil (Mentha spicata) Formulation type Suspension concentrate Concentration 948 g Spearmint oil\/l Dosage Hot fogging30\u201390 g\/t (1st treatment with 60\u201390 g\/t, subsequent treatments at 3 week intervals with 30 g\/t) Cold evaporationContinuous application at\u2026","_links":{"self":[{"href":"https:\/\/www.andermatt.com\/fr\/wp-json\/wp\/v2\/product\/2782","targetHints":{"allow":["GET"]}}],"collection":[{"href":"https:\/\/www.andermatt.com\/fr\/wp-json\/wp\/v2\/product"}],"about":[{"href":"https:\/\/www.andermatt.com\/fr\/wp-json\/wp\/v2\/types\/product"}],"version-history":[{"count":22,"href":"https:\/\/www.andermatt.com\/fr\/wp-json\/wp\/v2\/product\/2782\/revisions"}],"predecessor-version":[{"id":6529,"href":"https:\/\/www.andermatt.com\/fr\/wp-json\/wp\/v2\/product\/2782\/revisions\/6529"}],"wp:featuredmedia":[{"embeddable":true,"href":"https:\/\/www.andermatt.com\/fr\/wp-json\/wp\/v2\/media\/2784"}],"wp:attachment":[{"href":"https:\/\/www.andermatt.com\/fr\/wp-json\/wp\/v2\/media?parent=2782"}],"wp:term":[{"taxonomy":"crop","embeddable":true,"href":"https:\/\/www.andermatt.com\/fr\/wp-json\/wp\/v2\/crop?post=2782"},{"taxonomy":"disease","embeddable":true,"href":"https:\/\/www.andermatt.com\/fr\/wp-json\/wp\/v2\/disease?post=2782"},{"taxonomy":"pest","embeddable":true,"href":"https:\/\/www.andermatt.com\/fr\/wp-json\/wp\/v2\/pest?post=2782"},{"taxonomy":"solution","embeddable":true,"href":"https:\/\/www.andermatt.com\/fr\/wp-json\/wp\/v2\/solution?post=2782"}],"curies":[{"name":"wp","href":"https:\/\/api.w.org\/{rel}","templated":true}]}}