{"id":2694,"date":"2021-11-09T11:15:16","date_gmt":"2021-11-09T10:15:16","guid":{"rendered":"https:\/\/www.andermatt.com\/?post_type=product&#038;p=2694"},"modified":"2022-10-11T08:56:29","modified_gmt":"2022-10-11T06:56:29","slug":"topsnap-the-clever-mousetrap-2","status":"publish","type":"product","link":"https:\/\/www.andermatt.com\/fr\/produit\/topsnap-the-clever-mousetrap-2\/","title":{"rendered":"topsnap - la sourici\u00e8re intelligente"},"content":{"rendered":"<p class=\"lead\">Le pi\u00e8ge \u00e0 souris topsnap est tr\u00e8s facile \u00e0 utiliser et efficace dans le contr\u00f4le des souris en int\u00e9rieur gr\u00e2ce \u00e0 son m\u00e9canisme sophistiqu\u00e9. Ce pi\u00e8ge robuste et durable est adapt\u00e9 \u00e0 une utilisation \u00e0 long terme car il est fabriqu\u00e9 en acier inoxydable de haute qualit\u00e9 et en plastique solide.<\/p>\n\n\n\n<figure class=\"wp-block-gallery has-nested-images columns-default is-cropped wp-block-gallery-1 is-layout-flex wp-block-gallery-is-layout-flex\">\n<figure class=\"wp-block-image size-feature-size-gross\"><a href=\"https:\/\/www.andermatt.com\/wp-content\/uploads\/2021\/11\/topsnap_1_big.jpg\"><img decoding=\"async\" width=\"660\" height=\"360\" data-id=\"2701\" src=\"https:\/\/www.andermatt.com\/wp-content\/uploads\/2021\/11\/topsnap_1_big-660x360.jpg\" alt=\"\" class=\"wp-image-2701\"\/><\/a><\/figure>\n\n\n\n<figure class=\"wp-block-image size-feature-size-gross\"><a href=\"https:\/\/www.andermatt.com\/wp-content\/uploads\/2021\/11\/topsnap_2_big.jpg\"><img decoding=\"async\" width=\"660\" height=\"360\" data-id=\"2700\" src=\"https:\/\/www.andermatt.com\/wp-content\/uploads\/2021\/11\/topsnap_2_big-660x360.jpg\" alt=\"\" class=\"wp-image-2700\"\/><\/a><\/figure>\n\n\n\n<figure class=\"wp-block-image size-feature-size-gross\"><a href=\"https:\/\/www.andermatt.com\/wp-content\/uploads\/2021\/11\/topsnap_3_big.jpg\"><img decoding=\"async\" width=\"660\" height=\"360\" data-id=\"2699\" src=\"https:\/\/www.andermatt.com\/wp-content\/uploads\/2021\/11\/topsnap_3_big-660x360.jpg\" alt=\"\" class=\"wp-image-2699\"\/><\/a><\/figure>\n<\/figure>\n\n\n\n<h3 class=\"wp-block-heading\">Domaines d'application<\/h3>\n\n\n\n<p>Il est important de contr\u00f4ler l'infestation de souris \u00e0 un stade pr\u00e9coce afin d'\u00e9viter la reproduction des souris ainsi que les dommages et la contamination. Le syst\u00e8me de pi\u00e9geage bilat\u00e9ral topsnap est adapt\u00e9 \u00e0 une utilisation \u00e0 long terme dans les zones int\u00e9rieures suivantes :<\/p>\n\n\n\n<ul class=\"wp-block-list\"><li>Stocks de nourriture et de fourrage<\/li><li>Serres et tunnels de culture<\/li><li>Zones de stockage des l\u00e9gumes et des fruits<\/li><li>Unit\u00e9s de transformation alimentaire<\/li><li>Maison et ferme<\/li><li>Toutes les zones infest\u00e9es de souris dans les b\u00e2timents<\/li><\/ul>\n\n\n\n<h3 class=\"wp-block-heading\">Avantages<\/h3>\n\n\n\n<ul class=\"wp-block-list\"><li>Produit de haute qualit\u00e9 fabriqu\u00e9 en acier inoxydable et en plastique solide<\/li><li>Syst\u00e8me de pi\u00e9geage innovant contre les souris domestiques <em>(Mus musculus)<\/em>le campagnol commun <em>(Microtus arvalis)<\/em> et autres petites souris dans les zones int\u00e9rieures<\/li><li>Activation facile, rapide et s\u00fbre du pi\u00e8ge \u00e0 l'ext\u00e9rieur en un seul geste.<\/li><li>Indicateurs de position ext\u00e9rieure affichant l'activit\u00e9 du pi\u00e8ge<\/li><li>Retrait sans contact de la prise<\/li><li>Sans danger pour les utilisateurs, les nourrissons et les animaux domestiques<\/li><\/ul>","protected":false},"excerpt":{"rendered":"<p>Le pi\u00e8ge \u00e0 souris topsnap est tr\u00e8s facile \u00e0 utiliser et efficace dans le contr\u00f4le des souris en int\u00e9rieur gr\u00e2ce \u00e0 son m\u00e9canisme sophistiqu\u00e9. Ce pi\u00e8ge robuste et durable est adapt\u00e9 \u00e0 une utilisation \u00e0 long terme car il est fabriqu\u00e9 en acier inoxydable de haute qualit\u00e9 et en plastique solide. Domaines d'application Il est important de contr\u00f4ler l'infestation de souris ...<\/p>","protected":false},"featured_media":2702,"template":"","meta":{"_acf_changed":false,"_seopress_robots_primary_cat":"","_seopress_titles_title":"","_seopress_titles_desc":"","_seopress_robots_index":"","_searchwp_excluded":"","_uag_custom_page_level_css":"","site-sidebar-layout":"default","site-content-layout":"","ast-site-content-layout":"default","site-content-style":"default","site-sidebar-style":"default","ast-global-header-display":"","ast-banner-title-visibility":"","ast-main-header-display":"","ast-hfb-above-header-display":"","ast-hfb-below-header-display":"","ast-hfb-mobile-header-display":"","site-post-title":"","ast-breadcrumbs-content":"","ast-featured-img":"","footer-sml-layout":"","ast-disable-related-posts":"","theme-transparent-header-meta":"","adv-header-id-meta":"","stick-header-meta":"","header-above-stick-meta":"","header-main-stick-meta":"","header-below-stick-meta":"","astra-migrate-meta-layouts":"default","ast-page-background-enabled":"default","ast-page-background-meta":{"desktop":{"background-color":"","background-image":"","background-repeat":"repeat","background-position":"center center","background-size":"auto","background-attachment":"scroll","background-type":"","background-media":"","overlay-type":"","overlay-color":"","overlay-opacity":"","overlay-gradient":""},"tablet":{"background-color":"","background-image":"","background-repeat":"repeat","background-position":"center center","background-size":"auto","background-attachment":"scroll","background-type":"","background-media":"","overlay-type":"","overlay-color":"","overlay-opacity":"","overlay-gradient":""},"mobile":{"background-color":"","background-image":"","background-repeat":"repeat","background-position":"center center","background-size":"auto","background-attachment":"scroll","background-type":"","background-media":"","overlay-type":"","overlay-color":"","overlay-opacity":"","overlay-gradient":""}},"ast-content-background-meta":{"desktop":{"background-color":"var(--ast-global-color-5)","background-image":"","background-repeat":"repeat","background-position":"center center","background-size":"auto","background-attachment":"scroll","background-type":"","background-media":"","overlay-type":"","overlay-color":"","overlay-opacity":"","overlay-gradient":""},"tablet":{"background-color":"var(--ast-global-color-5)","background-image":"","background-repeat":"repeat","background-position":"center center","background-size":"auto","background-attachment":"scroll","background-type":"","background-media":"","overlay-type":"","overlay-color":"","overlay-opacity":"","overlay-gradient":""},"mobile":{"background-color":"var(--ast-global-color-5)","background-image":"","background-repeat":"repeat","background-position":"center center","background-size":"auto","background-attachment":"scroll","background-type":"","background-media":"","overlay-type":"","overlay-color":"","overlay-opacity":"","overlay-gradient":""}},"footnotes":""},"crop":[],"disease":[],"pest":[],"solution":[41],"class_list":["post-2694","product","type-product","status-publish","has-post-thumbnail","hentry","solution-rodent-control"],"acf":[],"uagb_featured_image_src":{"full":["https:\/\/www.andermatt.com\/wp-content\/uploads\/2021\/11\/topsnap@2x-scaled.jpg",2400,600,false],"thumbnail":["https:\/\/www.andermatt.com\/wp-content\/uploads\/2021\/11\/topsnap@2x-150x150.jpg",150,150,true],"medium":["https:\/\/www.andermatt.com\/wp-content\/uploads\/2021\/11\/topsnap@2x-300x75.jpg",300,75,true],"medium_large":["https:\/\/www.andermatt.com\/wp-content\/uploads\/2021\/11\/topsnap@2x-768x192.jpg",768,192,true],"large":["https:\/\/www.andermatt.com\/wp-content\/uploads\/2021\/11\/topsnap@2x-1024x256.jpg",1024,256,true],"1536x1536":["https:\/\/www.andermatt.com\/wp-content\/uploads\/2021\/11\/topsnap@2x-1536x384.jpg",1536,384,true],"2048x2048":["https:\/\/www.andermatt.com\/wp-content\/uploads\/2021\/11\/topsnap@2x-2048x512.jpg",2048,512,true],"trp-custom-language-flag":["https:\/\/www.andermatt.com\/wp-content\/uploads\/2021\/11\/topsnap@2x-scaled.jpg",18,5,false],"feature-size":["https:\/\/www.andermatt.com\/wp-content\/uploads\/2021\/11\/topsnap@2x-660x315.jpg",660,315,true],"feature-size-gross":["https:\/\/www.andermatt.com\/wp-content\/uploads\/2021\/11\/topsnap@2x-660x360.jpg",660,360,true],"header-size-small":["https:\/\/www.andermatt.com\/wp-content\/uploads\/2021\/11\/topsnap@2x-1000x350.jpg",1000,350,true],"header-size":["https:\/\/www.andermatt.com\/wp-content\/uploads\/2021\/11\/topsnap@2x-2000x600.jpg",2000,600,true],"mailpoet_newsletter_max":["https:\/\/www.andermatt.com\/wp-content\/uploads\/2021\/11\/topsnap@2x-1320x330.jpg",1320,330,true]},"uagb_author_info":{"display_name":"Alina Piven","author_link":"https:\/\/www.andermatt.com\/fr\/author\/"},"uagb_comment_info":0,"uagb_excerpt":"The mouse trap topsnap is very user friendly and efficient in the control of mice in indoor areas thanks to its sophisticated mechanism. The robust and durable trap is suited for long-term use as it is made of high quality stainless steel and solid plastic. Fields of application It is important to control mice infestation\u2026","_links":{"self":[{"href":"https:\/\/www.andermatt.com\/fr\/wp-json\/wp\/v2\/product\/2694","targetHints":{"allow":["GET"]}}],"collection":[{"href":"https:\/\/www.andermatt.com\/fr\/wp-json\/wp\/v2\/product"}],"about":[{"href":"https:\/\/www.andermatt.com\/fr\/wp-json\/wp\/v2\/types\/product"}],"version-history":[{"count":11,"href":"https:\/\/www.andermatt.com\/fr\/wp-json\/wp\/v2\/product\/2694\/revisions"}],"predecessor-version":[{"id":4519,"href":"https:\/\/www.andermatt.com\/fr\/wp-json\/wp\/v2\/product\/2694\/revisions\/4519"}],"wp:featuredmedia":[{"embeddable":true,"href":"https:\/\/www.andermatt.com\/fr\/wp-json\/wp\/v2\/media\/2702"}],"wp:attachment":[{"href":"https:\/\/www.andermatt.com\/fr\/wp-json\/wp\/v2\/media?parent=2694"}],"wp:term":[{"taxonomy":"crop","embeddable":true,"href":"https:\/\/www.andermatt.com\/fr\/wp-json\/wp\/v2\/crop?post=2694"},{"taxonomy":"disease","embeddable":true,"href":"https:\/\/www.andermatt.com\/fr\/wp-json\/wp\/v2\/disease?post=2694"},{"taxonomy":"pest","embeddable":true,"href":"https:\/\/www.andermatt.com\/fr\/wp-json\/wp\/v2\/pest?post=2694"},{"taxonomy":"solution","embeddable":true,"href":"https:\/\/www.andermatt.com\/fr\/wp-json\/wp\/v2\/solution?post=2694"}],"curies":[{"name":"wp","href":"https:\/\/api.w.org\/{rel}","templated":true}]}}