{"id":2686,"date":"2021-11-09T10:45:14","date_gmt":"2021-11-09T09:45:14","guid":{"rendered":"https:\/\/www.andermatt.com\/?post_type=product&#038;p=2686"},"modified":"2026-03-29T20:30:38","modified_gmt":"2026-03-29T18:30:38","slug":"pheronorm","status":"publish","type":"product","link":"https:\/\/www.andermatt.com\/fr\/produit\/pheronorm\/","title":{"rendered":"PheroNorm"},"content":{"rendered":"<p class=\"lead\">Leurres et pi\u00e8ges pour la surveillance ou le pi\u00e9geage de masse des insectes nuisibles.<\/p>\n\n\n\n<figure class=\"wp-block-gallery has-nested-images columns-default is-cropped wp-block-gallery-1 is-layout-flex wp-block-gallery-is-layout-flex\">\n<figure class=\"wp-block-image size-feature-size-gross\"><a href=\"https:\/\/www.andermatt.com\/wp-content\/uploads\/2021\/11\/pheronorm_3_big.jpg\"><img decoding=\"async\" width=\"660\" height=\"360\" data-id=\"2824\" src=\"https:\/\/www.andermatt.com\/wp-content\/uploads\/2021\/11\/pheronorm_3_big-660x360.jpg\" alt=\"\" class=\"wp-image-2824\"\/><\/a><\/figure>\n\n\n\n<figure class=\"wp-block-image size-feature-size-gross\"><a href=\"https:\/\/www.andermatt.com\/wp-content\/uploads\/2021\/11\/pheronorm_2_big.jpg\"><img decoding=\"async\" width=\"660\" height=\"360\" data-id=\"2825\" src=\"https:\/\/www.andermatt.com\/wp-content\/uploads\/2021\/11\/pheronorm_2_big-660x360.jpg\" alt=\"\" class=\"wp-image-2825\"\/><\/a><\/figure>\n\n\n\n<figure class=\"wp-block-image size-feature-size-gross\"><a href=\"https:\/\/www.andermatt.com\/wp-content\/uploads\/2021\/11\/pheronorm_1_big.jpg\"><img decoding=\"async\" width=\"660\" height=\"360\" data-id=\"2826\" src=\"https:\/\/www.andermatt.com\/wp-content\/uploads\/2021\/11\/pheronorm_1_big-660x360.jpg\" alt=\"\" class=\"wp-image-2826\"\/><\/a><\/figure>\n<\/figure>\n\n\n\n<h3 class=\"wp-block-heading\">Avantages<\/h3>\n\n\n\n<ul class=\"list wp-block-list\"><li>Une qualit\u00e9 continue et fiable pour une surveillance r\u00e9ussie<\/li><li>Disponible en leurres individuels ou en jeux de pi\u00e8ges<\/li><li>Les leurres PheroNorm sont le syst\u00e8me de contr\u00f4le standard utilis\u00e9 par les instituts de recherche et les services de conseil du monde entier<\/li><\/ul>\n\n\n\n<h3 class=\"wp-block-heading\">Produits disponibles<\/h3>\n\n\n\n<figure class=\"wp-block-table\"><table><tbody><tr><td>Adoxophyes orana<\/td><td>Tortue des fruits d'\u00e9t\u00e9<\/td><\/tr><tr><td>Agrotis ipsilon<\/td><td>Ver-gris noir<\/td><\/tr><tr><td>Agrotis segetum<\/td><td>Teigne du navet<\/td><\/tr><tr><td>Anarsia lineatella<\/td><td>Pyrale du p\u00eacher<\/td><\/tr><tr><td>Byturus tomentosus<\/td><td>Col\u00e9opt\u00e8re des framboises<\/td><\/tr><tr><td>Cameraria ohridella<\/td><td>Mineuse du marronnier<\/td><\/tr><tr><td>Ceratitis capitata<\/td><td>Mouches du vinaigre<\/td><\/tr><tr><td>Contarinia nasturtii<\/td><td>C\u00e9cidomyie su\u00e9doise<\/td><\/tr><tr><td>Cossus cossus<\/td><td>Pyrale de la ch\u00e8vre<\/td><\/tr><tr><td>Cryptophlebia leucotreta<\/td><td>Faux carpocapse<\/td><\/tr><tr><td>Cydia nigricana<\/td><td>Teigne des pois<\/td><\/tr><tr><td>Cydia pomonella<\/td><td>Pyrale de la pomme<\/td><\/tr><tr><td>Cydia splendana<\/td><td>Tortue des marais<\/td><\/tr><tr><td>Diabrotica virgifera<\/td><td>Chenille occidentale des racines du ma\u00efs<\/td><\/tr><tr><td>Diaphania perspectalis<\/td><td>Pyrale du buis<\/td><\/tr><tr><td>Enarmonia formosana<\/td><td>Tortue de l'\u00e9corce du cerisier<\/td><\/tr><tr><td>Eupoecilia ambiguella<\/td><td>Tordeuse europ\u00e9enne des baies de raisin<\/td><\/tr><tr><td>Grapholita funebrana<\/td><td>Pyrale de la prune<\/td><\/tr><tr><td>Grapholita lobarzewskii<\/td><td>Tortue des petits fruits<\/td><\/tr><tr><td>Grapholita molesta<\/td><td>Tordeuse orientale du p\u00eacher<\/td><\/tr><tr><td>Hedya nubiferana<\/td><td>Tordeuse des bourgeons verts<\/td><\/tr><tr><td>Helicoverpa armigera<\/td><td>Armig\u00e8re<\/td><\/tr><tr><td>Helicoverpa virescens<\/td><td>Tordeuse du tabac<\/td><\/tr><tr><td>Lobesia botrana<\/td><td>Teigne de la vigne<\/td><\/tr><tr><td>Lymantria dispar<\/td><td>Spongieuse<\/td><\/tr><tr><td>Mamestra brassicae<\/td><td>Pi\u00e9ride du chou<\/td><\/tr><tr><td>Pammene rhediella<\/td><td>Fruitlet mining tortrix<\/td><\/tr><tr><td>Pandemis heparana<\/td><td>Tortue brune des pommes<\/td><\/tr><tr><td>Phthorimaea operculella<\/td><td>Teigne des tubercules de la pomme de terre<\/td><\/tr><tr><td>Plutella xylostella<\/td><td>Papillon de nuit \u00e0 dos de diamant<\/td><\/tr><tr><td>Quadraspidiotus perniciosus<\/td><td>Balance de San Jose<\/td><\/tr><tr><td>Resseliella theobaldi<\/td><td>C\u00e9cidomyie du framboisier<\/td><\/tr><tr><td>Rhagoletis cerasi<\/td><td>Mouche de la cerise<\/td><\/tr><tr><td>Rhagoletis completa<\/td><td>Mouche de la noix<\/td><\/tr><tr><td>Rhynchophorus ferrugineus<\/td><td>Charan\u00e7on rouge du palmier<\/td><\/tr><tr><td>Sparganothis pilleriana<\/td><td>Rouleau \u00e0 feuilles de vigne<\/td><\/tr><tr><td>Spilonota ocellana<\/td><td>Pyrale des bourgeons<\/td><\/tr><tr><td>Synanthedon myopaeformis<\/td><td>Pyrale des pommes<\/td><\/tr><tr><td>Spodoptera exigua<\/td><td>L\u00e9gionnaire de la betterave<\/td><\/tr><tr><td>Spodoptera littoralis<\/td><td>Tordeuse du coton \u00e9gyptien<\/td><\/tr><tr><td>Synanthedon tipuliformis<\/td><td>Teigne des groseilles \u00e0 maquereau<\/td><\/tr><tr><td>Tuta absoluta<\/td><td>Mineuse de la tomate<\/td><\/tr><tr><td>Zeuzera pyrina<\/td><td>Teigne l\u00e9opard<\/td><\/tr><\/tbody><\/table><\/figure>","protected":false},"excerpt":{"rendered":"<p>Leurres et pi\u00e8ges pour la surveillance ou le pi\u00e9geage de masse des insectes nuisibles.<\/p>","protected":false},"featured_media":2688,"template":"","meta":{"_acf_changed":false,"_seopress_robots_primary_cat":"none","_seopress_titles_title":"","_seopress_titles_desc":"","_seopress_robots_index":"","_searchwp_excluded":"","_uag_custom_page_level_css":"","site-sidebar-layout":"default","site-content-layout":"default","ast-site-content-layout":"default","site-content-style":"default","site-sidebar-style":"default","ast-global-header-display":"","ast-banner-title-visibility":"","ast-main-header-display":"","ast-hfb-above-header-display":"","ast-hfb-below-header-display":"","ast-hfb-mobile-header-display":"","site-post-title":"","ast-breadcrumbs-content":"","ast-featured-img":"","footer-sml-layout":"","ast-disable-related-posts":"","theme-transparent-header-meta":"default","adv-header-id-meta":"","stick-header-meta":"default","header-above-stick-meta":"","header-main-stick-meta":"","header-below-stick-meta":"","astra-migrate-meta-layouts":"set","ast-page-background-enabled":"default","ast-page-background-meta":{"desktop":{"background-color":"","background-image":"","background-repeat":"repeat","background-position":"center center","background-size":"auto","background-attachment":"scroll","background-type":"","background-media":"","overlay-type":"","overlay-color":"","overlay-opacity":"","overlay-gradient":""},"tablet":{"background-color":"","background-image":"","background-repeat":"repeat","background-position":"center center","background-size":"auto","background-attachment":"scroll","background-type":"","background-media":"","overlay-type":"","overlay-color":"","overlay-opacity":"","overlay-gradient":""},"mobile":{"background-color":"","background-image":"","background-repeat":"repeat","background-position":"center center","background-size":"auto","background-attachment":"scroll","background-type":"","background-media":"","overlay-type":"","overlay-color":"","overlay-opacity":"","overlay-gradient":""}},"ast-content-background-meta":{"desktop":{"background-color":"var(--ast-global-color-5)","background-image":"","background-repeat":"repeat","background-position":"center center","background-size":"auto","background-attachment":"scroll","background-type":"","background-media":"","overlay-type":"","overlay-color":"","overlay-opacity":"","overlay-gradient":""},"tablet":{"background-color":"var(--ast-global-color-5)","background-image":"","background-repeat":"repeat","background-position":"center center","background-size":"auto","background-attachment":"scroll","background-type":"","background-media":"","overlay-type":"","overlay-color":"","overlay-opacity":"","overlay-gradient":""},"mobile":{"background-color":"var(--ast-global-color-5)","background-image":"","background-repeat":"repeat","background-position":"center center","background-size":"auto","background-attachment":"scroll","background-type":"","background-media":"","overlay-type":"","overlay-color":"","overlay-opacity":"","overlay-gradient":""}},"footnotes":""},"crop":[322,316,318,65,321,319,320,317],"disease":[],"pest":[57,325,44],"solution":[43],"class_list":["post-2686","product","type-product","status-publish","has-post-thumbnail","hentry","crop-forest","crop-fruits-berries","crop-grapes","crop-herbs_ornamentals","crop-nuts","crop-potatoes","crop-row_crops","crop-vegetables","pest-bugs","pest-forest-pest","pest-lepidoptera","solution-monitoring-mass-trapping"],"acf":[],"uagb_featured_image_src":{"full":["https:\/\/www.andermatt.com\/wp-content\/uploads\/2021\/11\/pheronorm@2x-scaled.jpg",2400,600,false],"thumbnail":["https:\/\/www.andermatt.com\/wp-content\/uploads\/2021\/11\/pheronorm@2x-150x150.jpg",150,150,true],"medium":["https:\/\/www.andermatt.com\/wp-content\/uploads\/2021\/11\/pheronorm@2x-300x75.jpg",300,75,true],"medium_large":["https:\/\/www.andermatt.com\/wp-content\/uploads\/2021\/11\/pheronorm@2x-768x192.jpg",768,192,true],"large":["https:\/\/www.andermatt.com\/wp-content\/uploads\/2021\/11\/pheronorm@2x-1024x256.jpg",1024,256,true],"1536x1536":["https:\/\/www.andermatt.com\/wp-content\/uploads\/2021\/11\/pheronorm@2x-1536x384.jpg",1536,384,true],"2048x2048":["https:\/\/www.andermatt.com\/wp-content\/uploads\/2021\/11\/pheronorm@2x-2048x512.jpg",2048,512,true],"trp-custom-language-flag":["https:\/\/www.andermatt.com\/wp-content\/uploads\/2021\/11\/pheronorm@2x-scaled.jpg",18,5,false],"feature-size":["https:\/\/www.andermatt.com\/wp-content\/uploads\/2021\/11\/pheronorm@2x-660x315.jpg",660,315,true],"feature-size-gross":["https:\/\/www.andermatt.com\/wp-content\/uploads\/2021\/11\/pheronorm@2x-660x360.jpg",660,360,true],"header-size-small":["https:\/\/www.andermatt.com\/wp-content\/uploads\/2021\/11\/pheronorm@2x-1000x350.jpg",1000,350,true],"header-size":["https:\/\/www.andermatt.com\/wp-content\/uploads\/2021\/11\/pheronorm@2x-2000x600.jpg",2000,600,true],"mailpoet_newsletter_max":["https:\/\/www.andermatt.com\/wp-content\/uploads\/2021\/11\/pheronorm@2x-1320x330.jpg",1320,330,true]},"uagb_author_info":{"display_name":"Donvae Hooker","author_link":"https:\/\/www.andermatt.com\/fr\/author\/"},"uagb_comment_info":0,"uagb_excerpt":"Lures and traps for the monitoring or mass trapping of insect pests.","_links":{"self":[{"href":"https:\/\/www.andermatt.com\/fr\/wp-json\/wp\/v2\/product\/2686","targetHints":{"allow":["GET"]}}],"collection":[{"href":"https:\/\/www.andermatt.com\/fr\/wp-json\/wp\/v2\/product"}],"about":[{"href":"https:\/\/www.andermatt.com\/fr\/wp-json\/wp\/v2\/types\/product"}],"version-history":[{"count":13,"href":"https:\/\/www.andermatt.com\/fr\/wp-json\/wp\/v2\/product\/2686\/revisions"}],"predecessor-version":[{"id":9306,"href":"https:\/\/www.andermatt.com\/fr\/wp-json\/wp\/v2\/product\/2686\/revisions\/9306"}],"wp:featuredmedia":[{"embeddable":true,"href":"https:\/\/www.andermatt.com\/fr\/wp-json\/wp\/v2\/media\/2688"}],"wp:attachment":[{"href":"https:\/\/www.andermatt.com\/fr\/wp-json\/wp\/v2\/media?parent=2686"}],"wp:term":[{"taxonomy":"crop","embeddable":true,"href":"https:\/\/www.andermatt.com\/fr\/wp-json\/wp\/v2\/crop?post=2686"},{"taxonomy":"disease","embeddable":true,"href":"https:\/\/www.andermatt.com\/fr\/wp-json\/wp\/v2\/disease?post=2686"},{"taxonomy":"pest","embeddable":true,"href":"https:\/\/www.andermatt.com\/fr\/wp-json\/wp\/v2\/pest?post=2686"},{"taxonomy":"solution","embeddable":true,"href":"https:\/\/www.andermatt.com\/fr\/wp-json\/wp\/v2\/solution?post=2686"}],"curies":[{"name":"wp","href":"https:\/\/api.w.org\/{rel}","templated":true}]}}