{"id":1779,"date":"2021-02-10T10:50:46","date_gmt":"2021-02-10T09:50:46","guid":{"rendered":"https:\/\/www.andermatt.com\/?post_type=product&#038;p=1779"},"modified":"2022-05-12T13:12:29","modified_gmt":"2022-05-12T11:12:29","slug":"curatio","status":"publish","type":"product","link":"https:\/\/www.andermatt.com\/fr\/produit\/curatio\/","title":{"rendered":"Curatio"},"content":{"rendered":"<p class=\"lead\"><strong>Curatio est un fongicide biologique curatif et pr\u00e9ventif sans r\u00e9sidu, \u00e0 base de polysulfure de calcium (soufre de chaux).<\/strong><\/p>\n\n\n\n<p>Curatio a un mode d'action multiple bas\u00e9 sur un effet curatif d\u00fb \u00e0 une r\u00e9action alcaline et un effet protecteur d\u00fb au soufre \u00e9l\u00e9mentaire qui reste apr\u00e8s l'application. En raison de son mode d'action non sp\u00e9cifique, aucune r\u00e9sistance n'est \u00e0 pr\u00e9voir.<\/p>\n\n\n\n<figure class=\"wp-block-gallery has-nested-images columns-3 is-cropped wp-block-gallery-1 is-layout-flex wp-block-gallery-is-layout-flex\">\n<figure class=\"wp-block-image size-feature-size-gross is-style-default\"><a href=\"https:\/\/www.andermatt.com\/wp-content\/uploads\/2021\/02\/curatio_1_big.jpg\"><img decoding=\"async\" width=\"660\" height=\"360\" data-id=\"1783\" src=\"https:\/\/www.andermatt.com\/wp-content\/uploads\/2021\/02\/curatio_1_big-660x360.jpg\" alt=\"\" class=\"wp-image-1783\"\/><\/a><\/figure>\n\n\n\n<figure class=\"wp-block-image size-feature-size-gross is-style-default\"><a href=\"https:\/\/www.andermatt.com\/wp-content\/uploads\/2021\/02\/curatio_2_big.jpg\"><img decoding=\"async\" width=\"660\" height=\"360\" data-id=\"1782\" src=\"https:\/\/www.andermatt.com\/wp-content\/uploads\/2021\/02\/curatio_2_big-660x360.jpg\" alt=\"\" class=\"wp-image-1782\"\/><\/a><\/figure>\n<\/figure>\n\n\n\n<h3 class=\"wp-block-heading\">Avantages<\/h3>\n\n\n\n<ul class=\"list wp-block-list\"><li>Tr\u00e8s fort effet curatif pendant la p\u00e9riode primaire d'ascospores de la gale<\/li><li>Effet curatif contre Taphrina deformans, rouille des prunes <span class=\"italic\">(<em>Tranzschelia pruni<\/em>)<\/span>tache de la feuille du cerisier <span class=\"italic\">(<em>Blumeriella japii<\/em>)<\/span>La maladie du trou de balle <span class=\"italic\">(Coryneum)<\/span><\/li><li>Comparable aux produits chimiques curatifs de la lutte int\u00e9gr\u00e9e ; peut remplacer un produit chimique curatif r\u00e9sistant.<\/li><li>Aucun risque de r\u00e9sistance en raison d'un mode d'action non sp\u00e9cifique<\/li><li>Sans r\u00e9sidu<\/li><li>\u00c9vite les r\u00e9sistances dans les programmes combin\u00e9s avec les fongicides conventionnels.<\/li><li>Bon effet secondaire pour <span class=\"italic\">Marssonina<\/span>taches de suie, o\u00efdium, etc.<\/li><li>Bon effet secondaire sur les acariens<\/li><li>Bonne efficacit\u00e9 contre <span class=\"italic\">Cycloconium<\/span> sur les olives<\/li><\/ul>","protected":false},"excerpt":{"rendered":"<p>Curatio est un fongicide biologique curatif et pr\u00e9ventif sans r\u00e9sidu \u00e0 base de polysulfure de calcium (soufre de chaux). Curatio a un mode d'action multiple bas\u00e9 sur un effet curatif d\u00fb \u00e0 une r\u00e9action alcaline et un effet protecteur caus\u00e9 par le soufre \u00e9l\u00e9mentaire qui reste apr\u00e8s l'application. En raison de son mode d'action non sp\u00e9cifique, aucune r\u00e9sistance n'est ...<\/p>","protected":false},"featured_media":1783,"template":"","meta":{"_acf_changed":false,"_seopress_robots_primary_cat":"","_seopress_titles_title":"","_seopress_titles_desc":"","_seopress_robots_index":"","_searchwp_excluded":"","_uag_custom_page_level_css":"","site-sidebar-layout":"default","site-content-layout":"default","ast-site-content-layout":"default","site-content-style":"default","site-sidebar-style":"default","ast-global-header-display":"","ast-banner-title-visibility":"","ast-main-header-display":"","ast-hfb-above-header-display":"","ast-hfb-below-header-display":"","ast-hfb-mobile-header-display":"","site-post-title":"","ast-breadcrumbs-content":"","ast-featured-img":"","footer-sml-layout":"","ast-disable-related-posts":"","theme-transparent-header-meta":"default","adv-header-id-meta":"","stick-header-meta":"default","header-above-stick-meta":"","header-main-stick-meta":"","header-below-stick-meta":"","astra-migrate-meta-layouts":"default","ast-page-background-enabled":"default","ast-page-background-meta":{"desktop":{"background-color":"","background-image":"","background-repeat":"repeat","background-position":"center center","background-size":"auto","background-attachment":"scroll","background-type":"","background-media":"","overlay-type":"","overlay-color":"","overlay-opacity":"","overlay-gradient":""},"tablet":{"background-color":"","background-image":"","background-repeat":"repeat","background-position":"center center","background-size":"auto","background-attachment":"scroll","background-type":"","background-media":"","overlay-type":"","overlay-color":"","overlay-opacity":"","overlay-gradient":""},"mobile":{"background-color":"","background-image":"","background-repeat":"repeat","background-position":"center center","background-size":"auto","background-attachment":"scroll","background-type":"","background-media":"","overlay-type":"","overlay-color":"","overlay-opacity":"","overlay-gradient":""}},"ast-content-background-meta":{"desktop":{"background-color":"var(--ast-global-color-5)","background-image":"","background-repeat":"repeat","background-position":"center center","background-size":"auto","background-attachment":"scroll","background-type":"","background-media":"","overlay-type":"","overlay-color":"","overlay-opacity":"","overlay-gradient":""},"tablet":{"background-color":"var(--ast-global-color-5)","background-image":"","background-repeat":"repeat","background-position":"center center","background-size":"auto","background-attachment":"scroll","background-type":"","background-media":"","overlay-type":"","overlay-color":"","overlay-opacity":"","overlay-gradient":""},"mobile":{"background-color":"var(--ast-global-color-5)","background-image":"","background-repeat":"repeat","background-position":"center center","background-size":"auto","background-attachment":"scroll","background-type":"","background-media":"","overlay-type":"","overlay-color":"","overlay-opacity":"","overlay-gradient":""}},"footnotes":""},"crop":[316,318],"disease":[329,331,333,334],"pest":[],"solution":[38],"class_list":["post-1779","product","type-product","status-publish","has-post-thumbnail","hentry","crop-fruits-berries","crop-grapes","disease-botrytis","disease-erysiphales-mildew","disease-monilinia","disease-venturia","solution-fungicides"],"acf":[],"uagb_featured_image_src":{"full":["https:\/\/www.andermatt.com\/wp-content\/uploads\/2021\/02\/curatio_1_big.jpg",1000,820,false],"thumbnail":["https:\/\/www.andermatt.com\/wp-content\/uploads\/2021\/02\/curatio_1_big-150x150.jpg",150,150,true],"medium":["https:\/\/www.andermatt.com\/wp-content\/uploads\/2021\/02\/curatio_1_big-300x246.jpg",300,246,true],"medium_large":["https:\/\/www.andermatt.com\/wp-content\/uploads\/2021\/02\/curatio_1_big-768x630.jpg",768,630,true],"large":["https:\/\/www.andermatt.com\/wp-content\/uploads\/2021\/02\/curatio_1_big.jpg",1000,820,false],"1536x1536":["https:\/\/www.andermatt.com\/wp-content\/uploads\/2021\/02\/curatio_1_big.jpg",1000,820,false],"2048x2048":["https:\/\/www.andermatt.com\/wp-content\/uploads\/2021\/02\/curatio_1_big.jpg",1000,820,false],"trp-custom-language-flag":["https:\/\/www.andermatt.com\/wp-content\/uploads\/2021\/02\/curatio_1_big.jpg",15,12,false],"feature-size":["https:\/\/www.andermatt.com\/wp-content\/uploads\/2021\/02\/curatio_1_big-660x315.jpg",660,315,true],"feature-size-gross":["https:\/\/www.andermatt.com\/wp-content\/uploads\/2021\/02\/curatio_1_big-660x360.jpg",660,360,true],"header-size-small":["https:\/\/www.andermatt.com\/wp-content\/uploads\/2021\/02\/curatio_1_big-1000x350.jpg",1000,350,true],"header-size":["https:\/\/www.andermatt.com\/wp-content\/uploads\/2021\/02\/curatio_1_big-1000x600.jpg",1000,600,true],"mailpoet_newsletter_max":["https:\/\/www.andermatt.com\/wp-content\/uploads\/2021\/02\/curatio_1_big.jpg",1000,820,false]},"uagb_author_info":{"display_name":"Michael Salzer","author_link":"https:\/\/www.andermatt.com\/fr\/author\/"},"uagb_comment_info":0,"uagb_excerpt":"Curatio is a residue free curative and preventive biological fungicide based on Calcium polysulphide (Lime sulphur) Curatio has a multiple mode of action based on a curative effect due to an alkaline reaction and a protective effect caused by elemental Sulphur which remains after application. Due to the unspecific mode of action no resistance is\u2026","_links":{"self":[{"href":"https:\/\/www.andermatt.com\/fr\/wp-json\/wp\/v2\/product\/1779","targetHints":{"allow":["GET"]}}],"collection":[{"href":"https:\/\/www.andermatt.com\/fr\/wp-json\/wp\/v2\/product"}],"about":[{"href":"https:\/\/www.andermatt.com\/fr\/wp-json\/wp\/v2\/types\/product"}],"version-history":[{"count":16,"href":"https:\/\/www.andermatt.com\/fr\/wp-json\/wp\/v2\/product\/1779\/revisions"}],"predecessor-version":[{"id":4252,"href":"https:\/\/www.andermatt.com\/fr\/wp-json\/wp\/v2\/product\/1779\/revisions\/4252"}],"wp:featuredmedia":[{"embeddable":true,"href":"https:\/\/www.andermatt.com\/fr\/wp-json\/wp\/v2\/media\/1783"}],"wp:attachment":[{"href":"https:\/\/www.andermatt.com\/fr\/wp-json\/wp\/v2\/media?parent=1779"}],"wp:term":[{"taxonomy":"crop","embeddable":true,"href":"https:\/\/www.andermatt.com\/fr\/wp-json\/wp\/v2\/crop?post=1779"},{"taxonomy":"disease","embeddable":true,"href":"https:\/\/www.andermatt.com\/fr\/wp-json\/wp\/v2\/disease?post=1779"},{"taxonomy":"pest","embeddable":true,"href":"https:\/\/www.andermatt.com\/fr\/wp-json\/wp\/v2\/pest?post=1779"},{"taxonomy":"solution","embeddable":true,"href":"https:\/\/www.andermatt.com\/fr\/wp-json\/wp\/v2\/solution?post=1779"}],"curies":[{"name":"wp","href":"https:\/\/api.w.org\/{rel}","templated":true}]}}