{"id":1751,"date":"2021-02-10T10:43:28","date_gmt":"2021-02-10T09:43:28","guid":{"rendered":"https:\/\/www.andermatt.com\/?post_type=product&#038;p=1751"},"modified":"2026-03-29T20:09:49","modified_gmt":"2026-03-29T18:09:49","slug":"capex-plus","status":"publish","type":"product","link":"https:\/\/www.andermatt.com\/fr\/produit\/capex-plus\/","title":{"rendered":"Capex Plus"},"content":{"rendered":"<p class=\"lead\">Capex Plus est un produit \u00e0 base de baculovirus pour la lutte biologique contre la tortrix des fruits d'\u00e9t\u00e9 (Baculovirus against <span class=\"italic\"><em>Adoxophyes orana<\/em> isolat GV-0021) dans les fruits \u00e0 p\u00e9pins<\/span>.<\/p>\n\n\n\n<figure class=\"wp-block-gallery has-nested-images columns-3 is-cropped wp-block-gallery-1 is-layout-flex wp-block-gallery-is-layout-flex\">\n<figure class=\"wp-block-image size-feature-size-gross\"><a href=\"https:\/\/www.andermatt.com\/wp-content\/uploads\/2021\/02\/capex_1_big.jpg\"><img decoding=\"async\" width=\"660\" height=\"360\" data-id=\"1755\" src=\"https:\/\/www.andermatt.com\/wp-content\/uploads\/2021\/02\/capex_1_big-660x360.jpg\" alt=\"\" class=\"wp-image-1755\"\/><\/a><\/figure>\n\n\n\n<figure class=\"wp-block-image size-feature-size-gross\"><a href=\"https:\/\/www.andermatt.com\/wp-content\/uploads\/2021\/02\/capex_3_big.jpg\"><img decoding=\"async\" width=\"660\" height=\"360\" data-id=\"1754\" src=\"https:\/\/www.andermatt.com\/wp-content\/uploads\/2021\/02\/capex_3_big-660x360.jpg\" alt=\"\" class=\"wp-image-1754\"\/><\/a><\/figure>\n\n\n\n<figure class=\"wp-block-image size-feature-size-gross\"><a href=\"https:\/\/www.andermatt.com\/wp-content\/uploads\/2021\/02\/capex_2_big.jpg\"><img decoding=\"async\" width=\"660\" height=\"360\" data-id=\"1753\" src=\"https:\/\/www.andermatt.com\/wp-content\/uploads\/2021\/02\/capex_2_big-660x360.jpg\" alt=\"\" class=\"wp-image-1753\"\/><\/a><\/figure>\n<\/figure>\n\n\n\n<h3 class=\"wp-block-heading\">Avantages<\/h3>\n\n\n\n<ul class=\"wp-block-list\">\n<li>L'application de Capex Plus sur les larves hivernantes permet de r\u00e9duire efficacement la population de ravageurs.<\/li>\n\n\n\n<li>Le mode d'action sp\u00e9cifique prot\u00e8ge les auxiliaires dans les vergers.<\/li>\n<\/ul>\n\n\n\n<p><\/p>\n\n\n\n<h3 class=\"wp-block-heading\">Informations sur les parasites<\/h3>\n\n\n\n<p class=\"translation-block\">La Tordeuse de la pelure Capua (<em>Adoxophyes orana<\/em>) est pr\u00e9sente en Europe et en Asie. Les chenilles polyphages se nourrissent de feuilles, de bourgeons et de fruits et peuvent causer des d\u00e9g\u00e2ts importants. Les fruits endommag\u00e9s cicatrisent mal, ce qui favorise les infections secondaires par des champignons.<\/p>\n\n\n\n<div class=\"wp-block-uagb-image uagb-block-d80ad867 wp-block-uagb-image--layout-default wp-block-uagb-image--effect-static wp-block-uagb-image--align-none\"><figure class=\"wp-block-uagb-image__figure\"><img decoding=\"async\" srcset=\"https:\/\/www.andermatt.com\/wp-content\/uploads\/2021\/02\/capex_plus_2021-1024x384.png ,https:\/\/www.andermatt.com\/wp-content\/uploads\/2021\/02\/capex_plus_2021.png 780w, https:\/\/www.andermatt.com\/wp-content\/uploads\/2021\/02\/capex_plus_2021.png 360w\" sizes=\"auto, (max-width: 480px) 150px\" src=\"https:\/\/www.andermatt.com\/wp-content\/uploads\/2021\/02\/capex_plus_2021-1024x384.png\" alt=\"capex plus\" class=\"uag-image-7736\" width=\"1024\" height=\"384\" title=\"Capex_Plus_2021\" loading=\"lazy\" role=\"img\"\/><\/figure><\/div>","protected":false},"excerpt":{"rendered":"<p>Capex Plus est un produit \u00e0 base de baculovirus pour la lutte biologique contre la tortrix des fruits d'\u00e9t\u00e9 (Baculovirus contre Adoxophyes orana isolat GV-0021) dans les fruits \u00e0 p\u00e9pins. Avantages Informations sur l'organisme nuisible La tortrix des fruits d'\u00e9t\u00e9 (Adoxophyes orana) est pr\u00e9sente en Europe et en Asie. Les chenilles polyphages se nourrissent de feuilles, de bourgeons et de fruits et peuvent causer d'importants d\u00e9g\u00e2ts. Les fruits endommag\u00e9s [...]<\/p>","protected":false},"featured_media":1753,"template":"","meta":{"_acf_changed":false,"_seopress_robots_primary_cat":"none","_seopress_titles_title":"","_seopress_titles_desc":"","_seopress_robots_index":"","_searchwp_excluded":"","_uag_custom_page_level_css":"","site-sidebar-layout":"default","site-content-layout":"default","ast-site-content-layout":"default","site-content-style":"default","site-sidebar-style":"default","ast-global-header-display":"","ast-banner-title-visibility":"","ast-main-header-display":"","ast-hfb-above-header-display":"","ast-hfb-below-header-display":"","ast-hfb-mobile-header-display":"","site-post-title":"","ast-breadcrumbs-content":"","ast-featured-img":"","footer-sml-layout":"","ast-disable-related-posts":"","theme-transparent-header-meta":"default","adv-header-id-meta":"","stick-header-meta":"default","header-above-stick-meta":"","header-main-stick-meta":"","header-below-stick-meta":"","astra-migrate-meta-layouts":"set","ast-page-background-enabled":"default","ast-page-background-meta":{"desktop":{"background-color":"","background-image":"","background-repeat":"repeat","background-position":"center center","background-size":"auto","background-attachment":"scroll","background-type":"","background-media":"","overlay-type":"","overlay-color":"","overlay-opacity":"","overlay-gradient":""},"tablet":{"background-color":"","background-image":"","background-repeat":"repeat","background-position":"center center","background-size":"auto","background-attachment":"scroll","background-type":"","background-media":"","overlay-type":"","overlay-color":"","overlay-opacity":"","overlay-gradient":""},"mobile":{"background-color":"","background-image":"","background-repeat":"repeat","background-position":"center center","background-size":"auto","background-attachment":"scroll","background-type":"","background-media":"","overlay-type":"","overlay-color":"","overlay-opacity":"","overlay-gradient":""}},"ast-content-background-meta":{"desktop":{"background-color":"var(--ast-global-color-5)","background-image":"","background-repeat":"repeat","background-position":"center center","background-size":"auto","background-attachment":"scroll","background-type":"","background-media":"","overlay-type":"","overlay-color":"","overlay-opacity":"","overlay-gradient":""},"tablet":{"background-color":"var(--ast-global-color-5)","background-image":"","background-repeat":"repeat","background-position":"center center","background-size":"auto","background-attachment":"scroll","background-type":"","background-media":"","overlay-type":"","overlay-color":"","overlay-opacity":"","overlay-gradient":""},"mobile":{"background-color":"var(--ast-global-color-5)","background-image":"","background-repeat":"repeat","background-position":"center center","background-size":"auto","background-attachment":"scroll","background-type":"","background-media":"","overlay-type":"","overlay-color":"","overlay-opacity":"","overlay-gradient":""}},"footnotes":""},"crop":[316,65],"disease":[],"pest":[44],"solution":[37],"class_list":["post-1751","product","type-product","status-publish","has-post-thumbnail","hentry","crop-fruits-berries","crop-herbs_ornamentals","pest-lepidoptera","solution-insecticides"],"acf":[],"uagb_featured_image_src":{"full":["https:\/\/www.andermatt.com\/wp-content\/uploads\/2021\/02\/capex_2_big.jpg",1000,846,false],"thumbnail":["https:\/\/www.andermatt.com\/wp-content\/uploads\/2021\/02\/capex_2_big-150x150.jpg",150,150,true],"medium":["https:\/\/www.andermatt.com\/wp-content\/uploads\/2021\/02\/capex_2_big-300x254.jpg",300,254,true],"medium_large":["https:\/\/www.andermatt.com\/wp-content\/uploads\/2021\/02\/capex_2_big-768x650.jpg",768,650,true],"large":["https:\/\/www.andermatt.com\/wp-content\/uploads\/2021\/02\/capex_2_big.jpg",1000,846,false],"1536x1536":["https:\/\/www.andermatt.com\/wp-content\/uploads\/2021\/02\/capex_2_big.jpg",1000,846,false],"2048x2048":["https:\/\/www.andermatt.com\/wp-content\/uploads\/2021\/02\/capex_2_big.jpg",1000,846,false],"trp-custom-language-flag":["https:\/\/www.andermatt.com\/wp-content\/uploads\/2021\/02\/capex_2_big.jpg",14,12,false],"feature-size":["https:\/\/www.andermatt.com\/wp-content\/uploads\/2021\/02\/capex_2_big-660x315.jpg",660,315,true],"feature-size-gross":["https:\/\/www.andermatt.com\/wp-content\/uploads\/2021\/02\/capex_2_big-660x360.jpg",660,360,true],"header-size-small":["https:\/\/www.andermatt.com\/wp-content\/uploads\/2021\/02\/capex_2_big-1000x350.jpg",1000,350,true],"header-size":["https:\/\/www.andermatt.com\/wp-content\/uploads\/2021\/02\/capex_2_big-1000x600.jpg",1000,600,true],"mailpoet_newsletter_max":["https:\/\/www.andermatt.com\/wp-content\/uploads\/2021\/02\/capex_2_big.jpg",1000,846,false]},"uagb_author_info":{"display_name":"Donvae Hooker","author_link":"https:\/\/www.andermatt.com\/fr\/author\/"},"uagb_comment_info":0,"uagb_excerpt":"Capex Plus is a baculovirus product for the biological control of the summer fruit tortrix (Baculoviruses against Adoxophyes orana isolate GV-0021) in pome fruit. Benefits Pest information Summer fruit tortrix (Adoxophyes orana) is present in Europe and Asia. The polyphagous caterpillars feed on leaves, buds and fruit and can cause significant damage. The damaged fruits\u2026","_links":{"self":[{"href":"https:\/\/www.andermatt.com\/fr\/wp-json\/wp\/v2\/product\/1751","targetHints":{"allow":["GET"]}}],"collection":[{"href":"https:\/\/www.andermatt.com\/fr\/wp-json\/wp\/v2\/product"}],"about":[{"href":"https:\/\/www.andermatt.com\/fr\/wp-json\/wp\/v2\/types\/product"}],"version-history":[{"count":30,"href":"https:\/\/www.andermatt.com\/fr\/wp-json\/wp\/v2\/product\/1751\/revisions"}],"predecessor-version":[{"id":9301,"href":"https:\/\/www.andermatt.com\/fr\/wp-json\/wp\/v2\/product\/1751\/revisions\/9301"}],"wp:featuredmedia":[{"embeddable":true,"href":"https:\/\/www.andermatt.com\/fr\/wp-json\/wp\/v2\/media\/1753"}],"wp:attachment":[{"href":"https:\/\/www.andermatt.com\/fr\/wp-json\/wp\/v2\/media?parent=1751"}],"wp:term":[{"taxonomy":"crop","embeddable":true,"href":"https:\/\/www.andermatt.com\/fr\/wp-json\/wp\/v2\/crop?post=1751"},{"taxonomy":"disease","embeddable":true,"href":"https:\/\/www.andermatt.com\/fr\/wp-json\/wp\/v2\/disease?post=1751"},{"taxonomy":"pest","embeddable":true,"href":"https:\/\/www.andermatt.com\/fr\/wp-json\/wp\/v2\/pest?post=1751"},{"taxonomy":"solution","embeddable":true,"href":"https:\/\/www.andermatt.com\/fr\/wp-json\/wp\/v2\/solution?post=1751"}],"curies":[{"name":"wp","href":"https:\/\/api.w.org\/{rel}","templated":true}]}}