{"id":1744,"date":"2021-02-10T10:37:45","date_gmt":"2021-02-10T09:37:45","guid":{"rendered":"https:\/\/www.andermatt.com\/?post_type=product&#038;p=1744"},"modified":"2026-03-25T20:25:15","modified_gmt":"2026-03-25T19:25:15","slug":"bb-protec","status":"publish","type":"product","link":"https:\/\/www.andermatt.com\/fr\/produit\/bb-protec\/","title":{"rendered":"Bb-Protec"},"content":{"rendered":"<p>\u00c9galement commercialis\u00e9 sous le nom d'Eco-Bb \/ Bassidor \/ Beauvisan<\/p>\n\n\n\n<p class=\"lead\">Un bio-insecticide \u00e0 large spectre pour la lutte contre les insectes et acariens nuisibles<\/p>\n\n\n\n<p>Bb-Protec est un concentr\u00e9 en poudre mouillable de <span class=\"italic\"><em>Beauveria bassiana<\/em><\/span> pour lutter contre un large \u00e9ventail d'insectes et d'acariens nuisibles dans l'agriculture. Le Bb-Protec est id\u00e9al comme produit de lutte antiparasitaire autonome ou dans le cadre d'un programme de lutte int\u00e9gr\u00e9e.<\/p>\n\n\n\n<figure class=\"wp-block-gallery has-nested-images columns-2 is-cropped wp-block-gallery-1 is-layout-flex wp-block-gallery-is-layout-flex\">\n<figure class=\"wp-block-image size-feature-size-gross is-style-default\"><a href=\"https:\/\/www.andermatt.com\/wp-content\/uploads\/2021\/02\/eco-bb_1_big.jpg\"><img decoding=\"async\" width=\"500\" height=\"350\" data-id=\"1747\" src=\"https:\/\/www.andermatt.com\/wp-content\/uploads\/2021\/02\/eco-bb_1_big.jpg\" alt=\"\" class=\"wp-image-1747\" srcset=\"https:\/\/www.andermatt.com\/wp-content\/uploads\/2021\/02\/eco-bb_1_big.jpg 500w, https:\/\/www.andermatt.com\/wp-content\/uploads\/2021\/02\/eco-bb_1_big-300x210.jpg 300w\" sizes=\"(max-width: 500px) 100vw, 500px\" \/><\/a><\/figure>\n\n\n\n<figure class=\"wp-block-image size-feature-size-gross is-style-default\"><a href=\"https:\/\/www.andermatt.com\/wp-content\/uploads\/2021\/02\/eco-bb_3_big.jpg\"><img decoding=\"async\" width=\"660\" height=\"360\" data-id=\"1748\" src=\"https:\/\/www.andermatt.com\/wp-content\/uploads\/2021\/02\/eco-bb_3_big-660x360.jpg\" alt=\"\" class=\"wp-image-1748\"\/><\/a><\/figure>\n<\/figure>\n\n\n\n<h3 class=\"wp-block-heading\">Avantages<\/h3>\n\n\n\n<ul class=\"wp-block-list list\">\n<li>Peut cibler diff\u00e9rents organismes nuisibles et infecter plusieurs stades de vie<\/li>\n\n\n\n<li>Pas de limite maximale de r\u00e9sidus ni de p\u00e9riode de retenue<\/li>\n\n\n\n<li>Se dissout rapidement et ne n\u00e9cessite aucune \u00e9tape de pr\u00e9-m\u00e9lange.<\/li>\n\n\n\n<li>La technologie des spores enrob\u00e9es d'huile augmente la r\u00e9sistance aux UV et r\u00e9duit la dessiccation.<\/li>\n\n\n\n<li>Modes d'action complexes et uniques avec une faible probabilit\u00e9 d'apparition d'une r\u00e9sistance<\/li>\n<\/ul>\n\n\n\n<p><\/p>","protected":false},"excerpt":{"rendered":"<p>\u00c9galement commercialis\u00e9 sous les noms Eco-Bb \/ Bassidor \/ Beauvisan Bio-insecticide \u00e0 large spectre pour la lutte contre les insectes et acariens nuisibles Bb-Protec est un concentr\u00e9 de poudre mouillable de Beauveria bassiana pour la lutte contre une large gamme d'insectes et d'acariens nuisibles en agriculture. Bb-Protec est id\u00e9al pour une utilisation autonome...<\/p>","protected":false},"featured_media":1746,"template":"","meta":{"_acf_changed":false,"_seopress_robots_primary_cat":"none","_seopress_titles_title":"","_seopress_titles_desc":"","_seopress_robots_index":"","_searchwp_excluded":"","_uag_custom_page_level_css":"","site-sidebar-layout":"default","site-content-layout":"default","ast-site-content-layout":"default","site-content-style":"default","site-sidebar-style":"default","ast-global-header-display":"","ast-banner-title-visibility":"","ast-main-header-display":"","ast-hfb-above-header-display":"","ast-hfb-below-header-display":"","ast-hfb-mobile-header-display":"","site-post-title":"","ast-breadcrumbs-content":"","ast-featured-img":"","footer-sml-layout":"","ast-disable-related-posts":"","theme-transparent-header-meta":"default","adv-header-id-meta":"","stick-header-meta":"default","header-above-stick-meta":"","header-main-stick-meta":"","header-below-stick-meta":"","astra-migrate-meta-layouts":"set","ast-page-background-enabled":"default","ast-page-background-meta":{"desktop":{"background-color":"","background-image":"","background-repeat":"repeat","background-position":"center center","background-size":"auto","background-attachment":"scroll","background-type":"","background-media":"","overlay-type":"","overlay-color":"","overlay-opacity":"","overlay-gradient":""},"tablet":{"background-color":"","background-image":"","background-repeat":"repeat","background-position":"center center","background-size":"auto","background-attachment":"scroll","background-type":"","background-media":"","overlay-type":"","overlay-color":"","overlay-opacity":"","overlay-gradient":""},"mobile":{"background-color":"","background-image":"","background-repeat":"repeat","background-position":"center center","background-size":"auto","background-attachment":"scroll","background-type":"","background-media":"","overlay-type":"","overlay-color":"","overlay-opacity":"","overlay-gradient":""}},"ast-content-background-meta":{"desktop":{"background-color":"var(--ast-global-color-5)","background-image":"","background-repeat":"repeat","background-position":"center center","background-size":"auto","background-attachment":"scroll","background-type":"","background-media":"","overlay-type":"","overlay-color":"","overlay-opacity":"","overlay-gradient":""},"tablet":{"background-color":"var(--ast-global-color-5)","background-image":"","background-repeat":"repeat","background-position":"center center","background-size":"auto","background-attachment":"scroll","background-type":"","background-media":"","overlay-type":"","overlay-color":"","overlay-opacity":"","overlay-gradient":""},"mobile":{"background-color":"var(--ast-global-color-5)","background-image":"","background-repeat":"repeat","background-position":"center center","background-size":"auto","background-attachment":"scroll","background-type":"","background-media":"","overlay-type":"","overlay-color":"","overlay-opacity":"","overlay-gradient":""}},"footnotes":""},"crop":[316,318,65,321,319,320,317],"disease":[],"pest":[323,58,57,326,61,59,60],"solution":[37],"class_list":["post-1744","product","type-product","status-publish","has-post-thumbnail","hentry","crop-fruits-berries","crop-grapes","crop-herbs_ornamentals","crop-nuts","crop-potatoes","crop-row_crops","crop-vegetables","pest-ants","pest-woolly-aphid","pest-bugs","pest-fruit-flies","pest-mites","pest-thrips","pest-white-flies","solution-insecticides"],"acf":[],"uagb_featured_image_src":{"full":["https:\/\/www.andermatt.com\/wp-content\/uploads\/2021\/02\/Bildschirmfoto-2021-02-10-um-10.36.55.jpg",2400,1502,false],"thumbnail":["https:\/\/www.andermatt.com\/wp-content\/uploads\/2021\/02\/Bildschirmfoto-2021-02-10-um-10.36.55-150x150.jpg",150,150,true],"medium":["https:\/\/www.andermatt.com\/wp-content\/uploads\/2021\/02\/Bildschirmfoto-2021-02-10-um-10.36.55-300x188.jpg",300,188,true],"medium_large":["https:\/\/www.andermatt.com\/wp-content\/uploads\/2021\/02\/Bildschirmfoto-2021-02-10-um-10.36.55-768x481.jpg",768,481,true],"large":["https:\/\/www.andermatt.com\/wp-content\/uploads\/2021\/02\/Bildschirmfoto-2021-02-10-um-10.36.55-1024x641.jpg",1024,641,true],"1536x1536":["https:\/\/www.andermatt.com\/wp-content\/uploads\/2021\/02\/Bildschirmfoto-2021-02-10-um-10.36.55-1536x961.jpg",1536,961,true],"2048x2048":["https:\/\/www.andermatt.com\/wp-content\/uploads\/2021\/02\/Bildschirmfoto-2021-02-10-um-10.36.55-2048x1282.jpg",2048,1282,true],"trp-custom-language-flag":["https:\/\/www.andermatt.com\/wp-content\/uploads\/2021\/02\/Bildschirmfoto-2021-02-10-um-10.36.55.jpg",18,12,false],"feature-size":["https:\/\/www.andermatt.com\/wp-content\/uploads\/2021\/02\/Bildschirmfoto-2021-02-10-um-10.36.55-660x315.jpg",660,315,true],"feature-size-gross":["https:\/\/www.andermatt.com\/wp-content\/uploads\/2021\/02\/Bildschirmfoto-2021-02-10-um-10.36.55-660x360.jpg",660,360,true],"header-size-small":["https:\/\/www.andermatt.com\/wp-content\/uploads\/2021\/02\/Bildschirmfoto-2021-02-10-um-10.36.55-1000x350.jpg",1000,350,true],"header-size":["https:\/\/www.andermatt.com\/wp-content\/uploads\/2021\/02\/Bildschirmfoto-2021-02-10-um-10.36.55-2000x600.jpg",2000,600,true],"mailpoet_newsletter_max":["https:\/\/www.andermatt.com\/wp-content\/uploads\/2021\/02\/Bildschirmfoto-2021-02-10-um-10.36.55-1320x826.jpg",1320,826,true]},"uagb_author_info":{"display_name":"Donvae Hooker","author_link":"https:\/\/www.andermatt.com\/fr\/author\/"},"uagb_comment_info":0,"uagb_excerpt":"Also marketed as Eco-Bb \/ Bassidor \/ Beauvisan A broad-spectrum bio-insecticide for management of insect and mite pests Bb-Protec is a wettable powder concentrate of Beauveria bassiana for the control of a wide range of agricultural insect and mite pests. Bb-Protec is ideal for use as a standalone pest control product or as part of\u2026","_links":{"self":[{"href":"https:\/\/www.andermatt.com\/fr\/wp-json\/wp\/v2\/product\/1744","targetHints":{"allow":["GET"]}}],"collection":[{"href":"https:\/\/www.andermatt.com\/fr\/wp-json\/wp\/v2\/product"}],"about":[{"href":"https:\/\/www.andermatt.com\/fr\/wp-json\/wp\/v2\/types\/product"}],"version-history":[{"count":17,"href":"https:\/\/www.andermatt.com\/fr\/wp-json\/wp\/v2\/product\/1744\/revisions"}],"predecessor-version":[{"id":9297,"href":"https:\/\/www.andermatt.com\/fr\/wp-json\/wp\/v2\/product\/1744\/revisions\/9297"}],"wp:featuredmedia":[{"embeddable":true,"href":"https:\/\/www.andermatt.com\/fr\/wp-json\/wp\/v2\/media\/1746"}],"wp:attachment":[{"href":"https:\/\/www.andermatt.com\/fr\/wp-json\/wp\/v2\/media?parent=1744"}],"wp:term":[{"taxonomy":"crop","embeddable":true,"href":"https:\/\/www.andermatt.com\/fr\/wp-json\/wp\/v2\/crop?post=1744"},{"taxonomy":"disease","embeddable":true,"href":"https:\/\/www.andermatt.com\/fr\/wp-json\/wp\/v2\/disease?post=1744"},{"taxonomy":"pest","embeddable":true,"href":"https:\/\/www.andermatt.com\/fr\/wp-json\/wp\/v2\/pest?post=1744"},{"taxonomy":"solution","embeddable":true,"href":"https:\/\/www.andermatt.com\/fr\/wp-json\/wp\/v2\/solution?post=1744"}],"curies":[{"name":"wp","href":"https:\/\/api.w.org\/{rel}","templated":true}]}}