{"id":1725,"date":"2021-02-10T10:12:21","date_gmt":"2021-02-10T09:12:21","guid":{"rendered":"https:\/\/www.andermatt.com\/?post_type=product&#038;p=1725"},"modified":"2025-11-26T10:01:43","modified_gmt":"2025-11-26T09:01:43","slug":"madex-twin","status":"publish","type":"product","link":"https:\/\/www.andermatt.com\/fr\/produit\/madex-twin\/","title":{"rendered":"Madex Twin"},"content":{"rendered":"<p class=\"lead\">Madex Twin est un virus insecticide pour le contr\u00f4le combin\u00e9 de la tordeuse orientale du p\u00eacher et du carpocapse dans les fruits \u00e0 noyau et \u00e0 p\u00e9pins. La substance active de Madex Twin est un virus naturel du carpocapse, s\u00e9lectionn\u00e9 pour sa capacit\u00e9 \u00e0 infecter et \u00e0 tuer les larves des deux principaux ravageurs.<\/p>\n\n\n\n<p><strong>Madex Duo<\/strong>\u00a0est une am\u00e9lioration du produit\u00a0<strong>Madex Twin<\/strong>\u00a0avec de nouveaux isolats permettant un contr\u00f4le efficace des populations r\u00e9sistantes.<\/p>\n\n\n\n<figure class=\"wp-block-gallery has-nested-images columns-2 is-cropped wp-block-gallery-1 is-layout-flex wp-block-gallery-is-layout-flex\">\n<figure class=\"wp-block-image size-feature-size-gross is-style-default\"><a href=\"https:\/\/www.andermatt.com\/wp-content\/uploads\/2021\/02\/madex-twin_3_big.jpg\"><img decoding=\"async\" width=\"660\" height=\"360\" data-id=\"1729\" src=\"https:\/\/www.andermatt.com\/wp-content\/uploads\/2021\/02\/madex-twin_3_big-660x360.jpg\" alt=\"\" class=\"wp-image-1729\"\/><\/a><\/figure>\n\n\n\n<figure class=\"wp-block-image size-feature-size-gross is-style-default\"><a href=\"https:\/\/www.andermatt.com\/wp-content\/uploads\/2021\/02\/madex-twin_2_big.jpg\"><img decoding=\"async\" width=\"660\" height=\"360\" data-id=\"1727\" src=\"https:\/\/www.andermatt.com\/wp-content\/uploads\/2021\/02\/madex-twin_2_big-660x360.jpg\" alt=\"\" class=\"wp-image-1727\"\/><\/a><\/figure>\n<\/figure>\n\n\n\n<h3 class=\"wp-block-heading\">Avantages<\/h3>\n\n\n\n<ul class=\"wp-block-list\">\n<li>Contr\u00f4le efficace et combin\u00e9 des dommages caus\u00e9s par le carpocapse et la tordeuse orientale du p\u00eacher.<\/li>\n\n\n\n<li>Mode d'action unique avec un effet suppl\u00e9mentaire sur la population de ravageurs. Madex Twin est donc un excellent produit pour la gestion de la r\u00e9sistance dans les strat\u00e9gies de lutte int\u00e9gr\u00e9e.<\/li>\n\n\n\n<li>Convient \u00e0 une production sans r\u00e9sidus. Madex Twin peut \u00eatre utilis\u00e9 jusqu'\u00e0 la r\u00e9colte et offre donc une solution pour les march\u00e9s d'exportation et la production d'aliments pour b\u00e9b\u00e9s.<\/li>\n<\/ul>\n\n\n\n<figure class=\"wp-block-embed is-type-video is-provider-youtube wp-block-embed-youtube wp-embed-aspect-4-3 wp-has-aspect-ratio\"><div class=\"wp-block-embed__wrapper\">\n<iframe loading=\"lazy\" hcb-fetch-image-from=\"https:\/\/youtu.be\/2KD53BuwHKs\" title=\"Madex\" width=\"500\" height=\"375\" src=\"https:\/\/www.youtube.com\/embed\/2KD53BuwHKs?feature=oembed\" frameborder=\"0\" allow=\"accelerometer; autoplay; clipboard-write; encrypted-media; gyroscope; picture-in-picture; web-share\" referrerpolicy=\"strict-origin-when-cross-origin\" allowfullscreen><\/iframe>\n<\/div><\/figure>\n\n\n\n<p><\/p>\n\n\n\n<h3 class=\"wp-block-heading\">Informations sur les parasites<\/h3>\n\n\n\n<p class=\"translation-block\">La <strong>Tordeuse orientale du p\u00eacher<\/strong> (<em>Grapholita molesta<\/em>) est un ravageur s\u00e9rieux d'importance \u00e9conomique pour les vergers commerciaux de p\u00eaches, de nectarines et d'abricots. Il migre fr\u00e9quemment vers les vergers de fruits \u00e0 p\u00e9pins en fin de saison, o\u00f9 il peut causer d'importants d\u00e9g\u00e2ts aux fruits avant la r\u00e9colte. Des \u00e9tudes r\u00e9centes ont confirm\u00e9 que la TOP est \u00e9galement capable d'accomplir son cycle de vie complet sur d'autres h\u00f4tes tels que le pommier, le cerisier, le prunier et le cognassier. Les larves de premi\u00e8re et de deuxi\u00e8me g\u00e9n\u00e9ration creusent les extr\u00e9mit\u00e9s des arbres fruitiers, provoquant le d\u00e9p\u00e9rissement, la d\u00e9formation et le fl\u00e9trissement des pousses. En r\u00e9ponse au durcissement des pousses, l'alimentation des fruits augmente consid\u00e9rablement dans les g\u00e9n\u00e9rations suivantes<\/p>\n\n\n\n<p class=\"translation-block\"><a href=\"https:\/\/www.andermatt.com\/fr\/produit\/madex\/#cydia-pomonella\" target=\"_self\"><strong>Carpocapse de la pomme<\/strong> (<em>Cydia pomonella<\/em>)<\/a><\/p>","protected":false},"excerpt":{"rendered":"<p>Madex Twin est un virus insecticide destin\u00e9 \u00e0 la lutte combin\u00e9e contre la tordeuse orientale des fruits (OFM) et le carpocapse (CM) dans les fruits \u00e0 noyau et \u00e0 p\u00e9pins. La substance active de Madex Twin est un virus naturel du carpocapse s\u00e9lectionn\u00e9 pour sa capacit\u00e9 \u00e0 infecter et \u00e0 tuer les larves de ces deux ravageurs cl\u00e9s. Madex Duo est une am\u00e9lioration de [\u2026]<\/p>","protected":false},"featured_media":1729,"template":"","meta":{"_acf_changed":false,"_seopress_robots_primary_cat":"none","_seopress_titles_title":"","_seopress_titles_desc":"","_seopress_robots_index":"","_searchwp_excluded":"","_uag_custom_page_level_css":"","site-sidebar-layout":"default","site-content-layout":"default","ast-site-content-layout":"default","site-content-style":"default","site-sidebar-style":"default","ast-global-header-display":"","ast-banner-title-visibility":"","ast-main-header-display":"","ast-hfb-above-header-display":"","ast-hfb-below-header-display":"","ast-hfb-mobile-header-display":"","site-post-title":"","ast-breadcrumbs-content":"","ast-featured-img":"","footer-sml-layout":"","ast-disable-related-posts":"","theme-transparent-header-meta":"default","adv-header-id-meta":"","stick-header-meta":"default","header-above-stick-meta":"","header-main-stick-meta":"","header-below-stick-meta":"","astra-migrate-meta-layouts":"set","ast-page-background-enabled":"default","ast-page-background-meta":{"desktop":{"background-color":"","background-image":"","background-repeat":"repeat","background-position":"center center","background-size":"auto","background-attachment":"scroll","background-type":"","background-media":"","overlay-type":"","overlay-color":"","overlay-opacity":"","overlay-gradient":""},"tablet":{"background-color":"","background-image":"","background-repeat":"repeat","background-position":"center center","background-size":"auto","background-attachment":"scroll","background-type":"","background-media":"","overlay-type":"","overlay-color":"","overlay-opacity":"","overlay-gradient":""},"mobile":{"background-color":"","background-image":"","background-repeat":"repeat","background-position":"center center","background-size":"auto","background-attachment":"scroll","background-type":"","background-media":"","overlay-type":"","overlay-color":"","overlay-opacity":"","overlay-gradient":""}},"ast-content-background-meta":{"desktop":{"background-color":"var(--ast-global-color-5)","background-image":"","background-repeat":"repeat","background-position":"center center","background-size":"auto","background-attachment":"scroll","background-type":"","background-media":"","overlay-type":"","overlay-color":"","overlay-opacity":"","overlay-gradient":""},"tablet":{"background-color":"var(--ast-global-color-5)","background-image":"","background-repeat":"repeat","background-position":"center center","background-size":"auto","background-attachment":"scroll","background-type":"","background-media":"","overlay-type":"","overlay-color":"","overlay-opacity":"","overlay-gradient":""},"mobile":{"background-color":"var(--ast-global-color-5)","background-image":"","background-repeat":"repeat","background-position":"center center","background-size":"auto","background-attachment":"scroll","background-type":"","background-media":"","overlay-type":"","overlay-color":"","overlay-opacity":"","overlay-gradient":""}},"footnotes":""},"crop":[316,321],"disease":[],"pest":[44],"solution":[37],"class_list":["post-1725","product","type-product","status-publish","has-post-thumbnail","hentry","crop-fruits-berries","crop-nuts","pest-lepidoptera","solution-insecticides"],"acf":[],"uagb_featured_image_src":{"full":["https:\/\/www.andermatt.com\/wp-content\/uploads\/2021\/02\/madex-twin_3_big.jpg",1000,664,false],"thumbnail":["https:\/\/www.andermatt.com\/wp-content\/uploads\/2021\/02\/madex-twin_3_big-150x150.jpg",150,150,true],"medium":["https:\/\/www.andermatt.com\/wp-content\/uploads\/2021\/02\/madex-twin_3_big-300x199.jpg",300,199,true],"medium_large":["https:\/\/www.andermatt.com\/wp-content\/uploads\/2021\/02\/madex-twin_3_big-768x510.jpg",768,510,true],"large":["https:\/\/www.andermatt.com\/wp-content\/uploads\/2021\/02\/madex-twin_3_big.jpg",1000,664,false],"1536x1536":["https:\/\/www.andermatt.com\/wp-content\/uploads\/2021\/02\/madex-twin_3_big.jpg",1000,664,false],"2048x2048":["https:\/\/www.andermatt.com\/wp-content\/uploads\/2021\/02\/madex-twin_3_big.jpg",1000,664,false],"trp-custom-language-flag":["https:\/\/www.andermatt.com\/wp-content\/uploads\/2021\/02\/madex-twin_3_big.jpg",18,12,false],"feature-size":["https:\/\/www.andermatt.com\/wp-content\/uploads\/2021\/02\/madex-twin_3_big-660x315.jpg",660,315,true],"feature-size-gross":["https:\/\/www.andermatt.com\/wp-content\/uploads\/2021\/02\/madex-twin_3_big-660x360.jpg",660,360,true],"header-size-small":["https:\/\/www.andermatt.com\/wp-content\/uploads\/2021\/02\/madex-twin_3_big-1000x350.jpg",1000,350,true],"header-size":["https:\/\/www.andermatt.com\/wp-content\/uploads\/2021\/02\/madex-twin_3_big-1000x600.jpg",1000,600,true],"mailpoet_newsletter_max":["https:\/\/www.andermatt.com\/wp-content\/uploads\/2021\/02\/madex-twin_3_big.jpg",1000,664,false]},"uagb_author_info":{"display_name":"Donvae Hooker","author_link":"https:\/\/www.andermatt.com\/fr\/author\/"},"uagb_comment_info":0,"uagb_excerpt":"Madex Twin is an insecticidal virus for the combined control of oriental fruit moth (OFM) and codling moth (CM) in stone and pome fruit. The active substance of Madex Twin is a naturally occurring codling moth virus selected for its ability to infect and kill larvae of both key pests. Madex Duo\u00a0is an improvement of\u2026","_links":{"self":[{"href":"https:\/\/www.andermatt.com\/fr\/wp-json\/wp\/v2\/product\/1725","targetHints":{"allow":["GET"]}}],"collection":[{"href":"https:\/\/www.andermatt.com\/fr\/wp-json\/wp\/v2\/product"}],"about":[{"href":"https:\/\/www.andermatt.com\/fr\/wp-json\/wp\/v2\/types\/product"}],"version-history":[{"count":33,"href":"https:\/\/www.andermatt.com\/fr\/wp-json\/wp\/v2\/product\/1725\/revisions"}],"predecessor-version":[{"id":8974,"href":"https:\/\/www.andermatt.com\/fr\/wp-json\/wp\/v2\/product\/1725\/revisions\/8974"}],"wp:featuredmedia":[{"embeddable":true,"href":"https:\/\/www.andermatt.com\/fr\/wp-json\/wp\/v2\/media\/1729"}],"wp:attachment":[{"href":"https:\/\/www.andermatt.com\/fr\/wp-json\/wp\/v2\/media?parent=1725"}],"wp:term":[{"taxonomy":"crop","embeddable":true,"href":"https:\/\/www.andermatt.com\/fr\/wp-json\/wp\/v2\/crop?post=1725"},{"taxonomy":"disease","embeddable":true,"href":"https:\/\/www.andermatt.com\/fr\/wp-json\/wp\/v2\/disease?post=1725"},{"taxonomy":"pest","embeddable":true,"href":"https:\/\/www.andermatt.com\/fr\/wp-json\/wp\/v2\/pest?post=1725"},{"taxonomy":"solution","embeddable":true,"href":"https:\/\/www.andermatt.com\/fr\/wp-json\/wp\/v2\/solution?post=1725"}],"curies":[{"name":"wp","href":"https:\/\/api.w.org\/{rel}","templated":true}]}}