{"id":1704,"date":"2021-02-09T17:14:18","date_gmt":"2021-02-09T16:14:18","guid":{"rendered":"https:\/\/www.andermatt.com\/?post_type=product&#038;p=1704"},"modified":"2025-11-26T09:57:27","modified_gmt":"2025-11-26T08:57:27","slug":"madex","status":"publish","type":"product","link":"https:\/\/www.andermatt.com\/fr\/produit\/madex\/","title":{"rendered":"Madex"},"content":{"rendered":"<p class=\"lead translation-block\">Madex est une pr\u00e9paration tr\u00e8s efficace pour la lutte biologique contre le carpocapse <span class=\"italic\">(<em>Cydia pomonella<\/em>)<\/span>, bas\u00e9 sur un granulovirus <em>Cydia pomonella <\/em> (CpGV). Afin de r\u00e9pondre aux demandes sp\u00e9cifiques du march\u00e9, Andermatt Biocontrol propose plusieurs produits Madex bas\u00e9s sur diff\u00e9rents isolats de CpGV :<\/p>\n\n\n\n<p><strong>Madex Top<\/strong>,\u00a0<strong>Madex Max et Madex Primo<\/strong>\u00a0sont des am\u00e9liorations du produit\u00a0<strong>Madex<\/strong>\u00a0avec de nouveaux isolats permettant un contr\u00f4le efficace des populations r\u00e9sistantes.<\/p>\n\n\n\n<figure class=\"wp-block-gallery has-nested-images columns-2 is-cropped wp-block-gallery-1 is-layout-flex wp-block-gallery-is-layout-flex\">\n<figure class=\"wp-block-image size-feature-size-gross\"><a href=\"https:\/\/www.andermatt.com\/wp-content\/uploads\/2021\/02\/codling-moth_1_big.jpg\"><img decoding=\"async\" width=\"660\" height=\"360\" data-id=\"1709\" src=\"https:\/\/www.andermatt.com\/wp-content\/uploads\/2021\/02\/codling-moth_1_big-660x360.jpg\" alt=\"\" class=\"wp-image-1709\"\/><\/a><\/figure>\n\n\n\n<figure class=\"wp-block-image size-feature-size-gross\"><a href=\"https:\/\/www.andermatt.com\/wp-content\/uploads\/2021\/02\/codling-moth_2_big.jpg\"><img decoding=\"async\" width=\"660\" height=\"360\" data-id=\"1708\" src=\"https:\/\/www.andermatt.com\/wp-content\/uploads\/2021\/02\/codling-moth_2_big-660x360.jpg\" alt=\"\" class=\"wp-image-1708\"\/><\/a><\/figure>\n<\/figure>\n\n\n\n<h3 class=\"wp-block-heading\">Avantages<\/h3>\n\n\n\n<ul class=\"wp-block-list\">\n<li>Contr\u00f4le efficace des dommages caus\u00e9s par le carpocapse<\/li>\n\n\n\n<li>Mode d'action unique avec un effet suppl\u00e9mentaire sur la population de ravageurs. Madex est donc un excellent produit pour la gestion de la r\u00e9sistance dans les strat\u00e9gies de lutte int\u00e9gr\u00e9e.<\/li>\n\n\n\n<li>Convient \u00e0 une production sans r\u00e9sidus. Madex peut \u00eatre utilis\u00e9 jusqu'\u00e0 la r\u00e9colte et offre donc une solution pour les march\u00e9s d'exportation et la production d'aliments pour b\u00e9b\u00e9s.<\/li>\n<\/ul>\n\n\n\n<figure class=\"wp-block-embed is-type-video is-provider-youtube wp-block-embed-youtube wp-embed-aspect-4-3 wp-has-aspect-ratio\"><div class=\"wp-block-embed__wrapper\">\n<iframe loading=\"lazy\" hcb-fetch-image-from=\"https:\/\/www.youtube.com\/watch?v=2KD53BuwHKs&amp;feature=youtu.be\" title=\"Madex\" width=\"500\" height=\"375\" src=\"https:\/\/www.youtube.com\/embed\/2KD53BuwHKs?feature=oembed\" frameborder=\"0\" allow=\"accelerometer; autoplay; clipboard-write; encrypted-media; gyroscope; picture-in-picture; web-share\" referrerpolicy=\"strict-origin-when-cross-origin\" allowfullscreen><\/iframe>\n<\/div><\/figure>\n\n\n\n<p><\/p>\n\n\n\n<h3 class=\"wp-block-heading\">Information sur le ravageur<\/h3>\n\n\n\n<p id=\"cydia-pomonella\" class=\"translation-block\"><em>Cydia pomonella<\/em> est l'un des ravageurs les plus s\u00e9rieux au monde qui infeste les fruits \u00e0 p\u00e9pins. Il est tr\u00e8s adaptable \u00e0 diverses conditions climatiques et environnements. Une r\u00e9sistance \u00e0 plusieurs insecticides chimiques a \u00e9t\u00e9 signal\u00e9e. Par cons\u00e9quent, des strat\u00e9gies alternatives sont n\u00e9cessaires pour lutter avec succ\u00e8s contre ce ravageur. Les larves se frayent un chemin dans les fruits, g\u00e9n\u00e9ralement en entrant \u00e0 l'extr\u00e9mit\u00e9 de la fleur, \u00e0 l'extr\u00e9mit\u00e9 du p\u00e9doncule ou aux points de contact entre les fruits. Leur tunnel en spirale conduit finalement vers le noyau et est souvent une source d'infections secondaires.<\/p>\n\n\n\n<p><\/p>","protected":false},"excerpt":{"rendered":"<p>Madex est un produit hautement efficace pour la lutte biologique contre le carpocapse (Cydia pomonella), \u00e0 base d'un granulovirus de Cydia pomonella (CpGV). Afin de r\u00e9pondre aux demandes sp\u00e9cifiques du march\u00e9, Andermatt Biocontrol propose plusieurs produits Madex \u00e0 base de diff\u00e9rents isolats de CpGV : Madex Top, Madex Max et Madex Primo sont des am\u00e9liorations du produit Madex avec de nouveaux isolats permettant<\/p>","protected":false},"featured_media":1710,"template":"","meta":{"_acf_changed":false,"_seopress_robots_primary_cat":"none","_seopress_titles_title":"","_seopress_titles_desc":"","_seopress_robots_index":"","_searchwp_excluded":"","_uag_custom_page_level_css":"","site-sidebar-layout":"default","site-content-layout":"default","ast-site-content-layout":"default","site-content-style":"default","site-sidebar-style":"default","ast-global-header-display":"","ast-banner-title-visibility":"","ast-main-header-display":"","ast-hfb-above-header-display":"","ast-hfb-below-header-display":"","ast-hfb-mobile-header-display":"","site-post-title":"","ast-breadcrumbs-content":"","ast-featured-img":"","footer-sml-layout":"","ast-disable-related-posts":"","theme-transparent-header-meta":"default","adv-header-id-meta":"","stick-header-meta":"default","header-above-stick-meta":"","header-main-stick-meta":"","header-below-stick-meta":"","astra-migrate-meta-layouts":"set","ast-page-background-enabled":"default","ast-page-background-meta":{"desktop":{"background-color":"","background-image":"","background-repeat":"repeat","background-position":"center center","background-size":"auto","background-attachment":"scroll","background-type":"","background-media":"","overlay-type":"","overlay-color":"","overlay-opacity":"","overlay-gradient":""},"tablet":{"background-color":"","background-image":"","background-repeat":"repeat","background-position":"center center","background-size":"auto","background-attachment":"scroll","background-type":"","background-media":"","overlay-type":"","overlay-color":"","overlay-opacity":"","overlay-gradient":""},"mobile":{"background-color":"","background-image":"","background-repeat":"repeat","background-position":"center center","background-size":"auto","background-attachment":"scroll","background-type":"","background-media":"","overlay-type":"","overlay-color":"","overlay-opacity":"","overlay-gradient":""}},"ast-content-background-meta":{"desktop":{"background-color":"var(--ast-global-color-5)","background-image":"","background-repeat":"repeat","background-position":"center center","background-size":"auto","background-attachment":"scroll","background-type":"","background-media":"","overlay-type":"","overlay-color":"","overlay-opacity":"","overlay-gradient":""},"tablet":{"background-color":"var(--ast-global-color-5)","background-image":"","background-repeat":"repeat","background-position":"center center","background-size":"auto","background-attachment":"scroll","background-type":"","background-media":"","overlay-type":"","overlay-color":"","overlay-opacity":"","overlay-gradient":""},"mobile":{"background-color":"var(--ast-global-color-5)","background-image":"","background-repeat":"repeat","background-position":"center center","background-size":"auto","background-attachment":"scroll","background-type":"","background-media":"","overlay-type":"","overlay-color":"","overlay-opacity":"","overlay-gradient":""}},"footnotes":""},"crop":[316,321],"disease":[],"pest":[44],"solution":[37],"class_list":["post-1704","product","type-product","status-publish","has-post-thumbnail","hentry","crop-fruits-berries","crop-nuts","pest-lepidoptera","solution-insecticides"],"acf":[],"uagb_featured_image_src":{"full":["https:\/\/www.andermatt.com\/wp-content\/uploads\/2021\/02\/codling-moth_3_big.jpg",1000,698,false],"thumbnail":["https:\/\/www.andermatt.com\/wp-content\/uploads\/2021\/02\/codling-moth_3_big-150x150.jpg",150,150,true],"medium":["https:\/\/www.andermatt.com\/wp-content\/uploads\/2021\/02\/codling-moth_3_big-300x209.jpg",300,209,true],"medium_large":["https:\/\/www.andermatt.com\/wp-content\/uploads\/2021\/02\/codling-moth_3_big-768x536.jpg",768,536,true],"large":["https:\/\/www.andermatt.com\/wp-content\/uploads\/2021\/02\/codling-moth_3_big.jpg",1000,698,false],"1536x1536":["https:\/\/www.andermatt.com\/wp-content\/uploads\/2021\/02\/codling-moth_3_big.jpg",1000,698,false],"2048x2048":["https:\/\/www.andermatt.com\/wp-content\/uploads\/2021\/02\/codling-moth_3_big.jpg",1000,698,false],"trp-custom-language-flag":["https:\/\/www.andermatt.com\/wp-content\/uploads\/2021\/02\/codling-moth_3_big.jpg",18,12,false],"feature-size":["https:\/\/www.andermatt.com\/wp-content\/uploads\/2021\/02\/codling-moth_3_big-660x315.jpg",660,315,true],"feature-size-gross":["https:\/\/www.andermatt.com\/wp-content\/uploads\/2021\/02\/codling-moth_3_big-660x360.jpg",660,360,true],"header-size-small":["https:\/\/www.andermatt.com\/wp-content\/uploads\/2021\/02\/codling-moth_3_big-1000x350.jpg",1000,350,true],"header-size":["https:\/\/www.andermatt.com\/wp-content\/uploads\/2021\/02\/codling-moth_3_big-1000x600.jpg",1000,600,true],"mailpoet_newsletter_max":["https:\/\/www.andermatt.com\/wp-content\/uploads\/2021\/02\/codling-moth_3_big.jpg",1000,698,false]},"uagb_author_info":{"display_name":"Donvae Hooker","author_link":"https:\/\/www.andermatt.com\/fr\/author\/"},"uagb_comment_info":0,"uagb_excerpt":"Madex is a highly efficient preparation for the biological control of the codling moth (Cydia pomonella), based on a Cydia pomonella granulovirus (CpGV). In order to meet specific market demands, Andermatt Biocontrol provides several Madex products based on different CpGV isolates: Madex Top,\u00a0Madex Max and Madex Primo\u00a0are improvements of the product\u00a0Madex\u00a0with novel isolates allowing for\u2026","_links":{"self":[{"href":"https:\/\/www.andermatt.com\/fr\/wp-json\/wp\/v2\/product\/1704","targetHints":{"allow":["GET"]}}],"collection":[{"href":"https:\/\/www.andermatt.com\/fr\/wp-json\/wp\/v2\/product"}],"about":[{"href":"https:\/\/www.andermatt.com\/fr\/wp-json\/wp\/v2\/types\/product"}],"version-history":[{"count":59,"href":"https:\/\/www.andermatt.com\/fr\/wp-json\/wp\/v2\/product\/1704\/revisions"}],"predecessor-version":[{"id":8973,"href":"https:\/\/www.andermatt.com\/fr\/wp-json\/wp\/v2\/product\/1704\/revisions\/8973"}],"wp:featuredmedia":[{"embeddable":true,"href":"https:\/\/www.andermatt.com\/fr\/wp-json\/wp\/v2\/media\/1710"}],"wp:attachment":[{"href":"https:\/\/www.andermatt.com\/fr\/wp-json\/wp\/v2\/media?parent=1704"}],"wp:term":[{"taxonomy":"crop","embeddable":true,"href":"https:\/\/www.andermatt.com\/fr\/wp-json\/wp\/v2\/crop?post=1704"},{"taxonomy":"disease","embeddable":true,"href":"https:\/\/www.andermatt.com\/fr\/wp-json\/wp\/v2\/disease?post=1704"},{"taxonomy":"pest","embeddable":true,"href":"https:\/\/www.andermatt.com\/fr\/wp-json\/wp\/v2\/pest?post=1704"},{"taxonomy":"solution","embeddable":true,"href":"https:\/\/www.andermatt.com\/fr\/wp-json\/wp\/v2\/solution?post=1704"}],"curies":[{"name":"wp","href":"https:\/\/api.w.org\/{rel}","templated":true}]}}