{"id":8953,"date":"2025-11-20T10:43:14","date_gmt":"2025-11-20T09:43:14","guid":{"rendered":"https:\/\/www.andermatt.com\/?page_id=8953"},"modified":"2025-11-20T10:48:13","modified_gmt":"2025-11-20T09:48:13","slug":"brochure-andermatt-2026","status":"publish","type":"page","link":"https:\/\/www.andermatt.com\/fr\/brochure-andermatt-2026\/","title":{"rendered":"Brochure Andermatt 2026"},"content":{"rendered":"<h1>Brochure Andermatt 2026<\/h1>\t\t\t\n\t<p>Notre aventure a commenc\u00e9 en Suisse en 1988, lorsque le Dr Isabel et le Dr Martin Andermatt, alors \u00e9tudiants, ont enregistr\u00e9 le premier produit \u00e0 base de granulovirus au monde, ouvrant ainsi une nouvelle \u00e8re pour l'agriculture.<\/p>\n<p>Au cours des d\u00e9cennies qui ont suivi, des experts en biologie et des pionniers de l'agriculture du monde entier ont uni leurs forces pour former le groupe Andermatt. Aujourd'hui, nous comptons plusieurs entreprises \u00e0 travers le monde et nos produits sont disponibles dans plus de 60 pays.<\/p>\n<p>Notre expertise mondiale commune soutient les agriculteurs du monde entier gr\u00e2ce \u00e0 notre r\u00e9seau, en leur offrant des informations r\u00e9gionales, une compr\u00e9hension culturelle et une expertise scientifique dans les domaines de la production agricole, de la maison et du jardin, de la lutte contre les parasites, ainsi que de la sant\u00e9 des abeilles et des animaux d'\u00e9levage.<\/p>\n\t\t\t<a href=\"https:\/\/www.andermatt.com\/wp-content\/uploads\/2025\/11\/andermatt-brochure_2026.pdf\" target=\"_blank\" rel=\"noopener\">\n\t\t\t\t\t\t\tT\u00e9l\u00e9charger\n\t\t\t\t\t<\/a>","protected":false},"excerpt":{"rendered":"<p>Andermatt Brochure 2026 Notre parcours a commenc\u00e9 en Suisse en 1988, lorsque les Drs Isabel et Martin Andermatt, alors \u00e9tudiants, ont enregistr\u00e9 le premier produit \u00e0 base de granulovirus au monde, ouvrant ainsi une nouvelle \u00e8re pour l'agriculture. Au cours des d\u00e9cennies qui ont suivi, des experts en biologie et des pionniers de l'agriculture du monde entier ont uni leurs forces pour former le groupe Andermatt. Aujourd'hui, [...]<\/p>","protected":false},"author":15,"featured_media":0,"parent":0,"menu_order":0,"comment_status":"closed","ping_status":"closed","template":"","meta":{"_acf_changed":false,"_seopress_robots_primary_cat":"","_seopress_titles_title":"","_seopress_titles_desc":"","_seopress_robots_index":"","_searchwp_excluded":"","_uag_custom_page_level_css":"","site-sidebar-layout":"default","site-content-layout":"default","ast-site-content-layout":"default","site-content-style":"default","site-sidebar-style":"default","ast-global-header-display":"","ast-banner-title-visibility":"","ast-main-header-display":"","ast-hfb-above-header-display":"","ast-hfb-below-header-display":"","ast-hfb-mobile-header-display":"","site-post-title":"disabled","ast-breadcrumbs-content":"","ast-featured-img":"","footer-sml-layout":"","ast-disable-related-posts":"","theme-transparent-header-meta":"default","adv-header-id-meta":"","stick-header-meta":"default","header-above-stick-meta":"","header-main-stick-meta":"","header-below-stick-meta":"","astra-migrate-meta-layouts":"set","ast-page-background-enabled":"default","ast-page-background-meta":{"desktop":{"background-color":"","background-image":"","background-repeat":"repeat","background-position":"center center","background-size":"auto","background-attachment":"scroll","background-type":"","background-media":"","overlay-type":"","overlay-color":"","overlay-opacity":"","overlay-gradient":""},"tablet":{"background-color":"","background-image":"","background-repeat":"repeat","background-position":"center center","background-size":"auto","background-attachment":"scroll","background-type":"","background-media":"","overlay-type":"","overlay-color":"","overlay-opacity":"","overlay-gradient":""},"mobile":{"background-color":"","background-image":"","background-repeat":"repeat","background-position":"center center","background-size":"auto","background-attachment":"scroll","background-type":"","background-media":"","overlay-type":"","overlay-color":"","overlay-opacity":"","overlay-gradient":""}},"ast-content-background-meta":{"desktop":{"background-color":"var(--ast-global-color-5)","background-image":"","background-repeat":"repeat","background-position":"center center","background-size":"auto","background-attachment":"scroll","background-type":"","background-media":"","overlay-type":"","overlay-color":"","overlay-opacity":"","overlay-gradient":""},"tablet":{"background-color":"var(--ast-global-color-5)","background-image":"","background-repeat":"repeat","background-position":"center center","background-size":"auto","background-attachment":"scroll","background-type":"","background-media":"","overlay-type":"","overlay-color":"","overlay-opacity":"","overlay-gradient":""},"mobile":{"background-color":"var(--ast-global-color-5)","background-image":"","background-repeat":"repeat","background-position":"center center","background-size":"auto","background-attachment":"scroll","background-type":"","background-media":"","overlay-type":"","overlay-color":"","overlay-opacity":"","overlay-gradient":""}},"footnotes":""},"class_list":["post-8953","page","type-page","status-publish","hentry"],"acf":[],"uagb_featured_image_src":{"full":false,"thumbnail":false,"medium":false,"medium_large":false,"large":false,"1536x1536":false,"2048x2048":false,"trp-custom-language-flag":false,"feature-size":false,"feature-size-gross":false,"header-size-small":false,"header-size":false,"mailpoet_newsletter_max":false},"uagb_author_info":{"display_name":"Donvae Hooker","author_link":"https:\/\/www.andermatt.com\/fr\/author\/donvae\/"},"uagb_comment_info":0,"uagb_excerpt":"Andermatt Brochure 2026 Our journey began in Switzerland in 1988 when as students, Dr Isabel and Dr Martin Andermatt, registered the worlds first granulovirus product, ushering in a new era for agriculture. In the decades that have followed, biological experts and agricultural pioneers around the world have joined forces to form the Andermatt Group. Today,\u2026","_links":{"self":[{"href":"https:\/\/www.andermatt.com\/fr\/wp-json\/wp\/v2\/pages\/8953","targetHints":{"allow":["GET"]}}],"collection":[{"href":"https:\/\/www.andermatt.com\/fr\/wp-json\/wp\/v2\/pages"}],"about":[{"href":"https:\/\/www.andermatt.com\/fr\/wp-json\/wp\/v2\/types\/page"}],"author":[{"embeddable":true,"href":"https:\/\/www.andermatt.com\/fr\/wp-json\/wp\/v2\/users\/15"}],"replies":[{"embeddable":true,"href":"https:\/\/www.andermatt.com\/fr\/wp-json\/wp\/v2\/comments?post=8953"}],"version-history":[{"count":3,"href":"https:\/\/www.andermatt.com\/fr\/wp-json\/wp\/v2\/pages\/8953\/revisions"}],"predecessor-version":[{"id":8957,"href":"https:\/\/www.andermatt.com\/fr\/wp-json\/wp\/v2\/pages\/8953\/revisions\/8957"}],"wp:attachment":[{"href":"https:\/\/www.andermatt.com\/fr\/wp-json\/wp\/v2\/media?parent=8953"}],"curies":[{"name":"wp","href":"https:\/\/api.w.org\/{rel}","templated":true}]}}