{"id":8948,"date":"2025-11-20T10:25:56","date_gmt":"2025-11-20T09:25:56","guid":{"rendered":"https:\/\/www.andermatt.com\/?page_id=8948"},"modified":"2025-11-20T10:26:40","modified_gmt":"2025-11-20T09:26:40","slug":"les-baculovirus-un-partenaire-eprouve-dans-la-lutte-integree-contre-les-ravageurs-ipm","status":"publish","type":"page","link":"https:\/\/www.andermatt.com\/fr\/les-baculovirus-un-partenaire-eprouve-dans-la-lutte-integree-contre-les-ravageurs-ipm\/","title":{"rendered":"Les baculovirus : un partenaire \u00e9prouv\u00e9 dans la lutte int\u00e9gr\u00e9e contre les ravageurs (IPM)"},"content":{"rendered":"<h1>Les baculovirus : un partenaire \u00e9prouv\u00e9 dans la lutte int\u00e9gr\u00e9e contre les ravageurs (IPM)<\/h1>\t\t\t\n\t<p>Gr\u00e2ce \u00e0 leur mode d'action unique (IRAC 31), les baculovirus offrent une excellente gestion de la r\u00e9sistance, une compatibilit\u00e9 avec les insectes utiles et les m\u00e9langes en cuve, et ne posent pas de probl\u00e8mes de LMR - ce qui permet aux producteurs de prot\u00e9ger leurs cultures jusqu'\u00e0 la r\u00e9colte.<\/p>\n\t\t\t<a href=\"https:\/\/www.andermatt.com\/wp-content\/uploads\/2025\/11\/baculoviruses_poster_2025.pdf\" target=\"_blank\" rel=\"noopener\">\n\t\t\t\t\t\t\tT\u00e9l\u00e9charger\n\t\t\t\t\t<\/a>\n\n\n\n<p><\/p>","protected":false},"excerpt":{"rendered":"<p>Les baculovirus : un partenaire \u00e9prouv\u00e9 dans la lutte int\u00e9gr\u00e9e contre les ravageurs (IPM) Gr\u00e2ce \u00e0 leur mode d'action unique (IRAC 31), les baculovirus offrent une excellente gestion de la r\u00e9sistance, une compatibilit\u00e9 avec les insectes utiles et les m\u00e9langes en cuve, et ne posent aucun probl\u00e8me en mati\u00e8re de LMR, ce qui permet aux agriculteurs de prot\u00e9ger leurs cultures jusqu'\u00e0 la r\u00e9colte. T\u00e9l\u00e9charger<\/p>","protected":false},"author":15,"featured_media":0,"parent":0,"menu_order":0,"comment_status":"closed","ping_status":"closed","template":"","meta":{"_acf_changed":false,"_seopress_robots_primary_cat":"","_seopress_titles_title":"","_seopress_titles_desc":"","_seopress_robots_index":"","_searchwp_excluded":"","_uag_custom_page_level_css":"","site-sidebar-layout":"default","site-content-layout":"default","ast-site-content-layout":"default","site-content-style":"default","site-sidebar-style":"default","ast-global-header-display":"","ast-banner-title-visibility":"","ast-main-header-display":"","ast-hfb-above-header-display":"","ast-hfb-below-header-display":"","ast-hfb-mobile-header-display":"","site-post-title":"disabled","ast-breadcrumbs-content":"","ast-featured-img":"","footer-sml-layout":"","ast-disable-related-posts":"","theme-transparent-header-meta":"default","adv-header-id-meta":"","stick-header-meta":"default","header-above-stick-meta":"","header-main-stick-meta":"","header-below-stick-meta":"","astra-migrate-meta-layouts":"set","ast-page-background-enabled":"default","ast-page-background-meta":{"desktop":{"background-color":"","background-image":"","background-repeat":"repeat","background-position":"center center","background-size":"auto","background-attachment":"scroll","background-type":"","background-media":"","overlay-type":"","overlay-color":"","overlay-opacity":"","overlay-gradient":""},"tablet":{"background-color":"","background-image":"","background-repeat":"repeat","background-position":"center center","background-size":"auto","background-attachment":"scroll","background-type":"","background-media":"","overlay-type":"","overlay-color":"","overlay-opacity":"","overlay-gradient":""},"mobile":{"background-color":"","background-image":"","background-repeat":"repeat","background-position":"center center","background-size":"auto","background-attachment":"scroll","background-type":"","background-media":"","overlay-type":"","overlay-color":"","overlay-opacity":"","overlay-gradient":""}},"ast-content-background-meta":{"desktop":{"background-color":"var(--ast-global-color-5)","background-image":"","background-repeat":"repeat","background-position":"center center","background-size":"auto","background-attachment":"scroll","background-type":"","background-media":"","overlay-type":"","overlay-color":"","overlay-opacity":"","overlay-gradient":""},"tablet":{"background-color":"var(--ast-global-color-5)","background-image":"","background-repeat":"repeat","background-position":"center center","background-size":"auto","background-attachment":"scroll","background-type":"","background-media":"","overlay-type":"","overlay-color":"","overlay-opacity":"","overlay-gradient":""},"mobile":{"background-color":"var(--ast-global-color-5)","background-image":"","background-repeat":"repeat","background-position":"center center","background-size":"auto","background-attachment":"scroll","background-type":"","background-media":"","overlay-type":"","overlay-color":"","overlay-opacity":"","overlay-gradient":""}},"footnotes":""},"class_list":["post-8948","page","type-page","status-publish","hentry"],"acf":[],"uagb_featured_image_src":{"full":false,"thumbnail":false,"medium":false,"medium_large":false,"large":false,"1536x1536":false,"2048x2048":false,"trp-custom-language-flag":false,"feature-size":false,"feature-size-gross":false,"header-size-small":false,"header-size":false,"mailpoet_newsletter_max":false},"uagb_author_info":{"display_name":"Donvae Hooker","author_link":"https:\/\/www.andermatt.com\/fr\/author\/donvae\/"},"uagb_comment_info":0,"uagb_excerpt":"Baculoviruses: A Proven Partner in Integrated Pest Management (IPM) With their unique mode of action (IRAC 31), baculoviruses offer excellent resistance management, compatibility with beneficial insects and tank mixes, and no MRL concerns &#8211; allowing growers to protect crops right up to harvest. Download","_links":{"self":[{"href":"https:\/\/www.andermatt.com\/fr\/wp-json\/wp\/v2\/pages\/8948","targetHints":{"allow":["GET"]}}],"collection":[{"href":"https:\/\/www.andermatt.com\/fr\/wp-json\/wp\/v2\/pages"}],"about":[{"href":"https:\/\/www.andermatt.com\/fr\/wp-json\/wp\/v2\/types\/page"}],"author":[{"embeddable":true,"href":"https:\/\/www.andermatt.com\/fr\/wp-json\/wp\/v2\/users\/15"}],"replies":[{"embeddable":true,"href":"https:\/\/www.andermatt.com\/fr\/wp-json\/wp\/v2\/comments?post=8948"}],"version-history":[{"count":3,"href":"https:\/\/www.andermatt.com\/fr\/wp-json\/wp\/v2\/pages\/8948\/revisions"}],"predecessor-version":[{"id":8952,"href":"https:\/\/www.andermatt.com\/fr\/wp-json\/wp\/v2\/pages\/8948\/revisions\/8952"}],"wp:attachment":[{"href":"https:\/\/www.andermatt.com\/fr\/wp-json\/wp\/v2\/media?parent=8948"}],"curies":[{"name":"wp","href":"https:\/\/api.w.org\/{rel}","templated":true}]}}