{"id":8659,"date":"2025-09-02T13:40:55","date_gmt":"2025-09-02T11:40:55","guid":{"rendered":"https:\/\/www.andermatt.com\/?page_id=8659"},"modified":"2025-09-02T13:43:11","modified_gmt":"2025-09-02T11:43:11","slug":"groupe-andermatt-entreprise-portefeuille-latam","status":"publish","type":"page","link":"https:\/\/www.andermatt.com\/fr\/groupe-andermatt-entreprise-portefeuille-latam\/","title":{"rendered":"Portefeuille de l'entreprise Andermatt Group (espagnol)"},"content":{"rendered":"<h1>Portefeuille LATAM<\/h1>\t\t\t\n\t\t\t\t\n\t<p>Andermatt, dont le si\u00e8ge est en Suisse, est un groupe mondial d'entreprises sp\u00e9cialis\u00e9es dans les solutions biologiques pour la production v\u00e9g\u00e9tale, la maison et le jardin, et la sant\u00e9 des abeilles.<\/p>\n<p>Fond\u00e9e en 1988 en Suisse par les docteurs Isabel et Martin Andermatt, l'entreprise a \u00e9t\u00e9 la premi\u00e8re \u00e0 enregistrer un produit biologique \u00e0 base de granulovirus, marquant ainsi le d\u00e9but d'une nouvelle \u00e8re dans le domaine de l'agriculture.<\/p>\n\t\t\t<a href=\"https:\/\/www.andermatt.com\/wp-content\/uploads\/2025\/09\/portfolio_agag_2025_spanish.pdf\" target=\"_blank\" rel=\"noopener\">\n\t\t\t\t\t\t\tT\u00e9l\u00e9charger\n\t\t\t\t\t<\/a>\n\n\n\n<p><\/p>","protected":false},"excerpt":{"rendered":"<p>Portefeuille LATAM Andermatt, bas\u00e9 en Suisse, est un groupe mondial d'entreprises sp\u00e9cialis\u00e9es dans les solutions biologiques pour la production v\u00e9g\u00e9tale, la maison et le jardin, et la sant\u00e9 des abeilles. Fond\u00e9e en 1988 en Suisse par le Dr Isabel et le Dr Martin Andermatt, la soci\u00e9t\u00e9 a \u00e9t\u00e9 la premi\u00e8re \u00e0 homologuer un produit biologique \u00e0 base de granulovirus, marquant ainsi le d\u00e9but d'une nouvelle \u00e8re dans le domaine de l'agriculture. T\u00e9l\u00e9charger<\/p>","protected":false},"author":15,"featured_media":0,"parent":0,"menu_order":0,"comment_status":"closed","ping_status":"closed","template":"","meta":{"_acf_changed":false,"_seopress_robots_primary_cat":"","_seopress_titles_title":"","_seopress_titles_desc":"","_seopress_robots_index":"","_searchwp_excluded":"","_uag_custom_page_level_css":"","site-sidebar-layout":"default","site-content-layout":"default","ast-site-content-layout":"default","site-content-style":"default","site-sidebar-style":"default","ast-global-header-display":"","ast-banner-title-visibility":"","ast-main-header-display":"","ast-hfb-above-header-display":"","ast-hfb-below-header-display":"","ast-hfb-mobile-header-display":"","site-post-title":"disabled","ast-breadcrumbs-content":"","ast-featured-img":"","footer-sml-layout":"","ast-disable-related-posts":"","theme-transparent-header-meta":"default","adv-header-id-meta":"","stick-header-meta":"default","header-above-stick-meta":"","header-main-stick-meta":"","header-below-stick-meta":"","astra-migrate-meta-layouts":"set","ast-page-background-enabled":"default","ast-page-background-meta":{"desktop":{"background-color":"","background-image":"","background-repeat":"repeat","background-position":"center center","background-size":"auto","background-attachment":"scroll","background-type":"","background-media":"","overlay-type":"","overlay-color":"","overlay-opacity":"","overlay-gradient":""},"tablet":{"background-color":"","background-image":"","background-repeat":"repeat","background-position":"center center","background-size":"auto","background-attachment":"scroll","background-type":"","background-media":"","overlay-type":"","overlay-color":"","overlay-opacity":"","overlay-gradient":""},"mobile":{"background-color":"","background-image":"","background-repeat":"repeat","background-position":"center center","background-size":"auto","background-attachment":"scroll","background-type":"","background-media":"","overlay-type":"","overlay-color":"","overlay-opacity":"","overlay-gradient":""}},"ast-content-background-meta":{"desktop":{"background-color":"var(--ast-global-color-5)","background-image":"","background-repeat":"repeat","background-position":"center center","background-size":"auto","background-attachment":"scroll","background-type":"","background-media":"","overlay-type":"","overlay-color":"","overlay-opacity":"","overlay-gradient":""},"tablet":{"background-color":"var(--ast-global-color-5)","background-image":"","background-repeat":"repeat","background-position":"center center","background-size":"auto","background-attachment":"scroll","background-type":"","background-media":"","overlay-type":"","overlay-color":"","overlay-opacity":"","overlay-gradient":""},"mobile":{"background-color":"var(--ast-global-color-5)","background-image":"","background-repeat":"repeat","background-position":"center center","background-size":"auto","background-attachment":"scroll","background-type":"","background-media":"","overlay-type":"","overlay-color":"","overlay-opacity":"","overlay-gradient":""}},"footnotes":""},"class_list":["post-8659","page","type-page","status-publish","hentry"],"acf":[],"uagb_featured_image_src":{"full":false,"thumbnail":false,"medium":false,"medium_large":false,"large":false,"1536x1536":false,"2048x2048":false,"trp-custom-language-flag":false,"feature-size":false,"feature-size-gross":false,"header-size-small":false,"header-size":false,"mailpoet_newsletter_max":false},"uagb_author_info":{"display_name":"Donvae Hooker","author_link":"https:\/\/www.andermatt.com\/fr\/author\/donvae\/"},"uagb_comment_info":0,"uagb_excerpt":"LATAM Portfolio Swiss-based Andermatt is a global group of companies specialising in biological solutions for crop production, home &amp; garden, and bee health. Founded in 1988 in Switzerland by Dr Isabel and Dr Martin Andermatt, the company pioneered the first registered biological granulovirus product, marking the beginning of a new era in agriculture. Download","_links":{"self":[{"href":"https:\/\/www.andermatt.com\/fr\/wp-json\/wp\/v2\/pages\/8659","targetHints":{"allow":["GET"]}}],"collection":[{"href":"https:\/\/www.andermatt.com\/fr\/wp-json\/wp\/v2\/pages"}],"about":[{"href":"https:\/\/www.andermatt.com\/fr\/wp-json\/wp\/v2\/types\/page"}],"author":[{"embeddable":true,"href":"https:\/\/www.andermatt.com\/fr\/wp-json\/wp\/v2\/users\/15"}],"replies":[{"embeddable":true,"href":"https:\/\/www.andermatt.com\/fr\/wp-json\/wp\/v2\/comments?post=8659"}],"version-history":[{"count":5,"href":"https:\/\/www.andermatt.com\/fr\/wp-json\/wp\/v2\/pages\/8659\/revisions"}],"predecessor-version":[{"id":8668,"href":"https:\/\/www.andermatt.com\/fr\/wp-json\/wp\/v2\/pages\/8659\/revisions\/8668"}],"wp:attachment":[{"href":"https:\/\/www.andermatt.com\/fr\/wp-json\/wp\/v2\/media?parent=8659"}],"curies":[{"name":"wp","href":"https:\/\/api.w.org\/{rel}","templated":true}]}}