{"id":8620,"date":"2025-08-19T10:58:45","date_gmt":"2025-08-19T08:58:45","guid":{"rendered":"https:\/\/www.andermatt.com\/?page_id=8620"},"modified":"2025-08-19T11:48:15","modified_gmt":"2025-08-19T09:48:15","slug":"conseils-de-nos-experts-pour-le-choix-dun-trichoderma","status":"publish","type":"page","link":"https:\/\/www.andermatt.com\/fr\/conseils-de-nos-experts-pour-le-choix-dun-trichoderma\/","title":{"rendered":"Conseils de nos experts : Choisir un Trichoderma"},"content":{"rendered":"<h1>Conseils de nos experts : Choisir un Trichoderma<\/h1>\t\t\t\n<p>Choisir un Trichoderma : Qu'est-ce qui se cache derri\u00e8re le nom ?<\/p>\n<p>Trichoderma est un type de champignon b\u00e9n\u00e9fique pr\u00e9sent dans le sol qui forme des partenariats avec les racines des plantes. Connu pour son r\u00f4le de longue date dans la protection biologique des cultures, Trichoderma aide \u00e0 lutter contre les maladies des plantes, am\u00e9liore la croissance des racines et des pousses, augmente le rendement des cultures, am\u00e9liore l'absorption des nutriments et accro\u00eet la r\u00e9sistance au stress climatique.<\/p>\nInformations fournies par Andermatt PHP.<br>\n<a href=\"http:\/\/www.andermatt-php.co.za\">www.andermatt-php.co.za<\/a><br>\n\n\t\t\t<a href=\"https:\/\/www.andermatt.com\/wp-content\/uploads\/2025\/08\/advice_from_our_experts_choosing_a_trichoderma_0725.pdf\" target=\"_blank\" rel=\"noopener\">\n\t\t\t\t\t\t\tT\u00e9l\u00e9charger\n\t\t\t\t\t<\/a>\n\n\n\n<p><\/p>","protected":false},"excerpt":{"rendered":"<p>Conseils de nos experts : Choisir un Trichoderma Choisir un Trichoderma : Qu'est-ce que le nom ? Le Trichoderma est un type de champignon b\u00e9n\u00e9fique pr\u00e9sent dans le sol qui forme des partenariats avec les racines des plantes. Connu pour son r\u00f4le de longue date dans la protection biologique des cultures, le Trichoderma aide \u00e0 lutter contre les maladies des plantes, am\u00e9liore la croissance des racines et des pousses, augmente le rendement des cultures, am\u00e9liore l'absorption des nutriments, [...]<\/p>","protected":false},"author":15,"featured_media":0,"parent":0,"menu_order":0,"comment_status":"closed","ping_status":"closed","template":"","meta":{"_acf_changed":false,"_seopress_robots_primary_cat":"","_seopress_titles_title":"","_seopress_titles_desc":"","_seopress_robots_index":"","_searchwp_excluded":"","_uag_custom_page_level_css":"","site-sidebar-layout":"default","site-content-layout":"default","ast-site-content-layout":"default","site-content-style":"default","site-sidebar-style":"default","ast-global-header-display":"","ast-banner-title-visibility":"","ast-main-header-display":"","ast-hfb-above-header-display":"","ast-hfb-below-header-display":"","ast-hfb-mobile-header-display":"","site-post-title":"disabled","ast-breadcrumbs-content":"","ast-featured-img":"","footer-sml-layout":"","ast-disable-related-posts":"","theme-transparent-header-meta":"default","adv-header-id-meta":"","stick-header-meta":"default","header-above-stick-meta":"","header-main-stick-meta":"","header-below-stick-meta":"","astra-migrate-meta-layouts":"set","ast-page-background-enabled":"default","ast-page-background-meta":{"desktop":{"background-color":"","background-image":"","background-repeat":"repeat","background-position":"center center","background-size":"auto","background-attachment":"scroll","background-type":"","background-media":"","overlay-type":"","overlay-color":"","overlay-opacity":"","overlay-gradient":""},"tablet":{"background-color":"","background-image":"","background-repeat":"repeat","background-position":"center center","background-size":"auto","background-attachment":"scroll","background-type":"","background-media":"","overlay-type":"","overlay-color":"","overlay-opacity":"","overlay-gradient":""},"mobile":{"background-color":"","background-image":"","background-repeat":"repeat","background-position":"center center","background-size":"auto","background-attachment":"scroll","background-type":"","background-media":"","overlay-type":"","overlay-color":"","overlay-opacity":"","overlay-gradient":""}},"ast-content-background-meta":{"desktop":{"background-color":"var(--ast-global-color-5)","background-image":"","background-repeat":"repeat","background-position":"center center","background-size":"auto","background-attachment":"scroll","background-type":"","background-media":"","overlay-type":"","overlay-color":"","overlay-opacity":"","overlay-gradient":""},"tablet":{"background-color":"var(--ast-global-color-5)","background-image":"","background-repeat":"repeat","background-position":"center center","background-size":"auto","background-attachment":"scroll","background-type":"","background-media":"","overlay-type":"","overlay-color":"","overlay-opacity":"","overlay-gradient":""},"mobile":{"background-color":"var(--ast-global-color-5)","background-image":"","background-repeat":"repeat","background-position":"center center","background-size":"auto","background-attachment":"scroll","background-type":"","background-media":"","overlay-type":"","overlay-color":"","overlay-opacity":"","overlay-gradient":""}},"footnotes":""},"class_list":["post-8620","page","type-page","status-publish","hentry"],"acf":[],"uagb_featured_image_src":{"full":false,"thumbnail":false,"medium":false,"medium_large":false,"large":false,"1536x1536":false,"2048x2048":false,"trp-custom-language-flag":false,"feature-size":false,"feature-size-gross":false,"header-size-small":false,"header-size":false,"mailpoet_newsletter_max":false},"uagb_author_info":{"display_name":"Donvae Hooker","author_link":"https:\/\/www.andermatt.com\/fr\/author\/donvae\/"},"uagb_comment_info":0,"uagb_excerpt":"Advice From Our Experts: Choosing a Trichoderma Choosing a Trichoderma: What&#8217;s in the Name? Trichoderma is a type of beneficial fungus found in soil that forms partnerships with plant roots. Known for its long-standing role in biological crop protection, Trichoderma helps control plant diseases, improves root and shoot growth, boosts crop yields, enhances nutrient absorption,\u2026","_links":{"self":[{"href":"https:\/\/www.andermatt.com\/fr\/wp-json\/wp\/v2\/pages\/8620","targetHints":{"allow":["GET"]}}],"collection":[{"href":"https:\/\/www.andermatt.com\/fr\/wp-json\/wp\/v2\/pages"}],"about":[{"href":"https:\/\/www.andermatt.com\/fr\/wp-json\/wp\/v2\/types\/page"}],"author":[{"embeddable":true,"href":"https:\/\/www.andermatt.com\/fr\/wp-json\/wp\/v2\/users\/15"}],"replies":[{"embeddable":true,"href":"https:\/\/www.andermatt.com\/fr\/wp-json\/wp\/v2\/comments?post=8620"}],"version-history":[{"count":5,"href":"https:\/\/www.andermatt.com\/fr\/wp-json\/wp\/v2\/pages\/8620\/revisions"}],"predecessor-version":[{"id":8633,"href":"https:\/\/www.andermatt.com\/fr\/wp-json\/wp\/v2\/pages\/8620\/revisions\/8633"}],"wp:attachment":[{"href":"https:\/\/www.andermatt.com\/fr\/wp-json\/wp\/v2\/media?parent=8620"}],"curies":[{"name":"wp","href":"https:\/\/api.w.org\/{rel}","templated":true}]}}