{"id":8606,"date":"2025-08-19T10:59:21","date_gmt":"2025-08-19T08:59:21","guid":{"rendered":"https:\/\/www.andermatt.com\/?page_id=8606"},"modified":"2025-08-19T11:49:05","modified_gmt":"2025-08-19T09:49:05","slug":"conseil_de_nos_experts_questions_essentielles_pour_les_fournisseurs_biologiques","status":"publish","type":"page","link":"https:\/\/www.andermatt.com\/fr\/conseil_de_nos_experts_questions_essentielles_pour_les_fournisseurs_biologiques\/","title":{"rendered":"Conseils de nos experts : Questions essentielles pour les fournisseurs de produits biologiques"},"content":{"rendered":"<h1>Conseils de nos experts : Questions essentielles pour les fournisseurs de produits biologiques<\/h1>\t\t\t\n\t<p>Se donner les moyens d'agir gr\u00e2ce aux solutions biologiques - Poser les bonnes questions !<\/p>\n<p>Naviguer dans le monde de la protection biologique des cultures Les produits de protection biologique des cultures gagnent en popularit\u00e9 en tant qu'alternatives durables dans l'agriculture. Cependant, l'augmentation de la demande a conduit \u00e0 l'apparition de nouveaux fournisseurs avec des revendications vari\u00e9es, ce qui fait qu'il est crucial pour les agriculteurs d'\u00e9valuer soigneusement les produits et de contr\u00f4ler les fournisseurs. Les produits de qualit\u00e9 inf\u00e9rieure sapent la confiance des agriculteurs et entravent la croissance de l'industrie biologique. Poser des questions cl\u00e9s et comprendre le march\u00e9 permet d'identifier les fournisseurs \u00e9thiques, ce qui garantit une lutte durable et fiable contre les ravageurs.<\/p>\nInformations fournies par Andermatt Madumbi.<br>\n<a href=\"http:\/\/www.andermatt.co.za\">www.andermatt.co.za<\/a>\n\t\t\t<a href=\"https:\/\/www.andermatt.com\/wp-content\/uploads\/2025\/08\/advice_from_our_experts_essential_questions_for_biological_suppliers_0725.pdf\" target=\"_blank\" rel=\"noopener\">\n\t\t\t\t\t\t\tT\u00e9l\u00e9charger\n\t\t\t\t\t<\/a>\n\n\n\n<p><\/p>","protected":false},"excerpt":{"rendered":"<p>Conseils de nos experts : questions essentielles \u00e0 poser aux fournisseurs de produits biologiques Prenez votre destin en main gr\u00e2ce aux solutions biologiques \u2013 Posez les bonnes questions ! Naviguer dans le monde de la protection biologique des cultures Les produits de protection biologique des cultures gagnent en popularit\u00e9 en tant qu'alternatives durables dans l'agriculture. Cependant, l'augmentation de la demande a conduit \u00e0 l'apparition de nouveaux fournisseurs aux affirmations vari\u00e9es, ce qui rend crucial pour [\u2026]<\/p>","protected":false},"author":15,"featured_media":0,"parent":0,"menu_order":0,"comment_status":"closed","ping_status":"closed","template":"","meta":{"_acf_changed":false,"_seopress_robots_primary_cat":"","_seopress_titles_title":"","_seopress_titles_desc":"","_seopress_robots_index":"","_searchwp_excluded":"","_uag_custom_page_level_css":"","site-sidebar-layout":"default","site-content-layout":"default","ast-site-content-layout":"default","site-content-style":"default","site-sidebar-style":"default","ast-global-header-display":"","ast-banner-title-visibility":"","ast-main-header-display":"","ast-hfb-above-header-display":"","ast-hfb-below-header-display":"","ast-hfb-mobile-header-display":"","site-post-title":"disabled","ast-breadcrumbs-content":"","ast-featured-img":"","footer-sml-layout":"","ast-disable-related-posts":"","theme-transparent-header-meta":"default","adv-header-id-meta":"","stick-header-meta":"default","header-above-stick-meta":"","header-main-stick-meta":"","header-below-stick-meta":"","astra-migrate-meta-layouts":"set","ast-page-background-enabled":"default","ast-page-background-meta":{"desktop":{"background-color":"","background-image":"","background-repeat":"repeat","background-position":"center center","background-size":"auto","background-attachment":"scroll","background-type":"","background-media":"","overlay-type":"","overlay-color":"","overlay-opacity":"","overlay-gradient":""},"tablet":{"background-color":"","background-image":"","background-repeat":"repeat","background-position":"center center","background-size":"auto","background-attachment":"scroll","background-type":"","background-media":"","overlay-type":"","overlay-color":"","overlay-opacity":"","overlay-gradient":""},"mobile":{"background-color":"","background-image":"","background-repeat":"repeat","background-position":"center center","background-size":"auto","background-attachment":"scroll","background-type":"","background-media":"","overlay-type":"","overlay-color":"","overlay-opacity":"","overlay-gradient":""}},"ast-content-background-meta":{"desktop":{"background-color":"var(--ast-global-color-5)","background-image":"","background-repeat":"repeat","background-position":"center center","background-size":"auto","background-attachment":"scroll","background-type":"","background-media":"","overlay-type":"","overlay-color":"","overlay-opacity":"","overlay-gradient":""},"tablet":{"background-color":"var(--ast-global-color-5)","background-image":"","background-repeat":"repeat","background-position":"center center","background-size":"auto","background-attachment":"scroll","background-type":"","background-media":"","overlay-type":"","overlay-color":"","overlay-opacity":"","overlay-gradient":""},"mobile":{"background-color":"var(--ast-global-color-5)","background-image":"","background-repeat":"repeat","background-position":"center center","background-size":"auto","background-attachment":"scroll","background-type":"","background-media":"","overlay-type":"","overlay-color":"","overlay-opacity":"","overlay-gradient":""}},"footnotes":""},"class_list":["post-8606","page","type-page","status-publish","hentry"],"acf":[],"uagb_featured_image_src":{"full":false,"thumbnail":false,"medium":false,"medium_large":false,"large":false,"1536x1536":false,"2048x2048":false,"trp-custom-language-flag":false,"feature-size":false,"feature-size-gross":false,"header-size-small":false,"header-size":false,"mailpoet_newsletter_max":false},"uagb_author_info":{"display_name":"Donvae Hooker","author_link":"https:\/\/www.andermatt.com\/fr\/author\/donvae\/"},"uagb_comment_info":0,"uagb_excerpt":"Advice From Our Experts: Essential Questions for Biological Suppliers Empower yourself with Biological Solutions &#8211; Ask the right questions! Navigating the World of Biological Crop Protection Biological crop protection products are gaining popularity as sustainable alternatives in agriculture. However, the rise in demand has led to new suppliers with varied claims, making it crucial for\u2026","_links":{"self":[{"href":"https:\/\/www.andermatt.com\/fr\/wp-json\/wp\/v2\/pages\/8606","targetHints":{"allow":["GET"]}}],"collection":[{"href":"https:\/\/www.andermatt.com\/fr\/wp-json\/wp\/v2\/pages"}],"about":[{"href":"https:\/\/www.andermatt.com\/fr\/wp-json\/wp\/v2\/types\/page"}],"author":[{"embeddable":true,"href":"https:\/\/www.andermatt.com\/fr\/wp-json\/wp\/v2\/users\/15"}],"replies":[{"embeddable":true,"href":"https:\/\/www.andermatt.com\/fr\/wp-json\/wp\/v2\/comments?post=8606"}],"version-history":[{"count":8,"href":"https:\/\/www.andermatt.com\/fr\/wp-json\/wp\/v2\/pages\/8606\/revisions"}],"predecessor-version":[{"id":8634,"href":"https:\/\/www.andermatt.com\/fr\/wp-json\/wp\/v2\/pages\/8606\/revisions\/8634"}],"wp:attachment":[{"href":"https:\/\/www.andermatt.com\/fr\/wp-json\/wp\/v2\/media?parent=8606"}],"curies":[{"name":"wp","href":"https:\/\/api.w.org\/{rel}","templated":true}]}}