{"id":7409,"date":"2024-12-06T08:44:23","date_gmt":"2024-12-06T07:44:23","guid":{"rendered":"https:\/\/www.andermatt.com\/?page_id=7409"},"modified":"2025-11-03T15:06:01","modified_gmt":"2025-11-03T14:06:01","slug":"portefeuille-sante-des-abeilles-du-groupe-andermatt","status":"publish","type":"page","link":"https:\/\/www.andermatt.com\/fr\/portefeuille-sante-des-abeilles-du-groupe-andermatt\/","title":{"rendered":"Portefeuille de sant\u00e9 des abeilles du groupe Andermatt"},"content":{"rendered":"<h1>Portefeuille de la sant\u00e9 des abeilles<\/h1>\t\t\t\n\tUne solution naturelle pour la sant\u00e9 des abeilles mellif\u00e8res.<br \/>\nLes apiculteurs peuvent compter sur Andermatt pour obtenir une gamme compl\u00e8te de solutions naturelles destin\u00e9es \u00e0 soutenir la sant\u00e9 globale des abeilles mellif\u00e8res. Andermatt est le seul fournisseur \u00e0 proposer une solution compl\u00e8te pour le contr\u00f4le de Varroa, ce qui lui permet de fournir des soins efficaces, durables et s\u00fbrs pour vos colonies.\n\t\t\t<a href=\"https:\/\/www.andermatt.com\/wp-content\/uploads\/2025\/11\/andermatt-bee-health-portfolio-2026.pdf\" target=\"_blank\" rel=\"noopener\">\n\t\t\t\t\t\t\tT\u00e9l\u00e9charger\n\t\t\t\t\t<\/a>","protected":false},"excerpt":{"rendered":"<p>Portefeuille de la sant\u00e9 des abeilles Groupe Andermatt Leader en mati\u00e8re de solutions naturelles pour la sant\u00e9 des abeilles mellif\u00e8res. Les apiculteurs peuvent compter sur Andermatt pour une gamme compl\u00e8te de solutions naturelles destin\u00e9es \u00e0 soutenir la sant\u00e9 globale des abeilles mellif\u00e8res. Seul fournisseur \u00e0 proposer une solution compl\u00e8te de lutte contre Varroa, Andermatt offre des soins efficaces, durables et s\u00fbrs...<\/p>","protected":false},"author":15,"featured_media":0,"parent":0,"menu_order":0,"comment_status":"closed","ping_status":"closed","template":"","meta":{"_acf_changed":false,"_seopress_robots_primary_cat":"","_seopress_titles_title":"","_seopress_titles_desc":"","_seopress_robots_index":"","_searchwp_excluded":"","_uag_custom_page_level_css":"","site-sidebar-layout":"default","site-content-layout":"default","ast-site-content-layout":"default","site-content-style":"default","site-sidebar-style":"default","ast-global-header-display":"","ast-banner-title-visibility":"","ast-main-header-display":"","ast-hfb-above-header-display":"","ast-hfb-below-header-display":"","ast-hfb-mobile-header-display":"","site-post-title":"disabled","ast-breadcrumbs-content":"","ast-featured-img":"","footer-sml-layout":"","ast-disable-related-posts":"","theme-transparent-header-meta":"default","adv-header-id-meta":"","stick-header-meta":"default","header-above-stick-meta":"","header-main-stick-meta":"","header-below-stick-meta":"","astra-migrate-meta-layouts":"set","ast-page-background-enabled":"default","ast-page-background-meta":{"desktop":{"background-color":"","background-image":"","background-repeat":"repeat","background-position":"center center","background-size":"auto","background-attachment":"scroll","background-type":"","background-media":"","overlay-type":"","overlay-color":"","overlay-opacity":"","overlay-gradient":""},"tablet":{"background-color":"","background-image":"","background-repeat":"repeat","background-position":"center center","background-size":"auto","background-attachment":"scroll","background-type":"","background-media":"","overlay-type":"","overlay-color":"","overlay-opacity":"","overlay-gradient":""},"mobile":{"background-color":"","background-image":"","background-repeat":"repeat","background-position":"center center","background-size":"auto","background-attachment":"scroll","background-type":"","background-media":"","overlay-type":"","overlay-color":"","overlay-opacity":"","overlay-gradient":""}},"ast-content-background-meta":{"desktop":{"background-color":"var(--ast-global-color-5)","background-image":"","background-repeat":"repeat","background-position":"center center","background-size":"auto","background-attachment":"scroll","background-type":"","background-media":"","overlay-type":"","overlay-color":"","overlay-opacity":"","overlay-gradient":""},"tablet":{"background-color":"var(--ast-global-color-5)","background-image":"","background-repeat":"repeat","background-position":"center center","background-size":"auto","background-attachment":"scroll","background-type":"","background-media":"","overlay-type":"","overlay-color":"","overlay-opacity":"","overlay-gradient":""},"mobile":{"background-color":"var(--ast-global-color-5)","background-image":"","background-repeat":"repeat","background-position":"center center","background-size":"auto","background-attachment":"scroll","background-type":"","background-media":"","overlay-type":"","overlay-color":"","overlay-opacity":"","overlay-gradient":""}},"footnotes":""},"class_list":["post-7409","page","type-page","status-publish","hentry"],"acf":[],"uagb_featured_image_src":{"full":false,"thumbnail":false,"medium":false,"medium_large":false,"large":false,"1536x1536":false,"2048x2048":false,"trp-custom-language-flag":false,"feature-size":false,"feature-size-gross":false,"header-size-small":false,"header-size":false,"mailpoet_newsletter_max":false},"uagb_author_info":{"display_name":"Donvae Hooker","author_link":"https:\/\/www.andermatt.com\/fr\/author\/donvae\/"},"uagb_comment_info":0,"uagb_excerpt":"Bee Health Portfolio Leading the way in natural Honey Bee health solutions. Beekeepers can rely on Andermatt for a full range of natural solutions to support overall Honey bee health. As the only provider offering a complete solution for Varroa control, Andermatt delivers effective, sustainable and safe care for your colonies. Download","_links":{"self":[{"href":"https:\/\/www.andermatt.com\/fr\/wp-json\/wp\/v2\/pages\/7409","targetHints":{"allow":["GET"]}}],"collection":[{"href":"https:\/\/www.andermatt.com\/fr\/wp-json\/wp\/v2\/pages"}],"about":[{"href":"https:\/\/www.andermatt.com\/fr\/wp-json\/wp\/v2\/types\/page"}],"author":[{"embeddable":true,"href":"https:\/\/www.andermatt.com\/fr\/wp-json\/wp\/v2\/users\/15"}],"replies":[{"embeddable":true,"href":"https:\/\/www.andermatt.com\/fr\/wp-json\/wp\/v2\/comments?post=7409"}],"version-history":[{"count":5,"href":"https:\/\/www.andermatt.com\/fr\/wp-json\/wp\/v2\/pages\/7409\/revisions"}],"predecessor-version":[{"id":8824,"href":"https:\/\/www.andermatt.com\/fr\/wp-json\/wp\/v2\/pages\/7409\/revisions\/8824"}],"wp:attachment":[{"href":"https:\/\/www.andermatt.com\/fr\/wp-json\/wp\/v2\/media?parent=7409"}],"curies":[{"name":"wp","href":"https:\/\/api.w.org\/{rel}","templated":true}]}}