{"id":7408,"date":"2024-12-06T08:40:14","date_gmt":"2024-12-06T07:40:14","guid":{"rendered":"https:\/\/www.andermatt.com\/?page_id=7408"},"modified":"2025-11-03T15:07:33","modified_gmt":"2025-11-03T14:07:33","slug":"portefeuille-de-maisons-et-de-jardins-du-groupe-andermatt","status":"publish","type":"page","link":"https:\/\/www.andermatt.com\/fr\/portefeuille-de-maisons-et-de-jardins-du-groupe-andermatt\/","title":{"rendered":"Portefeuille de maisons et de jardins du groupe Andermatt"},"content":{"rendered":"<h1>Portefeuille de la maison et du jardin<\/h1>\t\t\t\n\t<p>Alors que les consommateurs cherchent \u00e0 int\u00e9grer la nature dans leur maison et leur jardin, la demande de solutions s\u00fbres et durables ne cesse de cro\u00eetre. Depuis plus de 30 ans, Andermatt est fi\u00e8re de montrer la voie en proposant des alternatives naturelles aux produits chimiques. Gr\u00e2ce \u00e0 notre expertise de pointe et \u00e0 notre engagement en faveur de la qualit\u00e9, nous donnons aux jardiniers les moyens d'entretenir des espaces florissants et respectueux de l'environnement.<\/p>\n\t\t\t<a href=\"https:\/\/www.andermatt.com\/wp-content\/uploads\/2025\/11\/andermatt-home-and-garden-portfolio-2026.pdf\" target=\"_self\">\n\t\t\t\t\t\t\tT\u00e9l\u00e9charger\n\t\t\t\t\t<\/a>","protected":false},"excerpt":{"rendered":"<p>Portefeuille Maison et Jardin Alors que les consommateurs cherchent \u00e0 int\u00e9grer la nature dans leur maison et leur jardin, la demande de solutions s\u00fbres et durables ne cesse de cro\u00eetre. Depuis plus de 30 ans, Andermatt est fi\u00e8re de montrer la voie en proposant des alternatives naturelles aux produits chimiques. Gr\u00e2ce \u00e0 une expertise de pointe et \u00e0 un engagement de qualit\u00e9, nous donnons aux jardiniers les moyens de cultiver des [...]<\/p>","protected":false},"author":15,"featured_media":0,"parent":0,"menu_order":0,"comment_status":"closed","ping_status":"closed","template":"","meta":{"_acf_changed":false,"_seopress_robots_primary_cat":"","_seopress_titles_title":"","_seopress_titles_desc":"","_seopress_robots_index":"","_searchwp_excluded":"","_uag_custom_page_level_css":"","site-sidebar-layout":"default","site-content-layout":"default","ast-site-content-layout":"default","site-content-style":"default","site-sidebar-style":"default","ast-global-header-display":"","ast-banner-title-visibility":"","ast-main-header-display":"","ast-hfb-above-header-display":"","ast-hfb-below-header-display":"","ast-hfb-mobile-header-display":"","site-post-title":"disabled","ast-breadcrumbs-content":"","ast-featured-img":"","footer-sml-layout":"","ast-disable-related-posts":"","theme-transparent-header-meta":"default","adv-header-id-meta":"","stick-header-meta":"default","header-above-stick-meta":"","header-main-stick-meta":"","header-below-stick-meta":"","astra-migrate-meta-layouts":"set","ast-page-background-enabled":"default","ast-page-background-meta":{"desktop":{"background-color":"","background-image":"","background-repeat":"repeat","background-position":"center center","background-size":"auto","background-attachment":"scroll","background-type":"","background-media":"","overlay-type":"","overlay-color":"","overlay-opacity":"","overlay-gradient":""},"tablet":{"background-color":"","background-image":"","background-repeat":"repeat","background-position":"center center","background-size":"auto","background-attachment":"scroll","background-type":"","background-media":"","overlay-type":"","overlay-color":"","overlay-opacity":"","overlay-gradient":""},"mobile":{"background-color":"","background-image":"","background-repeat":"repeat","background-position":"center center","background-size":"auto","background-attachment":"scroll","background-type":"","background-media":"","overlay-type":"","overlay-color":"","overlay-opacity":"","overlay-gradient":""}},"ast-content-background-meta":{"desktop":{"background-color":"var(--ast-global-color-5)","background-image":"","background-repeat":"repeat","background-position":"center center","background-size":"auto","background-attachment":"scroll","background-type":"","background-media":"","overlay-type":"","overlay-color":"","overlay-opacity":"","overlay-gradient":""},"tablet":{"background-color":"var(--ast-global-color-5)","background-image":"","background-repeat":"repeat","background-position":"center center","background-size":"auto","background-attachment":"scroll","background-type":"","background-media":"","overlay-type":"","overlay-color":"","overlay-opacity":"","overlay-gradient":""},"mobile":{"background-color":"var(--ast-global-color-5)","background-image":"","background-repeat":"repeat","background-position":"center center","background-size":"auto","background-attachment":"scroll","background-type":"","background-media":"","overlay-type":"","overlay-color":"","overlay-opacity":"","overlay-gradient":""}},"footnotes":""},"class_list":["post-7408","page","type-page","status-publish","hentry"],"acf":[],"uagb_featured_image_src":{"full":false,"thumbnail":false,"medium":false,"medium_large":false,"large":false,"1536x1536":false,"2048x2048":false,"trp-custom-language-flag":false,"feature-size":false,"feature-size-gross":false,"header-size-small":false,"header-size":false,"mailpoet_newsletter_max":false},"uagb_author_info":{"display_name":"Donvae Hooker","author_link":"https:\/\/www.andermatt.com\/fr\/author\/donvae\/"},"uagb_comment_info":0,"uagb_excerpt":"Home and Garden Portfolio As consumers seek to embrace nature in their homes and gardens, the demand for safe, sustainable solutions continues to grow. For over 30 years, Andermatt has proudly led the way, offering natural alternatives to chemical products. With cutting-edge expertise and a commitment to quality, we empower gardeners to nurture thriving, eco-friendly\u2026","_links":{"self":[{"href":"https:\/\/www.andermatt.com\/fr\/wp-json\/wp\/v2\/pages\/7408","targetHints":{"allow":["GET"]}}],"collection":[{"href":"https:\/\/www.andermatt.com\/fr\/wp-json\/wp\/v2\/pages"}],"about":[{"href":"https:\/\/www.andermatt.com\/fr\/wp-json\/wp\/v2\/types\/page"}],"author":[{"embeddable":true,"href":"https:\/\/www.andermatt.com\/fr\/wp-json\/wp\/v2\/users\/15"}],"replies":[{"embeddable":true,"href":"https:\/\/www.andermatt.com\/fr\/wp-json\/wp\/v2\/comments?post=7408"}],"version-history":[{"count":5,"href":"https:\/\/www.andermatt.com\/fr\/wp-json\/wp\/v2\/pages\/7408\/revisions"}],"predecessor-version":[{"id":8828,"href":"https:\/\/www.andermatt.com\/fr\/wp-json\/wp\/v2\/pages\/7408\/revisions\/8828"}],"wp:attachment":[{"href":"https:\/\/www.andermatt.com\/fr\/wp-json\/wp\/v2\/media?parent=7408"}],"curies":[{"name":"wp","href":"https:\/\/api.w.org\/{rel}","templated":true}]}}