{"id":7404,"date":"2024-12-06T08:30:01","date_gmt":"2024-12-06T07:30:01","guid":{"rendered":"https:\/\/www.andermatt.com\/?page_id=7404"},"modified":"2025-11-03T15:05:01","modified_gmt":"2025-11-03T14:05:01","slug":"portefeuille-de-production-vegetale-du-groupe-andermatt","status":"publish","type":"page","link":"https:\/\/www.andermatt.com\/fr\/portefeuille-de-production-vegetale-du-groupe-andermatt\/","title":{"rendered":"Portefeuille de production v\u00e9g\u00e9tale du groupe Andermatt"},"content":{"rendered":"<h1>Portefeuille de la production v\u00e9g\u00e9tale<\/h1>\t\t\t\n\t<p>La gamme compl\u00e8te de solutions biologiques d'Andermatt\u02bc comprend des bioinsecticides, des bion\u00e9maticides, des biofongicides, des biostimulants, des produits de lutte biologique contre les ravageurs, des solutions de surveillance et de pi\u00e9geage, des solutions macrobiennes et bien d'autres encore.<\/p>\n\t\t\t<a href=\"https:\/\/www.andermatt.com\/wp-content\/uploads\/2025\/10\/andermatt_crop_production_portfolio_2026.pdf\" target=\"_blank\" rel=\"noopener\">\n\t\t\t\t\t\t\tT\u00e9l\u00e9charger\n\t\t\t\t\t<\/a>","protected":false},"excerpt":{"rendered":"<p>Crop Production Portfolio Andermatt Group La gamme compl\u00e8te de solutions biologiques d'Andermatt\u02bc comprend des bioinsecticides, des bion\u00e9maticides, des biofongicides, des biostimulants, des produits de lutte biologique contre les ravageurs, des solutions de surveillance et de pi\u00e9geage, des solutions macrobiennes et bien d'autres encore. T\u00e9l\u00e9charger<\/p>","protected":false},"author":15,"featured_media":0,"parent":0,"menu_order":0,"comment_status":"closed","ping_status":"closed","template":"","meta":{"_acf_changed":false,"_seopress_robots_primary_cat":"","_seopress_titles_title":"","_seopress_titles_desc":"","_seopress_robots_index":"","_searchwp_excluded":"","_uag_custom_page_level_css":"","site-sidebar-layout":"default","site-content-layout":"default","ast-site-content-layout":"default","site-content-style":"default","site-sidebar-style":"default","ast-global-header-display":"","ast-banner-title-visibility":"","ast-main-header-display":"","ast-hfb-above-header-display":"","ast-hfb-below-header-display":"","ast-hfb-mobile-header-display":"","site-post-title":"disabled","ast-breadcrumbs-content":"","ast-featured-img":"","footer-sml-layout":"","ast-disable-related-posts":"","theme-transparent-header-meta":"default","adv-header-id-meta":"","stick-header-meta":"default","header-above-stick-meta":"","header-main-stick-meta":"","header-below-stick-meta":"","astra-migrate-meta-layouts":"set","ast-page-background-enabled":"default","ast-page-background-meta":{"desktop":{"background-color":"","background-image":"","background-repeat":"repeat","background-position":"center center","background-size":"auto","background-attachment":"scroll","background-type":"","background-media":"","overlay-type":"","overlay-color":"","overlay-opacity":"","overlay-gradient":""},"tablet":{"background-color":"","background-image":"","background-repeat":"repeat","background-position":"center center","background-size":"auto","background-attachment":"scroll","background-type":"","background-media":"","overlay-type":"","overlay-color":"","overlay-opacity":"","overlay-gradient":""},"mobile":{"background-color":"","background-image":"","background-repeat":"repeat","background-position":"center center","background-size":"auto","background-attachment":"scroll","background-type":"","background-media":"","overlay-type":"","overlay-color":"","overlay-opacity":"","overlay-gradient":""}},"ast-content-background-meta":{"desktop":{"background-color":"var(--ast-global-color-5)","background-image":"","background-repeat":"repeat","background-position":"center center","background-size":"auto","background-attachment":"scroll","background-type":"","background-media":"","overlay-type":"","overlay-color":"","overlay-opacity":"","overlay-gradient":""},"tablet":{"background-color":"var(--ast-global-color-5)","background-image":"","background-repeat":"repeat","background-position":"center center","background-size":"auto","background-attachment":"scroll","background-type":"","background-media":"","overlay-type":"","overlay-color":"","overlay-opacity":"","overlay-gradient":""},"mobile":{"background-color":"var(--ast-global-color-5)","background-image":"","background-repeat":"repeat","background-position":"center center","background-size":"auto","background-attachment":"scroll","background-type":"","background-media":"","overlay-type":"","overlay-color":"","overlay-opacity":"","overlay-gradient":""}},"footnotes":""},"class_list":["post-7404","page","type-page","status-publish","hentry"],"acf":[],"uagb_featured_image_src":{"full":false,"thumbnail":false,"medium":false,"medium_large":false,"large":false,"1536x1536":false,"2048x2048":false,"trp-custom-language-flag":false,"feature-size":false,"feature-size-gross":false,"header-size-small":false,"header-size":false,"mailpoet_newsletter_max":false},"uagb_author_info":{"display_name":"Donvae Hooker","author_link":"https:\/\/www.andermatt.com\/fr\/author\/donvae\/"},"uagb_comment_info":0,"uagb_excerpt":"Crop Production Portfolio Andermatt\u02bcs comprehensive range of biological solutions spans bioinsecticides, bionematicides, biofungicides, biostimulants, biological pest control products, monitoring and trapping solutions, macrobial solutions and more. Download","_links":{"self":[{"href":"https:\/\/www.andermatt.com\/fr\/wp-json\/wp\/v2\/pages\/7404","targetHints":{"allow":["GET"]}}],"collection":[{"href":"https:\/\/www.andermatt.com\/fr\/wp-json\/wp\/v2\/pages"}],"about":[{"href":"https:\/\/www.andermatt.com\/fr\/wp-json\/wp\/v2\/types\/page"}],"author":[{"embeddable":true,"href":"https:\/\/www.andermatt.com\/fr\/wp-json\/wp\/v2\/users\/15"}],"replies":[{"embeddable":true,"href":"https:\/\/www.andermatt.com\/fr\/wp-json\/wp\/v2\/comments?post=7404"}],"version-history":[{"count":4,"href":"https:\/\/www.andermatt.com\/fr\/wp-json\/wp\/v2\/pages\/7404\/revisions"}],"predecessor-version":[{"id":8819,"href":"https:\/\/www.andermatt.com\/fr\/wp-json\/wp\/v2\/pages\/7404\/revisions\/8819"}],"wp:attachment":[{"href":"https:\/\/www.andermatt.com\/fr\/wp-json\/wp\/v2\/media?parent=7404"}],"curies":[{"name":"wp","href":"https:\/\/api.w.org\/{rel}","templated":true}]}}