{"id":7372,"date":"2024-12-05T09:09:10","date_gmt":"2024-12-05T08:09:10","guid":{"rendered":"https:\/\/www.andermatt.com\/?page_id=7372"},"modified":"2025-11-27T10:58:18","modified_gmt":"2025-11-27T09:58:18","slug":"ressources-du-groupe-andermatt","status":"publish","type":"page","link":"https:\/\/www.andermatt.com\/fr\/ressources-du-groupe-andermatt\/","title":{"rendered":"Ressources du groupe Andermatt"},"content":{"rendered":"<h1>Ressources d'Andermatt<\/h1>\t\t\t\n\t\t\t\t<a href=\"https:\/\/www.andermatt.com\/fr\/portefeuille-dentreprises-du-groupe-andermatt\/\"  target=\"_self\" itemprop=\"url\">\n\t\t\t\t<img decoding=\"async\" src=\"https:\/\/www.andermatt.com\/wp-content\/uploads\/2025\/11\/andermatt-full-product-range.jpg\" alt=\"Gamme compl\u00e8te de produits Andermatt\" itemprop=\"image\" height=\"300\" width=\"800\" title=\"andermatt-gamme-compl\u00e8te-de-produits\" onerror=\"this.style.display='none'\" loading=\"lazy\" \/>\n\t\t\t\t<\/a>\n\t<h4>Portefeuille mondial de produits 2026<\/h4>\nChez Andermatt, nous croyons en une alimentation saine et en un environnement sain pour tous. Depuis 1988, nous sommes les premiers \u00e0 proposer des solutions naturelles pour la protection des cultures, la maison et le jardin, et la sant\u00e9 des abeilles dans plus de 60 pays.\nNos produits, qui s'appuient sur la science, combin\u00e9s \u00e0 l'expertise locale, contribuent \u00e0 r\u00e9duire la d\u00e9pendance \u00e0 l'\u00e9gard des produits chimiques agressifs tout en soutenant des syst\u00e8mes agricoles r\u00e9silients. Chaque jour, nous nous effor\u00e7ons d'apporter des connaissances globales \u00e0 des solutions locales qui profitent \u00e0 la fois aux agriculteurs et \u00e0 la plan\u00e8te.\n\t\t\t<a href=\"https:\/\/www.andermatt.com\/wp-content\/uploads\/2025\/11\/andermatt-product-portfolio-all-2026.pdf\" target=\"_blank\" rel=\"noopener\">\n\t\t\t\t\t\t\tEn savoir plus\n\t\t\t\t\t<\/a>\n\t\t\t\t<a href=\"https:\/\/www.andermatt.com\/fr\/portefeuille-dentreprises-du-groupe-andermatt\/\"  target=\"_self\" itemprop=\"url\">\n\t\t\t\t<img decoding=\"async\" src=\"https:\/\/www.andermatt.com\/wp-content\/uploads\/2024\/12\/andermatt-company-overview-2.png\" alt=\"aper\u00e7u de l&#039;entreprise andermatt 2\" itemprop=\"image\" height=\"300\" width=\"800\" title=\"Aper\u00e7u de la soci\u00e9t\u00e9 Andermatt 2\" onerror=\"this.style.display='none'\" loading=\"lazy\" \/>\n\t\t\t\t<\/a>\n\t<h4>Brochure d'entreprise 2026<\/h4>\nNotre parcours a commenc\u00e9 en Suisse en 1988, lorsque les Drs Isabel et Martin Andermatt, alors \u00e9tudiants, ont enregistr\u00e9 le premier produit \u00e0 base de granulovirus au monde, ouvrant ainsi une nouvelle \u00e8re pour l'agriculture.\nAu cours des d\u00e9cennies qui ont suivi, des experts en biologie et des pionniers de l'agriculture du monde entier ont uni leurs forces pour former le groupe Andermatt.  Aujourd'hui, nous avons plusieurs soci\u00e9t\u00e9s \u00e0 travers le monde et nos produits sont disponibles dans plus de 60 pays.\n\t\t\t<a href=\"https:\/\/www.andermatt.com\/fr\/brochure-andermatt-2026\/\" target=\"_blank\" rel=\"noopener\">\n\t\t\t\t\t\t\tEn savoir plus\n\t\t\t\t\t<\/a>\n\t\t\t\t<a href=\"https:\/\/www.andermatt.com\/fr\/portefeuille-de-production-vegetale-du-groupe-andermatt\/\"  target=\"_self\" itemprop=\"url\">\n\t\t\t\t<img decoding=\"async\" src=\"https:\/\/www.andermatt.com\/wp-content\/uploads\/2024\/12\/crop-production-2.png\" alt=\"production v\u00e9g\u00e9tale 2\" itemprop=\"image\" height=\"300\" width=\"800\" title=\"Production v\u00e9g\u00e9tale 2\" onerror=\"this.style.display='none'\" loading=\"lazy\" \/>\n\t\t\t\t<\/a>\n\t<h4>Portefeuille de la production v\u00e9g\u00e9tale<\/h4>\n<p>La gamme compl\u00e8te de solutions biologiques d'Andermatt\u02bc comprend des bioinsecticides, des bion\u00e9maticides, des biofongicides, des biostimulants, des produits de lutte biologique contre les ravageurs, des solutions de surveillance et de pi\u00e9geage, des solutions macrobiennes et bien d'autres encore.<\/p>\n\t\t\t<a href=\"https:\/\/www.andermatt.com\/fr\/portefeuille-de-production-vegetale-du-groupe-andermatt\/\" target=\"_self\">\n\t\t\t\t\t\t\tEn savoir plus\n\t\t\t\t\t<\/a>\n\t\t\t\t<a href=\"https:\/\/www.andermatt.com\/fr\/portefeuille-de-maisons-et-de-jardins-du-groupe-andermatt\/\"  target=\"_self\" itemprop=\"url\">\n\t\t\t\t<img decoding=\"async\" src=\"https:\/\/www.andermatt.com\/wp-content\/uploads\/2024\/12\/home-and-garden-1.png\" alt=\"maison et jardin\" itemprop=\"image\" height=\"300\" width=\"800\" title=\"Maison et jardin\" onerror=\"this.style.display='none'\" loading=\"lazy\" \/>\n\t\t\t\t<\/a>\n\t<h4>Portefeuille de la maison et du jardin<\/h4>\n<p>Alors que les consommateurs cherchent \u00e0 int\u00e9grer la nature dans leur maison et leur jardin, la demande de solutions s\u00fbres et durables ne cesse de cro\u00eetre. Depuis plus de 30 ans, Andermatt est fi\u00e8re de montrer la voie en proposant des alternatives naturelles aux produits chimiques. Gr\u00e2ce \u00e0 notre expertise de pointe et \u00e0 notre engagement en faveur de la qualit\u00e9, nous donnons aux jardiniers les moyens d'entretenir des espaces florissants et respectueux de l'environnement.<\/p>\n\t\t\t<a href=\"https:\/\/www.andermatt.com\/fr\/portefeuille-de-maisons-et-de-jardins-du-groupe-andermatt\/\" target=\"_self\">\n\t\t\t\t\t\t\tEn savoir plus\n\t\t\t\t\t<\/a>\n\t\t\t\t<a href=\"https:\/\/www.andermatt.com\/fr\/portefeuille-sante-des-abeilles-du-groupe-andermatt\/\"  target=\"_self\" itemprop=\"url\">\n\t\t\t\t<img decoding=\"async\" src=\"https:\/\/www.andermatt.com\/wp-content\/uploads\/2024\/12\/bee-health-2.png\" alt=\"sant\u00e9 des abeilles 2\" itemprop=\"image\" height=\"300\" width=\"800\" title=\"Sant\u00e9 des abeilles 2\" onerror=\"this.style.display='none'\" loading=\"lazy\" \/>\n\t\t\t\t<\/a>\n\t<h4>Portefeuille de la sant\u00e9 des abeilles<\/h4>\nUne solution naturelle pour la sant\u00e9 des abeilles mellif\u00e8res.<br \/>\nLes apiculteurs peuvent compter sur Andermatt pour obtenir une gamme compl\u00e8te de solutions naturelles destin\u00e9es \u00e0 soutenir la sant\u00e9 globale des abeilles mellif\u00e8res. Andermatt est le seul fournisseur \u00e0 proposer une solution compl\u00e8te pour le contr\u00f4le de Varroa, ce qui lui permet de fournir des soins efficaces, durables et s\u00fbrs pour vos colonies.<br \/>\n\n\t\t\t<a href=\"https:\/\/www.andermatt.com\/fr\/portefeuille-sante-des-abeilles-du-groupe-andermatt\/\" target=\"_self\">\n\t\t\t\t\t\t\tEn savoir plus\n\t\t\t\t\t<\/a>\n\t\t\t\t<a href=\"https:\/\/www.andermatt.com\/fr\/portefeuille-de-solutions-specialisees-du-groupe-andermatt\/\"  target=\"_self\" itemprop=\"url\">\n\t\t\t\t<img decoding=\"async\" src=\"https:\/\/www.andermatt.com\/wp-content\/uploads\/2024\/12\/specialized-solutions-2.png\" alt=\"solutions sp\u00e9cialis\u00e9es 2\" itemprop=\"image\" height=\"300\" width=\"800\" title=\"Solutions sp\u00e9cialis\u00e9es 2\" onerror=\"this.style.display='none'\" loading=\"lazy\" \/>\n\t\t\t\t<\/a>\n\t<h4>Portefeuille de solutions sp\u00e9cialis\u00e9es<\/h4>\n<p>Outre la gamme compl\u00e8te de produits de production v\u00e9g\u00e9tale d'Andermatt, ainsi que les solutions pour le jardin, la maison et la sant\u00e9 des abeilles, nous sommes fiers de proposer des solutions pour la lutte contre les parasites et la sant\u00e9 des animaux d'\u00e9levage.<\/p>\n\t\t\t<a href=\"https:\/\/www.andermatt.com\/fr\/portefeuille-de-solutions-specialisees-du-groupe-andermatt\/\" target=\"_self\">\n\t\t\t\t\t\t\tEn savoir plus\n\t\t\t\t\t<\/a>\n\t\t\t\t<a href=\"https:\/\/www.andermatt.com\/fr\/groupe-andermatt-entreprise-portefeuille-latam\/\"  target=\"_self\" itemprop=\"url\">\n\t\t\t\t<img decoding=\"async\" src=\"https:\/\/www.andermatt.com\/wp-content\/uploads\/2025\/11\/agag-article-banners.png\" alt=\"Banni\u00e8res d&#039;articles agag\" itemprop=\"image\" height=\"300\" width=\"800\" title=\"Banni\u00e8res d&#039;articles AGAG\" onerror=\"this.style.display='none'\" loading=\"lazy\" \/>\n\t\t\t\t<\/a>\n\t<h4>Andermatt Biocontrol Suisse Informations sur les baculovirus 2025<\/h4>\n<p>Les baculovirus : un partenaire \u00e9prouv\u00e9 dans la lutte int\u00e9gr\u00e9e contre les ravageurs (IPM)<\/p>\n<p>Gr\u00e2ce \u00e0 leur mode d'action unique (IRAC 31), les baculovirus offrent une excellente gestion de la r\u00e9sistance, une compatibilit\u00e9 avec les insectes utiles et les m\u00e9langes en cuve, et ne posent pas de probl\u00e8mes de LMR - ce qui permet aux producteurs de prot\u00e9ger leurs cultures jusqu'\u00e0 la r\u00e9colte.<\/p>\n\t\t\t<a href=\"https:\/\/www.andermatt.com\/fr\/les-baculovirus-un-partenaire-eprouve-dans-la-lutte-integree-contre-les-ravageurs-ipm\/\" target=\"_blank\" rel=\"noopener\">\n\t\t\t\t\t\t\tEn savoir plus\n\t\t\t\t\t<\/a>\n\t\t\t\t<a href=\"https:\/\/www.andermatt.com\/fr\/groupe-andermatt-entreprise-portefeuille-latam\/\"  target=\"_self\" itemprop=\"url\">\n\t\t\t\t<img decoding=\"async\" src=\"https:\/\/www.andermatt.com\/wp-content\/uploads\/2024\/12\/andermatt-company-overview-2.png\" alt=\"aper\u00e7u de l&#039;entreprise andermatt 2\" itemprop=\"image\" height=\"300\" width=\"800\" title=\"Aper\u00e7u de la soci\u00e9t\u00e9 Andermatt 2\" onerror=\"this.style.display='none'\" loading=\"lazy\" \/>\n\t\t\t\t<\/a>\n\t<h4>Portefeuille LATAM 2025 (espagnol)<\/h4>\n<p>Andermatt, dont le si\u00e8ge est en Suisse, est un groupe mondial d'entreprises sp\u00e9cialis\u00e9es dans les solutions biologiques pour la production v\u00e9g\u00e9tale, la maison et le jardin, et la sant\u00e9 des abeilles.<\/p>\n<p>Fond\u00e9e en 1988 en Suisse par les docteurs Isabel et Martin Andermatt, l'entreprise a \u00e9t\u00e9 la premi\u00e8re \u00e0 enregistrer un produit biologique \u00e0 base de granulovirus, marquant ainsi le d\u00e9but d'une nouvelle \u00e8re dans le domaine de l'agriculture.<\/p>\n\t\t\t<a href=\"https:\/\/www.andermatt.com\/fr\/groupe-andermatt-entreprise-portefeuille-latam\/\" target=\"_self\">\n\t\t\t\t\t\t\tEn savoir plus\n\t\t\t\t\t<\/a>\n\t\t\t\t<a href=\"https:\/\/www.andermatt.com\/fr\/baculovirus-faqs\/\"  target=\"_self\" itemprop=\"url\">\n\t\t\t\t<img decoding=\"async\" src=\"https:\/\/www.andermatt.com\/wp-content\/uploads\/2024\/12\/product-banner-2.png\" alt=\"banni\u00e8re produit 2\" itemprop=\"image\" height=\"300\" width=\"800\" title=\"banni\u00e8re produit 2\" onerror=\"this.style.display='none'\" loading=\"lazy\" \/>\n\t\t\t\t<\/a>\n\t<h4>FAQ sur les baculovirus<\/h4>\n<p>Le groupe Andermatt est le leader mondial de la production de baculovirus, avec plus de 35 ans d'exp\u00e9rience dans le d\u00e9veloppement, la formulation et la production de ces virus. <\/p>\n<p>Le Groupe Andermatt abrite deux entreprises leaders dans la production de baculovirus. Andermatt Biocontrol Suisse et Andermatt Canada. Ensemble, elles offrent la plus large gamme de produits \u00e0 base de baculovirus disponibles dans le commerce pour l'agriculture et la sylviculture.<\/p>\n\t\t\t<a href=\"https:\/\/www.andermatt.com\/fr\/baculovirus-faqs\/\" target=\"_self\">\n\t\t\t\t\t\t\tEn savoir plus\n\t\t\t\t\t<\/a>\n\t\t\t\t<a href=\"https:\/\/www.andermatt.com\/fr\/conseil_de_nos_experts_questions_essentielles_pour_les_fournisseurs_biologiques\/\"  target=\"_self\" itemprop=\"url\">\n\t\t\t\t<img decoding=\"async\" src=\"https:\/\/www.andermatt.com\/wp-content\/uploads\/2025\/08\/banner-group-3.png\" alt=\"groupe de banni\u00e8res 3\" itemprop=\"image\" height=\"300\" width=\"800\" title=\"groupe de banni\u00e8res 3\" onerror=\"this.style.display='none'\" loading=\"lazy\" \/>\n\t\t\t\t<\/a>\n\t<h4>Conseils de nos experts : Questions essentielles pour les fournisseurs de produits biologiques<\/h4>\n<p>Se donner les moyens d'agir gr\u00e2ce aux solutions biologiques - Poser les bonnes questions !<\/p>\n<p>Naviguer dans le monde de la protection biologique des cultures Les produits de protection biologique des cultures gagnent en popularit\u00e9 en tant qu'alternatives durables dans l'agriculture. Cependant, l'augmentation de la demande a conduit \u00e0 l'apparition de nouveaux fournisseurs avec des revendications vari\u00e9es, ce qui fait qu'il est crucial pour les agriculteurs d'\u00e9valuer soigneusement les produits et de contr\u00f4ler les fournisseurs. Les produits de qualit\u00e9 inf\u00e9rieure sapent la confiance des agriculteurs et entravent la croissance de l'industrie biologique. Poser des questions cl\u00e9s et comprendre le march\u00e9 permet d'identifier les fournisseurs \u00e9thiques, ce qui garantit une lutte durable et fiable contre les ravageurs.<\/p>\n<p>&nbsp;<\/p>\n\t\t\t<a href=\"https:\/\/www.andermatt.com\/fr\/conseil_de_nos_experts_questions_essentielles_pour_les_fournisseurs_biologiques\/\" target=\"_self\">\n\t\t\t\t\t\t\tEn savoir plus\n\t\t\t\t\t<\/a>\n\t\t\t\t<a href=\"https:\/\/www.andermatt.com\/fr\/conseils-de-nos-experts-pour-le-choix-dun-trichoderma\/\"  target=\"_self\" itemprop=\"url\">\n\t\t\t\t<img decoding=\"async\" src=\"https:\/\/www.andermatt.com\/wp-content\/uploads\/2025\/08\/banner-group-2-1.png\" alt=\"groupe de banni\u00e8res 2\" itemprop=\"image\" height=\"300\" width=\"800\" title=\"groupe de banni\u00e8res 2\" onerror=\"this.style.display='none'\" loading=\"lazy\" \/>\n\t\t\t\t<\/a>\n\t<h4>Conseils de nos experts : Choisir un Trichoderma<\/h4>\n<p>Trichoderma est un type de champignon b\u00e9n\u00e9fique pr\u00e9sent dans le sol qui forme des partenariats avec les racines des plantes. Connu pour son r\u00f4le de longue date dans la protection biologique des cultures, Trichoderma aide \u00e0 lutter contre les maladies des plantes, am\u00e9liore la croissance des racines et des pousses, augmente le rendement des cultures, am\u00e9liore l'absorption des nutriments et accro\u00eet la r\u00e9sistance au stress climatique.<\/p>\n\t\t\t<a href=\"https:\/\/www.andermatt.com\/fr\/conseils-de-nos-experts-pour-le-choix-dun-trichoderma\/\" target=\"_self\">\n\t\t\t\t\t\t\tEn savoir plus\n\t\t\t\t\t<\/a>","protected":false},"excerpt":{"rendered":"<p>Portefeuille mondial de produits Andermatt Resources 2026 Chez Andermatt, nous croyons en une alimentation saine et un environnement sain pour tous. Depuis 1988, nous sommes pionniers dans le domaine des solutions naturelles pour la protection des cultures, la maison et le jardin, et la sant\u00e9 des abeilles dans plus de 60 pays. Nos produits scientifiquement \u00e9prouv\u00e9s, associ\u00e9s \u00e0 une expertise locale, contribuent \u00e0 r\u00e9duire la d\u00e9pendance aux produits chimiques agressifs tout en favorisant la r\u00e9silience [\u2026]<\/p>","protected":false},"author":15,"featured_media":0,"parent":0,"menu_order":0,"comment_status":"closed","ping_status":"closed","template":"","meta":{"_acf_changed":false,"_seopress_robots_primary_cat":"","_seopress_titles_title":"","_seopress_titles_desc":"","_seopress_robots_index":"","_searchwp_excluded":"","_uag_custom_page_level_css":"","site-sidebar-layout":"default","site-content-layout":"default","ast-site-content-layout":"default","site-content-style":"default","site-sidebar-style":"default","ast-global-header-display":"","ast-banner-title-visibility":"","ast-main-header-display":"","ast-hfb-above-header-display":"","ast-hfb-below-header-display":"","ast-hfb-mobile-header-display":"","site-post-title":"disabled","ast-breadcrumbs-content":"","ast-featured-img":"","footer-sml-layout":"","ast-disable-related-posts":"","theme-transparent-header-meta":"default","adv-header-id-meta":"","stick-header-meta":"default","header-above-stick-meta":"","header-main-stick-meta":"","header-below-stick-meta":"","astra-migrate-meta-layouts":"set","ast-page-background-enabled":"default","ast-page-background-meta":{"desktop":{"background-color":"","background-image":"","background-repeat":"repeat","background-position":"center center","background-size":"auto","background-attachment":"scroll","background-type":"","background-media":"","overlay-type":"","overlay-color":"","overlay-opacity":"","overlay-gradient":""},"tablet":{"background-color":"","background-image":"","background-repeat":"repeat","background-position":"center center","background-size":"auto","background-attachment":"scroll","background-type":"","background-media":"","overlay-type":"","overlay-color":"","overlay-opacity":"","overlay-gradient":""},"mobile":{"background-color":"","background-image":"","background-repeat":"repeat","background-position":"center center","background-size":"auto","background-attachment":"scroll","background-type":"","background-media":"","overlay-type":"","overlay-color":"","overlay-opacity":"","overlay-gradient":""}},"ast-content-background-meta":{"desktop":{"background-color":"var(--ast-global-color-5)","background-image":"","background-repeat":"repeat","background-position":"center center","background-size":"auto","background-attachment":"scroll","background-type":"","background-media":"","overlay-type":"","overlay-color":"","overlay-opacity":"","overlay-gradient":""},"tablet":{"background-color":"var(--ast-global-color-5)","background-image":"","background-repeat":"repeat","background-position":"center center","background-size":"auto","background-attachment":"scroll","background-type":"","background-media":"","overlay-type":"","overlay-color":"","overlay-opacity":"","overlay-gradient":""},"mobile":{"background-color":"var(--ast-global-color-5)","background-image":"","background-repeat":"repeat","background-position":"center center","background-size":"auto","background-attachment":"scroll","background-type":"","background-media":"","overlay-type":"","overlay-color":"","overlay-opacity":"","overlay-gradient":""}},"footnotes":""},"class_list":["post-7372","page","type-page","status-publish","hentry"],"acf":[],"uagb_featured_image_src":{"full":false,"thumbnail":false,"medium":false,"medium_large":false,"large":false,"1536x1536":false,"2048x2048":false,"trp-custom-language-flag":false,"feature-size":false,"feature-size-gross":false,"header-size-small":false,"header-size":false,"mailpoet_newsletter_max":false},"uagb_author_info":{"display_name":"Donvae Hooker","author_link":"https:\/\/www.andermatt.com\/fr\/author\/donvae\/"},"uagb_comment_info":0,"uagb_excerpt":"Andermatt Resources Global Product Portfolio 2026 At Andermatt, we believe in healthy food and a healthy environment for all. Since 1988, we&#8217;ve been pioneering nature\u2011led crop protection, home and garden, and bee health solutions across more than 60 countries. Our science\u2011backed products, combined with local expertise, help reduce reliance on harsh chemicals while supporting resilient\u2026","_links":{"self":[{"href":"https:\/\/www.andermatt.com\/fr\/wp-json\/wp\/v2\/pages\/7372","targetHints":{"allow":["GET"]}}],"collection":[{"href":"https:\/\/www.andermatt.com\/fr\/wp-json\/wp\/v2\/pages"}],"about":[{"href":"https:\/\/www.andermatt.com\/fr\/wp-json\/wp\/v2\/types\/page"}],"author":[{"embeddable":true,"href":"https:\/\/www.andermatt.com\/fr\/wp-json\/wp\/v2\/users\/15"}],"replies":[{"embeddable":true,"href":"https:\/\/www.andermatt.com\/fr\/wp-json\/wp\/v2\/comments?post=7372"}],"version-history":[{"count":22,"href":"https:\/\/www.andermatt.com\/fr\/wp-json\/wp\/v2\/pages\/7372\/revisions"}],"predecessor-version":[{"id":9004,"href":"https:\/\/www.andermatt.com\/fr\/wp-json\/wp\/v2\/pages\/7372\/revisions\/9004"}],"wp:attachment":[{"href":"https:\/\/www.andermatt.com\/fr\/wp-json\/wp\/v2\/media?parent=7372"}],"curies":[{"name":"wp","href":"https:\/\/api.w.org\/{rel}","templated":true}]}}