{"id":7192,"date":"2024-10-16T15:15:54","date_gmt":"2024-10-16T13:15:54","guid":{"rendered":"https:\/\/www.andermatt.com\/?page_id=7192"},"modified":"2025-12-11T10:00:54","modified_gmt":"2025-12-11T09:00:54","slug":"solutions-specialisees","status":"publish","type":"page","link":"https:\/\/www.andermatt.com\/fr\/solutions-specialisees\/","title":{"rendered":"Solutions sp\u00e9cialis\u00e9es"},"content":{"rendered":"<h1>\n\t\t\tSolutions sp\u00e9cialis\u00e9es\t<\/h1>\n\t\t\t<h3>Solutions naturelles pour une lutte efficace contre les nuisibles <br \/>et le bien-\u00eatre animal.<\/h3>\t\t\t\n\t\t\t<a href=\"https:\/\/www.andermatt.com\/wp-content\/uploads\/2025\/12\/andermatt-specialised-solutions-portfolio-2026.pdf\" target=\"_blank\" rel=\"noopener\">\n\t\t\t\t\t\tPortefeuille de solutions sp\u00e9cialis\u00e9es\n\t\t\t\t\t<\/a>\n<h2>\n\t\t<a href=\"https:\/\/www.andermatt.com\/fr\/lutte-antiparasitaire-2\/\" title=\"Lutte contre les nuisibles domestiques\"  target=\"_self\">\n\t\t\tLutte contre les nuisibles domestiques\t\t<\/a>\n\t<\/h2>\n\t\t\t\t<a href=\"https:\/\/www.andermatt.com\/fr\/lutte-antiparasitaire-2\/\"  target=\"_self\" itemprop=\"url\">\n\t\t\t\t<img decoding=\"async\" src=\"https:\/\/www.andermatt.com\/wp-content\/uploads\/2024\/10\/pest_control_cta_image.png\" alt=\"lutte contre les parasites cta image\" itemprop=\"image\" height=\"600\" width=\"600\" title=\"Lutte antiparasitaire_CTA_Image\" onerror=\"this.style.display='none'\" loading=\"lazy\" \/>\n\t\t\t\t<\/a>\n<h2>\n\t\t<a href=\"https:\/\/www.andermatt.com\/fr\/sante-des-animaux-delevage-2\/\" title=\"Sant\u00e9 des animaux d&#039;\u00e9levage\"  target=\"_self\">\n\t\t\tSant\u00e9 des animaux d'\u00e9levage\t\t<\/a>\n\t<\/h2>\n\t\t\t\t<a href=\"https:\/\/www.andermatt.com\/fr\/sante-des-animaux-delevage-2\/\"  target=\"_self\" itemprop=\"url\">\n\t\t\t\t<img decoding=\"async\" src=\"https:\/\/www.andermatt.com\/wp-content\/uploads\/2024\/10\/farm_animal_health_cta_image.png\" alt=\"sant\u00e9 des animaux d&#039;\u00e9levage cta image\" itemprop=\"image\" height=\"600\" width=\"600\" title=\"Sant\u00e9 des animaux d&#039;\u00e9levage_CTA_Image\" onerror=\"this.style.display='none'\" loading=\"lazy\" \/>\n\t\t\t\t<\/a>","protected":false},"excerpt":{"rendered":"<p>Solutions sp\u00e9cialis\u00e9es Des solutions naturelles pour une lutte efficace contre les parasites et pour le bien-\u00eatre des animaux. Portefeuille de solutions sp\u00e9cialis\u00e9es Lutte contre les parasites Sant\u00e9 des animaux d'\u00e9levage<\/p>","protected":false},"author":15,"featured_media":0,"parent":0,"menu_order":0,"comment_status":"closed","ping_status":"closed","template":"","meta":{"_acf_changed":false,"_seopress_robots_primary_cat":"","_seopress_titles_title":"Specialized Biological Solutions | Andermatt Group","_seopress_titles_desc":"Discover Andermatt Group's specialized solutions for pest control and farm animal health, promoting sustainable agriculture across the globe","_seopress_robots_index":"","_searchwp_excluded":"","_uag_custom_page_level_css":"","site-sidebar-layout":"default","site-content-layout":"","ast-site-content-layout":"default","site-content-style":"default","site-sidebar-style":"default","ast-global-header-display":"","ast-banner-title-visibility":"","ast-main-header-display":"","ast-hfb-above-header-display":"","ast-hfb-below-header-display":"","ast-hfb-mobile-header-display":"","site-post-title":"disabled","ast-breadcrumbs-content":"","ast-featured-img":"","footer-sml-layout":"","ast-disable-related-posts":"","theme-transparent-header-meta":"","adv-header-id-meta":"","stick-header-meta":"","header-above-stick-meta":"","header-main-stick-meta":"","header-below-stick-meta":"","astra-migrate-meta-layouts":"set","ast-page-background-enabled":"default","ast-page-background-meta":{"desktop":{"background-color":"","background-image":"","background-repeat":"repeat","background-position":"center center","background-size":"auto","background-attachment":"scroll","background-type":"","background-media":"","overlay-type":"","overlay-color":"","overlay-opacity":"","overlay-gradient":""},"tablet":{"background-color":"","background-image":"","background-repeat":"repeat","background-position":"center center","background-size":"auto","background-attachment":"scroll","background-type":"","background-media":"","overlay-type":"","overlay-color":"","overlay-opacity":"","overlay-gradient":""},"mobile":{"background-color":"","background-image":"","background-repeat":"repeat","background-position":"center center","background-size":"auto","background-attachment":"scroll","background-type":"","background-media":"","overlay-type":"","overlay-color":"","overlay-opacity":"","overlay-gradient":""}},"ast-content-background-meta":{"desktop":{"background-color":"var(--ast-global-color-5)","background-image":"","background-repeat":"repeat","background-position":"center center","background-size":"auto","background-attachment":"scroll","background-type":"","background-media":"","overlay-type":"","overlay-color":"","overlay-opacity":"","overlay-gradient":""},"tablet":{"background-color":"var(--ast-global-color-5)","background-image":"","background-repeat":"repeat","background-position":"center center","background-size":"auto","background-attachment":"scroll","background-type":"","background-media":"","overlay-type":"","overlay-color":"","overlay-opacity":"","overlay-gradient":""},"mobile":{"background-color":"var(--ast-global-color-5)","background-image":"","background-repeat":"repeat","background-position":"center center","background-size":"auto","background-attachment":"scroll","background-type":"","background-media":"","overlay-type":"","overlay-color":"","overlay-opacity":"","overlay-gradient":""}},"footnotes":""},"class_list":["post-7192","page","type-page","status-publish","hentry"],"acf":[],"uagb_featured_image_src":{"full":false,"thumbnail":false,"medium":false,"medium_large":false,"large":false,"1536x1536":false,"2048x2048":false,"trp-custom-language-flag":false,"feature-size":false,"feature-size-gross":false,"header-size-small":false,"header-size":false,"mailpoet_newsletter_max":false},"uagb_author_info":{"display_name":"Donvae Hooker","author_link":"https:\/\/www.andermatt.com\/fr\/author\/donvae\/"},"uagb_comment_info":0,"uagb_excerpt":"Specialized Solutions Nature-based solutions for effective pest control and animal wellbeing. Specialized Solutions Portfolio Pest Control Farm Animal Health","_links":{"self":[{"href":"https:\/\/www.andermatt.com\/fr\/wp-json\/wp\/v2\/pages\/7192","targetHints":{"allow":["GET"]}}],"collection":[{"href":"https:\/\/www.andermatt.com\/fr\/wp-json\/wp\/v2\/pages"}],"about":[{"href":"https:\/\/www.andermatt.com\/fr\/wp-json\/wp\/v2\/types\/page"}],"author":[{"embeddable":true,"href":"https:\/\/www.andermatt.com\/fr\/wp-json\/wp\/v2\/users\/15"}],"replies":[{"embeddable":true,"href":"https:\/\/www.andermatt.com\/fr\/wp-json\/wp\/v2\/comments?post=7192"}],"version-history":[{"count":10,"href":"https:\/\/www.andermatt.com\/fr\/wp-json\/wp\/v2\/pages\/7192\/revisions"}],"predecessor-version":[{"id":9025,"href":"https:\/\/www.andermatt.com\/fr\/wp-json\/wp\/v2\/pages\/7192\/revisions\/9025"}],"wp:attachment":[{"href":"https:\/\/www.andermatt.com\/fr\/wp-json\/wp\/v2\/media?parent=7192"}],"curies":[{"name":"wp","href":"https:\/\/api.w.org\/{rel}","templated":true}]}}