{"id":4772,"date":"2022-10-21T15:29:39","date_gmt":"2022-10-21T13:29:39","guid":{"rendered":"https:\/\/www.andermatt.com\/?page_id=4772"},"modified":"2025-12-11T09:23:09","modified_gmt":"2025-12-11T08:23:09","slug":"apercu-de-la-lutte-contre-les-ravageurs-des-cultures-2","status":"publish","type":"page","link":"https:\/\/www.andermatt.com\/fr\/apercu-de-la-lutte-contre-les-ravageurs-des-cultures-2\/","title":{"rendered":"Maison et Jardin"},"content":{"rendered":"<h1>Solutions<\/h1>\t\t\t\n\t\t\t\t<h2>Maison et Jardin<\/h2>\n\u00a0\n\t\t\t<h3>Le jardinage biologique pour un environnement sain.<\/h3>\t\t\t\n\t\t\t<a href=\"https:\/\/www.andermatt.com\/wp-content\/uploads\/2025\/12\/andermatt-home-and-garden-portfolio-2026.pdf\" target=\"_blank\" rel=\"noopener\">\n\t\t\t\t\t\tPortefeuille de la maison et du jardin\n\t\t\t\t\t<\/a>\n\t\t\t\t<img decoding=\"async\" src=\"https:\/\/www.andermatt.com\/wp-content\/uploads\/2022\/10\/adalia-kit-660x315.png\" alt=\"kit adalia\"\/>\n\t\t\t<h3>Les auxiliaires et les attractifs b\u00e9n\u00e9fiques<\/h3>\n\t\t\t\t<p>Pour votre jardin.<\/p>\n\t\t<a href=\"\/fr\/jardin-potager\/?_category=beneficials-and-beneficial-attractants\" target=\"_self\"  aria-label=\"Aller \u00e0 \/home-garden\/?_category=beneficials-and-beneficial-attractants\"><\/a>\n\t\t\t\t<img decoding=\"async\" src=\"https:\/\/www.andermatt.com\/wp-content\/uploads\/2022\/11\/s1_21_12-1116_slug-pincer.jpg\" alt=\"s1 21 12 1116 slug pincer\"\/>\n\t\t\t<h3>Mat\u00e9riel de jardinage<\/h3>\n\t\t\t\t<p>Pour votre jardin.<\/p>\n\t\t<a href=\"\/fr\/jardin-potager\/?_category=garden-equipment\" target=\"_self\"  aria-label=\"Aller \u00e0 \/home-garden\/?_category=garden-equipment\"><\/a>\n\t\t\t\t<img decoding=\"async\" src=\"https:\/\/www.andermatt.com\/wp-content\/uploads\/2022\/10\/insectosec-660x315.png\" alt=\"insectosec\"\/>\n\t\t\t<h3>Maison et jardin<\/h3>\n\t\t\t\t<p>Pour votre jardin.<\/p>\n\t\t<a href=\"\/fr\/jardin-potager\/?_category=home-and-garden\" target=\"_self\"  aria-label=\"Aller \u00e0 \/home-garden\/?_category=home-and-garden\"><\/a>\n\t\t\t\t<img decoding=\"async\" src=\"https:\/\/www.andermatt.com\/wp-content\/uploads\/2021\/12\/seed-treatment-2-660x315.jpg\" alt=\"traitement des semences 2\"\/>\n\t\t\t<h3>Protection des plantes<\/h3>\n\t\t\t\t<p>Pour votre jardin.<\/p>\n\t\t<a href=\"https:\/\/www.andermatt.com\/fr\/jardin-potager\/?_category=plant-protection\" target=\"_self\"  aria-label=\"Aller sur https:\/\/www.andermatt.com\/home-garden\/?_category=plant-protection\"><\/a>\n\t\t\t\t<img decoding=\"async\" src=\"https:\/\/www.andermatt.com\/wp-content\/uploads\/2022\/11\/s1_gemuse_2_vegetable-fertilizer.jpg\" alt=\"s1 gem\u00fcse 2 engrais pour l\u00e9gumes\"\/>\n\t\t\t<h3>Vitalit\u00e9 des plantes<\/h3>\n\t\t\t\t<p>Pour votre jardin.<\/p>\n\t\t<a href=\"\/fr\/jardin-potager\/?_category=plant-vitality\" target=\"_self\"  aria-label=\"Aller \u00e0 \/home-garden\/?_category=plant-vitality\"><\/a>","protected":false},"excerpt":{"rendered":"<p>Solutions Maison et jardin Jardinage biologique pour un environnement sain. Home &amp; Garden Portfolio Les auxiliaires et les attractants b\u00e9n\u00e9fiques Pour votre jardin. Mat\u00e9riel de jardinage Pour votre jardin. Maison et jardin Pour votre jardin. Protection des plantes Pour votre jardin. Vitalit\u00e9 des plantes Pour votre jardin.<\/p>","protected":false},"author":1,"featured_media":0,"parent":0,"menu_order":0,"comment_status":"closed","ping_status":"closed","template":"","meta":{"_acf_changed":false,"_seopress_robots_primary_cat":"","_seopress_titles_title":"","_seopress_titles_desc":"","_seopress_robots_index":"","_searchwp_excluded":"","_uag_custom_page_level_css":"","site-sidebar-layout":"default","site-content-layout":"page-builder","ast-site-content-layout":"full-width-container","site-content-style":"unboxed","site-sidebar-style":"unboxed","ast-global-header-display":"","ast-banner-title-visibility":"","ast-main-header-display":"","ast-hfb-above-header-display":"","ast-hfb-below-header-display":"","ast-hfb-mobile-header-display":"","site-post-title":"disabled","ast-breadcrumbs-content":"","ast-featured-img":"","footer-sml-layout":"","ast-disable-related-posts":"","theme-transparent-header-meta":"default","adv-header-id-meta":"","stick-header-meta":"default","header-above-stick-meta":"","header-main-stick-meta":"","header-below-stick-meta":"","astra-migrate-meta-layouts":"set","ast-page-background-enabled":"default","ast-page-background-meta":{"desktop":{"background-color":"","background-image":"","background-repeat":"repeat","background-position":"center center","background-size":"auto","background-attachment":"scroll","background-type":"","background-media":"","overlay-type":"","overlay-color":"","overlay-opacity":"","overlay-gradient":""},"tablet":{"background-color":"","background-image":"","background-repeat":"repeat","background-position":"center center","background-size":"auto","background-attachment":"scroll","background-type":"","background-media":"","overlay-type":"","overlay-color":"","overlay-opacity":"","overlay-gradient":""},"mobile":{"background-color":"","background-image":"","background-repeat":"repeat","background-position":"center center","background-size":"auto","background-attachment":"scroll","background-type":"","background-media":"","overlay-type":"","overlay-color":"","overlay-opacity":"","overlay-gradient":""}},"ast-content-background-meta":{"desktop":{"background-color":"var(--ast-global-color-5)","background-image":"","background-repeat":"repeat","background-position":"center center","background-size":"auto","background-attachment":"scroll","background-type":"","background-media":"","overlay-type":"","overlay-color":"","overlay-opacity":"","overlay-gradient":""},"tablet":{"background-color":"var(--ast-global-color-5)","background-image":"","background-repeat":"repeat","background-position":"center center","background-size":"auto","background-attachment":"scroll","background-type":"","background-media":"","overlay-type":"","overlay-color":"","overlay-opacity":"","overlay-gradient":""},"mobile":{"background-color":"var(--ast-global-color-5)","background-image":"","background-repeat":"repeat","background-position":"center center","background-size":"auto","background-attachment":"scroll","background-type":"","background-media":"","overlay-type":"","overlay-color":"","overlay-opacity":"","overlay-gradient":""}},"footnotes":""},"class_list":["post-4772","page","type-page","status-publish","hentry"],"acf":[],"uagb_featured_image_src":{"full":false,"thumbnail":false,"medium":false,"medium_large":false,"large":false,"1536x1536":false,"2048x2048":false,"trp-custom-language-flag":false,"feature-size":false,"feature-size-gross":false,"header-size-small":false,"header-size":false,"mailpoet_newsletter_max":false},"uagb_author_info":{"display_name":"Michael Salzer","author_link":"https:\/\/www.andermatt.com\/fr\/author\/ms_9mip9dui\/"},"uagb_comment_info":0,"uagb_excerpt":"Solutions Home &amp; Garden \u00a0 Organic gardening for a healthy environment. Home &#038; Garden Portfolio Beneficials and beneficial attractants For your garden. Garden equipment For your garden. Home and garden For your garden. Plant protection For your garden. Plant vitality For your garden.","_links":{"self":[{"href":"https:\/\/www.andermatt.com\/fr\/wp-json\/wp\/v2\/pages\/4772","targetHints":{"allow":["GET"]}}],"collection":[{"href":"https:\/\/www.andermatt.com\/fr\/wp-json\/wp\/v2\/pages"}],"about":[{"href":"https:\/\/www.andermatt.com\/fr\/wp-json\/wp\/v2\/types\/page"}],"author":[{"embeddable":true,"href":"https:\/\/www.andermatt.com\/fr\/wp-json\/wp\/v2\/users\/1"}],"replies":[{"embeddable":true,"href":"https:\/\/www.andermatt.com\/fr\/wp-json\/wp\/v2\/comments?post=4772"}],"version-history":[{"count":20,"href":"https:\/\/www.andermatt.com\/fr\/wp-json\/wp\/v2\/pages\/4772\/revisions"}],"predecessor-version":[{"id":9023,"href":"https:\/\/www.andermatt.com\/fr\/wp-json\/wp\/v2\/pages\/4772\/revisions\/9023"}],"wp:attachment":[{"href":"https:\/\/www.andermatt.com\/fr\/wp-json\/wp\/v2\/media?parent=4772"}],"curies":[{"name":"wp","href":"https:\/\/api.w.org\/{rel}","templated":true}]}}