{"id":4768,"date":"2022-10-21T14:48:18","date_gmt":"2022-10-21T12:48:18","guid":{"rendered":"https:\/\/www.andermatt.com\/?page_id=4768"},"modified":"2025-11-26T12:10:34","modified_gmt":"2025-11-26T11:10:34","slug":"apercu-de-la-production-vegetale","status":"publish","type":"page","link":"https:\/\/www.andermatt.com\/fr\/apercu-de-la-production-vegetale\/","title":{"rendered":"Vue d'ensemble de la production v\u00e9g\u00e9tale"},"content":{"rendered":"<h1>Solutions<\/h1>\t\t\t\n\t\t\t\t<h2>Production v\u00e9g\u00e9tale<\/h2>\n\u00a0\n\t\t\t<h3>Nous rempla\u00e7ons les produits chimiques par des alternatives biologiques efficaces.<\/h3>\t\t\t\n\t\t\t<a href=\"https:\/\/www.andermatt.com\/wp-content\/uploads\/2025\/11\/andermatt_crop_production_portfolio_2026.pdf\" target=\"_blank\" rel=\"noopener\">\n\t\t\t\t\t\tPortefeuille de la production v\u00e9g\u00e9tale\n\t\t\t\t\t<\/a>\n\t\t\t\t<img decoding=\"async\" src=\"https:\/\/www.andermatt.com\/wp-content\/uploads\/2022\/10\/helicoverpa.png\" alt=\"helicoverpa\"\/>\n\t\t\t<h3>Insecticides<\/h3>\n\t\t\t\t<p>Des micro-organismes d'origine naturelle pour lutter contre divers parasites sp\u00e9cifiques.<\/p>\u00a0\u00a0\u00a0\u00a0\u00a0\u00a0\u00a0\n\t\t<a href=\"\/fr\/culture-production-controle-des-ravageurs\/?_solution=insecticides\" target=\"_self\"  aria-label=\"Aller \u00e0 \/crop-production\/?_solution=insecticides\"><\/a>\n\t\t\t\t<img decoding=\"async\" src=\"https:\/\/www.andermatt.com\/wp-content\/uploads\/2021\/11\/organic-vegetables-2021-08-26-16-55-08-utc-1024x725.jpg\" alt=\"organic-vegetables-2021-08-26-16-55-08-utc\"\/>\n\t\t\t<h3>Fongicides<\/h3>\n\t\t\t\t<p>Micro-organismes naturels prot\u00e9geant les tissus v\u00e9g\u00e9taux des attaques de pathog\u00e8nes.<\/p>\u00a0\u00a0\u00a0\u00a0\u00a0\u00a0\u00a0\u00a0\n\t\t<a href=\"\/fr\/culture-production-controle-des-ravageurs\/?_solution=fungicides\" target=\"_self\"  aria-label=\"Aller \u00e0 \/crop-production\/?_solution=fongicides\"><\/a>\n\t\t\t\t<img decoding=\"async\" src=\"https:\/\/www.andermatt.com\/wp-content\/uploads\/2021\/11\/earth-day-plantation-2021-09-03-00-32-38-utc-1024x683.jpg\" alt=\"earth-day-plantation-2021-09-03-00-32-38-utc\"\/>\n\t\t\t<h3>Biostimulants et bioinoculants<\/h3>\n\t\t\t\t<p>Micro-organismes bact\u00e9riens et fongiques du sol pour une meilleure mobilisation et fixation des nutriments.<\/p>\u00a0\n\t\t<a href=\"\/fr\/culture-production-controle-des-ravageurs\/?_solution=biostimulants-bioinnoculants%2Cbiostimulants-bioinoculants\" target=\"_self\"  aria-label=\"Go to \/crop-production\/?_solution=biostimulants-bioinnoculants%2Cbiostimulants-bioinoculants\"><\/a>\n\t\t\t\t<img decoding=\"async\" src=\"https:\/\/www.andermatt.com\/wp-content\/uploads\/2021\/11\/planting-seeds-2021-08-30-02-14-53-utc-1024x683.jpg\" alt=\"planting-seeds-2021-08-30-02-14-53-utc\"\/>\n\t\t\t<h3>Microbiens pour le traitement et l'enrobage des semences<\/h3>\n\t\t\t\t<p>Produits microbiens pour le traitement des semences et les rev\u00eatements pour la protection et la stimulation de la croissance.<\/p>\u00a0\u00a0\n\t\t<a href=\"https:\/\/www.andermatt.com\/fr\/produit\/microbiens-pour-le-traitement-et-lenrobage-des-semences\/\" target=\"_self\"  aria-label=\"Allez sur https:\/\/www.andermatt.com\/product\/microbials-for-seed-treatments-and-coatings\/\"><\/a>\n\t\t\t\t<img decoding=\"async\" src=\"https:\/\/www.andermatt.com\/wp-content\/uploads\/2021\/11\/potatoe-background-2021-08-26-18-12-06-utc-1024x656.jpg\" alt=\"potatoe-background-2021-08-26-18-12-06-utc\"\/>\n\t\t\t<h3>R\u00e9gulateurs de croissance<\/h3>\n\t\t\t\t<p>Biox-M est un inhibiteur de germination biologique \u00e0 base d'huile de menthe verte, qui est utilis\u00e9 pour le stockage des pommes de terre.<\/p>\u00a0\u00a0\u00a0\u00a0\u00a0\n\t\t<a href=\"\/fr\/culture-production-controle-des-ravageurs\/?_solution=growth-regulator%2Cgrowth-regulators\" target=\"_self\"  aria-label=\"Go to \/crop-production\/?_solution=growth-regulator%2Cgrowth-regulators\"><\/a>\n\t\t\t\t<img decoding=\"async\" src=\"https:\/\/www.andermatt.com\/wp-content\/uploads\/2021\/11\/field-vole-natural-environment-2021-09-03-22-56-32-utc-1024x683.jpg\" alt=\"field-vole-natural-environment-2021-09-03-22-56-32-utc\"\/>\n\t\t\t<h3>Lutte contre les rongeurs<\/h3>\n\t\t\t\t<p>Pi\u00e8ges m\u00e9caniques de haute qualit\u00e9 pour le contr\u00f4le efficace et effectif de diverses esp\u00e8ces de rongeurs.<\/p>\u00a0\u00a0\u00a0\n\t\t<a href=\"\/fr\/culture-production-controle-des-ravageurs\/?_solution=rodent-control\" target=\"_self\"  aria-label=\"Aller \u00e0 \/crop-production\/?_solution=contr\u00f4le des rongeurs\"><\/a>\n\t\t\t\t<img decoding=\"async\" src=\"https:\/\/www.andermatt.com\/wp-content\/uploads\/2021\/11\/macro-photo-of-a-ladybug-on-a-green-leaf-2021-09-04-04-08-57-utc-1024x678.jpg\" alt=\"Coccinelle Adalia biounctata\"\/>\n\t\t\t<h3>Macro-organismes<\/h3>\n\t\t\t\t<p>Diff\u00e9rents pr\u00e9dateurs naturels et n\u00e9matodes entomopathog\u00e8nes contre des ravageurs importants. Nous fournissons \u00e9galement des sources de nourriture pour les pr\u00e9dateurs.<\/p>\u00a0\u00a0\n\t\t<a href=\"\/fr\/culture-production-controle-des-ravageurs\/?_solution=macroorganisms\" target=\"_self\"  aria-label=\"Aller \u00e0 \/crop-production\/?_solution=macroorganismes\"><\/a>\n\t\t\t\t<img decoding=\"async\" src=\"https:\/\/www.andermatt.com\/wp-content\/uploads\/2021\/11\/rebell-orange_1_big.jpg\" alt=\"rebelle-orange_1_gros\"\/>\n\t\t\t<h3>Syst\u00e8mes de surveillance et de pi\u00e9geage de masse<\/h3>\n\t\t\t\t<p>Leurres \u00e0 base de ph\u00e9romones, pi\u00e8ges \u00e0 maladie, attractifs pour la surveillance et le pi\u00e9geage de masse des esp\u00e8ces nuisibles d'importance \u00e9conomique<\/p>\u00a0\u00a0\u00a0\u00a0\n\t\t<a href=\"\/fr\/culture-production-controle-des-ravageurs\/?_solution=monitoring-systems-mass-trapping%2Cmonitoring-mass-trapping\" target=\"_self\"  aria-label=\"Go to \/crop-production\/?_solution=monitoring-systems-mass-trapping%2Cmonitoring-mass-trapping\"><\/a>","protected":false},"excerpt":{"rendered":"<p>Solutions Production v\u00e9g\u00e9tale et lutte contre les parasites Nous rempla\u00e7ons les produits chimiques par des alternatives biologiques efficaces. Portefeuille complet de biocontr\u00f4le Insecticides Micro-organismes d'origine naturelle pour lutter contre divers parasites sp\u00e9cifiques.        Fongicides Micro-organismes d'origine naturelle prot\u00e9geant les tissus v\u00e9g\u00e9taux des attaques de pathog\u00e8nes.         Biostimulants et bioinoculants Microorganismes bact\u00e9riens et fongiques du sol pour une meilleure mobilisation et fixation des nutriments.  Microbiens pour le traitement des semences &amp; [...]<\/p>","protected":false},"author":1,"featured_media":0,"parent":0,"menu_order":0,"comment_status":"closed","ping_status":"closed","template":"","meta":{"_acf_changed":false,"_seopress_robots_primary_cat":"","_seopress_titles_title":"","_seopress_titles_desc":"","_seopress_robots_index":"","_searchwp_excluded":"","_uag_custom_page_level_css":"","site-sidebar-layout":"default","site-content-layout":"page-builder","ast-site-content-layout":"full-width-container","site-content-style":"unboxed","site-sidebar-style":"unboxed","ast-global-header-display":"","ast-banner-title-visibility":"","ast-main-header-display":"","ast-hfb-above-header-display":"","ast-hfb-below-header-display":"","ast-hfb-mobile-header-display":"","site-post-title":"disabled","ast-breadcrumbs-content":"","ast-featured-img":"","footer-sml-layout":"","ast-disable-related-posts":"","theme-transparent-header-meta":"default","adv-header-id-meta":"","stick-header-meta":"default","header-above-stick-meta":"","header-main-stick-meta":"","header-below-stick-meta":"","astra-migrate-meta-layouts":"set","ast-page-background-enabled":"default","ast-page-background-meta":{"desktop":{"background-color":"","background-image":"","background-repeat":"repeat","background-position":"center center","background-size":"auto","background-attachment":"scroll","background-type":"","background-media":"","overlay-type":"","overlay-color":"","overlay-opacity":"","overlay-gradient":""},"tablet":{"background-color":"","background-image":"","background-repeat":"repeat","background-position":"center center","background-size":"auto","background-attachment":"scroll","background-type":"","background-media":"","overlay-type":"","overlay-color":"","overlay-opacity":"","overlay-gradient":""},"mobile":{"background-color":"","background-image":"","background-repeat":"repeat","background-position":"center center","background-size":"auto","background-attachment":"scroll","background-type":"","background-media":"","overlay-type":"","overlay-color":"","overlay-opacity":"","overlay-gradient":""}},"ast-content-background-meta":{"desktop":{"background-color":"var(--ast-global-color-5)","background-image":"","background-repeat":"repeat","background-position":"center center","background-size":"auto","background-attachment":"scroll","background-type":"","background-media":"","overlay-type":"","overlay-color":"","overlay-opacity":"","overlay-gradient":""},"tablet":{"background-color":"var(--ast-global-color-5)","background-image":"","background-repeat":"repeat","background-position":"center center","background-size":"auto","background-attachment":"scroll","background-type":"","background-media":"","overlay-type":"","overlay-color":"","overlay-opacity":"","overlay-gradient":""},"mobile":{"background-color":"var(--ast-global-color-5)","background-image":"","background-repeat":"repeat","background-position":"center center","background-size":"auto","background-attachment":"scroll","background-type":"","background-media":"","overlay-type":"","overlay-color":"","overlay-opacity":"","overlay-gradient":""}},"footnotes":""},"class_list":["post-4768","page","type-page","status-publish","hentry"],"acf":[],"uagb_featured_image_src":{"full":false,"thumbnail":false,"medium":false,"medium_large":false,"large":false,"1536x1536":false,"2048x2048":false,"trp-custom-language-flag":false,"feature-size":false,"feature-size-gross":false,"header-size-small":false,"header-size":false,"mailpoet_newsletter_max":false},"uagb_author_info":{"display_name":"Michael Salzer","author_link":"https:\/\/www.andermatt.com\/fr\/author\/ms_9mip9dui\/"},"uagb_comment_info":0,"uagb_excerpt":"Solutions Crop Production \u00a0 We replace chemicals with effective biological alternatives. Crop Production Portfolio Insecticides Naturally occurring microorganisms to control various specific pests. \u00a0\u00a0\u00a0\u00a0\u00a0\u00a0\u00a0 Fungicides Naturally occurring microorganisms protecting plant tissue from pathogen attacks. \u00a0\u00a0\u00a0\u00a0\u00a0\u00a0\u00a0\u00a0 Biostimulants &#038; Bioinoculants Bacterial and fungal soil microorganisms for improved nutrient mobilization and fixation. \u00a0 Microbials for Seed Treatments &#038;\u2026","_links":{"self":[{"href":"https:\/\/www.andermatt.com\/fr\/wp-json\/wp\/v2\/pages\/4768","targetHints":{"allow":["GET"]}}],"collection":[{"href":"https:\/\/www.andermatt.com\/fr\/wp-json\/wp\/v2\/pages"}],"about":[{"href":"https:\/\/www.andermatt.com\/fr\/wp-json\/wp\/v2\/types\/page"}],"author":[{"embeddable":true,"href":"https:\/\/www.andermatt.com\/fr\/wp-json\/wp\/v2\/users\/1"}],"replies":[{"embeddable":true,"href":"https:\/\/www.andermatt.com\/fr\/wp-json\/wp\/v2\/comments?post=4768"}],"version-history":[{"count":23,"href":"https:\/\/www.andermatt.com\/fr\/wp-json\/wp\/v2\/pages\/4768\/revisions"}],"predecessor-version":[{"id":8979,"href":"https:\/\/www.andermatt.com\/fr\/wp-json\/wp\/v2\/pages\/4768\/revisions\/8979"}],"wp:attachment":[{"href":"https:\/\/www.andermatt.com\/fr\/wp-json\/wp\/v2\/media?parent=4768"}],"curies":[{"name":"wp","href":"https:\/\/api.w.org\/{rel}","templated":true}]}}