{"id":4763,"date":"2022-10-21T14:39:47","date_gmt":"2022-10-21T12:39:47","guid":{"rendered":"https:\/\/www.andermatt.com\/?page_id=4763"},"modified":"2024-11-20T13:23:22","modified_gmt":"2024-11-20T12:23:22","slug":"lutte-antiparasitaire-2","status":"publish","type":"page","link":"https:\/\/www.andermatt.com\/fr\/lutte-antiparasitaire-2\/","title":{"rendered":"Lutte contre les nuisibles domestiques"},"content":{"rendered":"<h1>Solutions<\/h1>\t\t\t\n\t\t\t\t<h2>Lutte contre les nuisibles domestiques<\/h2>\n\t\t\t<h3>Lutter efficacement contre les insectes et les rongeurs, mais en toute s\u00e9curit\u00e9 !<\/h3>\t\t\t\n\t\t\t\t<p>D\u00e9couvrez nos solutions pour lutter contre les insectes rampants et les rongeurs. Nos biocides et nos pi\u00e8ges sont tr\u00e8s efficaces tout en assurant la s\u00e9curit\u00e9 des op\u00e9rateurs.<\/p>\n\t\t\t<a href=\"https:\/\/www.andermatt.com\/wp-content\/uploads\/2024\/10\/2025-specialized-solutions.pdf\" target=\"_blank\" rel=\"noopener\">\n\t\t\t\t\t\tPortefeuille de solutions sp\u00e9cialis\u00e9es\n\t\t\t\t\t<\/a>\n<!-- Gridbuilder \u1d42\u1d3e Plugin (https:\/\/wpgridbuilder.com) -->\n<aside>\n\t\t<h4>Recherche<\/h4>\n\t\t<fieldset>\n\t\t<legend>Recherche<\/legend>\n\t\t<label>\n\t\t\t\tRecherche\n\t\t\t\t<input type=\"search\" name=\"search_test\" placeholder=\"Type de recherche\" value=\"\" autocomplete=\"off\"\/>\n\t\t\t<\/label><button type=\"button\" hidden>Clair<\/button>\t<\/fieldset>\n\t\t<h4>Solutions<\/h4>\n\t\t<fieldset>\n\t\t<legend>Solutions<\/legend>\n\t\t<ul><li><input type=\"hidden\" name=\"pest_solutions\" value=\"\"\/>Tous<\/li><li><input type=\"hidden\" name=\"pest_solutions\" value=\"biocides\"\/>Biocides<\/li><li><input type=\"hidden\" name=\"pest_solutions\" value=\"rodent-control\"\/>Lutte contre les rongeurs<\/li><\/ul>\t<\/fieldset>\n\t<\/aside>\n\t\t\t<article data-col=\"1\" data-row=\"1\" data-format=\"standard\" data-fluid><a href=\"https:\/\/www.andermatt.com\/wp-content\/uploads\/2022\/01\/Biocides-660x360.jpg\" tabindex=\"-1\" data-type=\"image\" data-rel=\"6\" data-title=\"Hen in a farmyard\" data-desc=\"Happy Free-range hen in a farmyard on a lovely sunny day (Gallus gallus domesticus)\" title=\"Agrandir la photo\"><img decoding=\"async\" src=\"https:\/\/www.andermatt.com\/wp-content\/uploads\/2022\/01\/Biocides-660x360.jpg\" alt=\"\" height=\"360\" width=\"660\"\/><\/a><h3><a href=\"https:\/\/www.andermatt.com\/fr\/lutte-antiparasitaire-2\/insectosec\/\">InsectoSec<\/a><\/h3><a href=\"https:\/\/www.andermatt.com\/fr\/lutte-antiparasitaire-2\/insectosec\/\"><\/a><\/article><article data-col=\"1\" data-row=\"1\" data-format=\"standard\" data-fluid><a href=\"https:\/\/www.andermatt.com\/wp-content\/uploads\/2021\/12\/Rodent-control_standby1-660x360.jpg\" tabindex=\"-1\" data-type=\"image\" data-rel=\"6\" data-title=\"Rodent-control_standby1\" title=\"Agrandir la photo\"><img decoding=\"async\" src=\"https:\/\/www.andermatt.com\/wp-content\/uploads\/2021\/12\/Rodent-control_standby1-660x360.jpg\" alt=\"\" height=\"360\" width=\"660\"\/><\/a><h3><a href=\"https:\/\/www.andermatt.com\/fr\/lutte-antiparasitaire-2\/standby-the-vole-fence\/\">standby - la cl\u00f4ture \u00e0 campagnols<\/a><\/h3><a href=\"https:\/\/www.andermatt.com\/fr\/lutte-antiparasitaire-2\/standby-the-vole-fence\/\"><\/a><\/article><article data-col=\"1\" data-row=\"1\" data-format=\"standard\" data-fluid><a href=\"https:\/\/www.andermatt.com\/wp-content\/uploads\/2021\/12\/Rodent-control_Topcat-660x360.jpg\" tabindex=\"-1\" data-type=\"image\" data-rel=\"6\" data-title=\"topcat-Falle im Feld\" title=\"Agrandir la photo\"><img decoding=\"async\" src=\"https:\/\/www.andermatt.com\/wp-content\/uploads\/2021\/12\/Rodent-control_Topcat-660x360.jpg\" alt=\"\" height=\"360\" width=\"660\"\/><\/a><h3><a href=\"https:\/\/www.andermatt.com\/fr\/lutte-antiparasitaire-2\/topcat-the-vole-trap-2\/\">topcat - le pi\u00e8ge \u00e0 campagnols<\/a><\/h3><a href=\"https:\/\/www.andermatt.com\/fr\/lutte-antiparasitaire-2\/topcat-the-vole-trap-2\/\"><\/a><\/article><article data-col=\"1\" data-row=\"1\" data-format=\"standard\" data-fluid><a href=\"https:\/\/www.andermatt.com\/wp-content\/uploads\/2021\/11\/topsnap@2x-660x360.jpg\" tabindex=\"-1\" data-type=\"image\" data-rel=\"6\" data-title=\"topsnap@2x\" title=\"Agrandir la photo\"><img decoding=\"async\" src=\"https:\/\/www.andermatt.com\/wp-content\/uploads\/2021\/11\/topsnap@2x-660x360.jpg\" alt=\"\" height=\"360\" width=\"660\"\/><\/a><h3><a href=\"https:\/\/www.andermatt.com\/fr\/lutte-antiparasitaire-2\/topsnap-the-clever-mousetrap-2\/\">topsnap - la sourici\u00e8re intelligente<\/a><\/h3><a href=\"https:\/\/www.andermatt.com\/fr\/lutte-antiparasitaire-2\/topsnap-the-clever-mousetrap-2\/\"><\/a><\/article><article data-col=\"1\" data-row=\"1\" data-format=\"standard\" data-fluid><a href=\"https:\/\/www.andermatt.com\/wp-content\/uploads\/2021\/12\/Rodent-control_Topsnap-LR-1-660x360.jpg\" tabindex=\"-1\" data-type=\"image\" data-rel=\"6\" data-title=\"Rodent-control_Topsnap-LR\" title=\"Agrandir la photo\"><img decoding=\"async\" src=\"https:\/\/www.andermatt.com\/wp-content\/uploads\/2021\/12\/Rodent-control_Topsnap-LR-1-660x360.jpg\" alt=\"\" height=\"360\" width=\"660\"\/><\/a><h3><a href=\"https:\/\/www.andermatt.com\/fr\/lutte-antiparasitaire-2\/topsnap-lr\/\">topsnap LR<\/a><\/h3><a href=\"https:\/\/www.andermatt.com\/fr\/lutte-antiparasitaire-2\/topsnap-lr\/\"><\/a><\/article>\t\t\n<style id='wpgb-style-inline-css'>\n.wp-grid-builder [class*=\"wpgb-scheme-\"] .wpgb-idle-accent-1,.wp-grid-builder [class*=\"wpgb-scheme-\"] [class^=\"wpgb-block-\"].wpgb-hover-accent-1:hover{color:#008B6C}.wp-grid-builder .wpgb-scheme-dark .wpgb-idle-scheme-1,.wp-grid-builder .wpgb-scheme-dark [class^=\"wpgb-block-\"].wpgb-hover-scheme-1:hover{color:#444444}.wp-grid-builder .wpgb-scheme-dark .wpgb-idle-scheme-2,.wp-grid-builder .wpgb-scheme-dark [class^=\"wpgb-block-\"].wpgb-hover-scheme-2:hover{color:#777777}.wp-grid-builder .wpgb-scheme-dark .wpgb-idle-scheme-3,.wp-grid-builder .wpgb-scheme-dark [class^=\"wpgb-block-\"].wpgb-hover-scheme-3:hover{color:#999999}.wp-grid-builder .wpgb-scheme-light .wpgb-idle-scheme-1,.wp-grid-builder .wpgb-scheme-light [class^=\"wpgb-block-\"].wpgb-hover-scheme-1:hover{color:#ffffff}.wp-grid-builder .wpgb-scheme-light .wpgb-idle-scheme-2,.wp-grid-builder .wpgb-scheme-light [class^=\"wpgb-block-\"].wpgb-hover-scheme-2:hover{color:#f6f6f6}.wp-grid-builder .wpgb-scheme-light .wpgb-idle-scheme-3,.wp-grid-builder .wpgb-scheme-light [class^=\"wpgb-block-\"].wpgb-hover-scheme-3:hover{color:#f5f5f5}.wpgb-lightbox-holder{background:linear-gradient(180deg, rgba(30,30,30,0.45) 0%, rgba(30,30,30,0.9) 100%)}.wpgb-lightbox-holder button,.wpgb-lightbox-holder .wpgb-lightbox-counter{color:#ffffff}.wpgb-lightbox-holder:before{color:#ffffff}.wpgb-lightbox-holder .wpgb-lightbox-title,.wpgb-lightbox-holder .wpgb-lightbox-error{color:#ffffff}.wpgb-lightbox-holder .wpgb-lightbox-desc{color:#bbbbbb}.wpgb-facet .wpgb-button[aria-pressed=\"true\"]{background-color:#008B6C;border-color:#008B6C}.wpgb-facet .wpgb-range-facet .wpgb-range-slider .wpgb-range-progress{background-color:#008B6C}.wpgb-facet .wpgb-range-facet .wpgb-range-slider .wpgb-range-thumb{border-color:#008B6C}.wpgb-facet .wpgb-checkbox-facet .wpgb-checkbox[aria-pressed=\"true\"] .wpgb-checkbox-control{border-color:#008B6C;background-color:#008B6C}.wpgb-facet .wpgb-color-facet .wpgb-color[aria-pressed=\"true\"] .wpgb-color-control,.wpgb-facet .wpgb-radio-facet .wpgb-radio[aria-pressed=\"true\"] .wpgb-radio-control{border-color:#008B6C}.wpgb-facet .wpgb-radio-facet .wpgb-radio-control:after{background-color:#008B6C}.wpgb-facet .wpgb-pagination li a[aria-current]{color:#008B6C}.wpgb-facet .wpgb-load-more,.wpgb-facet .wpgb-apply,.wpgb-facet .wpgb-number-submit{background-color:#008B6C}.wpgb-grid-6 .wpgb-wrapper{margin-bottom:1em;}.wpgb-grid-6 .wpgb-sidebar-left{margin-top:3.1em;padding-right:3em;}.wpgb-grid-6 .wpgb-area-top-1>div{flex:inherit;min-width:25%;max-width:100%}.wpgb-grid-6 .wpgb-area-top-1{margin-bottom:16px;}.wpgb-grid-6 .wpgb-area-top-2>div{flex:inherit;min-width:25%;max-width:100%}.wpgb-grid-6 .wpgb-area-top-2{margin-bottom:1em;justify-content:flex-start;}.wpgb-grid-6 .wpgb-area-bottom-1{margin-top:4em;}@media all and (-ms-high-contrast:none), (-ms-high-contrast:active){.wpgb-grid-6:not(.wpgb-enabled) .wpgb-viewport>div{margin:0 -6px}.wpgb-grid-6:not(.wpgb-enabled) .wpgb-card{width:calc(( 100% - 3 * 25px ) \/ 3 - 0.1px);margin:12px}}.wpgb-grid-6:not(.wpgb-enabled) .wpgb-viewport>div{grid-template-columns: repeat(3, 1fr);grid-gap:25px}@media screen and (max-width: 1340px){@media all and (-ms-high-contrast:none), (-ms-high-contrast:active){.wpgb-grid-6:not(.wpgb-enabled) .wpgb-viewport>div{margin:0 -6px}.wpgb-grid-6:not(.wpgb-enabled) .wpgb-card{width:calc(( 100% - 3 * 25px ) \/ 3 - 0.1px);margin:12px}}.wpgb-grid-6:not(.wpgb-enabled) .wpgb-viewport>div{grid-template-columns: repeat(3, 1fr);grid-gap:25px}.wp-grid-builder.wpgb-grid-6:not(.wpgb-enabled) .wpgb-card[data-col=\"3\"],.wp-grid-builder.wpgb-grid-6:not(.wpgb-enabled) .wpgb-card[data-col=\"4\"],.wp-grid-builder.wpgb-grid-6:not(.wpgb-enabled) .wpgb-card[data-col=\"5\"],.wp-grid-builder.wpgb-grid-6:not(.wpgb-enabled) .wpgb-card[data-col=\"6\"],.wp-grid-builder.wpgb-grid-6:not(.wpgb-enabled) .wpgb-card[data-col=\"7\"],.wp-grid-builder.wpgb-grid-6:not(.wpgb-enabled) .wpgb-card[data-col=\"8\"],.wp-grid-builder.wpgb-grid-6:not(.wpgb-enabled) .wpgb-card[data-col=\"9\"],.wp-grid-builder.wpgb-grid-6:not(.wpgb-enabled) .wpgb-card[data-col=\"10\"],.wp-grid-builder.wpgb-grid-6:not(.wpgb-enabled) .wpgb-card[data-col=\"11\"]{grid-column: span 3}}@media screen and (max-width: 1140px){@media all and (-ms-high-contrast:none), (-ms-high-contrast:active){.wpgb-grid-6:not(.wpgb-enabled) .wpgb-viewport>div{margin:0 -6px}.wpgb-grid-6:not(.wpgb-enabled) .wpgb-card{width:calc(( 100% - 2 * 25px ) \/ 2 - 0.1px);margin:12px}}.wpgb-grid-6:not(.wpgb-enabled) .wpgb-viewport>div{grid-template-columns: repeat(2, 1fr);grid-gap:25px}.wp-grid-builder.wpgb-grid-6:not(.wpgb-enabled) .wpgb-card[data-col=\"2\"],.wp-grid-builder.wpgb-grid-6:not(.wpgb-enabled) .wpgb-card[data-col=\"3\"],.wp-grid-builder.wpgb-grid-6:not(.wpgb-enabled) .wpgb-card[data-col=\"4\"],.wp-grid-builder.wpgb-grid-6:not(.wpgb-enabled) .wpgb-card[data-col=\"5\"],.wp-grid-builder.wpgb-grid-6:not(.wpgb-enabled) .wpgb-card[data-col=\"6\"],.wp-grid-builder.wpgb-grid-6:not(.wpgb-enabled) .wpgb-card[data-col=\"7\"],.wp-grid-builder.wpgb-grid-6:not(.wpgb-enabled) .wpgb-card[data-col=\"8\"],.wp-grid-builder.wpgb-grid-6:not(.wpgb-enabled) .wpgb-card[data-col=\"9\"],.wp-grid-builder.wpgb-grid-6:not(.wpgb-enabled) .wpgb-card[data-col=\"10\"],.wp-grid-builder.wpgb-grid-6:not(.wpgb-enabled) .wpgb-card[data-col=\"11\"]{grid-column: span 2}}@media screen and (max-width: 768px){@media all and (-ms-high-contrast:none), (-ms-high-contrast:active){.wpgb-grid-6:not(.wpgb-enabled) .wpgb-viewport>div{margin:0 -6px}.wpgb-grid-6:not(.wpgb-enabled) .wpgb-card{width:calc(( 100% - 2 * 25px ) \/ 2 - 0.1px);margin:12px}}.wpgb-grid-6:not(.wpgb-enabled) .wpgb-viewport>div{grid-template-columns: repeat(2, 1fr);grid-gap:25px}.wp-grid-builder.wpgb-grid-6:not(.wpgb-enabled) .wpgb-card[data-col=\"2\"],.wp-grid-builder.wpgb-grid-6:not(.wpgb-enabled) .wpgb-card[data-col=\"3\"],.wp-grid-builder.wpgb-grid-6:not(.wpgb-enabled) .wpgb-card[data-col=\"4\"],.wp-grid-builder.wpgb-grid-6:not(.wpgb-enabled) .wpgb-card[data-col=\"5\"],.wp-grid-builder.wpgb-grid-6:not(.wpgb-enabled) .wpgb-card[data-col=\"6\"],.wp-grid-builder.wpgb-grid-6:not(.wpgb-enabled) .wpgb-card[data-col=\"7\"],.wp-grid-builder.wpgb-grid-6:not(.wpgb-enabled) .wpgb-card[data-col=\"8\"],.wp-grid-builder.wpgb-grid-6:not(.wpgb-enabled) .wpgb-card[data-col=\"9\"],.wp-grid-builder.wpgb-grid-6:not(.wpgb-enabled) .wpgb-card[data-col=\"10\"],.wp-grid-builder.wpgb-grid-6:not(.wpgb-enabled) .wpgb-card[data-col=\"11\"]{grid-column: span 2}}@media screen and (max-width: 576px){@media all and (-ms-high-contrast:none), (-ms-high-contrast:active){.wpgb-grid-6:not(.wpgb-enabled) .wpgb-viewport>div{margin:0 -6px}.wpgb-grid-6:not(.wpgb-enabled) .wpgb-card{width:calc(( 100% - 1 * 25px ) \/ 1 - 0.1px);margin:12px}}.wpgb-grid-6:not(.wpgb-enabled) .wpgb-viewport>div{grid-template-columns: repeat(1, 1fr);grid-gap:25px}.wp-grid-builder.wpgb-grid-6:not(.wpgb-enabled) .wpgb-card[data-col=\"1\"],.wp-grid-builder.wpgb-grid-6:not(.wpgb-enabled) .wpgb-card[data-col=\"2\"],.wp-grid-builder.wpgb-grid-6:not(.wpgb-enabled) .wpgb-card[data-col=\"3\"],.wp-grid-builder.wpgb-grid-6:not(.wpgb-enabled) .wpgb-card[data-col=\"4\"],.wp-grid-builder.wpgb-grid-6:not(.wpgb-enabled) .wpgb-card[data-col=\"5\"],.wp-grid-builder.wpgb-grid-6:not(.wpgb-enabled) .wpgb-card[data-col=\"6\"],.wp-grid-builder.wpgb-grid-6:not(.wpgb-enabled) .wpgb-card[data-col=\"7\"],.wp-grid-builder.wpgb-grid-6:not(.wpgb-enabled) .wpgb-card[data-col=\"8\"],.wp-grid-builder.wpgb-grid-6:not(.wpgb-enabled) .wpgb-card[data-col=\"9\"],.wp-grid-builder.wpgb-grid-6:not(.wpgb-enabled) .wpgb-card[data-col=\"10\"],.wp-grid-builder.wpgb-grid-6:not(.wpgb-enabled) .wpgb-card[data-col=\"11\"]{grid-column: span 1}}@media screen and (max-width: 1px){@media all and (-ms-high-contrast:none), (-ms-high-contrast:active){.wpgb-grid-6:not(.wpgb-enabled) .wpgb-viewport>div{margin:0 -6px}.wpgb-grid-6:not(.wpgb-enabled) .wpgb-card{width:calc(( 100% - 1 * 25px ) \/ 1 - 0.1px);margin:12px}}.wpgb-grid-6:not(.wpgb-enabled) .wpgb-viewport>div{grid-template-columns: repeat(1, 1fr);grid-gap:25px}.wp-grid-builder.wpgb-grid-6:not(.wpgb-enabled) .wpgb-card[data-col=\"1\"],.wp-grid-builder.wpgb-grid-6:not(.wpgb-enabled) .wpgb-card[data-col=\"2\"],.wp-grid-builder.wpgb-grid-6:not(.wpgb-enabled) .wpgb-card[data-col=\"3\"],.wp-grid-builder.wpgb-grid-6:not(.wpgb-enabled) .wpgb-card[data-col=\"4\"],.wp-grid-builder.wpgb-grid-6:not(.wpgb-enabled) .wpgb-card[data-col=\"5\"],.wp-grid-builder.wpgb-grid-6:not(.wpgb-enabled) .wpgb-card[data-col=\"6\"],.wp-grid-builder.wpgb-grid-6:not(.wpgb-enabled) .wpgb-card[data-col=\"7\"],.wp-grid-builder.wpgb-grid-6:not(.wpgb-enabled) .wpgb-card[data-col=\"8\"],.wp-grid-builder.wpgb-grid-6:not(.wpgb-enabled) .wpgb-card[data-col=\"9\"],.wp-grid-builder.wpgb-grid-6:not(.wpgb-enabled) .wpgb-card[data-col=\"10\"],.wp-grid-builder.wpgb-grid-6:not(.wpgb-enabled) .wpgb-card[data-col=\"11\"]{grid-column: span 1}}.wpgb-grid-6 .wpgb-card.wpgb-card-hidden .wpgb-card-wrapper{transform:translateY(-100px);opacity:0;}.wpgb-grid-6 .wpgb-card:not(.wpgb-card-hidden) .wpgb-card-wrapper{transform:translateY(0);opacity:1;transition:700ms cubic-bezier(0.1,0.3,0.2,1);transition-property:transform, opacity;;}.wpgb-grid-6 .wpgb-card .wpgb-lazy-load{color:#008B6C;background:rgba(0,147,112,0.14)}@-webkit-keyframes wpgb-loader-12{50%{opacity:.3}100%{opacity:1}}@keyframes wpgb-loader-12{50%{opacity:.3}100%{opacity:1}}.wpgb-loader-12{position:relative}.wpgb-loader-12>div{position:absolute;width:4px;height:14px;border-radius:2px;-webkit-animation-fill-mode:both;animation-fill-mode:both}.wpgb-loader-12>div:nth-child(1){top:0;left:23px;-webkit-animation:wpgb-loader-12 1.2s -.84s infinite ease-in-out;animation:wpgb-loader-12 1.2s -.84s infinite ease-in-out}.wpgb-loader-12>div:nth-child(2){top:6px;left:35px;-webkit-transform:rotate(45deg);transform:rotate(45deg);-webkit-animation:wpgb-loader-12 1.2s -.72s infinite ease-in-out;animation:wpgb-loader-12 1.2s -.72s infinite ease-in-out}.wpgb-loader-12>div:nth-child(3){top:18px;left:41px;-webkit-transform:rotate(90deg);transform:rotate(90deg);-webkit-animation:wpgb-loader-12 1.2s -.6s infinite ease-in-out;animation:wpgb-loader-12 1.2s -.6s infinite ease-in-out}.wpgb-loader-12>div:nth-child(4){top:31px;left:35px;-webkit-transform:rotate(-45deg);transform:rotate(-45deg);-webkit-animation:wpgb-loader-12 1.2s -.48s infinite ease-in-out;animation:wpgb-loader-12 1.2s -.48s infinite ease-in-out}.wpgb-loader-12>div:nth-child(5){top:36px;left:23px;-webkit-animation:wpgb-loader-12 1.2s -.36s infinite ease-in-out;animation:wpgb-loader-12 1.2s -.36s infinite ease-in-out}.wpgb-loader-12>div:nth-child(6){top:31px;left:10px;-webkit-transform:rotate(45deg);transform:rotate(45deg);-webkit-animation:wpgb-loader-12 1.2s -.24s infinite ease-in-out;animation:wpgb-loader-12 1.2s -.24s infinite ease-in-out}.wpgb-loader-12>div:nth-child(7){top:18px;left:6px;-webkit-transform:rotate(90deg);transform:rotate(90deg);-webkit-animation:wpgb-loader-12 1.2s -.12s infinite ease-in-out;animation:wpgb-loader-12 1.2s -.12s infinite ease-in-out}.wpgb-loader-12>div:nth-child(8){top:6px;left:10px;-webkit-transform:rotate(-45deg);transform:rotate(-45deg);-webkit-animation:wpgb-loader-12 1.2s infinite ease-in-out;animation:wpgb-loader-12 1.2s infinite ease-in-out}.wpgb-grid-6 .wpgb-loader .wpgb-loader-12{transform: scale(1 )}.wpgb-grid-6 .wpgb-loader .wpgb-loader-12 *{color:#008B6C;background:#008B6C}.wp-grid-builder .wpgb-card-21 .wpgb-card-inner{border-radius:0;overflow:hidden;-webkit-transition-timing-function:cubic-bezier(0.15,0.75,0.5,1);transition-timing-function:cubic-bezier(0.15,0.75,0.5,1);-webkit-transition-duration:350ms;transition-duration:350ms}.wp-grid-builder .wpgb-card-21:hover .wpgb-card-inner{box-shadow:rgba(0,0,0,0.25) 0 30px 70px 0}.wp-grid-builder .wpgb-card-21 .wpgb-card-media{-webkit-box-flex:1;-ms-flex-positive:1;flex-grow:1}.wp-grid-builder .wpgb-card-21 .wpgb-card-media:hover .wpgb-card-media-thumbnail{-webkit-transform:scaleX(1.1) scaleY(1.1);transform:scaleX(1.1) scaleY(1.1)}.wp-grid-builder .wpgb-card-21 .wpgb-card-media-content{margin:2em}.wp-grid-builder .wpgb-card-21 .wpgb-card-media-overlay{background:rgba(0,0,0,0) linear-gradient(rgba(0,0,0,0) 0%,#000 100%) repeat scroll 0 0;opacity:.25;-webkit-transition-timing-function:cubic-bezier(0.15,0.75,0.5,1);transition-timing-function:cubic-bezier(0.15,0.75,0.5,1);-webkit-transition-duration:1050ms;transition-duration:1050ms}.wp-grid-builder .wpgb-card-21:hover .wpgb-card-media-overlay{opacity:.5}.wp-grid-builder .wpgb-card-21 .wpgb-card-media-thumbnail{-webkit-transition-timing-function:cubic-bezier(0.15,0.75,0.5,1);transition-timing-function:cubic-bezier(0.15,0.75,0.5,1);-webkit-transition-duration:400ms;transition-duration:400ms;-webkit-transform:scaleX(1) scaleY(1);transform:scaleX(1) scaleY(1)}.wp-grid-builder .wpgb-card-21 .wpgb-card-media:hover .wpgb-card-media-thumbnail{-webkit-transform:scaleX(1.1) scaleY(1.1);transform:scaleX(1.1) scaleY(1.1)}.wp-grid-builder .wpgb-card-21 .wpgb-block-1{padding:0;margin:0 0 .25em;display:inline-block;width:70%;font:600 1.875em\/1.2em \"GT America\"}@keyframes wpgb-underline-out{0%{transform:scaleX(0);transform-origin:left center 0}100%{transform:scaleX(1);transform-origin:left center 0}}@keyframes wpgb-underline-in{0%{transform:scaleX(1);transform-origin:right center 0}100%{transform:scaleX(0);transform-origin:right center 0}}.wp-grid-builder:not(.wpgb-template){opacity:1!important}\n<\/style>","protected":false},"excerpt":{"rendered":"<p>Solutions Pest Control Lutter contre les insectes et les rongeurs de mani\u00e8re efficace et s\u00fbre ! D\u00e9couvrez nos solutions pour lutter contre les insectes rampants et les rongeurs. Nos biocides et nos pi\u00e8ges sont tr\u00e8s efficaces tout en assurant la s\u00e9curit\u00e9 des op\u00e9rateurs. Solutions sp\u00e9cialis\u00e9es Portefeuille Recherche Recherche Clear Solutions Solutions All Biocides Rodent control InsectoSec standby - the vole fence topcat - the vole trap topsnap [...]<\/p>","protected":false},"author":1,"featured_media":0,"parent":0,"menu_order":0,"comment_status":"closed","ping_status":"closed","template":"","meta":{"_acf_changed":false,"_seopress_robots_primary_cat":"","_seopress_titles_title":"","_seopress_titles_desc":"","_seopress_robots_index":"","_searchwp_excluded":"","_uag_custom_page_level_css":"","site-sidebar-layout":"default","site-content-layout":"page-builder","ast-site-content-layout":"default","site-content-style":"default","site-sidebar-style":"default","ast-global-header-display":"","ast-banner-title-visibility":"","ast-main-header-display":"","ast-hfb-above-header-display":"","ast-hfb-below-header-display":"","ast-hfb-mobile-header-display":"","site-post-title":"disabled","ast-breadcrumbs-content":"","ast-featured-img":"","footer-sml-layout":"","ast-disable-related-posts":"","theme-transparent-header-meta":"default","adv-header-id-meta":"","stick-header-meta":"default","header-above-stick-meta":"","header-main-stick-meta":"","header-below-stick-meta":"","astra-migrate-meta-layouts":"default","ast-page-background-enabled":"default","ast-page-background-meta":{"desktop":{"background-color":"","background-image":"","background-repeat":"repeat","background-position":"center center","background-size":"auto","background-attachment":"scroll","background-type":"","background-media":"","overlay-type":"","overlay-color":"","overlay-opacity":"","overlay-gradient":""},"tablet":{"background-color":"","background-image":"","background-repeat":"repeat","background-position":"center center","background-size":"auto","background-attachment":"scroll","background-type":"","background-media":"","overlay-type":"","overlay-color":"","overlay-opacity":"","overlay-gradient":""},"mobile":{"background-color":"","background-image":"","background-repeat":"repeat","background-position":"center center","background-size":"auto","background-attachment":"scroll","background-type":"","background-media":"","overlay-type":"","overlay-color":"","overlay-opacity":"","overlay-gradient":""}},"ast-content-background-meta":{"desktop":{"background-color":"var(--ast-global-color-5)","background-image":"","background-repeat":"repeat","background-position":"center center","background-size":"auto","background-attachment":"scroll","background-type":"","background-media":"","overlay-type":"","overlay-color":"","overlay-opacity":"","overlay-gradient":""},"tablet":{"background-color":"var(--ast-global-color-5)","background-image":"","background-repeat":"repeat","background-position":"center center","background-size":"auto","background-attachment":"scroll","background-type":"","background-media":"","overlay-type":"","overlay-color":"","overlay-opacity":"","overlay-gradient":""},"mobile":{"background-color":"var(--ast-global-color-5)","background-image":"","background-repeat":"repeat","background-position":"center center","background-size":"auto","background-attachment":"scroll","background-type":"","background-media":"","overlay-type":"","overlay-color":"","overlay-opacity":"","overlay-gradient":""}},"footnotes":""},"class_list":["post-4763","page","type-page","status-publish","hentry"],"acf":[],"uagb_featured_image_src":{"full":false,"thumbnail":false,"medium":false,"medium_large":false,"large":false,"1536x1536":false,"2048x2048":false,"trp-custom-language-flag":false,"feature-size":false,"feature-size-gross":false,"header-size-small":false,"header-size":false,"mailpoet_newsletter_max":false},"uagb_author_info":{"display_name":"Michael Salzer","author_link":"https:\/\/www.andermatt.com\/fr\/author\/ms_9mip9dui\/"},"uagb_comment_info":0,"uagb_excerpt":"Solutions Pest Control Control bugs and rodents efficiently, but safe! Explore our solutions to control crawling insects and rodents. Our biocides and traps are highly effective while keeping operators safe. Specialized Solutions Portfolio Search Search Search Clear Solutions Solutions All Biocides Rodent control InsectoSec standby &#8211; the vole fence topcat &#8211; the vole trap topsnap\u2026","_links":{"self":[{"href":"https:\/\/www.andermatt.com\/fr\/wp-json\/wp\/v2\/pages\/4763","targetHints":{"allow":["GET"]}}],"collection":[{"href":"https:\/\/www.andermatt.com\/fr\/wp-json\/wp\/v2\/pages"}],"about":[{"href":"https:\/\/www.andermatt.com\/fr\/wp-json\/wp\/v2\/types\/page"}],"author":[{"embeddable":true,"href":"https:\/\/www.andermatt.com\/fr\/wp-json\/wp\/v2\/users\/1"}],"replies":[{"embeddable":true,"href":"https:\/\/www.andermatt.com\/fr\/wp-json\/wp\/v2\/comments?post=4763"}],"version-history":[{"count":12,"href":"https:\/\/www.andermatt.com\/fr\/wp-json\/wp\/v2\/pages\/4763\/revisions"}],"predecessor-version":[{"id":7363,"href":"https:\/\/www.andermatt.com\/fr\/wp-json\/wp\/v2\/pages\/4763\/revisions\/7363"}],"wp:attachment":[{"href":"https:\/\/www.andermatt.com\/fr\/wp-json\/wp\/v2\/media?parent=4763"}],"curies":[{"name":"wp","href":"https:\/\/api.w.org\/{rel}","templated":true}]}}