{"id":3075,"date":"2021-12-02T15:22:20","date_gmt":"2021-12-02T14:22:20","guid":{"rendered":"https:\/\/www.andermatt.com\/?page_id=3075"},"modified":"2025-04-04T12:41:44","modified_gmt":"2025-04-04T10:41:44","slug":"carriere","status":"publish","type":"page","link":"https:\/\/www.andermatt.com\/fr\/carriere\/","title":{"rendered":"Carri\u00e8re"},"content":{"rendered":"<h1>Carri\u00e8re<\/h1>\t\t\t\n\t\t\t\t<h3>Faites partie de notre histoire !<\/h3>\n\u00a0\n\t<a href=\"\/fr\/a-propos-de-nous\/\" target=\"_self\"  aria-label=\"Aller \u00e0 \/about-us\/\"><\/a>\t\t\t\t\n\t\t\t<h3>Notre entreprise<\/h3>\t\t\t\n\t\t\t\t<p>Vision, mission et histoire d'Andermatt<\/p>\n\t<a href=\"https:\/\/www.andermatt.com\/fr\/equipe\/\" target=\"_self\"  aria-label=\"Allez sur https:\/\/www.andermatt.com\/team\/\"><\/a>\t\t\t\t\n\t\t\t<h3>\u00c9quipe<\/h3>\t\t\t\n\t\t\t\t<p>Nos experts fournissent le meilleur support technique<\/p>\n\t<a href=\"https:\/\/www.andermatt.com\/fr\/a-propos-de-nous\/#subsidiaries\" target=\"_self\"  aria-label=\"Allez sur https:\/\/www.andermatt.com\/about-us\/#subsidiaries\"><\/a>\t\t\t\t\n\t\t\t<h3>Filiales<\/h3>\t\t\t\n\t\t\t\t<p>Explorez notre r\u00e9seau de filiales<\/p>\n<h2>\n\t\tNous recherchons de nouveaux talents dans le monde entier !\n\t<\/h2>\n\t<p>Vous souhaitez faire partie de notre \u00e9quipe enthousiaste ?<\/p>\n<p>Andermatt est toujours \u00e0 la recherche de nouveaux talents sur nos sites en Suisse et dans les filiales du monde entier. Pour un emploi en Suisse, consultez notre <a href=\"https:\/\/andermatt-portal.rexx-recruitment.com\/\" target=\"_blank\" rel=\"noopener\">Offres d'emploi<\/a> ou envoyer un <a href=\"https:\/\/andermatt-portal.rexx-recruitment.com\/Initiativbewerbung-f11.html\" target=\"_blank\" rel=\"noopener\">Demande d'initiative<\/a> au portail de l'emploi d'Andermatt.<\/p>\n<p>Nos filiales sont \u00e9galement r\u00e9guli\u00e8rement \u00e0 la recherche de professionnels motiv\u00e9s pour leur activit\u00e9 en pleine croissance. Explorez nos <a href=\"https:\/\/www.andermatt.com\/fr\/a-propos-de-nous\/#subsidiaries\" target=\"_blank\" rel=\"noopener\">Sites internationaux<\/a> et se renseigner directement aupr\u00e8s de l'entreprise concern\u00e9e.<\/p>\n<p>Nous vous attendons !<\/p>","protected":false},"excerpt":{"rendered":"<p>Carri\u00e8re Faites partie de notre histoire !   Notre entreprise Vision, mission et histoire d'Andermatt L'\u00e9quipe Nos experts fournissent le meilleur support technique Filiales Explorez notre r\u00e9seau de filiales Nous recherchons de nouveaux talents dans le monde entier ! Vous souhaitez faire partie de notre \u00e9quipe enthousiaste ? Andermatt est toujours \u00e0 la recherche de nouveaux talents sur nos sites en Suisse et ...<\/p>","protected":false},"author":1,"featured_media":0,"parent":0,"menu_order":0,"comment_status":"closed","ping_status":"closed","template":"","meta":{"_acf_changed":false,"_seopress_robots_primary_cat":"","_seopress_titles_title":"","_seopress_titles_desc":"","_seopress_robots_index":"","_searchwp_excluded":"","_uag_custom_page_level_css":"","site-sidebar-layout":"default","site-content-layout":"default","ast-site-content-layout":"default","site-content-style":"default","site-sidebar-style":"default","ast-global-header-display":"","ast-banner-title-visibility":"","ast-main-header-display":"","ast-hfb-above-header-display":"","ast-hfb-below-header-display":"","ast-hfb-mobile-header-display":"","site-post-title":"disabled","ast-breadcrumbs-content":"","ast-featured-img":"","footer-sml-layout":"","ast-disable-related-posts":"","theme-transparent-header-meta":"default","adv-header-id-meta":"","stick-header-meta":"default","header-above-stick-meta":"","header-main-stick-meta":"","header-below-stick-meta":"","astra-migrate-meta-layouts":"default","ast-page-background-enabled":"default","ast-page-background-meta":{"desktop":{"background-color":"","background-image":"","background-repeat":"repeat","background-position":"center center","background-size":"auto","background-attachment":"scroll","background-type":"","background-media":"","overlay-type":"","overlay-color":"","overlay-opacity":"","overlay-gradient":""},"tablet":{"background-color":"","background-image":"","background-repeat":"repeat","background-position":"center center","background-size":"auto","background-attachment":"scroll","background-type":"","background-media":"","overlay-type":"","overlay-color":"","overlay-opacity":"","overlay-gradient":""},"mobile":{"background-color":"","background-image":"","background-repeat":"repeat","background-position":"center center","background-size":"auto","background-attachment":"scroll","background-type":"","background-media":"","overlay-type":"","overlay-color":"","overlay-opacity":"","overlay-gradient":""}},"ast-content-background-meta":{"desktop":{"background-color":"var(--ast-global-color-5)","background-image":"","background-repeat":"repeat","background-position":"center center","background-size":"auto","background-attachment":"scroll","background-type":"","background-media":"","overlay-type":"","overlay-color":"","overlay-opacity":"","overlay-gradient":""},"tablet":{"background-color":"var(--ast-global-color-5)","background-image":"","background-repeat":"repeat","background-position":"center center","background-size":"auto","background-attachment":"scroll","background-type":"","background-media":"","overlay-type":"","overlay-color":"","overlay-opacity":"","overlay-gradient":""},"mobile":{"background-color":"var(--ast-global-color-5)","background-image":"","background-repeat":"repeat","background-position":"center center","background-size":"auto","background-attachment":"scroll","background-type":"","background-media":"","overlay-type":"","overlay-color":"","overlay-opacity":"","overlay-gradient":""}},"footnotes":""},"class_list":["post-3075","page","type-page","status-publish","hentry"],"acf":[],"uagb_featured_image_src":{"full":false,"thumbnail":false,"medium":false,"medium_large":false,"large":false,"1536x1536":false,"2048x2048":false,"trp-custom-language-flag":false,"feature-size":false,"feature-size-gross":false,"header-size-small":false,"header-size":false,"mailpoet_newsletter_max":false},"uagb_author_info":{"display_name":"Michael Salzer","author_link":"https:\/\/www.andermatt.com\/fr\/author\/ms_9mip9dui\/"},"uagb_comment_info":0,"uagb_excerpt":"Career Be part of our story! \u00a0 Our Company Vision, mission and history of Andermatt Team Our experts provide the best technical support Subsidiaries Explore our subsidiaries network We look for new talents worldwide! Interested in becoming part of our enthusiastic team? Andermatt is always looking for new talents at our locations in Switzerland and\u2026","_links":{"self":[{"href":"https:\/\/www.andermatt.com\/fr\/wp-json\/wp\/v2\/pages\/3075","targetHints":{"allow":["GET"]}}],"collection":[{"href":"https:\/\/www.andermatt.com\/fr\/wp-json\/wp\/v2\/pages"}],"about":[{"href":"https:\/\/www.andermatt.com\/fr\/wp-json\/wp\/v2\/types\/page"}],"author":[{"embeddable":true,"href":"https:\/\/www.andermatt.com\/fr\/wp-json\/wp\/v2\/users\/1"}],"replies":[{"embeddable":true,"href":"https:\/\/www.andermatt.com\/fr\/wp-json\/wp\/v2\/comments?post=3075"}],"version-history":[{"count":26,"href":"https:\/\/www.andermatt.com\/fr\/wp-json\/wp\/v2\/pages\/3075\/revisions"}],"predecessor-version":[{"id":7941,"href":"https:\/\/www.andermatt.com\/fr\/wp-json\/wp\/v2\/pages\/3075\/revisions\/7941"}],"wp:attachment":[{"href":"https:\/\/www.andermatt.com\/fr\/wp-json\/wp\/v2\/media?parent=3075"}],"curies":[{"name":"wp","href":"https:\/\/api.w.org\/{rel}","templated":true}]}}