{"id":2955,"date":"2021-11-16T18:05:21","date_gmt":"2021-11-16T17:05:21","guid":{"rendered":"https:\/\/www.andermatt.com\/?page_id=2955"},"modified":"2024-05-01T16:19:18","modified_gmt":"2024-05-01T14:19:18","slug":"impression","status":"publish","type":"page","link":"https:\/\/www.andermatt.com\/fr\/impression\/","title":{"rendered":"Impression"},"content":{"rendered":"<h1>Impression<\/h1>\t\t\t\n\t\t\t\t<h3>Groupe Andermatt AG<\/h3>\n\u00a0\n<h2>\n\t\tImpression\n\t<\/h2>\n\t<h3>Groupe Andermatt AG<\/h3>\n<p>Forme juridique : Aktiengesellschaft<\/p>\nStahlermatten 6<br \/>\n6146 Grossdietwil<br \/>\nP : +41 62 552 40 00<br \/>\nF : +41 62 917 50 06\n<a href=\"http:\/\/contact@andermatt.com\/\">contact(at)andermatt.com<br \/>\n<\/a><a href=\"http:\/\/www.andermatt.com\/fr\/\">www.andermatt.com<\/a>\n<p><a href=\"https:\/\/www.andermatt.com\/fr\/equipe\/\">Repr\u00e9sentants autoris\u00e9s<\/a><\/p>\n<p>Num\u00e9ro d'identification TVA \/ Entreprise UID : CHE-401.638.354<\/p>\n<h3>Webdesign<\/h3>\n<p>flink think GmbH, Webdesign &amp; Online Marketing<\/p>\n<p>Ce site web a \u00e9t\u00e9 r\u00e9alis\u00e9 par <a href=\"https:\/\/www.flinkthink.ch\/en\/\" target=\"_blank\" rel=\"noopener\" data-slimstat=\"5\">flinkthink.ch<\/a>. L'agence pour les projets WordPress et le marketing en ligne. <a href=\"https:\/\/www.flinkthink.ch\/en\/webdesign-basel\/\" target=\"_blank\" rel=\"noopener\" data-slimstat=\"5\">Conception de sites web et marketing en ligne avec WordPress \u00e0 B\u00e2le<\/a>.<\/p>\n<h3>Avis de non-responsabilit\u00e9<\/h3>\n<strong>Contenus en ligne<br \/>\n<\/strong>L'auteur se r\u00e9serve le droit de ne pas \u00eatre responsable de l'actualit\u00e9, de l'exactitude, de l'exhaustivit\u00e9 ou de la qualit\u00e9 des informations fournies. Les r\u00e9clamations concernant les dommages caus\u00e9s par l'utilisation des informations fournies, y compris celles qui sont incompl\u00e8tes ou incorrectes, seront donc rejet\u00e9es. Toutes les offres sont sans engagement et sans obligation. L'auteur se r\u00e9serve le droit d'\u00e9tendre, de modifier ou de supprimer partiellement ou totalement certaines parties des pages ou l'ensemble de la publication, y compris toutes les offres et informations, sans pr\u00e9avis.\n<strong>R\u00e9f\u00e9rences et liens<br \/>\n<\/strong>L'auteur n'est pas responsable des contenus li\u00e9s ou r\u00e9f\u00e9renc\u00e9s \u00e0 partir de ses pages - \u00e0 moins qu'il n'ait pleinement connaissance de contenus ill\u00e9gaux et qu'il soit en mesure d'emp\u00eacher les visiteurs de son site de consulter ces pages. Si un dommage survient suite \u00e0 l'utilisation d'informations pr\u00e9sent\u00e9es sur ces pages, seul l'auteur des pages concern\u00e9es peut \u00eatre tenu responsable, et non celui qui a cr\u00e9\u00e9 le lien vers ces pages. En outre, l'auteur n'est pas responsable des messages publi\u00e9s par les utilisateurs des forums de discussion, des livres d'or ou des listes de diffusion propos\u00e9s sur sa page.\n<strong>Copyright<br \/>\n<\/strong>L'auteur a eu l'intention de ne pas utiliser de mat\u00e9riel prot\u00e9g\u00e9 par le droit d'auteur pour la publication ou, si cela n'est pas possible, d'indiquer le droit d'auteur de l'objet concern\u00e9. Le droit d'auteur pour tout mat\u00e9riel cr\u00e9\u00e9 par l'auteur est r\u00e9serv\u00e9. Toute duplication ou utilisation de ces diagrammes, sons ou textes dans d'autres publications \u00e9lectroniques ou imprim\u00e9es n'est pas autoris\u00e9e sans l'accord de l'auteur.\n<strong>Force juridique de cette clause de non-responsabilit\u00e9<br \/>\n<\/strong>La pr\u00e9sente clause de non-responsabilit\u00e9 doit \u00eatre consid\u00e9r\u00e9e comme faisant partie de la publication Internet \u00e0 partir de laquelle vous avez \u00e9t\u00e9 orient\u00e9. Si des parties ou des formulations individuelles de ce texte ne sont pas l\u00e9gales ou correctes, le contenu ou la validit\u00e9 des autres parties n'en sont pas affect\u00e9s.\n<strong>Politique g\u00e9n\u00e9rale de confidentialit\u00e9<br \/>\n<\/strong>La politique g\u00e9n\u00e9rale de confidentialit\u00e9 d'Andermatt Group AG est d\u00e9crite sous le lien suivant : <a href=\"https:\/\/www.andermatt.com\/fr\/politique-generale-de-confidentialite\/\">Politique g\u00e9n\u00e9rale de confidentialit\u00e9 - Andermatt Group AG<\/a>","protected":false},"excerpt":{"rendered":"<p>Imprint Andermatt Group AG Imprint Andermatt Group AG Forme juridique : Aktiengesellschaft Stahlermatten 6 6146 Grossdietwil P : +41 62 552 40 00 F : +41 62 917 50 06 contact(at)andermatt.com www.andermatt.com Repr\u00e9sentants autoris\u00e9s Num\u00e9ro d'identification TVA \/ Entreprise UID : CHE-401.638.354 Webdesign flink think GmbH, Webdesign &amp; Online Marketing Ce site web a \u00e9t\u00e9 r\u00e9alis\u00e9 par flinkthink.ch. L'agence [...]<\/p>","protected":false},"author":1,"featured_media":0,"parent":0,"menu_order":0,"comment_status":"closed","ping_status":"closed","template":"","meta":{"_acf_changed":false,"_seopress_robots_primary_cat":"","_seopress_titles_title":"","_seopress_titles_desc":"","_seopress_robots_index":"","_searchwp_excluded":"","_uag_custom_page_level_css":"","site-sidebar-layout":"default","site-content-layout":"default","ast-site-content-layout":"default","site-content-style":"default","site-sidebar-style":"default","ast-global-header-display":"","ast-banner-title-visibility":"","ast-main-header-display":"","ast-hfb-above-header-display":"","ast-hfb-below-header-display":"","ast-hfb-mobile-header-display":"","site-post-title":"disabled","ast-breadcrumbs-content":"","ast-featured-img":"","footer-sml-layout":"","ast-disable-related-posts":"","theme-transparent-header-meta":"default","adv-header-id-meta":"","stick-header-meta":"default","header-above-stick-meta":"","header-main-stick-meta":"","header-below-stick-meta":"","astra-migrate-meta-layouts":"default","ast-page-background-enabled":"default","ast-page-background-meta":{"desktop":{"background-color":"","background-image":"","background-repeat":"repeat","background-position":"center center","background-size":"auto","background-attachment":"scroll","background-type":"","background-media":"","overlay-type":"","overlay-color":"","overlay-opacity":"","overlay-gradient":""},"tablet":{"background-color":"","background-image":"","background-repeat":"repeat","background-position":"center center","background-size":"auto","background-attachment":"scroll","background-type":"","background-media":"","overlay-type":"","overlay-color":"","overlay-opacity":"","overlay-gradient":""},"mobile":{"background-color":"","background-image":"","background-repeat":"repeat","background-position":"center center","background-size":"auto","background-attachment":"scroll","background-type":"","background-media":"","overlay-type":"","overlay-color":"","overlay-opacity":"","overlay-gradient":""}},"ast-content-background-meta":{"desktop":{"background-color":"var(--ast-global-color-5)","background-image":"","background-repeat":"repeat","background-position":"center center","background-size":"auto","background-attachment":"scroll","background-type":"","background-media":"","overlay-type":"","overlay-color":"","overlay-opacity":"","overlay-gradient":""},"tablet":{"background-color":"var(--ast-global-color-5)","background-image":"","background-repeat":"repeat","background-position":"center center","background-size":"auto","background-attachment":"scroll","background-type":"","background-media":"","overlay-type":"","overlay-color":"","overlay-opacity":"","overlay-gradient":""},"mobile":{"background-color":"var(--ast-global-color-5)","background-image":"","background-repeat":"repeat","background-position":"center center","background-size":"auto","background-attachment":"scroll","background-type":"","background-media":"","overlay-type":"","overlay-color":"","overlay-opacity":"","overlay-gradient":""}},"footnotes":""},"class_list":["post-2955","page","type-page","status-publish","hentry"],"acf":[],"uagb_featured_image_src":{"full":false,"thumbnail":false,"medium":false,"medium_large":false,"large":false,"1536x1536":false,"2048x2048":false,"trp-custom-language-flag":false,"feature-size":false,"feature-size-gross":false,"header-size-small":false,"header-size":false,"mailpoet_newsletter_max":false},"uagb_author_info":{"display_name":"Michael Salzer","author_link":"https:\/\/www.andermatt.com\/fr\/author\/ms_9mip9dui\/"},"uagb_comment_info":0,"uagb_excerpt":"Imprint Andermatt Group AG \u00a0 Imprint Andermatt Group AG Legal form: Aktiengesellschaft Stahlermatten 6 6146 Grossdietwil P: +41 62 552 40 00 F: +41 62 917 50 06 contact(at)andermatt.com www.andermatt.com Authorised representatives VAT \/ Enterprise Identification Number UID: CHE-401.638.354 Webdesign flink think GmbH, Webdesign &amp; Online Marketing This website was realized by flinkthink.ch. The agency\u2026","_links":{"self":[{"href":"https:\/\/www.andermatt.com\/fr\/wp-json\/wp\/v2\/pages\/2955","targetHints":{"allow":["GET"]}}],"collection":[{"href":"https:\/\/www.andermatt.com\/fr\/wp-json\/wp\/v2\/pages"}],"about":[{"href":"https:\/\/www.andermatt.com\/fr\/wp-json\/wp\/v2\/types\/page"}],"author":[{"embeddable":true,"href":"https:\/\/www.andermatt.com\/fr\/wp-json\/wp\/v2\/users\/1"}],"replies":[{"embeddable":true,"href":"https:\/\/www.andermatt.com\/fr\/wp-json\/wp\/v2\/comments?post=2955"}],"version-history":[{"count":13,"href":"https:\/\/www.andermatt.com\/fr\/wp-json\/wp\/v2\/pages\/2955\/revisions"}],"predecessor-version":[{"id":6863,"href":"https:\/\/www.andermatt.com\/fr\/wp-json\/wp\/v2\/pages\/2955\/revisions\/6863"}],"wp:attachment":[{"href":"https:\/\/www.andermatt.com\/fr\/wp-json\/wp\/v2\/media?parent=2955"}],"curies":[{"name":"wp","href":"https:\/\/api.w.org\/{rel}","templated":true}]}}