{"id":2718,"date":"2021-11-09T14:11:42","date_gmt":"2021-11-09T13:11:42","guid":{"rendered":"https:\/\/www.andermatt.com\/?page_id=2718"},"modified":"2024-11-20T13:19:13","modified_gmt":"2024-11-20T12:19:13","slug":"jardin-potager","status":"publish","type":"page","link":"https:\/\/www.andermatt.com\/fr\/jardin-potager\/","title":{"rendered":"Maison et Jardin"},"content":{"rendered":"<h1>Solutions<\/h1>\t\t\t\n\t\t\t\t<h2>Maison et Jardin<\/h2>\n\u00a0\n\u00a0\n\t\t\t<h3>Le jardinage biologique pour un environnement sain.<\/h3>\t\t\t\n\t\t\t\t<p>Nous proposons des alternatives biologiques appropri\u00e9es aux produits chimiques et synth\u00e9tiques conventionnels utilis\u00e9s dans le jardin, sur le balcon et \u00e0 la maison. Avec nos produits, nous aidons les jardiniers amateurs \u00e0 entretenir des jardins inspir\u00e9s par la nature et \u00e0 cultiver des aliments sains et savoureux. Avec nos clients, nous apportons une contribution d\u00e9cisive \u00e0 la conservation de la biodiversit\u00e9.<\/p>\n\u00a0\n\t\t\t<a href=\"https:\/\/www.andermatt.com\/wp-content\/uploads\/2023\/11\/andermatt-portfolio-hg-2024.pdf\" target=\"_blank\" rel=\"noopener\">\n\t\t\t\t\t\tPortefeuille de la maison et du jardin\n\t\t\t\t\t<\/a>","protected":false},"excerpt":{"rendered":"<p>Solutions Home &amp; Garden Jardinage biologique pour un environnement sain. Nous proposons des alternatives biologiques appropri\u00e9es aux produits chimiques et synth\u00e9tiques conventionnels utilis\u00e9s dans le jardin, sur le balcon et \u00e0 la maison. Avec nos produits, nous aidons les jardiniers amateurs \u00e0 entretenir des jardins inspir\u00e9s par la nature et \u00e0 cultiver des aliments sains et savoureux. En collaboration avec nos clients, nous apportons une contribution d\u00e9cisive ...<\/p>","protected":false},"author":1,"featured_media":0,"parent":0,"menu_order":0,"comment_status":"closed","ping_status":"closed","template":"","meta":{"_acf_changed":false,"_seopress_robots_primary_cat":"","_seopress_titles_title":"","_seopress_titles_desc":"","_seopress_robots_index":"","_searchwp_excluded":"","_uag_custom_page_level_css":"","site-sidebar-layout":"default","site-content-layout":"page-builder","ast-site-content-layout":"default","site-content-style":"default","site-sidebar-style":"default","ast-global-header-display":"","ast-banner-title-visibility":"","ast-main-header-display":"","ast-hfb-above-header-display":"","ast-hfb-below-header-display":"","ast-hfb-mobile-header-display":"","site-post-title":"disabled","ast-breadcrumbs-content":"","ast-featured-img":"","footer-sml-layout":"","ast-disable-related-posts":"","theme-transparent-header-meta":"default","adv-header-id-meta":"","stick-header-meta":"default","header-above-stick-meta":"","header-main-stick-meta":"","header-below-stick-meta":"","astra-migrate-meta-layouts":"default","ast-page-background-enabled":"default","ast-page-background-meta":{"desktop":{"background-color":"","background-image":"","background-repeat":"repeat","background-position":"center center","background-size":"auto","background-attachment":"scroll","background-type":"","background-media":"","overlay-type":"","overlay-color":"","overlay-opacity":"","overlay-gradient":""},"tablet":{"background-color":"","background-image":"","background-repeat":"repeat","background-position":"center center","background-size":"auto","background-attachment":"scroll","background-type":"","background-media":"","overlay-type":"","overlay-color":"","overlay-opacity":"","overlay-gradient":""},"mobile":{"background-color":"","background-image":"","background-repeat":"repeat","background-position":"center center","background-size":"auto","background-attachment":"scroll","background-type":"","background-media":"","overlay-type":"","overlay-color":"","overlay-opacity":"","overlay-gradient":""}},"ast-content-background-meta":{"desktop":{"background-color":"var(--ast-global-color-5)","background-image":"","background-repeat":"repeat","background-position":"center center","background-size":"auto","background-attachment":"scroll","background-type":"","background-media":"","overlay-type":"","overlay-color":"","overlay-opacity":"","overlay-gradient":""},"tablet":{"background-color":"var(--ast-global-color-5)","background-image":"","background-repeat":"repeat","background-position":"center center","background-size":"auto","background-attachment":"scroll","background-type":"","background-media":"","overlay-type":"","overlay-color":"","overlay-opacity":"","overlay-gradient":""},"mobile":{"background-color":"var(--ast-global-color-5)","background-image":"","background-repeat":"repeat","background-position":"center center","background-size":"auto","background-attachment":"scroll","background-type":"","background-media":"","overlay-type":"","overlay-color":"","overlay-opacity":"","overlay-gradient":""}},"footnotes":""},"class_list":["post-2718","page","type-page","status-publish","hentry"],"acf":[],"uagb_featured_image_src":{"full":false,"thumbnail":false,"medium":false,"medium_large":false,"large":false,"1536x1536":false,"2048x2048":false,"trp-custom-language-flag":false,"feature-size":false,"feature-size-gross":false,"header-size-small":false,"header-size":false,"mailpoet_newsletter_max":false},"uagb_author_info":{"display_name":"Michael Salzer","author_link":"https:\/\/www.andermatt.com\/fr\/author\/ms_9mip9dui\/"},"uagb_comment_info":0,"uagb_excerpt":"Solutions Home &amp; Garden \u00a0 \u00a0 Organic gardening for a healthy environment. We offer suitable biological alternatives to conventional chemical-synthetic products used in the garden, balcony and household. With our products we support hobby gardeners to maintain nature inspired gardens and to cultivate healthy and tasty food. Together with our customers, we make a decisive\u2026","_links":{"self":[{"href":"https:\/\/www.andermatt.com\/fr\/wp-json\/wp\/v2\/pages\/2718","targetHints":{"allow":["GET"]}}],"collection":[{"href":"https:\/\/www.andermatt.com\/fr\/wp-json\/wp\/v2\/pages"}],"about":[{"href":"https:\/\/www.andermatt.com\/fr\/wp-json\/wp\/v2\/types\/page"}],"author":[{"embeddable":true,"href":"https:\/\/www.andermatt.com\/fr\/wp-json\/wp\/v2\/users\/1"}],"replies":[{"embeddable":true,"href":"https:\/\/www.andermatt.com\/fr\/wp-json\/wp\/v2\/comments?post=2718"}],"version-history":[{"count":18,"href":"https:\/\/www.andermatt.com\/fr\/wp-json\/wp\/v2\/pages\/2718\/revisions"}],"predecessor-version":[{"id":7361,"href":"https:\/\/www.andermatt.com\/fr\/wp-json\/wp\/v2\/pages\/2718\/revisions\/7361"}],"wp:attachment":[{"href":"https:\/\/www.andermatt.com\/fr\/wp-json\/wp\/v2\/media?parent=2718"}],"curies":[{"name":"wp","href":"https:\/\/api.w.org\/{rel}","templated":true}]}}