{"id":1915,"date":"2021-03-09T21:30:08","date_gmt":"2021-03-09T20:30:08","guid":{"rendered":"https:\/\/www.andermatt.com\/?page_id=1915"},"modified":"2026-04-10T11:59:32","modified_gmt":"2026-04-10T09:59:32","slug":"equipe","status":"publish","type":"page","link":"https:\/\/www.andermatt.com\/fr\/equipe\/","title":{"rendered":"\u00c9quipe"},"content":{"rendered":"<h1>Notre \u00e9quipe<\/h1>\t\t\t\n\t\t\t\t<p>Nos experts soutiendront votre entreprise et vous fourniront les meilleures solutions et conseils techniques.<\/p>\n\t<a href=\"https:\/\/www.andermatt.com\/fr\/a-propos-de-nous\/\" target=\"_self\"  aria-label=\"Allez sur https:\/\/www.andermatt.com\/about-us\/\"><\/a>\t\t\t\t\n\t\t\t<h3>Notre entreprise<\/h3>\t\t\t\n\t\t\t\t<p>Vision, mission et histoire d'Andermatt<\/p>\n\t<a href=\"https:\/\/www.andermatt.com\/fr\/carriere\/\" target=\"_self\"  aria-label=\"Allez sur https:\/\/www.andermatt.com\/career\/\"><\/a>\t\t\t\t\n\t\t\t<h3>Carri\u00e8re<\/h3>\t\t\t\n\t\t\t\t<p>Nous recherchons de nouveaux talents dans le monde entier<\/p>\n\t<a href=\"https:\/\/www.andermatt.com\/fr\/les-filiales\/\" target=\"_self\"  aria-label=\"Aller sur https:\/\/www.andermatt.com\/subsidiaries\"><\/a>\t\t\t\t\n\t\t\t<h3>Filiales<\/h3>\t\t\t\n\t\t\t\t<p>Explorez notre r\u00e9seau de filiales<\/p>\n\t\t\t<h2>\u00c9quipe de gestion<\/h2>\t\t\t\n\t\t\t\t<img decoding=\"async\" src=\"https:\/\/www.andermatt.com\/wp-content\/uploads\/2026\/01\/daniel-zingg.jpg\" alt=\"daniel zingg\" title=\"Daniel Zingg\" itemprop=\"image\"\/>\n\t\t\t\t \n\t\t<h3>Daniel Zingg<\/h3>PDG\n\t\t\t\t<a href=\"http:\/\/contact@andermatt.com\" target=\"_self\">\t\t\t\t\n\t\t<\/a>\t\t\t\t \n\t\t\t\t<img decoding=\"async\" src=\"https:\/\/www.andermatt.com\/wp-content\/uploads\/2026\/01\/silvana-niedermann.jpg\" alt=\"silvana niedermann\" title=\"Silvana Niedermann\" itemprop=\"image\"\/>\n\t\t\t\t \n\t\t<h3>Silvana Niedermann<\/h3>Directeur des affaires internationales\n\t\t\t\t<a href=\"mailto:erich.frank@andermatt.com\" target=\"_self\">\t\t\t\t\n\t\t<\/a>\t\t\t\t \n\t\t\t\t<img decoding=\"async\" src=\"https:\/\/www.andermatt.com\/wp-content\/uploads\/2026\/01\/erwin-steinmann.jpg\" alt=\"erwin steinmann\" title=\"Erwin Steinmann\" itemprop=\"image\"\/>\n\t\t\t\t \n\t\t<h3>Erwin Steinmann<\/h3>DIRECTEUR FINANCIER\n\t\t\t\t<a href=\"mailto:erwin.steinmann@andermatt.com\" target=\"_self\">\t\t\t\t\n\t\t<\/a>\t\t\t\t \n\t\t\t\t<img decoding=\"async\" src=\"https:\/\/www.andermatt.com\/wp-content\/uploads\/2026\/01\/erich-frank.jpg\" alt=\"erich frank\" title=\"Erich Frank\" itemprop=\"image\"\/>\n\t\t\t\t \n\t\t<h3>Erich Frank<\/h3>Directeur du d\u00e9veloppement des affaires\n\t\t\t\t<a href=\"mailto:erich.frank@andermatt.com\" target=\"_self\">\t\t\t\t\n\t\t<\/a>\t\t\t\t \n\t\t\t\t<img decoding=\"async\" src=\"https:\/\/www.andermatt.com\/wp-content\/uploads\/2026\/01\/dr.-graeme-gowling.jpg\" alt=\"graeme gowling\" title=\"Dr. Graeme Gowling\" itemprop=\"image\"\/>\n\t\t\t\t \n\t\t<h3>Dr. Graeme Gowling<\/h3>Directeur du d\u00e9veloppement des affaires \n\t\t\t\t<a href=\"mailto:graeme.gowling@andermatt.com\" target=\"_self\">\t\t\t\t\n\t\t<\/a>\t\t\t\t \n\t\t\t\t<img decoding=\"async\" src=\"https:\/\/www.andermatt.com\/wp-content\/uploads\/2026\/01\/felix-dubach.jpg\" alt=\"felix dubach\" title=\"Felix Dubach\" itemprop=\"image\"\/>\n\t\t\t\t \n\t\t<h3>Felix Dubach<\/h3>Directeur des initiatives d'entreprise\n\t\t\t\t<a href=\"mailto:felix.dubach@andermatt.com\" target=\"_self\">\t\t\t\t\n\t\t<\/a>\t\t\t\t \n\t\t\t\t<img decoding=\"async\" src=\"https:\/\/www.andermatt.com\/wp-content\/uploads\/2026\/01\/dr.-brendon-neumann.jpg\" alt=\"dr. brendon neumann\" title=\"Dr. Brendon Neumann\" itemprop=\"image\"\/>\n\t\t\t\t \n\t\t<h3>Dr. Brendon Neumann<\/h3>Directeur du portefeuille de produits\n\t\t\t\t<a href=\"http:\/\/brendon.neumann@andermatt.co.za\" target=\"_self\">\t\t\t\t\n\t\t<\/a>\t\t\t\t \n\t\t\t<h2>D\u00e9veloppement du march\u00e9 international<\/h2>\t\t\t\n\t\t\t\t<p>Nous attachons une grande importance aux relations \u00e0 long terme avec nos clients. Notre \u00e9quipe de marketing international propose des conseils, des formations techniques et une assistance continue \u00e0 nos partenaires. Si vous souhaitez devenir notre nouveau partenaire de distribution, veuillez contacter notre responsable r\u00e9gional charg\u00e9 du d\u00e9veloppement du march\u00e9 dans votre r\u00e9gion.<\/p>\n\t\t\t\t<img decoding=\"async\" src=\"https:\/\/www.andermatt.com\/wp-content\/uploads\/2026\/01\/silvana-niedermann.jpg\" alt=\"silvana niedermann\" title=\"Silvana Niedermann\" itemprop=\"image\"\/>\n\t\t\t\t \n\t\t<h3>Silvana Niedermann<\/h3>Directeur des affaires internationales\nMati\u00e8res premi\u00e8res\t\t\t\t\t\t\t\n\t\t\t\t<a href=\"mailto:contact@andermatt.com\" target=\"_self\">\t\t\t\t\n\t\t<\/a>\t\t\t\t \n\t\t\t\t<img decoding=\"async\" src=\"https:\/\/www.andermatt.com\/wp-content\/uploads\/2026\/01\/patrick-meyer.jpg\" alt=\"patrick meyer\" title=\"Patrick Meyer\" itemprop=\"image\"\/>\n\t\t\t\t \n\t\t<h3>Patrick Meyer<\/h3>Responsable du d\u00e9veloppement des march\u00e9s internationaux\nAm\u00e9rique du Sud \t\t\t\t\t\t\t\n\t\t\t\t<a href=\"mailto:contact@andermatt.com\" target=\"_blank\" rel=\"noopener\">\t\t\t\t\n\t\t<\/a>\t\t\t\t \n\t\t\t\t<img decoding=\"async\" src=\"https:\/\/www.andermatt.com\/wp-content\/uploads\/2026\/01\/andre-fox.jpg\" alt=\"andre fox\" title=\"Andr\u00e9 Fox\" itemprop=\"image\"\/>\n\t\t\t\t \n\t\t<h3>Andr\u00e9 Fox<\/h3>Responsable du d\u00e9veloppement commercial\nAsie-Pacifique\t\t\t\t\t\t\t\n\t\t\t\t<a href=\"mailto:contact@andermatt.com\" target=\"_self\">\t\t\t\t\n\t\t<\/a>\t\t\t\t \n\t\t\t\t<img decoding=\"async\" src=\"https:\/\/www.andermatt.com\/wp-content\/uploads\/2026\/02\/alina-piven.jpg\" alt=\"alina piven\" title=\"Alina Piven\" itemprop=\"image\"\/>\n\t\t\t\t \n\t\t<h3>Alina Piven<\/h3>Responsable du d\u00e9veloppement commercial\nEurope et Asie centrale\t\t\t\t\t\t\t\n\t\t\t\t<a href=\"mailto:contact@andermatt.com\" target=\"_self\">\t\t\t\t\n\t\t<\/a>\t\t\t\t \n\t\t\t\t<img decoding=\"async\" src=\"https:\/\/www.andermatt.com\/wp-content\/uploads\/2026\/02\/bedran-el-akiki.jpg\" alt=\"bedran el akiki\" title=\"Bedran El Akiki\" itemprop=\"image\"\/>\n\t\t\t\t \n\t\t<h3>Bedran El Akiki<\/h3>Responsable du d\u00e9veloppement commercial\nMENA (Moyen-Orient et Afrique du Nord)\t\t\t\t\t\t\t\n\t\t\t\t<a href=\"mailto:contact@andermatt.com\" target=\"_self\">\t\t\t\t\n\t\t<\/a>\t\t\t\t \n\t\t\t<h2>Affaires r\u00e9glementaires<\/h2>\t\t\t\n\t\t\t\t<p>Les questions d'enregistrement n'intimident pas nos sp\u00e9cialistes de la r\u00e9glementation - ils sont toujours disponibles pour aider nos distributeurs et nos filiales.<\/p>\n\t\t\t\t<img decoding=\"async\" src=\"https:\/\/www.andermatt.com\/wp-content\/uploads\/2026\/01\/dr.-deborah-meier.jpg\" alt=\"dr. deborah meier\" title=\"Dr. Deborah Meier\" itemprop=\"image\"\/>\n\t\t\t\t \n\t\t<h3>Dr. Deborah Meier<\/h3>Chef des affaires r\u00e9glementaires\n\t\t\t\t<a href=\"mailto:regulatory@andermatt.com\" target=\"_self\">\t\t\t\t\n\t\t<\/a>\t\t\t\t \n\t\t\t\t<img decoding=\"async\" src=\"https:\/\/www.andermatt.com\/wp-content\/uploads\/2026\/01\/dr.-ingrid-kassner.jpg\" alt=\"dr. ingrid kassner\" title=\"Dr. Ingrid Kassner\" itemprop=\"image\"\/>\n\t\t\t\t \n\t\t<h3>Dr. Ingrid Kassner<\/h3>Responsable des affaires r\u00e9glementaires\n\t\t\t\t<a href=\"mailto:regulatory@andermatt.com\" target=\"_self\">\t\t\t\t\n\t\t<\/a>\t\t\t\t \n\t\t\t\t<img decoding=\"async\" src=\"https:\/\/www.andermatt.com\/wp-content\/uploads\/2026\/01\/lisa-bochsler.jpg\" alt=\"lisa bochsler\" title=\"Lisa Bochsler\" itemprop=\"image\"\/>\n\t\t\t\t \n\t\t<h3>Lisa Bochsler<\/h3>Responsable des affaires r\u00e9glementaires\n\t\t\t\t<a href=\"mailto:regulatory@andermatt.com\" target=\"_self\">\t\t\t\t\n\t\t<\/a>\t\t\t\t \n\t\t\t\t<img decoding=\"async\" src=\"https:\/\/www.andermatt.com\/wp-content\/uploads\/2026\/01\/dr.-florian-cueni.jpg\" alt=\"dr. florian cueni\" title=\"Dr. Florian Cueni\" itemprop=\"image\"\/>\n\t\t\t\t \n\t\t<h3>Dr. Florian Cueni<\/h3>Responsable des affaires r\u00e9glementaires\n\t\t\t\t<a href=\"mailto:regulatory@andermatt.com\" target=\"_self\">\t\t\t\t\n\t\t<\/a>\t\t\t\t \n\t\t\t\t<img decoding=\"async\" src=\"https:\/\/www.andermatt.com\/wp-content\/uploads\/2026\/01\/dr.-lena-wagenknecht.jpg\" alt=\"lena wagenknecht\" title=\"Dr. Lena Wagenknecht\" itemprop=\"image\"\/>\n\t\t\t\t \n\t\t<h3>Dr. Lena Wagenknecht<\/h3>Responsable des affaires r\u00e9glementaires\n\t\t\t\t<a href=\"mailto:regulatory@andermatt.com\" target=\"_self\">\t\t\t\t\n\t\t<\/a>\t\t\t\t \n\t\t\t\t<img decoding=\"async\" src=\"https:\/\/www.andermatt.com\/wp-content\/uploads\/2026\/01\/dr.-teresa-vaello.jpg\" alt=\"dr. teresa vaello\" title=\"Dr. Teresa Vaello\" itemprop=\"image\"\/>\n\t\t\t\t \n\t\t<h3>Dr. Teresa Vaello<\/h3>Responsable des affaires r\u00e9glementaires\n\t\t\t\t<a href=\"mailto:regulatory@andermatt.com\" target=\"_self\">\t\t\t\t\n\t\t<\/a>\t\t\t\t \n\t\t\t\t<img decoding=\"async\" src=\"https:\/\/www.andermatt.com\/wp-content\/uploads\/2026\/01\/matteo-galli.jpg\" alt=\"matteo galli\" title=\"Matteo Galli\" itemprop=\"image\"\/>\n\t\t\t\t \n\t\t<h3>Dr. Matteo Galli<\/h3>Responsable des affaires r\u00e9glementaires\n\t\t\t\t<a href=\"mailto:regulatory@andermatt.com\" target=\"_self\">\t\t\t\t\n\t\t<\/a>\t\t\t\t \n\t\t\t<h2>Commerce ext\u00e9rieur<\/h2>\t\t\t\n\t\t\t\t<p>Beaucoup de choses peuvent se passer sur le chemin d'un produit du fabricant au client, et m\u00eame apr\u00e8s la livraison. Notre \u00e9quipe de vente comp\u00e9tente vous aidera \u00e0 r\u00e9soudre tout probl\u00e8me commercial rapidement et de mani\u00e8re professionnelle.<\/p>\n\t\t\t\t<img decoding=\"async\" src=\"https:\/\/www.andermatt.com\/wp-content\/uploads\/2026\/01\/vera-hug.jpg\" alt=\"c\u00e2lin de vera\" title=\"Vera Hug\" itemprop=\"image\"\/>\n\t\t\t\t \n\t\t<h3>Vera Hug<\/h3>Chef du commerce ext\u00e9rieur\n\t\t\t\t<a href=\"mailto:contact@andermatt.com\" target=\"_self\">\t\t\t\t\n\t\t<\/a>\t\t\t\t \n\t\t\t\t<img decoding=\"async\" src=\"https:\/\/www.andermatt.com\/wp-content\/uploads\/2026\/02\/erjan-simonaj-.jpg\" alt=\"erjan simonaj\u00a0\u00a0\" title=\"Erjan Simonaj\u00a0\u00a0\" itemprop=\"image\"\/>\n\t\t\t\t \n\t\t<h3>Erjan Simonaj<\/h3>Coordinateur du commerce ext\u00e9rieur\n\t\t\t\t<a href=\"mailto:contact@andermatt.com\" target=\"_self\">\t\t\t\t\n\t\t<\/a>\t\t\t\t \n\t\t\t<h2>Services ex\u00e9cutifs et g\u00e9n\u00e9raux<\/h2>\t\t\t\n\t\t\t\t<img decoding=\"async\" src=\"https:\/\/www.andermatt.com\/wp-content\/uploads\/2026\/01\/nicole-stockli.jpg\" alt=\"nicole st\u00f6ckli\" title=\"Nicole St\u00f6ckli\" itemprop=\"image\"\/>\n\t\t\t\t \n\t\t<h3>Nicole St\u00f6ckli<\/h3>Assistante du conseil d'administration et de la direction\n\t\t\t\t<a href=\"mailto:contact@andermatt.com\" target=\"_self\">\t\t\t\t\n\t\t<\/a>\t\t\t\t \n\t\t\t\t<img decoding=\"async\" src=\"https:\/\/www.andermatt.com\/wp-content\/uploads\/2026\/01\/cindy-omlin.jpg\" alt=\"cindy omlin\" title=\"Cindy Omlin\" itemprop=\"image\"\/>\n\t\t\t\t \n\t\t<h3>Cindy Omlin<\/h3>Chef de la conformit\u00e9\n\t\t\t\t<a href=\"mailto:contact@andermatt.com\" target=\"_self\">\t\t\t\t\n\t\t<\/a>\t\t\t\t \n\t\t\t\t<img decoding=\"async\" src=\"https:\/\/www.andermatt.com\/wp-content\/uploads\/2026\/02\/donvae-hooker.jpg\" alt=\"donvae hooker\" title=\"Donvae Hooker\" itemprop=\"image\"\/>\n\t\t\t\t \n\t\t<h3>Donvae Hooker<\/h3>Marketing et communication du groupe\n\t\t\t\t<a href=\"mailto:contact@andermatt.com\" target=\"_self\">\t\t\t\t\n\t\t<\/a>\t\t\t\t \n\t\t\t<h2>Gestion de portefeuille<\/h2>\t\t\t\n\t\t\t\t<img decoding=\"async\" src=\"https:\/\/www.andermatt.com\/wp-content\/uploads\/2026\/01\/dr.-brendon-neumann.jpg\" alt=\"dr. brendon neumann\" title=\"Dr. Brendon Neumann\" itemprop=\"image\"\/>\n\t\t\t\t \n\t\t<h3>Dr. Brendon Neumann<\/h3>Directeur du portefeuille de produits\n\t\t\t\t<a href=\"mailto:brendon.neumann@andermatt.co.za\" target=\"_self\">\t\t\t\t\n\t\t<\/a>\t\t\t\t \n\t\t\t\t<img decoding=\"async\" src=\"https:\/\/www.andermatt.com\/wp-content\/uploads\/2026\/01\/matthias-kohler.jpg\" alt=\"matthias kohler\" title=\"Matthias Kohler\" itemprop=\"image\"\/>\n\t\t\t\t \n\t\t<h3>Matthias Kohler<\/h3>Responsable du portefeuille de produits\nMaison et jardin\t\t\t\t\t\t\t\n\t\t\t\t<a href=\"mailto:Matthias.Kohler@biogarten.ch\" target=\"_self\">\t\t\t\t\n\t\t<\/a>\t\t\t\t \n\t\t\t\t<img decoding=\"async\" src=\"https:\/\/www.andermatt.com\/wp-content\/uploads\/2026\/04\/raya.jpg\" alt=\"raya\" title=\"RaYa\" itemprop=\"image\"\/>\n\t\t\t\t \n\t\t<h3>Rafael Yanguas<\/h3>Gestionnaire de portefeuille de produits\nProduction v\u00e9g\u00e9tale - Biofongicides\t\t\t\t\t\t\t\n\t\t\t\t<a href=\"mailto:graeme.gowling@andermatt.com\" target=\"_self\">\t\t\t\t\n\t\t<\/a>\t\t\t\t \n\t\t\t\t<img decoding=\"async\" src=\"https:\/\/www.andermatt.com\/wp-content\/uploads\/2026\/01\/urs-fanger.jpg\" alt=\"notre fanger\" title=\"Urs Fanger\" itemprop=\"image\"\/>\n\t\t\t\t \n\t\t<h3>Urs Fanger<\/h3>Responsable du portefeuille de produits\nSant\u00e9 des abeilles et des animaux\t\t\t\t\t\t\t\n\t\t\t\t<a href=\"mailto:Ralph.Schmidgall@biovet.ch\" target=\"_self\">\t\t\t\t\n\t\t<\/a>\t\t\t\t \n\t\t\t\t<img decoding=\"async\" src=\"https:\/\/www.andermatt.com\/wp-content\/uploads\/2026\/04\/gusi-scaled.jpg\" alt=\"gusi\" title=\"GuSi\" itemprop=\"image\"\/>\n\t\t\t\t \n\t\t<h3>Guillaume Simon<\/h3>Gestionnaire de portefeuille de produits\nProduction v\u00e9g\u00e9tale - Bioinsecticides \t\t\t\t\t\t\t\n\t\t\t\t<a href=\"mailto:Matthias.Kohler@biogarten.ch\" target=\"_self\">\t\t\t\t\n\t\t<\/a>","protected":false},"excerpt":{"rendered":"<p>Notre \u00e9quipe Nos experts soutiendront votre entreprise et vous fourniront les meilleures solutions et conseils techniques Notre entreprise Vision, mission et histoire d'Andermatt Carri\u00e8re Nous recherchons de nouveaux talents dans le monde entier Filiales D\u00e9couvrez notre r\u00e9seau de filiales \u00c9quipe de direction Daniel Zingg CEO Erich Frank Director Business Development Erwin Steinmann CFO Felix Dubach Director International Business Dr. ...<\/p>","protected":false},"author":1,"featured_media":0,"parent":0,"menu_order":0,"comment_status":"closed","ping_status":"closed","template":"","meta":{"_acf_changed":false,"_seopress_robots_primary_cat":"","_seopress_titles_title":"","_seopress_titles_desc":"","_seopress_robots_index":"","_searchwp_excluded":"","_uag_custom_page_level_css":"","site-sidebar-layout":"default","site-content-layout":"default","ast-site-content-layout":"default","site-content-style":"default","site-sidebar-style":"default","ast-global-header-display":"","ast-banner-title-visibility":"","ast-main-header-display":"","ast-hfb-above-header-display":"","ast-hfb-below-header-display":"","ast-hfb-mobile-header-display":"","site-post-title":"disabled","ast-breadcrumbs-content":"","ast-featured-img":"","footer-sml-layout":"","ast-disable-related-posts":"","theme-transparent-header-meta":"default","adv-header-id-meta":"","stick-header-meta":"default","header-above-stick-meta":"","header-main-stick-meta":"","header-below-stick-meta":"","astra-migrate-meta-layouts":"set","ast-page-background-enabled":"default","ast-page-background-meta":{"desktop":{"background-color":"","background-image":"","background-repeat":"repeat","background-position":"center center","background-size":"auto","background-attachment":"scroll","background-type":"","background-media":"","overlay-type":"","overlay-color":"","overlay-opacity":"","overlay-gradient":""},"tablet":{"background-color":"","background-image":"","background-repeat":"repeat","background-position":"center center","background-size":"auto","background-attachment":"scroll","background-type":"","background-media":"","overlay-type":"","overlay-color":"","overlay-opacity":"","overlay-gradient":""},"mobile":{"background-color":"","background-image":"","background-repeat":"repeat","background-position":"center center","background-size":"auto","background-attachment":"scroll","background-type":"","background-media":"","overlay-type":"","overlay-color":"","overlay-opacity":"","overlay-gradient":""}},"ast-content-background-meta":{"desktop":{"background-color":"var(--ast-global-color-5)","background-image":"","background-repeat":"repeat","background-position":"center center","background-size":"auto","background-attachment":"scroll","background-type":"","background-media":"","overlay-type":"","overlay-color":"","overlay-opacity":"","overlay-gradient":""},"tablet":{"background-color":"var(--ast-global-color-5)","background-image":"","background-repeat":"repeat","background-position":"center center","background-size":"auto","background-attachment":"scroll","background-type":"","background-media":"","overlay-type":"","overlay-color":"","overlay-opacity":"","overlay-gradient":""},"mobile":{"background-color":"var(--ast-global-color-5)","background-image":"","background-repeat":"repeat","background-position":"center center","background-size":"auto","background-attachment":"scroll","background-type":"","background-media":"","overlay-type":"","overlay-color":"","overlay-opacity":"","overlay-gradient":""}},"footnotes":""},"class_list":["post-1915","page","type-page","status-publish","hentry"],"acf":[],"uagb_featured_image_src":{"full":false,"thumbnail":false,"medium":false,"medium_large":false,"large":false,"1536x1536":false,"2048x2048":false,"trp-custom-language-flag":false,"feature-size":false,"feature-size-gross":false,"header-size-small":false,"header-size":false,"mailpoet_newsletter_max":false},"uagb_author_info":{"display_name":"Michael Salzer","author_link":"https:\/\/www.andermatt.com\/fr\/author\/ms_9mip9dui\/"},"uagb_comment_info":0,"uagb_excerpt":"Our Team Our experts will support your business and provide the best solutions and technical advice Our Company Vision, mission and history of Andermatt Career We look for new talents worldwide Subsidiaries Explore our subsidiaries network Management Team Daniel Zingg CEO Silvana Niedermann Director International Business Erwin Steinmann CFO Erich Frank Director Business Development Dr.\u2026","_links":{"self":[{"href":"https:\/\/www.andermatt.com\/fr\/wp-json\/wp\/v2\/pages\/1915","targetHints":{"allow":["GET"]}}],"collection":[{"href":"https:\/\/www.andermatt.com\/fr\/wp-json\/wp\/v2\/pages"}],"about":[{"href":"https:\/\/www.andermatt.com\/fr\/wp-json\/wp\/v2\/types\/page"}],"author":[{"embeddable":true,"href":"https:\/\/www.andermatt.com\/fr\/wp-json\/wp\/v2\/users\/1"}],"replies":[{"embeddable":true,"href":"https:\/\/www.andermatt.com\/fr\/wp-json\/wp\/v2\/comments?post=1915"}],"version-history":[{"count":11,"href":"https:\/\/www.andermatt.com\/fr\/wp-json\/wp\/v2\/pages\/1915\/revisions"}],"predecessor-version":[{"id":9357,"href":"https:\/\/www.andermatt.com\/fr\/wp-json\/wp\/v2\/pages\/1915\/revisions\/9357"}],"wp:attachment":[{"href":"https:\/\/www.andermatt.com\/fr\/wp-json\/wp\/v2\/media?parent=1915"}],"curies":[{"name":"wp","href":"https:\/\/api.w.org\/{rel}","templated":true}]}}