{"id":9074,"date":"2026-02-03T13:35:14","date_gmt":"2026-02-03T12:35:14","guid":{"rendered":"https:\/\/www.andermatt.com\/?post_type=product&#038;p=9074"},"modified":"2026-02-03T13:35:18","modified_gmt":"2026-02-03T12:35:18","slug":"virosoft-cp4","status":"publish","type":"product","link":"https:\/\/www.andermatt.com\/es\/producto\/virosoft-cp4\/","title":{"rendered":"Virosoft\u00ae CP4"},"content":{"rendered":"<p class=\"lead\"><strong><strong>Virosoft es un preparado muy eficaz para el control biol\u00f3gico de la polilla de la manzana (<em>Cydia pomonella<\/em>), basado en un granulovirus de Cydia pomonella (CpGV).<\/strong><\/strong><\/p>\n\n\n\n<figure class=\"wp-block-gallery has-nested-images columns-2 is-cropped wp-block-gallery-1 is-layout-flex wp-block-gallery-is-layout-flex\">\n<figure class=\"wp-block-image size-full is-style-default\"><a href=\"https:\/\/www.andermatt.com\/wp-content\/uploads\/2026\/01\/image-47.png\"><img decoding=\"async\" width=\"660\" height=\"360\" data-id=\"9076\" src=\"https:\/\/www.andermatt.com\/wp-content\/uploads\/2026\/01\/image-47.png\" alt=\"imagen (47)\" class=\"wp-image-9076\" srcset=\"https:\/\/www.andermatt.com\/wp-content\/uploads\/2026\/01\/image-47.png 660w, https:\/\/www.andermatt.com\/wp-content\/uploads\/2026\/01\/image-47-300x164.png 300w, https:\/\/www.andermatt.com\/wp-content\/uploads\/2026\/01\/image-47-18x10.png 18w\" sizes=\"(max-width: 660px) 100vw, 660px\" \/><\/a><\/figure>\n\n\n\n<figure class=\"wp-block-image size-full is-style-default\"><a href=\"https:\/\/www.andermatt.com\/wp-content\/uploads\/2026\/01\/image-48.png\"><img decoding=\"async\" width=\"660\" height=\"360\" data-id=\"9077\" src=\"https:\/\/www.andermatt.com\/wp-content\/uploads\/2026\/01\/image-48.png\" alt=\"imagen (48)\" class=\"wp-image-9077\" srcset=\"https:\/\/www.andermatt.com\/wp-content\/uploads\/2026\/01\/image-48.png 660w, https:\/\/www.andermatt.com\/wp-content\/uploads\/2026\/01\/image-48-300x164.png 300w, https:\/\/www.andermatt.com\/wp-content\/uploads\/2026\/01\/image-48-18x10.png 18w\" sizes=\"(max-width: 660px) 100vw, 660px\" \/><\/a><\/figure>\n<\/figure>\n\n\n\n<p>La polilla del bacalao (<em>Cydia pomonella<\/em>) es una de las plagas m\u00e1s graves que afectan a las frutas de pepita. Es muy adaptable a diversas condiciones clim\u00e1ticas y ambientes. Se ha descrito resistencia a varios insecticidas qu\u00edmicos. Por lo tanto, se requieren estrategias alternativas para controlar con \u00e9xito esta plaga. Las larvas mastican su camino hacia las frutas, normalmente entrando por el extremo de la flor, el extremo del ped\u00fanculo o en los puntos de contacto entre las frutas. Su t\u00fanel en espiral conduce finalmente hacia el coraz\u00f3n y es a menudo una fuente de infecciones secundarias. Polilla oriental de la fruta (<em>Grapholita molesta<\/em>) es una plaga grave de importancia econ\u00f3mica para los huertos comerciales de melocotones, nectarinas y albaricoques. Con frecuencia migra a los huertos de frutales de pepita al final de la temporada, donde puede causar da\u00f1os sustanciales en la fruta antes de la cosecha. Estudios recientes han confirmado que la polilla oriental de la fruta tambi\u00e9n es capaz de completar todo su ciclo vital en hospedadores alternativos como manzanos, cerezos, ciruelos y membrillos. Las larvas de primera y segunda generaci\u00f3n perforan las puntas de los \u00e1rboles frutales provocando la muerte, la distorsi\u00f3n y el marchitamiento de los brotes. En respuesta al endurecimiento de los brotes, la alimentaci\u00f3n de los frutos aumenta dr\u00e1sticamente en las generaciones siguientes.<\/p>\n\n\n\n<h3 class=\"wp-block-heading\">Beneficios<\/h3>\n\n\n\n<ul class=\"wp-block-list\">\n<li>Control eficaz y combinado de los da\u00f1os causados por la polilla del manzano y la polilla oriental<\/li>\n\n\n\n<li>Modo de acci\u00f3n \u00fanico con efecto adicional sobre la poblaci\u00f3n de plagas. Por lo tanto, Virosoft es un producto excelente para la gesti\u00f3n de la resistencia en las estrategias de gesti\u00f3n integrada de plagas.<\/li>\n\n\n\n<li>Adecuado para la producci\u00f3n sin residuos. Virosoft puede utilizarse hasta la cosecha, por lo que ofrece una soluci\u00f3n para los mercados de exportaci\u00f3n y la producci\u00f3n de alimentos infantiles.<\/li>\n<\/ul>\n\n\n\n<figure class=\"wp-block-embed is-type-video is-provider-youtube wp-block-embed-youtube wp-embed-aspect-4-3 wp-has-aspect-ratio\"><div class=\"wp-block-embed__wrapper\">\n<iframe loading=\"lazy\" hcb-fetch-image-from=\"https:\/\/www.youtube.com\/watch?v=bxk6B3r9-lM\" title=\"Desarrollo de Cydia pomonella\" width=\"500\" height=\"375\" src=\"https:\/\/www.youtube.com\/embed\/bxk6B3r9-lM?feature=oembed\" frameborder=\"0\" allow=\"accelerometer; autoplay; clipboard-write; encrypted-media; gyroscope; picture-in-picture; web-share\" referrerpolicy=\"strict-origin-when-cross-origin\" allowfullscreen><\/iframe>\n<\/div><\/figure>","protected":false},"excerpt":{"rendered":"<p>Virosoft es un preparado muy eficaz para el control biol\u00f3gico de la polilla del bacalao (Cydia pomonella), basado en un granulovirus de Cydia pomonella (CpGV). La polilla del bacalao (Cydia pomonella) es una de las plagas m\u00e1s graves que afectan a las frutas de pepita. Es muy adaptable a diversas condiciones clim\u00e1ticas y entornos. La resistencia a varios insecticidas qu\u00edmicos se ha [...]<\/p>","protected":false},"featured_media":9078,"template":"","meta":{"_acf_changed":false,"_seopress_robots_primary_cat":"none","_seopress_titles_title":"","_seopress_titles_desc":"Virosoft is a highly efficient preparation for the biological control of the codling moth (Cydia pomonella), based on a Cydia pomonella granulovirus (CpGV).","_seopress_robots_index":"","_searchwp_excluded":"","_uag_custom_page_level_css":"","site-sidebar-layout":"default","site-content-layout":"default","ast-site-content-layout":"default","site-content-style":"default","site-sidebar-style":"default","ast-global-header-display":"","ast-banner-title-visibility":"","ast-main-header-display":"","ast-hfb-above-header-display":"","ast-hfb-below-header-display":"","ast-hfb-mobile-header-display":"","site-post-title":"","ast-breadcrumbs-content":"","ast-featured-img":"","footer-sml-layout":"","ast-disable-related-posts":"","theme-transparent-header-meta":"default","adv-header-id-meta":"","stick-header-meta":"default","header-above-stick-meta":"","header-main-stick-meta":"","header-below-stick-meta":"","astra-migrate-meta-layouts":"set","ast-page-background-enabled":"default","ast-page-background-meta":{"desktop":{"background-color":"","background-image":"","background-repeat":"repeat","background-position":"center center","background-size":"auto","background-attachment":"scroll","background-type":"","background-media":"","overlay-type":"","overlay-color":"","overlay-opacity":"","overlay-gradient":""},"tablet":{"background-color":"","background-image":"","background-repeat":"repeat","background-position":"center center","background-size":"auto","background-attachment":"scroll","background-type":"","background-media":"","overlay-type":"","overlay-color":"","overlay-opacity":"","overlay-gradient":""},"mobile":{"background-color":"","background-image":"","background-repeat":"repeat","background-position":"center center","background-size":"auto","background-attachment":"scroll","background-type":"","background-media":"","overlay-type":"","overlay-color":"","overlay-opacity":"","overlay-gradient":""}},"ast-content-background-meta":{"desktop":{"background-color":"var(--ast-global-color-5)","background-image":"","background-repeat":"repeat","background-position":"center center","background-size":"auto","background-attachment":"scroll","background-type":"","background-media":"","overlay-type":"","overlay-color":"","overlay-opacity":"","overlay-gradient":""},"tablet":{"background-color":"var(--ast-global-color-5)","background-image":"","background-repeat":"repeat","background-position":"center center","background-size":"auto","background-attachment":"scroll","background-type":"","background-media":"","overlay-type":"","overlay-color":"","overlay-opacity":"","overlay-gradient":""},"mobile":{"background-color":"var(--ast-global-color-5)","background-image":"","background-repeat":"repeat","background-position":"center center","background-size":"auto","background-attachment":"scroll","background-type":"","background-media":"","overlay-type":"","overlay-color":"","overlay-opacity":"","overlay-gradient":""}},"footnotes":""},"crop":[316,318,65,321,319,320,317],"disease":[],"pest":[44],"solution":[37],"class_list":["post-9074","product","type-product","status-publish","has-post-thumbnail","hentry","crop-fruits-berries","crop-grapes","crop-herbs_ornamentals","crop-nuts","crop-potatoes","crop-row_crops","crop-vegetables","pest-lepidoptera","solution-insecticides"],"acf":[],"uagb_featured_image_src":{"full":["https:\/\/www.andermatt.com\/wp-content\/uploads\/2026\/01\/virosoft-banner.png",800,300,false],"thumbnail":["https:\/\/www.andermatt.com\/wp-content\/uploads\/2026\/01\/virosoft-banner-150x150.png",150,150,true],"medium":["https:\/\/www.andermatt.com\/wp-content\/uploads\/2026\/01\/virosoft-banner-300x113.png",300,113,true],"medium_large":["https:\/\/www.andermatt.com\/wp-content\/uploads\/2026\/01\/virosoft-banner-768x288.png",768,288,true],"large":["https:\/\/www.andermatt.com\/wp-content\/uploads\/2026\/01\/virosoft-banner.png",800,300,false],"1536x1536":["https:\/\/www.andermatt.com\/wp-content\/uploads\/2026\/01\/virosoft-banner.png",800,300,false],"2048x2048":["https:\/\/www.andermatt.com\/wp-content\/uploads\/2026\/01\/virosoft-banner.png",800,300,false],"trp-custom-language-flag":["https:\/\/www.andermatt.com\/wp-content\/uploads\/2026\/01\/virosoft-banner-18x7.png",18,7,true],"feature-size":["https:\/\/www.andermatt.com\/wp-content\/uploads\/2026\/01\/virosoft-banner-660x300.png",660,300,true],"feature-size-gross":["https:\/\/www.andermatt.com\/wp-content\/uploads\/2026\/01\/virosoft-banner-660x300.png",660,300,true],"header-size-small":["https:\/\/www.andermatt.com\/wp-content\/uploads\/2026\/01\/virosoft-banner.png",800,300,false],"header-size":["https:\/\/www.andermatt.com\/wp-content\/uploads\/2026\/01\/virosoft-banner.png",800,300,false],"mailpoet_newsletter_max":["https:\/\/www.andermatt.com\/wp-content\/uploads\/2026\/01\/virosoft-banner.png",800,300,false]},"uagb_author_info":{"display_name":"Donvae Hooker","author_link":"https:\/\/www.andermatt.com\/es\/author\/"},"uagb_comment_info":0,"uagb_excerpt":"Virosoft is a highly efficient preparation for the biological control of the codling moth (Cydia pomonella), based on a Cydia pomonella granulovirus (CpGV). Codling moth (Cydia pomonella) is one of the world\u2032s most serious pests infesting pome fruit. It is highly adaptable to various climatic conditions and environments. Resistance towards several chemical insecticides has been&hellip;","_links":{"self":[{"href":"https:\/\/www.andermatt.com\/es\/wp-json\/wp\/v2\/product\/9074","targetHints":{"allow":["GET"]}}],"collection":[{"href":"https:\/\/www.andermatt.com\/es\/wp-json\/wp\/v2\/product"}],"about":[{"href":"https:\/\/www.andermatt.com\/es\/wp-json\/wp\/v2\/types\/product"}],"version-history":[{"count":9,"href":"https:\/\/www.andermatt.com\/es\/wp-json\/wp\/v2\/product\/9074\/revisions"}],"predecessor-version":[{"id":9224,"href":"https:\/\/www.andermatt.com\/es\/wp-json\/wp\/v2\/product\/9074\/revisions\/9224"}],"wp:featuredmedia":[{"embeddable":true,"href":"https:\/\/www.andermatt.com\/es\/wp-json\/wp\/v2\/media\/9078"}],"wp:attachment":[{"href":"https:\/\/www.andermatt.com\/es\/wp-json\/wp\/v2\/media?parent=9074"}],"wp:term":[{"taxonomy":"crop","embeddable":true,"href":"https:\/\/www.andermatt.com\/es\/wp-json\/wp\/v2\/crop?post=9074"},{"taxonomy":"disease","embeddable":true,"href":"https:\/\/www.andermatt.com\/es\/wp-json\/wp\/v2\/disease?post=9074"},{"taxonomy":"pest","embeddable":true,"href":"https:\/\/www.andermatt.com\/es\/wp-json\/wp\/v2\/pest?post=9074"},{"taxonomy":"solution","embeddable":true,"href":"https:\/\/www.andermatt.com\/es\/wp-json\/wp\/v2\/solution?post=9074"}],"curies":[{"name":"wp","href":"https:\/\/api.w.org\/{rel}","templated":true}]}}