{"id":8069,"date":"2025-05-26T14:03:36","date_gmt":"2025-05-26T12:03:36","guid":{"rendered":"https:\/\/www.andermatt.com\/?post_type=product&#038;p=8069"},"modified":"2025-05-27T15:03:19","modified_gmt":"2025-05-27T13:03:19","slug":"nexula-n-easy-flow","status":"publish","type":"product","link":"https:\/\/www.andermatt.com\/es\/producto\/nexula-n-easy-flow\/","title":{"rendered":"Nexula\u00ae-N Flujo f\u00e1cil"},"content":{"rendered":"<p class=\"lead\">Bioestimulante fijador de nitr\u00f3geno de \u00faltima generaci\u00f3n que simplifica la siembra y favorece el rendimiento de los cultivos durante toda la temporada. Formulado con <em>Priestia megaterium<\/em>&nbsp;cepa PHP1706, Nexula\u00ae-N Easy Flow es un tratamiento de semillas en polvo seco que fija el nitr\u00f3geno atmosf\u00e9rico y lo suministra al cultivo durante toda la temporada.<br><br>Tanto si siembra ma\u00edz, trigo, sun\ufb02ower o soja, esta soluci\u00f3n bioestimulante f\u00e1cil de usar ofrece algo m\u00e1s que nutrici\u00f3n, ofrece con\ufb01anza.<\/p>\n\n\n\n<figure class=\"wp-block-gallery has-nested-images columns-default is-cropped wp-block-gallery-1 is-layout-flex wp-block-gallery-is-layout-flex\">\n<figure class=\"wp-block-image size-feature-size-gross\"><a href=\"https:\/\/www.andermatt.com\/wp-content\/uploads\/2025\/05\/bm-7d-tsb.jpg\"><img decoding=\"async\" width=\"600\" height=\"360\" data-id=\"8078\" src=\"https:\/\/www.andermatt.com\/wp-content\/uploads\/2025\/05\/bm-7d-tsb-600x360.jpg\" alt=\"nexula\u00ae n easy flow\" class=\"wp-image-8078\" srcset=\"https:\/\/www.andermatt.com\/wp-content\/uploads\/2025\/05\/bm-7d-tsb-600x360.jpg 600w, https:\/\/www.andermatt.com\/wp-content\/uploads\/2025\/05\/bm-7d-tsb-18x12.jpg 18w\" sizes=\"(max-width: 600px) 100vw, 600px\" \/><\/a><\/figure>\n\n\n\n<figure class=\"wp-block-image size-feature-size-gross\"><a href=\"https:\/\/www.andermatt.com\/wp-content\/uploads\/2025\/05\/nexula-n-ds-treated-maize.jpg\"><img decoding=\"async\" width=\"600\" height=\"360\" data-id=\"8077\" src=\"https:\/\/www.andermatt.com\/wp-content\/uploads\/2025\/05\/nexula-n-ds-treated-maize-600x360.jpg\" alt=\"nexula\u00ae n easy flow\" class=\"wp-image-8077\" srcset=\"https:\/\/www.andermatt.com\/wp-content\/uploads\/2025\/05\/nexula-n-ds-treated-maize-600x360.jpg 600w, https:\/\/www.andermatt.com\/wp-content\/uploads\/2025\/05\/nexula-n-ds-treated-maize-18x12.jpg 18w\" sizes=\"(max-width: 600px) 100vw, 600px\" \/><\/a><\/figure>\n\n\n\n<figure class=\"wp-block-image size-feature-size-gross\"><a href=\"https:\/\/www.andermatt.com\/wp-content\/uploads\/2025\/05\/nexula-n-ds-treated-wheat.jpg\"><img decoding=\"async\" width=\"600\" height=\"360\" data-id=\"8076\" src=\"https:\/\/www.andermatt.com\/wp-content\/uploads\/2025\/05\/nexula-n-ds-treated-wheat-600x360.jpg\" alt=\"nexula\u00ae n easy flow\" class=\"wp-image-8076\" srcset=\"https:\/\/www.andermatt.com\/wp-content\/uploads\/2025\/05\/nexula-n-ds-treated-wheat-600x360.jpg 600w, https:\/\/www.andermatt.com\/wp-content\/uploads\/2025\/05\/nexula-n-ds-treated-wheat-18x12.jpg 18w\" sizes=\"(max-width: 600px) 100vw, 600px\" \/><\/a><\/figure>\n<\/figure>\n\n\n\n<p>La formulaci\u00f3n ofrece ventajas adicionales para la eficacia de la siembra, como un rodal de plantas m\u00e1s uniforme, no m\u00e1s semillas saltadas o dobladas y m\u00e1s semillas sembradas por hect\u00e1rea. El polvo puede espolvorearse sobre la semilla en el dep\u00f3sito de semillas y agitarse en las capas superiores de la semilla. A medida que el tractor se desplaza, la agitaci\u00f3n del dep\u00f3sito de semillas garantiza una distribuci\u00f3n uniforme del polvo por todo el dep\u00f3sito.&nbsp;<\/p>\n\n\n\n<p>Nexula\u00ae-N Easy Flow es una opci\u00f3n de tratamiento en seco de semillas adaptada a cultivos de gran superficie.<br>Una sola aplicaci\u00f3n de Nexula\u00ae-N Easy Flow ofrece un suministro de nitr\u00f3geno durante toda la temporada directamente a las ra\u00edces, para garantizar que la planta recibe el nitr\u00f3geno que necesita, cuando lo necesita. Esto significa una planta m\u00e1s productiva, y una mayor resistencia a los momentos de estr\u00e9s por temperatura o sequ\u00eda durante la temporada.<\/p>\n\n\n\n<h3 class=\"wp-block-heading\">Ventajas<\/h3>\n\n\n\n<ul class=\"wp-block-list\">\n<li>Aumenta el potencial de crecimiento y producci\u00f3n de las plantas<\/li>\n\n\n\n<li>Mejora el sistema radicular&nbsp;<\/li>\n\n\n\n<li>Favorece y mantiene la eficiencia del uso del nitr\u00f3geno en los cultivos<\/li>\n\n\n\n<li>Promueve una germinacion vigorosa y stand uniforme<\/li>\n\n\n\n<li>Formulaci\u00f3n \u00fanica<\/li>\n\n\n\n<li>F\u00e1cil de usar - se puede a\u00f1adir al dep\u00f3sito de semillas mientras se siembra<\/li>\n\n\n\n<li>Una sola aplicaci\u00f3n para el mantenimiento de las plantas durante toda la temporada<\/li>\n<\/ul>\n\n\n\n<iframe loading=\"lazy\" width=\"560\" height=\"315\" src=\"https:\/\/www.youtube.com\/embed\/poilXVhCRUo?si=yLxSuyBLgChfHK2M\" title=\"Reproductor de v\u00eddeo YouTube\" frameborder=\"0\" allow=\"accelerometer; autoplay; clipboard-write; encrypted-media; gyroscope; picture-in-picture; web-share\" referrerpolicy=\"strict-origin-when-cross-origin\" allowfullscreen><\/iframe>\n\n\n\n<p><\/p>","protected":false},"excerpt":{"rendered":"<p>Bioestimulante fijador de nitr\u00f3geno de \u00faltima generaci\u00f3n que simplifica la siembra y favorece el rendimiento de los cultivos durante toda la temporada. Formulado con la cepa PHP1706 de Priestia megaterium, Nexula\u00ae-N Easy Flow es un tratamiento de semillas en polvo seco que fija el nitr\u00f3geno atmosf\u00e9rico y lo suministra al cultivo durante toda la temporada. Tanto si siembra ma\u00edz, trigo, girasol o soja, esta soluci\u00f3n bioestimulante f\u00e1cil de usar ofrece algo m\u00e1s que [...]<\/p>","protected":false},"featured_media":8075,"template":"","meta":{"_acf_changed":false,"_seopress_robots_primary_cat":"none","_seopress_titles_title":"","_seopress_titles_desc":"","_seopress_robots_index":"","_searchwp_excluded":"","_uag_custom_page_level_css":"","site-sidebar-layout":"default","site-content-layout":"","ast-site-content-layout":"default","site-content-style":"default","site-sidebar-style":"default","ast-global-header-display":"","ast-banner-title-visibility":"","ast-main-header-display":"","ast-hfb-above-header-display":"","ast-hfb-below-header-display":"","ast-hfb-mobile-header-display":"","site-post-title":"","ast-breadcrumbs-content":"","ast-featured-img":"","footer-sml-layout":"","ast-disable-related-posts":"","theme-transparent-header-meta":"","adv-header-id-meta":"","stick-header-meta":"","header-above-stick-meta":"","header-main-stick-meta":"","header-below-stick-meta":"","astra-migrate-meta-layouts":"set","ast-page-background-enabled":"default","ast-page-background-meta":{"desktop":{"background-color":"","background-image":"","background-repeat":"repeat","background-position":"center center","background-size":"auto","background-attachment":"scroll","background-type":"","background-media":"","overlay-type":"","overlay-color":"","overlay-opacity":"","overlay-gradient":""},"tablet":{"background-color":"","background-image":"","background-repeat":"repeat","background-position":"center center","background-size":"auto","background-attachment":"scroll","background-type":"","background-media":"","overlay-type":"","overlay-color":"","overlay-opacity":"","overlay-gradient":""},"mobile":{"background-color":"","background-image":"","background-repeat":"repeat","background-position":"center center","background-size":"auto","background-attachment":"scroll","background-type":"","background-media":"","overlay-type":"","overlay-color":"","overlay-opacity":"","overlay-gradient":""}},"ast-content-background-meta":{"desktop":{"background-color":"var(--ast-global-color-5)","background-image":"","background-repeat":"repeat","background-position":"center center","background-size":"auto","background-attachment":"scroll","background-type":"","background-media":"","overlay-type":"","overlay-color":"","overlay-opacity":"","overlay-gradient":""},"tablet":{"background-color":"var(--ast-global-color-5)","background-image":"","background-repeat":"repeat","background-position":"center center","background-size":"auto","background-attachment":"scroll","background-type":"","background-media":"","overlay-type":"","overlay-color":"","overlay-opacity":"","overlay-gradient":""},"mobile":{"background-color":"var(--ast-global-color-5)","background-image":"","background-repeat":"repeat","background-position":"center center","background-size":"auto","background-attachment":"scroll","background-type":"","background-media":"","overlay-type":"","overlay-color":"","overlay-opacity":"","overlay-gradient":""}},"footnotes":""},"crop":[320],"disease":[],"pest":[],"solution":[39],"class_list":["post-8069","product","type-product","status-publish","has-post-thumbnail","hentry","crop-row_crops","solution-biostimulants-bioinoculants"],"acf":[],"uagb_featured_image_src":{"full":["https:\/\/www.andermatt.com\/wp-content\/uploads\/2025\/05\/nexula-n_easy_flow_banner.png",1920,1312,false],"thumbnail":["https:\/\/www.andermatt.com\/wp-content\/uploads\/2025\/05\/nexula-n_easy_flow_banner-150x150.png",150,150,true],"medium":["https:\/\/www.andermatt.com\/wp-content\/uploads\/2025\/05\/nexula-n_easy_flow_banner-300x205.png",300,205,true],"medium_large":["https:\/\/www.andermatt.com\/wp-content\/uploads\/2025\/05\/nexula-n_easy_flow_banner-768x525.png",768,525,true],"large":["https:\/\/www.andermatt.com\/wp-content\/uploads\/2025\/05\/nexula-n_easy_flow_banner-1024x700.png",1024,700,true],"1536x1536":["https:\/\/www.andermatt.com\/wp-content\/uploads\/2025\/05\/nexula-n_easy_flow_banner-1536x1050.png",1536,1050,true],"2048x2048":["https:\/\/www.andermatt.com\/wp-content\/uploads\/2025\/05\/nexula-n_easy_flow_banner.png",1920,1312,false],"trp-custom-language-flag":["https:\/\/www.andermatt.com\/wp-content\/uploads\/2025\/05\/nexula-n_easy_flow_banner-18x12.png",18,12,true],"feature-size":["https:\/\/www.andermatt.com\/wp-content\/uploads\/2025\/05\/nexula-n_easy_flow_banner-660x315.png",660,315,true],"feature-size-gross":["https:\/\/www.andermatt.com\/wp-content\/uploads\/2025\/05\/nexula-n_easy_flow_banner-660x360.png",660,360,true],"header-size-small":["https:\/\/www.andermatt.com\/wp-content\/uploads\/2025\/05\/nexula-n_easy_flow_banner-1000x350.png",1000,350,true],"header-size":["https:\/\/www.andermatt.com\/wp-content\/uploads\/2025\/05\/nexula-n_easy_flow_banner-1920x600.png",1920,600,true],"mailpoet_newsletter_max":["https:\/\/www.andermatt.com\/wp-content\/uploads\/2025\/05\/nexula-n_easy_flow_banner-1320x902.png",1320,902,true]},"uagb_author_info":{"display_name":"Donvae Hooker","author_link":"https:\/\/www.andermatt.com\/es\/author\/"},"uagb_comment_info":0,"uagb_excerpt":"A next-generation nitrogen-\ufb01xing biostimulant that simpli\ufb01es planting and supports season-long crop performance. Formulated with Priestia megaterium&nbsp;strain PHP1706, Nexula\u00ae-N Easy Flow&nbsp;is a dry powder seed treatment that \ufb01xes atmospheric nitrogen and delivers it to the crop throughout the season. Whether you are planting maize, wheat, sun\ufb02ower, or soya, this easy-to-use biostimulant solution offers more than just&hellip;","_links":{"self":[{"href":"https:\/\/www.andermatt.com\/es\/wp-json\/wp\/v2\/product\/8069","targetHints":{"allow":["GET"]}}],"collection":[{"href":"https:\/\/www.andermatt.com\/es\/wp-json\/wp\/v2\/product"}],"about":[{"href":"https:\/\/www.andermatt.com\/es\/wp-json\/wp\/v2\/types\/product"}],"version-history":[{"count":10,"href":"https:\/\/www.andermatt.com\/es\/wp-json\/wp\/v2\/product\/8069\/revisions"}],"predecessor-version":[{"id":8086,"href":"https:\/\/www.andermatt.com\/es\/wp-json\/wp\/v2\/product\/8069\/revisions\/8086"}],"wp:featuredmedia":[{"embeddable":true,"href":"https:\/\/www.andermatt.com\/es\/wp-json\/wp\/v2\/media\/8075"}],"wp:attachment":[{"href":"https:\/\/www.andermatt.com\/es\/wp-json\/wp\/v2\/media?parent=8069"}],"wp:term":[{"taxonomy":"crop","embeddable":true,"href":"https:\/\/www.andermatt.com\/es\/wp-json\/wp\/v2\/crop?post=8069"},{"taxonomy":"disease","embeddable":true,"href":"https:\/\/www.andermatt.com\/es\/wp-json\/wp\/v2\/disease?post=8069"},{"taxonomy":"pest","embeddable":true,"href":"https:\/\/www.andermatt.com\/es\/wp-json\/wp\/v2\/pest?post=8069"},{"taxonomy":"solution","embeddable":true,"href":"https:\/\/www.andermatt.com\/es\/wp-json\/wp\/v2\/solution?post=8069"}],"curies":[{"name":"wp","href":"https:\/\/api.w.org\/{rel}","templated":true}]}}