{"id":6616,"date":"2023-12-14T09:30:16","date_gmt":"2023-12-14T08:30:16","guid":{"rendered":"https:\/\/www.andermatt.com\/?post_type=product&#038;p=6616"},"modified":"2023-12-14T13:37:33","modified_gmt":"2023-12-14T12:37:33","slug":"natrisan","status":"publish","type":"product","link":"https:\/\/www.andermatt.com\/es\/producto\/natrisan\/","title":{"rendered":"NatriSan"},"content":{"rendered":"<p class=\"lead\">NatriSan es un fungicida biol\u00f3gico de contacto basado en el principio activo bicarbonato s\u00f3dico. Tiene efectos preventivos y curativos contra una amplia gama de enfermedades f\u00fangicas.<\/p>\n\n\n\n<p>NatriSan es muy adecuado como agente preventivo que crea una \"barrera inhibidora de enfermedades\" en la superficie de la planta. El producto tambi\u00e9n tiene un buen efecto curativo en las primeras fases de la infestaci\u00f3n. Su miscibilidad flexible hace que NatriSan sea f\u00e1cil de integrar en los programas de MIP.<\/p>\n\n\n\n<h3 class=\"wp-block-heading\">Beneficios<\/h3>\n\n\n\n<ul class=\"wp-block-list\">\n<li>Sin riesgo de resistencia debido a los efectos secundarios m\u00faltiples<\/li>\n\n\n\n<li>Eficaz como aplicaci\u00f3n preventiva o curativa<\/li>\n\n\n\n<li>Seguro para los animales y el medio ambiente<\/li>\n\n\n\n<li>Uso flexible con miscibilidad vers\u00e1til<\/li>\n<\/ul>\n\n\n\n<figure class=\"wp-block-image size-large\"><img decoding=\"async\" width=\"1024\" height=\"683\" src=\"https:\/\/www.andermatt.com\/wp-content\/uploads\/2021\/12\/Bio-Fungicides_T-77-1-1-1024x683.jpg\" alt=\"\" class=\"wp-image-3412\" srcset=\"https:\/\/www.andermatt.com\/wp-content\/uploads\/2021\/12\/Bio-Fungicides_T-77-1-1-1024x683.jpg 1024w, https:\/\/www.andermatt.com\/wp-content\/uploads\/2021\/12\/Bio-Fungicides_T-77-1-1-300x200.jpg 300w, https:\/\/www.andermatt.com\/wp-content\/uploads\/2021\/12\/Bio-Fungicides_T-77-1-1-768x512.jpg 768w, https:\/\/www.andermatt.com\/wp-content\/uploads\/2021\/12\/Bio-Fungicides_T-77-1-1-1536x1024.jpg 1536w, https:\/\/www.andermatt.com\/wp-content\/uploads\/2021\/12\/Bio-Fungicides_T-77-1-1-2048x1365.jpg 2048w, https:\/\/www.andermatt.com\/wp-content\/uploads\/2021\/12\/Bio-Fungicides_T-77-1-1-1320x880.jpg 1320w\" sizes=\"(max-width: 1024px) 100vw, 1024px\" \/><\/figure>","protected":false},"excerpt":{"rendered":"<p>NatriSan es un fungicida biol\u00f3gico de contacto basado en el ingrediente activo bicarbonato s\u00f3dico. Tiene efectos preventivos y curativos contra una amplia gama de enfermedades f\u00fangicas NatriSan es muy adecuado como agente preventivo que crea una \"barrera inhibidora de enfermedades\" en la superficie de la planta. El producto tambi\u00e9n tiene un buen efecto curativo...<\/p>","protected":false},"featured_media":6617,"template":"","meta":{"_acf_changed":false,"_seopress_robots_primary_cat":"","_seopress_titles_title":"","_seopress_titles_desc":"","_seopress_robots_index":"","_searchwp_excluded":"","_uag_custom_page_level_css":"","site-sidebar-layout":"default","site-content-layout":"default","ast-site-content-layout":"default","site-content-style":"default","site-sidebar-style":"default","ast-global-header-display":"","ast-banner-title-visibility":"","ast-main-header-display":"","ast-hfb-above-header-display":"","ast-hfb-below-header-display":"","ast-hfb-mobile-header-display":"","site-post-title":"","ast-breadcrumbs-content":"","ast-featured-img":"","footer-sml-layout":"","ast-disable-related-posts":"","theme-transparent-header-meta":"default","adv-header-id-meta":"","stick-header-meta":"default","header-above-stick-meta":"","header-main-stick-meta":"","header-below-stick-meta":"","astra-migrate-meta-layouts":"set","ast-page-background-enabled":"default","ast-page-background-meta":{"desktop":{"background-color":"","background-image":"","background-repeat":"repeat","background-position":"center center","background-size":"auto","background-attachment":"scroll","background-type":"","background-media":"","overlay-type":"","overlay-color":"","overlay-opacity":"","overlay-gradient":""},"tablet":{"background-color":"","background-image":"","background-repeat":"repeat","background-position":"center center","background-size":"auto","background-attachment":"scroll","background-type":"","background-media":"","overlay-type":"","overlay-color":"","overlay-opacity":"","overlay-gradient":""},"mobile":{"background-color":"","background-image":"","background-repeat":"repeat","background-position":"center center","background-size":"auto","background-attachment":"scroll","background-type":"","background-media":"","overlay-type":"","overlay-color":"","overlay-opacity":"","overlay-gradient":""}},"ast-content-background-meta":{"desktop":{"background-color":"var(--ast-global-color-5)","background-image":"","background-repeat":"repeat","background-position":"center center","background-size":"auto","background-attachment":"scroll","background-type":"","background-media":"","overlay-type":"","overlay-color":"","overlay-opacity":"","overlay-gradient":""},"tablet":{"background-color":"var(--ast-global-color-5)","background-image":"","background-repeat":"repeat","background-position":"center center","background-size":"auto","background-attachment":"scroll","background-type":"","background-media":"","overlay-type":"","overlay-color":"","overlay-opacity":"","overlay-gradient":""},"mobile":{"background-color":"var(--ast-global-color-5)","background-image":"","background-repeat":"repeat","background-position":"center center","background-size":"auto","background-attachment":"scroll","background-type":"","background-media":"","overlay-type":"","overlay-color":"","overlay-opacity":"","overlay-gradient":""}},"footnotes":""},"crop":[318,317],"disease":[331,334],"pest":[],"solution":[38],"class_list":["post-6616","product","type-product","status-publish","has-post-thumbnail","hentry","crop-grapes","crop-vegetables","disease-erysiphales-mildew","disease-venturia","solution-fungicides"],"acf":[],"uagb_featured_image_src":{"full":["https:\/\/www.andermatt.com\/wp-content\/uploads\/2023\/12\/image-e1702558113556.jpg",218,120,false],"thumbnail":["https:\/\/www.andermatt.com\/wp-content\/uploads\/2023\/12\/image-e1702558113556-150x120.jpg",150,120,true],"medium":["https:\/\/www.andermatt.com\/wp-content\/uploads\/2023\/12\/image-e1702558113556.jpg",218,120,false],"medium_large":["https:\/\/www.andermatt.com\/wp-content\/uploads\/2023\/12\/image-e1702558113556.jpg",218,120,false],"large":["https:\/\/www.andermatt.com\/wp-content\/uploads\/2023\/12\/image-e1702558113556.jpg",218,120,false],"1536x1536":["https:\/\/www.andermatt.com\/wp-content\/uploads\/2023\/12\/image-e1702558113556.jpg",218,120,false],"2048x2048":["https:\/\/www.andermatt.com\/wp-content\/uploads\/2023\/12\/image-e1702558113556.jpg",218,120,false],"trp-custom-language-flag":["https:\/\/www.andermatt.com\/wp-content\/uploads\/2023\/12\/image-e1702558113556-18x10.jpg",18,10,true],"feature-size":["https:\/\/www.andermatt.com\/wp-content\/uploads\/2023\/12\/image-e1702558113556.jpg",218,120,false],"feature-size-gross":["https:\/\/www.andermatt.com\/wp-content\/uploads\/2023\/12\/image-e1702558113556.jpg",218,120,false],"header-size-small":["https:\/\/www.andermatt.com\/wp-content\/uploads\/2023\/12\/image-e1702558113556.jpg",218,120,false],"header-size":["https:\/\/www.andermatt.com\/wp-content\/uploads\/2023\/12\/image-e1702558113556.jpg",218,120,false],"mailpoet_newsletter_max":["https:\/\/www.andermatt.com\/wp-content\/uploads\/2023\/12\/image-e1702558113556.jpg",218,120,false]},"uagb_author_info":{"display_name":"Alina Piven","author_link":"https:\/\/www.andermatt.com\/es\/author\/"},"uagb_comment_info":0,"uagb_excerpt":"NatriSan is a biological contact fungicide based on the active ingredient sodium bicarbonate. It has preventive and curative effects against a wide range of fungal diseases. NatriSan is well suited as a preventive agent creating a \u201cdisease-inhibiting barrier\u201d on the plant surface. The product also has a good curative effect in the early stages of&hellip;","_links":{"self":[{"href":"https:\/\/www.andermatt.com\/es\/wp-json\/wp\/v2\/product\/6616","targetHints":{"allow":["GET"]}}],"collection":[{"href":"https:\/\/www.andermatt.com\/es\/wp-json\/wp\/v2\/product"}],"about":[{"href":"https:\/\/www.andermatt.com\/es\/wp-json\/wp\/v2\/types\/product"}],"version-history":[{"count":5,"href":"https:\/\/www.andermatt.com\/es\/wp-json\/wp\/v2\/product\/6616\/revisions"}],"predecessor-version":[{"id":6622,"href":"https:\/\/www.andermatt.com\/es\/wp-json\/wp\/v2\/product\/6616\/revisions\/6622"}],"wp:featuredmedia":[{"embeddable":true,"href":"https:\/\/www.andermatt.com\/es\/wp-json\/wp\/v2\/media\/6617"}],"wp:attachment":[{"href":"https:\/\/www.andermatt.com\/es\/wp-json\/wp\/v2\/media?parent=6616"}],"wp:term":[{"taxonomy":"crop","embeddable":true,"href":"https:\/\/www.andermatt.com\/es\/wp-json\/wp\/v2\/crop?post=6616"},{"taxonomy":"disease","embeddable":true,"href":"https:\/\/www.andermatt.com\/es\/wp-json\/wp\/v2\/disease?post=6616"},{"taxonomy":"pest","embeddable":true,"href":"https:\/\/www.andermatt.com\/es\/wp-json\/wp\/v2\/pest?post=6616"},{"taxonomy":"solution","embeddable":true,"href":"https:\/\/www.andermatt.com\/es\/wp-json\/wp\/v2\/solution?post=6616"}],"curies":[{"name":"wp","href":"https:\/\/api.w.org\/{rel}","templated":true}]}}